{"id":1192,"date":"2023-04-24T05:48:49","date_gmt":"2023-04-24T05:48:49","guid":{"rendered":"https:\/\/bienesraicesonlinegt.com\/?page_id=1192"},"modified":"2023-11-14T13:03:35","modified_gmt":"2023-11-14T13:03:35","slug":"lotes-en-venta-retalhuleu","status":"publish","type":"page","link":"https:\/\/bienesraicesonlinegt.com\/index.php\/lotes-en-venta-y-renta\/lotes-en-venta-retalhuleu\/","title":{"rendered":"Lotes en Venta Retalhuleu"},"content":{"rendered":"\n<p>Lotes en Venta Retalhuleu. Opciones en el departamento de Retalhuleu, si desea informaci\u00f3n de alguno, puede ubicarnos en nuestros contactos para ampliar informaci\u00f3n.<\/p>\n\n\n\n<p class=\"has-text-align-center\"><strong>Lote en Venta Ciudad Palmeras, Retalhuleu<\/strong><\/p>\n\n\n\n<p>Caracter\u00edsticas:<br \/>Escritura Registrada<br \/>Escritura en Orden<br \/>Servicios cercanos<br \/>Accesible<br \/>Seguro<\/p>\n\n\n\n<p>Medida: 200 mts2<\/p>\n\n\n\n<p>Precio: Q.235,000.00<br \/>Poco negociable<\/p>\n\n\n\n<p>Mayor informaci\u00f3n por tel\u00e9fono, Whatsapp&nbsp;y Telegram 42728393<br \/>Email: info@bienesraicesonlinegt.com<br \/>Sitio Web:<br \/><a href=\"http:\/\/www.bienesraicesonlinegt.com\">www.bienesraicesonlinegt.com<\/a><\/p>\n\n\n\n<figure class=\"wp-block-image size-large\"><img fetchpriority=\"high\" fetchpriority=\"high\" decoding=\"async\" width=\"724\" height=\"1024\" src=\"https:\/\/bienesraicesonlinegt.com\/wp-content\/uploads\/2023\/04\/13_20230423_232452_0012-724x1024.png\" alt=\"\" class=\"wp-image-1194\"\/><figcaption class=\"wp-element-caption\">Lote en Venta Ciudad Palmeras Retalhuleu<\/figcaption><\/figure>\n\n\n\n<p class=\"has-text-align-center\"><strong>16 Cuerdas en Venta Santa Cruz Mulu\u00e1 Retalhuleu<\/strong> <\/p>\n\n\n\n<p>16 Cuerdas en Venta, a Orilla de Carretera Principal, Santa Cruz Mulu\u00e1, Retalhuleu, a 300 metros de los Parques del Irtra.<\/p>\n\n\n\n<p>Caracter\u00edsticas:<br \/>16 Cuerdas<br \/>Inmueble funcionando<br \/>Piscina<br \/>Edificio con habitaciones<br \/>Servicios basicos<br \/>Escritura Registrada<br \/>Escritura en Orden<br \/>Sin grav\u00e1menes<br \/>Accesible<\/p>\n\n\n\n<p>Precio: Q.12,000,000.00<\/p>\n\n\n\n<p>Ideal para:<br \/>Comercio<br \/>Recreaci\u00f3n<br \/>Vivienda<br \/>Hotel<br \/>Restaurante<br \/>Bodega<br \/>Complejo de apartamentos<\/p>\n\n\n\n<p>Mayor informaci\u00f3n al tel\u00e9fono y whatsapp&nbsp;\u202a42728393\u202c<br \/>Email<br \/>Info@bienesraicesonlinegt.com<br \/>Sitio Web<br \/>www.bienesraicesonlinegt.com<\/p>\n\n\n\n<figure class=\"wp-block-image size-large is-resized\"><img decoding=\"async\" width=\"724\" height=\"1024\" src=\"https:\/\/bienesraicesonlinegt.com\/wp-content\/uploads\/2023\/11\/20231101_001813_0000-724x1024.jpg\" alt=\"\" class=\"wp-image-1529\" style=\"aspect-ratio:0.7073536768384192;width:357px;height:auto\"\/><figcaption class=\"wp-element-caption\">16 Cuerdas en Venta Santa Cruz Mulu\u00e1 Retalhuleu<\/figcaption><\/figure>\n\n\n\n<p class=\"has-text-align-center\"><strong>Cuerda en Venta Pamelita Zona 4 Retalhuleu<\/strong> <\/p>\n\n\n\n<p>Cuerda en Venta, Residencial Pamelita, Zona 4, Retalhuleu<\/p>\n\n\n\n<p>Caracter\u00edsticas:<br \/>Escritura Registrada<br \/>Escritura en Orden<br \/>Servicios cercanos<br \/>Accesible<br \/>Calle Pavimentada<\/p>\n\n\n\n<p>Medida: 400 mts2<\/p>\n\n\n\n<p>Precio: Q.265,000.00<br \/>Poco negociable<\/p>\n\n\n\n<p>Mayor informaci\u00f3n por tel\u00e9fono, Whatsapp&nbsp;y Telegram&nbsp;\u202a42728393\u202c<br \/>Email:&nbsp;info@bienesraicesonlinegt.com<br \/>Sitio Web:<br \/>www.bienesraicesonlinegt.com<\/p>\n\n\n\n<figure class=\"wp-block-image size-large\"><img decoding=\"async\" width=\"724\" height=\"1024\" src=\"https:\/\/bienesraicesonlinegt.com\/wp-content\/uploads\/2023\/11\/20231113_135504_0000-1-724x1024.jpg\" alt=\"\" class=\"wp-image-1573\"\/><figcaption class=\"wp-element-caption\">Cuerda en Venta Pamelita Zona 4 Retalhuleu<\/figcaption><\/figure>\n<div class=\"pvc_clear\"><\/div><p class=\"pvc_stats all \" data-element-id=\"1192\" style=\"\"><i class=\"pvc-stats-icon medium\" aria-hidden=\"true\"><svg aria-hidden=\"true\" focusable=\"false\" data-prefix=\"far\" data-icon=\"chart-bar\" role=\"img\" xmlns=\"http:\/\/www.w3.org\/2000\/svg\" viewBox=\"0 0 512 512\" class=\"svg-inline--fa fa-chart-bar fa-w-16 fa-2x\"><path fill=\"currentColor\" d=\"M396.8 352h22.4c6.4 0 12.8-6.4 12.8-12.8V108.8c0-6.4-6.4-12.8-12.8-12.8h-22.4c-6.4 0-12.8 6.4-12.8 12.8v230.4c0 6.4 6.4 12.8 12.8 12.8zm-192 0h22.4c6.4 0 12.8-6.4 12.8-12.8V140.8c0-6.4-6.4-12.8-12.8-12.8h-22.4c-6.4 0-12.8 6.4-12.8 12.8v198.4c0 6.4 6.4 12.8 12.8 12.8zm96 0h22.4c6.4 0 12.8-6.4 12.8-12.8V204.8c0-6.4-6.4-12.8-12.8-12.8h-22.4c-6.4 0-12.8 6.4-12.8 12.8v134.4c0 6.4 6.4 12.8 12.8 12.8zM496 400H48V80c0-8.84-7.16-16-16-16H16C7.16 64 0 71.16 0 80v336c0 17.67 14.33 32 32 32h464c8.84 0 16-7.16 16-16v-16c0-8.84-7.16-16-16-16zm-387.2-48h22.4c6.4 0 12.8-6.4 12.8-12.8v-70.4c0-6.4-6.4-12.8-12.8-12.8h-22.4c-6.4 0-12.8 6.4-12.8 12.8v70.4c0 6.4 6.4 12.8 12.8 12.8z\" class=\"\"><\/path><\/svg><\/i> &nbsp;294&nbsp;Total visitas, &nbsp;1&nbsp;Visitas hoy<\/p><div class=\"pvc_clear\"><\/div>","protected":false},"excerpt":{"rendered":"<p>Lotes en Venta Retalhuleu. Opciones en el departamento de Retalhuleu, si desea informaci\u00f3n de alguno, puede ubicarnos en nuestros contactos para ampliar informaci\u00f3n. Lote en Venta Ciudad Palmeras, Retalhuleu Caracter\u00edsticas:Escritura RegistradaEscritura en OrdenServicios cercanosAccesibleSeguro Medida: 200 mts2 Precio: Q.235,000.00Poco negociable Mayor informaci\u00f3n por tel\u00e9fono, Whatsapp&nbsp;y Telegram 42728393Email: info@bienesraicesonlinegt.comSitio Web:www.bienesraicesonlinegt.com 16 Cuerdas en Venta Santa Cruz [&hellip;]<\/p>\n<div class=\"pvc_clear\"><\/div>\n<p class=\"pvc_stats all \" data-element-id=\"1192\" style=\"\"><i class=\"pvc-stats-icon medium\" aria-hidden=\"true\"><svg aria-hidden=\"true\" focusable=\"false\" data-prefix=\"far\" data-icon=\"chart-bar\" role=\"img\" xmlns=\"http:\/\/www.w3.org\/2000\/svg\" viewBox=\"0 0 512 512\" class=\"svg-inline--fa fa-chart-bar fa-w-16 fa-2x\"><path fill=\"currentColor\" d=\"M396.8 352h22.4c6.4 0 12.8-6.4 12.8-12.8V108.8c0-6.4-6.4-12.8-12.8-12.8h-22.4c-6.4 0-12.8 6.4-12.8 12.8v230.4c0 6.4 6.4 12.8 12.8 12.8zm-192 0h22.4c6.4 0 12.8-6.4 12.8-12.8V140.8c0-6.4-6.4-12.8-12.8-12.8h-22.4c-6.4 0-12.8 6.4-12.8 12.8v198.4c0 6.4 6.4 12.8 12.8 12.8zm96 0h22.4c6.4 0 12.8-6.4 12.8-12.8V204.8c0-6.4-6.4-12.8-12.8-12.8h-22.4c-6.4 0-12.8 6.4-12.8 12.8v134.4c0 6.4 6.4 12.8 12.8 12.8zM496 400H48V80c0-8.84-7.16-16-16-16H16C7.16 64 0 71.16 0 80v336c0 17.67 14.33 32 32 32h464c8.84 0 16-7.16 16-16v-16c0-8.84-7.16-16-16-16zm-387.2-48h22.4c6.4 0 12.8-6.4 12.8-12.8v-70.4c0-6.4-6.4-12.8-12.8-12.8h-22.4c-6.4 0-12.8 6.4-12.8 12.8v70.4c0 6.4 6.4 12.8 12.8 12.8z\" class=\"\"><\/path><\/svg><\/i> &nbsp;294&nbsp;Total visitas, &nbsp;1&nbsp;Visitas hoy<\/p>\n<div class=\"pvc_clear\"><\/div>\n","protected":false},"author":1,"featured_media":0,"parent":117,"menu_order":0,"comment_status":"open","ping_status":"closed","template":"","meta":{"_et_pb_use_builder":"off","_et_pb_old_content":"<!-- wp:paragraph -->\n<p>Lote en Venta Retalhuleu. <\/p>\n<!-- \/wp:paragraph -->\n\n<!-- wp:paragraph {\"align\":\"center\"} -->\n<p class=\"has-text-align-center\"><strong>Lote en Venta Ciudad Palmeras, Retalhuleu<\/strong><\/p>\n<!-- \/wp:paragraph -->\n\n<!-- wp:paragraph -->\n<p>Caracter\u00edsticas:<br>Escritura Registrada<br>Escritura en Orden<br>Servicios cercanos<br>Accesible<br>Seguro<\/p>\n<!-- \/wp:paragraph -->\n\n<!-- wp:paragraph -->\n<p>Medida: 200 mts2<\/p>\n<!-- \/wp:paragraph -->\n\n<!-- wp:paragraph -->\n<p>Precio: Q.235,000.00<br>Poco negociable<\/p>\n<!-- \/wp:paragraph -->\n\n<!-- wp:paragraph -->\n<p>Mayor informaci\u00f3n por tel\u00e9fono, Whatsapp&nbsp;y Telegram 42728393<br>Email: info@bienesraicesonlinegt.com<br>Sitio Web:<br><a href=\"http:\/\/www.bienesraicesonlinegt.com\">www.bienesraicesonlinegt.com<\/a><\/p>\n<!-- \/wp:paragraph -->\n\n<!-- wp:image {\"id\":1194,\"sizeSlug\":\"large\"} -->\n<figure class=\"wp-block-image size-large\"><img src=\"https:\/\/bienesraicesonlinegt.com\/wp-content\/uploads\/2023\/04\/13_20230423_232452_0012-724x1024.png\" alt=\"\" class=\"wp-image-1194\"\/><figcaption class=\"wp-element-caption\">Lote en Venta Ciudad Palmeras Retalhuleu<\/figcaption><\/figure>\n<!-- \/wp:image -->\n\n<!-- wp:paragraph {\"align\":\"center\"} -->\n<p class=\"has-text-align-center\"><strong>16 Cuerdas en Venta Santa Cruz Mulu\u00e1 Retalhuleu<\/strong> <\/p>\n<!-- \/wp:paragraph -->\n\n<!-- wp:paragraph -->\n<p>16 Cuerdas en Venta, a Orilla de Carretera Principal, Santa Cruz Mulu\u00e1, Retalhuleu, a 300 metros de los Parques del Irtra.<\/p>\n<!-- \/wp:paragraph -->\n\n<!-- wp:paragraph -->\n<p>Caracter\u00edsticas:<br>16 Cuerdas<br>Inmueble funcionando<br>Piscina<br>Edificio con habitaciones<br>Servicios basicos<br>Escritura Registrada<br>Escritura en Orden<br>Sin grav\u00e1menes<br>Accesible<\/p>\n<!-- \/wp:paragraph -->\n\n<!-- wp:paragraph -->\n<p>Precio: Q.12,000,000.00<\/p>\n<!-- \/wp:paragraph -->\n\n<!-- wp:paragraph -->\n<p>Ideal para:<br>Comercio<br>Recreaci\u00f3n<br>Vivienda<br>Hotel<br>Restaurante<br>Bodega<br>Complejo de apartamentos<\/p>\n<!-- \/wp:paragraph -->\n\n<!-- wp:paragraph -->\n<p>Mayor informaci\u00f3n al tel\u00e9fono y whatsapp&nbsp;\u202a42728393\u202c<br>Email<br>Info@bienesraicesonlinegt.com<br>Sitio Web<br>www.bienesraicesonlinegt.com<\/p>\n<!-- \/wp:paragraph -->\n\n<!-- wp:image {\"id\":1529,\"sizeSlug\":\"large\"} -->\n<figure class=\"wp-block-image size-large\"><img src=\"https:\/\/bienesraicesonlinegt.com\/wp-content\/uploads\/2023\/11\/20231101_001813_0000.jpg\" alt=\"\" class=\"wp-image-1529\"\/><figcaption class=\"wp-element-caption\">16 Cuerdas en Venta Santa Cruz Mulu\u00e1 Retalhuleu<\/figcaption><\/figure>\n<!-- \/wp:image -->","_et_gb_content_width":"","_monsterinsights_skip_tracking":false,"_monsterinsights_sitenote_active":false,"_monsterinsights_sitenote_note":"","_monsterinsights_sitenote_category":0,"footnotes":""},"class_list":["post-1192","page","type-page","status-publish","hentry"],"yoast_head":"<!-- This site is optimized with the Yoast SEO plugin v25.6 - https:\/\/yoast.com\/wordpress\/plugins\/seo\/ -->\n<title>Lotes en Venta Retalhuleu - Bienes Ra\u00edces Online<\/title>\n<meta name=\"description\" content=\"Lotes en Venta Retalhuleu, Ciudad Palmeras, 200 mts2. Escritura Registrada, servicios cercanos, informaci\u00f3n Whatsapp (502) 42728393\" \/>\n<meta name=\"robots\" content=\"index, follow, max-snippet:-1, max-image-preview:large, max-video-preview:-1\" \/>\n<link rel=\"canonical\" href=\"https:\/\/bienesraicesonlinegt.com\/index.php\/lotes-en-venta-y-renta\/lotes-en-venta-retalhuleu\/\" \/>\n<meta property=\"og:locale\" content=\"es_ES\" \/>\n<meta property=\"og:type\" content=\"article\" \/>\n<meta property=\"og:title\" content=\"Lotes en Venta Retalhuleu - Bienes Ra\u00edces Online\" \/>\n<meta property=\"og:description\" content=\"Lotes en Venta Retalhuleu, Ciudad Palmeras, 200 mts2. Escritura Registrada, servicios cercanos, informaci\u00f3n Whatsapp (502) 42728393\" \/>\n<meta property=\"og:url\" content=\"https:\/\/bienesraicesonlinegt.com\/index.php\/lotes-en-venta-y-renta\/lotes-en-venta-retalhuleu\/\" \/>\n<meta property=\"og:site_name\" content=\"Bienes Ra\u00edces Online\" \/>\n<meta property=\"article:publisher\" content=\"https:\/\/www.facebook.com\/bienesraicesonline\/\" \/>\n<meta property=\"article:modified_time\" content=\"2023-11-14T13:03:35+00:00\" \/>\n<meta property=\"og:image\" content=\"https:\/\/bienesraicesonlinegt.com\/wp-content\/uploads\/2023\/04\/13_20230423_232452_0012-724x1024.png\" \/>\n<meta name=\"twitter:card\" content=\"summary_large_image\" \/>\n<meta name=\"twitter:site\" content=\"@raices_online\" \/>\n<meta name=\"twitter:label1\" content=\"Tiempo de lectura\" \/>\n\t<meta name=\"twitter:data1\" content=\"1 minuto\" \/>\n<script type=\"application\/ld+json\" class=\"yoast-schema-graph\">{\"@context\":\"https:\/\/schema.org\",\"@graph\":[{\"@type\":\"WebPage\",\"@id\":\"https:\/\/bienesraicesonlinegt.com\/index.php\/lotes-en-venta-y-renta\/lotes-en-venta-retalhuleu\/\",\"url\":\"https:\/\/bienesraicesonlinegt.com\/index.php\/lotes-en-venta-y-renta\/lotes-en-venta-retalhuleu\/\",\"name\":\"Lotes en Venta Retalhuleu - Bienes Ra\u00edces Online\",\"isPartOf\":{\"@id\":\"https:\/\/bienesraicesonlinegt.com\/#website\"},\"primaryImageOfPage\":{\"@id\":\"https:\/\/bienesraicesonlinegt.com\/index.php\/lotes-en-venta-y-renta\/lotes-en-venta-retalhuleu\/#primaryimage\"},\"image\":{\"@id\":\"https:\/\/bienesraicesonlinegt.com\/index.php\/lotes-en-venta-y-renta\/lotes-en-venta-retalhuleu\/#primaryimage\"},\"thumbnailUrl\":\"https:\/\/bienesraicesonlinegt.com\/wp-content\/uploads\/2023\/04\/13_20230423_232452_0012-724x1024.png\",\"datePublished\":\"2023-04-24T05:48:49+00:00\",\"dateModified\":\"2023-11-14T13:03:35+00:00\",\"description\":\"Lotes en Venta Retalhuleu, Ciudad Palmeras, 200 mts2. Escritura Registrada, servicios cercanos, informaci\u00f3n Whatsapp (502) 42728393\",\"breadcrumb\":{\"@id\":\"https:\/\/bienesraicesonlinegt.com\/index.php\/lotes-en-venta-y-renta\/lotes-en-venta-retalhuleu\/#breadcrumb\"},\"inLanguage\":\"es\",\"potentialAction\":[{\"@type\":\"ReadAction\",\"target\":[\"https:\/\/bienesraicesonlinegt.com\/index.php\/lotes-en-venta-y-renta\/lotes-en-venta-retalhuleu\/\"]}]},{\"@type\":\"ImageObject\",\"inLanguage\":\"es\",\"@id\":\"https:\/\/bienesraicesonlinegt.com\/index.php\/lotes-en-venta-y-renta\/lotes-en-venta-retalhuleu\/#primaryimage\",\"url\":\"https:\/\/bienesraicesonlinegt.com\/wp-content\/uploads\/2023\/04\/13_20230423_232452_0012.png\",\"contentUrl\":\"https:\/\/bienesraicesonlinegt.com\/wp-content\/uploads\/2023\/04\/13_20230423_232452_0012.png\",\"width\":1414,\"height\":2000,\"caption\":\"Lote en Venta Ciudad Palmeras Retalhuleu\"},{\"@type\":\"BreadcrumbList\",\"@id\":\"https:\/\/bienesraicesonlinegt.com\/index.php\/lotes-en-venta-y-renta\/lotes-en-venta-retalhuleu\/#breadcrumb\",\"itemListElement\":[{\"@type\":\"ListItem\",\"position\":1,\"name\":\"Portada\",\"item\":\"https:\/\/bienesraicesonlinegt.com\/\"},{\"@type\":\"ListItem\",\"position\":2,\"name\":\"Lotes en Venta y Renta\",\"item\":\"https:\/\/bienesraicesonlinegt.com\/index.php\/lotes-en-venta-y-renta\/\"},{\"@type\":\"ListItem\",\"position\":3,\"name\":\"Lotes en Venta Retalhuleu\"}]},{\"@type\":\"WebSite\",\"@id\":\"https:\/\/bienesraicesonlinegt.com\/#website\",\"url\":\"https:\/\/bienesraicesonlinegt.com\/\",\"name\":\"Bienes Ra\u00edces Online\",\"description\":\"Tu Mejor Opci\u00f3n de Bienes Inmuebles en Guatemala \",\"publisher\":{\"@id\":\"https:\/\/bienesraicesonlinegt.com\/#organization\"},\"potentialAction\":[{\"@type\":\"SearchAction\",\"target\":{\"@type\":\"EntryPoint\",\"urlTemplate\":\"https:\/\/bienesraicesonlinegt.com\/?s={search_term_string}\"},\"query-input\":{\"@type\":\"PropertyValueSpecification\",\"valueRequired\":true,\"valueName\":\"search_term_string\"}}],\"inLanguage\":\"es\"},{\"@type\":\"Organization\",\"@id\":\"https:\/\/bienesraicesonlinegt.com\/#organization\",\"name\":\"Bienes Ra\u00edces Online\",\"url\":\"https:\/\/bienesraicesonlinegt.com\/\",\"logo\":{\"@type\":\"ImageObject\",\"inLanguage\":\"es\",\"@id\":\"https:\/\/bienesraicesonlinegt.com\/#\/schema\/logo\/image\/\",\"url\":\"https:\/\/i0.wp.com\/bienesraicesonlinegt.com\/wp-content\/uploads\/2022\/03\/cropped-Picsart_22-01-02_18-40-13-901.jpg?fit=512%2C512&ssl=1\",\"contentUrl\":\"https:\/\/i0.wp.com\/bienesraicesonlinegt.com\/wp-content\/uploads\/2022\/03\/cropped-Picsart_22-01-02_18-40-13-901.jpg?fit=512%2C512&ssl=1\",\"width\":512,\"height\":512,\"caption\":\"Bienes Ra\u00edces Online\"},\"image\":{\"@id\":\"https:\/\/bienesraicesonlinegt.com\/#\/schema\/logo\/image\/\"},\"sameAs\":[\"https:\/\/www.facebook.com\/bienesraicesonline\/\",\"https:\/\/x.com\/raices_online\",\"https:\/\/www.instagram.com\/bienesraicesonlinexela\/\",\"https:\/\/pin.it\/1vdHG9B\",\"https:\/\/www.youtube.com\/channel\/UCIJ2CBQ8RA5Hb_yj1CSeSHA\",\"https:\/\/bienes-raices-online-xela.negocio.site\/\",\"https:\/\/vm.tiktok.com\/ZSVst9m5\/\",\"https:\/\/wa.me\/message\/VRLOSYS56UWQF1\"]}]}<\/script>\n<!-- \/ Yoast SEO plugin. -->","yoast_head_json":{"title":"Lotes en Venta Retalhuleu - Bienes Ra\u00edces Online","description":"Lotes en Venta Retalhuleu, Ciudad Palmeras, 200 mts2. Escritura Registrada, servicios cercanos, informaci\u00f3n Whatsapp (502) 42728393","robots":{"index":"index","follow":"follow","max-snippet":"max-snippet:-1","max-image-preview":"max-image-preview:large","max-video-preview":"max-video-preview:-1"},"canonical":"https:\/\/bienesraicesonlinegt.com\/index.php\/lotes-en-venta-y-renta\/lotes-en-venta-retalhuleu\/","og_locale":"es_ES","og_type":"article","og_title":"Lotes en Venta Retalhuleu - Bienes Ra\u00edces Online","og_description":"Lotes en Venta Retalhuleu, Ciudad Palmeras, 200 mts2. Escritura Registrada, servicios cercanos, informaci\u00f3n Whatsapp (502) 42728393","og_url":"https:\/\/bienesraicesonlinegt.com\/index.php\/lotes-en-venta-y-renta\/lotes-en-venta-retalhuleu\/","og_site_name":"Bienes Ra\u00edces Online","article_publisher":"https:\/\/www.facebook.com\/bienesraicesonline\/","article_modified_time":"2023-11-14T13:03:35+00:00","og_image":[{"url":"https:\/\/bienesraicesonlinegt.com\/wp-content\/uploads\/2023\/04\/13_20230423_232452_0012-724x1024.png","type":"","width":"","height":""}],"twitter_card":"summary_large_image","twitter_site":"@raices_online","twitter_misc":{"Tiempo de lectura":"1 minuto"},"schema":{"@context":"https:\/\/schema.org","@graph":[{"@type":"WebPage","@id":"https:\/\/bienesraicesonlinegt.com\/index.php\/lotes-en-venta-y-renta\/lotes-en-venta-retalhuleu\/","url":"https:\/\/bienesraicesonlinegt.com\/index.php\/lotes-en-venta-y-renta\/lotes-en-venta-retalhuleu\/","name":"Lotes en Venta Retalhuleu - Bienes Ra\u00edces Online","isPartOf":{"@id":"https:\/\/bienesraicesonlinegt.com\/#website"},"primaryImageOfPage":{"@id":"https:\/\/bienesraicesonlinegt.com\/index.php\/lotes-en-venta-y-renta\/lotes-en-venta-retalhuleu\/#primaryimage"},"image":{"@id":"https:\/\/bienesraicesonlinegt.com\/index.php\/lotes-en-venta-y-renta\/lotes-en-venta-retalhuleu\/#primaryimage"},"thumbnailUrl":"https:\/\/bienesraicesonlinegt.com\/wp-content\/uploads\/2023\/04\/13_20230423_232452_0012-724x1024.png","datePublished":"2023-04-24T05:48:49+00:00","dateModified":"2023-11-14T13:03:35+00:00","description":"Lotes en Venta Retalhuleu, Ciudad Palmeras, 200 mts2. Escritura Registrada, servicios cercanos, informaci\u00f3n Whatsapp (502) 42728393","breadcrumb":{"@id":"https:\/\/bienesraicesonlinegt.com\/index.php\/lotes-en-venta-y-renta\/lotes-en-venta-retalhuleu\/#breadcrumb"},"inLanguage":"es","potentialAction":[{"@type":"ReadAction","target":["https:\/\/bienesraicesonlinegt.com\/index.php\/lotes-en-venta-y-renta\/lotes-en-venta-retalhuleu\/"]}]},{"@type":"ImageObject","inLanguage":"es","@id":"https:\/\/bienesraicesonlinegt.com\/index.php\/lotes-en-venta-y-renta\/lotes-en-venta-retalhuleu\/#primaryimage","url":"https:\/\/bienesraicesonlinegt.com\/wp-content\/uploads\/2023\/04\/13_20230423_232452_0012.png","contentUrl":"https:\/\/bienesraicesonlinegt.com\/wp-content\/uploads\/2023\/04\/13_20230423_232452_0012.png","width":1414,"height":2000,"caption":"Lote en Venta Ciudad Palmeras Retalhuleu"},{"@type":"BreadcrumbList","@id":"https:\/\/bienesraicesonlinegt.com\/index.php\/lotes-en-venta-y-renta\/lotes-en-venta-retalhuleu\/#breadcrumb","itemListElement":[{"@type":"ListItem","position":1,"name":"Portada","item":"https:\/\/bienesraicesonlinegt.com\/"},{"@type":"ListItem","position":2,"name":"Lotes en Venta y Renta","item":"https:\/\/bienesraicesonlinegt.com\/index.php\/lotes-en-venta-y-renta\/"},{"@type":"ListItem","position":3,"name":"Lotes en Venta Retalhuleu"}]},{"@type":"WebSite","@id":"https:\/\/bienesraicesonlinegt.com\/#website","url":"https:\/\/bienesraicesonlinegt.com\/","name":"Bienes Ra\u00edces Online","description":"Tu Mejor Opci\u00f3n de Bienes Inmuebles en Guatemala ","publisher":{"@id":"https:\/\/bienesraicesonlinegt.com\/#organization"},"potentialAction":[{"@type":"SearchAction","target":{"@type":"EntryPoint","urlTemplate":"https:\/\/bienesraicesonlinegt.com\/?s={search_term_string}"},"query-input":{"@type":"PropertyValueSpecification","valueRequired":true,"valueName":"search_term_string"}}],"inLanguage":"es"},{"@type":"Organization","@id":"https:\/\/bienesraicesonlinegt.com\/#organization","name":"Bienes Ra\u00edces Online","url":"https:\/\/bienesraicesonlinegt.com\/","logo":{"@type":"ImageObject","inLanguage":"es","@id":"https:\/\/bienesraicesonlinegt.com\/#\/schema\/logo\/image\/","url":"https:\/\/i0.wp.com\/bienesraicesonlinegt.com\/wp-content\/uploads\/2022\/03\/cropped-Picsart_22-01-02_18-40-13-901.jpg?fit=512%2C512&ssl=1","contentUrl":"https:\/\/i0.wp.com\/bienesraicesonlinegt.com\/wp-content\/uploads\/2022\/03\/cropped-Picsart_22-01-02_18-40-13-901.jpg?fit=512%2C512&ssl=1","width":512,"height":512,"caption":"Bienes Ra\u00edces Online"},"image":{"@id":"https:\/\/bienesraicesonlinegt.com\/#\/schema\/logo\/image\/"},"sameAs":["https:\/\/www.facebook.com\/bienesraicesonline\/","https:\/\/x.com\/raices_online","https:\/\/www.instagram.com\/bienesraicesonlinexela\/","https:\/\/pin.it\/1vdHG9B","https:\/\/www.youtube.com\/channel\/UCIJ2CBQ8RA5Hb_yj1CSeSHA","https:\/\/bienes-raices-online-xela.negocio.site\/","https:\/\/vm.tiktok.com\/ZSVst9m5\/","https:\/\/wa.me\/message\/VRLOSYS56UWQF1"]}]}},"_links":{"self":[{"href":"https:\/\/bienesraicesonlinegt.com\/index.php\/wp-json\/wp\/v2\/pages\/1192"}],"collection":[{"href":"https:\/\/bienesraicesonlinegt.com\/index.php\/wp-json\/wp\/v2\/pages"}],"about":[{"href":"https:\/\/bienesraicesonlinegt.com\/index.php\/wp-json\/wp\/v2\/types\/page"}],"author":[{"embeddable":true,"href":"https:\/\/bienesraicesonlinegt.com\/index.php\/wp-json\/wp\/v2\/users\/1"}],"replies":[{"embeddable":true,"href":"https:\/\/bienesraicesonlinegt.com\/index.php\/wp-json\/wp\/v2\/comments?post=1192"}],"version-history":[{"count":11,"href":"https:\/\/bienesraicesonlinegt.com\/index.php\/wp-json\/wp\/v2\/pages\/1192\/revisions"}],"predecessor-version":[{"id":1574,"href":"https:\/\/bienesraicesonlinegt.com\/index.php\/wp-json\/wp\/v2\/pages\/1192\/revisions\/1574"}],"up":[{"embeddable":true,"href":"https:\/\/bienesraicesonlinegt.com\/index.php\/wp-json\/wp\/v2\/pages\/117"}],"wp:attachment":[{"href":"https:\/\/bienesraicesonlinegt.com\/index.php\/wp-json\/wp\/v2\/media?parent=1192"}],"curies":[{"name":"wp","href":"https:\/\/api.w.org\/{rel}","templated":true}]}}