{"id":1281,"date":"2023-05-06T10:55:51","date_gmt":"2023-05-06T10:55:51","guid":{"rendered":"https:\/\/bienesraicesonlinegt.com\/?page_id=1281"},"modified":"2026-02-21T06:56:44","modified_gmt":"2026-02-21T06:56:44","slug":"casas-en-venta-retalhuleu","status":"publish","type":"page","link":"https:\/\/bienesraicesonlinegt.com\/index.php\/casas-en-venta-y-renta\/casas-en-venta-retalhuleu\/","title":{"rendered":"Casas en Venta Retalhuleu"},"content":{"rendered":"<p>[et_pb_section fb_built=&#8221;1&#8243; _builder_version=&#8221;4.16&#8243; global_colors_info=&#8221;{}&#8221;][et_pb_row _builder_version=&#8221;4.23&#8243; _module_preset=&#8221;default&#8221; global_colors_info=&#8221;{}&#8221;][et_pb_column type=&#8221;4_4&#8243; _builder_version=&#8221;4.23&#8243; _module_preset=&#8221;default&#8221; global_colors_info=&#8221;{}&#8221;][et_pb_text _builder_version=&#8221;4.23&#8243; _module_preset=&#8221;default&#8221; global_colors_info=&#8221;{}&#8221;]<\/p>\n<h2 style=\"text-align: center;\"><span style=\"color: #800000;\"><strong>Casas en Venta Retalhuleu\u00a0<\/strong><\/span><\/h2>\n<p>[\/et_pb_text][et_pb_text _builder_version=&#8221;4.23&#8243; _module_preset=&#8221;default&#8221; hover_enabled=&#8221;0&#8243; global_colors_info=&#8221;{}&#8221; sticky_enabled=&#8221;0&#8243;]<\/p>\n<p style=\"text-align: justify;\"><span style=\"color: #008000;\">Casas en Venta Retalhuleu<\/span> , casas disponibles en el \u00e1rea Sur Occidente de Guatemala. <span style=\"color: #0000ff;\">Haga click en cada imagen para ver la informaci\u00f3n.<\/span> \u00a0 Puede contactarnos en nuestras diferentes plataformas en nuestro apartado de Contacto para pedir informaci\u00f3n de cada una, <span style=\"color: #ff0000;\">escribirnos al whatsapp (502) 42728393<\/span> o escribirnos al <span style=\"color: #993366;\">Email : info@bienesraicesonlinegt.com , puede hacer\u00a0<span style=\"text-decoration: underline; color: #0000ff;\"><a href=\"https:\/\/bienesraicesonlinegt.com\/index.php\/contacto\/\" style=\"color: #0000ff; text-decoration: underline;\">click aqu\u00ed<\/a><\/span>\u00a0para ir al formulario de contacto.<\/span><\/p>\n<p>[\/et_pb_text][et_pb_image src=&#8221;https:\/\/bienesraicesonlinegt.com\/wp-content\/uploads\/2025\/08\/1000442448-1.jpg&#8221; alt=&#8221;Casa en Venta El Maestro Retalhuleu&#8221; title_text=&#8221;Casa en Venta El Maestro Retalhuleu&#8221; url=&#8221;https:\/\/bienesraicesonlinegt.com\/index.php\/casa-en-venta-el-maestro-retalhuleu\/&#8221; _builder_version=&#8221;4.23&#8243; _module_preset=&#8221;default&#8221; hover_enabled=&#8221;0&#8243; global_colors_info=&#8221;{}&#8221; sticky_enabled=&#8221;0&#8243;][\/et_pb_image][et_pb_text _builder_version=&#8221;4.23&#8243; _module_preset=&#8221;default&#8221; hover_enabled=&#8221;0&#8243; sticky_enabled=&#8221;0&#8243;]<\/p>\n<p style=\"text-align: center;\"><strong><span style=\"color: #008080;\">Casa en Venta Colonia El Maestro Retalhuleu,<\/span> <span style=\"color: #ff0000;\">haga click en la imagen para ver la informaci\u00f3n\u00a0<\/span><\/strong><\/p>\n<p>[\/et_pb_text][et_pb_image src=&#8221;https:\/\/bienesraicesonlinegt.com\/wp-content\/uploads\/2025\/08\/Real-Estate-Instagram-Post_20241003_193613_0000.jpg&#8221; alt=&#8221;Propiedad en Venta Circunvalaci\u00f3n Retalhuleu&#8221; title_text=&#8221;Propiedad en Venta Circunvalaci\u00f3n Retalhuleu&#8221; _builder_version=&#8221;4.23&#8243; _module_preset=&#8221;default&#8221; hover_enabled=&#8221;0&#8243; global_colors_info=&#8221;{}&#8221; url=&#8221;https:\/\/bienesraicesonlinegt.com\/index.php\/casas-en-venta-y-renta\/casa-en-venta-circunvalacion-retalhuleu\/&#8221; sticky_enabled=&#8221;0&#8243;][\/et_pb_image][et_pb_text _builder_version=&#8221;4.23&#8243; _module_preset=&#8221;default&#8221; hover_enabled=&#8221;0&#8243; sticky_enabled=&#8221;0&#8243;]<\/p>\n<p style=\"text-align: center;\"><strong><span style=\"color: #008080;\">Casa y terreno en Venta Circunvalaci\u00f3n Retalhuleu,<\/span><span style=\"color: #ff0000;\"> haga click en la imagen para ver la informaci\u00f3n<\/span><\/strong><\/p>\n<p>[\/et_pb_text][et_pb_image src=&#8221;https:\/\/bienesraicesonlinegt.com\/wp-content\/uploads\/2025\/08\/Buscamos-Csa-Bienes-Raices-Online-_20250701_190729_0000.jpg&#8221; alt=&#8221;Auto Hotel en Venta Retalhuleu&#8221; title_text=&#8221;Auto Hotel en Venta Retalhuleu&#8221; _builder_version=&#8221;4.23&#8243; _module_preset=&#8221;default&#8221; global_colors_info=&#8221;{}&#8221;][\/et_pb_image][et_pb_image src=&#8221;https:\/\/bienesraicesonlinegt.com\/wp-content\/uploads\/2024\/11\/10000102423787628892110847676.jpg&#8221; alt=&#8221;Casa en Venta San Felipe Retalhuleu&#8221; title_text=&#8221;Casa en Venta San Felipe Retalhuleu&#8221; _builder_version=&#8221;4.23&#8243; _module_preset=&#8221;default&#8221; global_colors_info=&#8221;{}&#8221;][\/et_pb_image][et_pb_image src=&#8221;https:\/\/bienesraicesonlinegt.com\/wp-content\/uploads\/2024\/11\/10000386073556392746330021021.jpg&#8221; title_text=&#8221;10000386073556392746330021021.jpg&#8221; _builder_version=&#8221;4.23&#8243; _module_preset=&#8221;default&#8221; global_colors_info=&#8221;{}&#8221;][\/et_pb_image][et_pb_image src=&#8221;https:\/\/bienesraicesonlinegt.com\/wp-content\/uploads\/2024\/01\/Brown-Minimalist-Simple-Professional-Open-House-Real-Estate-Flyer_20231219_051205_0000.jpg&#8221; alt=&#8221;Casa Vacacional en Venta San Mart\u00edn Zapotitl\u00e1n Retalhuleu&#8221; title_text=&#8221;Casa Vacacional en Venta San Mart\u00edn Zapotitl\u00e1n Retalhuleu&#8221; _builder_version=&#8221;4.23&#8243; _module_preset=&#8221;default&#8221; global_colors_info=&#8221;{}&#8221;][\/et_pb_image][\/et_pb_column][\/et_pb_row][\/et_pb_section]<\/p>\n<div class=\"pvc_clear\"><\/div>\n<p class=\"pvc_stats all \" data-element-id=\"1281\" style=\"\"><i class=\"pvc-stats-icon medium\" aria-hidden=\"true\"><svg aria-hidden=\"true\" focusable=\"false\" data-prefix=\"far\" data-icon=\"chart-bar\" role=\"img\" xmlns=\"http:\/\/www.w3.org\/2000\/svg\" viewBox=\"0 0 512 512\" class=\"svg-inline--fa fa-chart-bar fa-w-16 fa-2x\"><path fill=\"currentColor\" d=\"M396.8 352h22.4c6.4 0 12.8-6.4 12.8-12.8V108.8c0-6.4-6.4-12.8-12.8-12.8h-22.4c-6.4 0-12.8 6.4-12.8 12.8v230.4c0 6.4 6.4 12.8 12.8 12.8zm-192 0h22.4c6.4 0 12.8-6.4 12.8-12.8V140.8c0-6.4-6.4-12.8-12.8-12.8h-22.4c-6.4 0-12.8 6.4-12.8 12.8v198.4c0 6.4 6.4 12.8 12.8 12.8zm96 0h22.4c6.4 0 12.8-6.4 12.8-12.8V204.8c0-6.4-6.4-12.8-12.8-12.8h-22.4c-6.4 0-12.8 6.4-12.8 12.8v134.4c0 6.4 6.4 12.8 12.8 12.8zM496 400H48V80c0-8.84-7.16-16-16-16H16C7.16 64 0 71.16 0 80v336c0 17.67 14.33 32 32 32h464c8.84 0 16-7.16 16-16v-16c0-8.84-7.16-16-16-16zm-387.2-48h22.4c6.4 0 12.8-6.4 12.8-12.8v-70.4c0-6.4-6.4-12.8-12.8-12.8h-22.4c-6.4 0-12.8 6.4-12.8 12.8v70.4c0 6.4 6.4 12.8 12.8 12.8z\" class=\"\"><\/path><\/svg><\/i> &nbsp;403&nbsp;Total visitas<\/p>\n<div class=\"pvc_clear\"><\/div>\n","protected":false},"excerpt":{"rendered":"<p>Casas en Venta Retalhuleu\u00a0Casas en Venta Retalhuleu , casas disponibles en el \u00e1rea Sur Occidente de Guatemala. Haga click en cada imagen para ver la informaci\u00f3n. \u00a0 Puede contactarnos en nuestras diferentes plataformas en nuestro apartado de Contacto para pedir informaci\u00f3n de cada una, escribirnos al whatsapp (502) 42728393 o escribirnos al Email : info@bienesraicesonlinegt.com [&hellip;]<\/p>\n<div class=\"pvc_clear\"><\/div>\n<p class=\"pvc_stats all \" data-element-id=\"1281\" style=\"\"><i class=\"pvc-stats-icon medium\" aria-hidden=\"true\"><svg aria-hidden=\"true\" focusable=\"false\" data-prefix=\"far\" data-icon=\"chart-bar\" role=\"img\" xmlns=\"http:\/\/www.w3.org\/2000\/svg\" viewBox=\"0 0 512 512\" class=\"svg-inline--fa fa-chart-bar fa-w-16 fa-2x\"><path fill=\"currentColor\" d=\"M396.8 352h22.4c6.4 0 12.8-6.4 12.8-12.8V108.8c0-6.4-6.4-12.8-12.8-12.8h-22.4c-6.4 0-12.8 6.4-12.8 12.8v230.4c0 6.4 6.4 12.8 12.8 12.8zm-192 0h22.4c6.4 0 12.8-6.4 12.8-12.8V140.8c0-6.4-6.4-12.8-12.8-12.8h-22.4c-6.4 0-12.8 6.4-12.8 12.8v198.4c0 6.4 6.4 12.8 12.8 12.8zm96 0h22.4c6.4 0 12.8-6.4 12.8-12.8V204.8c0-6.4-6.4-12.8-12.8-12.8h-22.4c-6.4 0-12.8 6.4-12.8 12.8v134.4c0 6.4 6.4 12.8 12.8 12.8zM496 400H48V80c0-8.84-7.16-16-16-16H16C7.16 64 0 71.16 0 80v336c0 17.67 14.33 32 32 32h464c8.84 0 16-7.16 16-16v-16c0-8.84-7.16-16-16-16zm-387.2-48h22.4c6.4 0 12.8-6.4 12.8-12.8v-70.4c0-6.4-6.4-12.8-12.8-12.8h-22.4c-6.4 0-12.8 6.4-12.8 12.8v70.4c0 6.4 6.4 12.8 12.8 12.8z\" class=\"\"><\/path><\/svg><\/i> &nbsp;403&nbsp;Total visitas<\/p>\n<div class=\"pvc_clear\"><\/div>\n","protected":false},"author":1,"featured_media":0,"parent":115,"menu_order":0,"comment_status":"open","ping_status":"closed","template":"","meta":{"_et_pb_use_builder":"on","_et_pb_old_content":"<!-- wp:paragraph -->\n<p>Casas en Venta Retalhuleu , casas disponibles en el \u00e1rea Sur Occidente de Guatemala.&nbsp; &nbsp;Puede contactarnos en nuestras diferentes plataformas en nuestro apartado de Contacto para pedir informaci\u00f3n de cada una, escribirnos al whatsapp (502) 42728393 o escribirnos al Email : info@bienesraicesonlinegt.com , puede hacer&nbsp;<a href=\"https:\/\/bienesraicesonlinegt.com\/index.php\/contacto\/\">click aqu\u00ed<\/a>&nbsp;para ir al formulario de contacto.&nbsp;<\/p>\n<!-- \/wp:paragraph -->\n\n<!-- wp:image {\"id\":2069,\"sizeSlug\":\"large\"} -->\n<figure class=\"wp-block-image size-large\"><img src=\"https:\/\/bienesraicesonlinegt.com\/wp-content\/uploads\/2024\/06\/Bienes-Raices-Online-_20240613_190139_0000-724x1024.jpg\" alt=\"\" class=\"wp-image-2069\"\/><figcaption class=\"wp-element-caption\">Casa en Venta residencial El Maestro Retalhuleu<\/figcaption><\/figure>\n<!-- \/wp:image -->\n\n<!-- wp:image {\"id\":2268,\"sizeSlug\":\"large\"} -->\n<figure class=\"wp-block-image size-large\"><img src=\"https:\/\/bienesraicesonlinegt.com\/wp-content\/uploads\/2024\/10\/real-estate-instagram-post_20241003_193613_00002059022020656829571-1024x1024.jpg\" alt=\"\" class=\"wp-image-2268\"\/><figcaption class=\"wp-element-caption\">Propiedad en Venta Circunvalaci\u00f3n Retalhuleu<\/figcaption><\/figure>\n<!-- \/wp:image -->\n\n<!-- wp:image {\"id\":1064,\"sizeSlug\":\"large\"} -->\n<figure class=\"wp-block-image size-large\"><img src=\"https:\/\/bienesraicesonlinegt.com\/wp-content\/uploads\/2023\/03\/11_20230320_055143_0010-724x1024.png\" alt=\"\" class=\"wp-image-1064\"\/><figcaption class=\"wp-element-caption\">Cuerda en Venta Per\u00fa Retalhuleu<\/figcaption><\/figure>\n<!-- \/wp:image -->\n\n<!-- wp:image {\"id\":2403,\"sizeSlug\":\"large\"} -->\n<figure class=\"wp-block-image size-large\"><img src=\"https:\/\/bienesraicesonlinegt.com\/wp-content\/uploads\/2024\/11\/10000386073556392746330021021-724x1024.jpg\" alt=\"\" class=\"wp-image-2403\"\/><\/figure>\n<!-- \/wp:image -->\n\n<!-- wp:image {\"id\":2402,\"sizeSlug\":\"large\"} -->\n<figure class=\"wp-block-image size-large\"><img src=\"https:\/\/bienesraicesonlinegt.com\/wp-content\/uploads\/2024\/11\/10000102423787628892110847676-724x1024.jpg\" alt=\"\" class=\"wp-image-2402\"\/><\/figure>\n<!-- \/wp:image -->\n\n<!-- wp:image {\"id\":2483,\"sizeSlug\":\"large\"} -->\n<figure class=\"wp-block-image size-large\"><img src=\"https:\/\/bienesraicesonlinegt.com\/wp-content\/uploads\/2025\/01\/2_20250127_234502_0001-819x1024.jpg\" alt=\"\" class=\"wp-image-2483\"\/><figcaption class=\"wp-element-caption\">Buscamos Local en Venta Retalhuleu <\/figcaption><\/figure>\n<!-- \/wp:image -->\n\n<!-- wp:image {\"id\":2482,\"sizeSlug\":\"large\"} -->\n<figure class=\"wp-block-image size-large\"><img src=\"https:\/\/bienesraicesonlinegt.com\/wp-content\/uploads\/2025\/01\/Buscamos-Casa-en-Alquiler_20250127_231215_0000-819x1024.jpg\" alt=\"\" class=\"wp-image-2482\"\/><figcaption class=\"wp-element-caption\">Buscamos Casa en Alquiler Retalhuleu <\/figcaption><\/figure>\n<!-- \/wp:image -->","_et_gb_content_width":"","_monsterinsights_skip_tracking":false,"_monsterinsights_sitenote_active":false,"_monsterinsights_sitenote_note":"","_monsterinsights_sitenote_category":0,"footnotes":""},"class_list":["post-1281","page","type-page","status-publish","hentry"],"yoast_head":"<!-- This site is optimized with the Yoast SEO plugin v25.6 - https:\/\/yoast.com\/wordpress\/plugins\/seo\/ -->\n<title>Casas en Venta Retalhuleu - Bienes Ra\u00edces Online<\/title>\n<meta name=\"description\" content=\"Casas en Venta Retalhuleu, casas y propiedades disponibles en Sur Occidente de Guatemala, Retalhuleu, Informaci\u00f3n al whatsapp (502) 42728393\" \/>\n<meta name=\"robots\" content=\"index, follow, max-snippet:-1, max-image-preview:large, max-video-preview:-1\" \/>\n<link rel=\"canonical\" href=\"https:\/\/bienesraicesonlinegt.com\/index.php\/casas-en-venta-y-renta\/casas-en-venta-retalhuleu\/\" \/>\n<meta property=\"og:locale\" content=\"es_ES\" \/>\n<meta property=\"og:type\" content=\"article\" \/>\n<meta property=\"og:title\" content=\"Casas en Venta Retalhuleu - Bienes Ra\u00edces Online\" \/>\n<meta property=\"og:description\" content=\"Casas en Venta Retalhuleu, casas y propiedades disponibles en Sur Occidente de Guatemala, Retalhuleu, Informaci\u00f3n al whatsapp (502) 42728393\" \/>\n<meta property=\"og:url\" content=\"https:\/\/bienesraicesonlinegt.com\/index.php\/casas-en-venta-y-renta\/casas-en-venta-retalhuleu\/\" \/>\n<meta property=\"og:site_name\" content=\"Bienes Ra\u00edces Online\" \/>\n<meta property=\"article:publisher\" content=\"https:\/\/www.facebook.com\/bienesraicesonline\/\" \/>\n<meta property=\"article:modified_time\" content=\"2026-02-21T06:56:44+00:00\" \/>\n<meta name=\"twitter:card\" content=\"summary_large_image\" \/>\n<meta name=\"twitter:site\" content=\"@raices_online\" \/>\n<meta name=\"twitter:label1\" content=\"Tiempo de lectura\" \/>\n\t<meta name=\"twitter:data1\" content=\"2 minutos\" \/>\n<script type=\"application\/ld+json\" class=\"yoast-schema-graph\">{\"@context\":\"https:\/\/schema.org\",\"@graph\":[{\"@type\":\"WebPage\",\"@id\":\"https:\/\/bienesraicesonlinegt.com\/index.php\/casas-en-venta-y-renta\/casas-en-venta-retalhuleu\/\",\"url\":\"https:\/\/bienesraicesonlinegt.com\/index.php\/casas-en-venta-y-renta\/casas-en-venta-retalhuleu\/\",\"name\":\"Casas en Venta Retalhuleu - Bienes Ra\u00edces Online\",\"isPartOf\":{\"@id\":\"https:\/\/bienesraicesonlinegt.com\/#website\"},\"datePublished\":\"2023-05-06T10:55:51+00:00\",\"dateModified\":\"2026-02-21T06:56:44+00:00\",\"description\":\"Casas en Venta Retalhuleu, casas y propiedades disponibles en Sur Occidente de Guatemala, Retalhuleu, Informaci\u00f3n al whatsapp (502) 42728393\",\"breadcrumb\":{\"@id\":\"https:\/\/bienesraicesonlinegt.com\/index.php\/casas-en-venta-y-renta\/casas-en-venta-retalhuleu\/#breadcrumb\"},\"inLanguage\":\"es\",\"potentialAction\":[{\"@type\":\"ReadAction\",\"target\":[\"https:\/\/bienesraicesonlinegt.com\/index.php\/casas-en-venta-y-renta\/casas-en-venta-retalhuleu\/\"]}]},{\"@type\":\"BreadcrumbList\",\"@id\":\"https:\/\/bienesraicesonlinegt.com\/index.php\/casas-en-venta-y-renta\/casas-en-venta-retalhuleu\/#breadcrumb\",\"itemListElement\":[{\"@type\":\"ListItem\",\"position\":1,\"name\":\"Portada\",\"item\":\"https:\/\/bienesraicesonlinegt.com\/\"},{\"@type\":\"ListItem\",\"position\":2,\"name\":\"Casas en Venta y Renta\",\"item\":\"https:\/\/bienesraicesonlinegt.com\/index.php\/casas-en-venta-y-renta\/\"},{\"@type\":\"ListItem\",\"position\":3,\"name\":\"Casas en Venta Retalhuleu\"}]},{\"@type\":\"WebSite\",\"@id\":\"https:\/\/bienesraicesonlinegt.com\/#website\",\"url\":\"https:\/\/bienesraicesonlinegt.com\/\",\"name\":\"Bienes Ra\u00edces Online\",\"description\":\"Tu Mejor Opci\u00f3n de Bienes Inmuebles en Guatemala \",\"publisher\":{\"@id\":\"https:\/\/bienesraicesonlinegt.com\/#organization\"},\"potentialAction\":[{\"@type\":\"SearchAction\",\"target\":{\"@type\":\"EntryPoint\",\"urlTemplate\":\"https:\/\/bienesraicesonlinegt.com\/?s={search_term_string}\"},\"query-input\":{\"@type\":\"PropertyValueSpecification\",\"valueRequired\":true,\"valueName\":\"search_term_string\"}}],\"inLanguage\":\"es\"},{\"@type\":\"Organization\",\"@id\":\"https:\/\/bienesraicesonlinegt.com\/#organization\",\"name\":\"Bienes Ra\u00edces Online\",\"url\":\"https:\/\/bienesraicesonlinegt.com\/\",\"logo\":{\"@type\":\"ImageObject\",\"inLanguage\":\"es\",\"@id\":\"https:\/\/bienesraicesonlinegt.com\/#\/schema\/logo\/image\/\",\"url\":\"https:\/\/i0.wp.com\/bienesraicesonlinegt.com\/wp-content\/uploads\/2022\/03\/cropped-Picsart_22-01-02_18-40-13-901.jpg?fit=512%2C512&ssl=1\",\"contentUrl\":\"https:\/\/i0.wp.com\/bienesraicesonlinegt.com\/wp-content\/uploads\/2022\/03\/cropped-Picsart_22-01-02_18-40-13-901.jpg?fit=512%2C512&ssl=1\",\"width\":512,\"height\":512,\"caption\":\"Bienes Ra\u00edces Online\"},\"image\":{\"@id\":\"https:\/\/bienesraicesonlinegt.com\/#\/schema\/logo\/image\/\"},\"sameAs\":[\"https:\/\/www.facebook.com\/bienesraicesonline\/\",\"https:\/\/x.com\/raices_online\",\"https:\/\/www.instagram.com\/bienesraicesonlinexela\/\",\"https:\/\/pin.it\/1vdHG9B\",\"https:\/\/www.youtube.com\/channel\/UCIJ2CBQ8RA5Hb_yj1CSeSHA\",\"https:\/\/bienes-raices-online-xela.negocio.site\/\",\"https:\/\/vm.tiktok.com\/ZSVst9m5\/\",\"https:\/\/wa.me\/message\/VRLOSYS56UWQF1\"]}]}<\/script>\n<!-- \/ Yoast SEO plugin. -->","yoast_head_json":{"title":"Casas en Venta Retalhuleu - Bienes Ra\u00edces Online","description":"Casas en Venta Retalhuleu, casas y propiedades disponibles en Sur Occidente de Guatemala, Retalhuleu, Informaci\u00f3n al whatsapp (502) 42728393","robots":{"index":"index","follow":"follow","max-snippet":"max-snippet:-1","max-image-preview":"max-image-preview:large","max-video-preview":"max-video-preview:-1"},"canonical":"https:\/\/bienesraicesonlinegt.com\/index.php\/casas-en-venta-y-renta\/casas-en-venta-retalhuleu\/","og_locale":"es_ES","og_type":"article","og_title":"Casas en Venta Retalhuleu - Bienes Ra\u00edces Online","og_description":"Casas en Venta Retalhuleu, casas y propiedades disponibles en Sur Occidente de Guatemala, Retalhuleu, Informaci\u00f3n al whatsapp (502) 42728393","og_url":"https:\/\/bienesraicesonlinegt.com\/index.php\/casas-en-venta-y-renta\/casas-en-venta-retalhuleu\/","og_site_name":"Bienes Ra\u00edces Online","article_publisher":"https:\/\/www.facebook.com\/bienesraicesonline\/","article_modified_time":"2026-02-21T06:56:44+00:00","twitter_card":"summary_large_image","twitter_site":"@raices_online","twitter_misc":{"Tiempo de lectura":"2 minutos"},"schema":{"@context":"https:\/\/schema.org","@graph":[{"@type":"WebPage","@id":"https:\/\/bienesraicesonlinegt.com\/index.php\/casas-en-venta-y-renta\/casas-en-venta-retalhuleu\/","url":"https:\/\/bienesraicesonlinegt.com\/index.php\/casas-en-venta-y-renta\/casas-en-venta-retalhuleu\/","name":"Casas en Venta Retalhuleu - Bienes Ra\u00edces Online","isPartOf":{"@id":"https:\/\/bienesraicesonlinegt.com\/#website"},"datePublished":"2023-05-06T10:55:51+00:00","dateModified":"2026-02-21T06:56:44+00:00","description":"Casas en Venta Retalhuleu, casas y propiedades disponibles en Sur Occidente de Guatemala, Retalhuleu, Informaci\u00f3n al whatsapp (502) 42728393","breadcrumb":{"@id":"https:\/\/bienesraicesonlinegt.com\/index.php\/casas-en-venta-y-renta\/casas-en-venta-retalhuleu\/#breadcrumb"},"inLanguage":"es","potentialAction":[{"@type":"ReadAction","target":["https:\/\/bienesraicesonlinegt.com\/index.php\/casas-en-venta-y-renta\/casas-en-venta-retalhuleu\/"]}]},{"@type":"BreadcrumbList","@id":"https:\/\/bienesraicesonlinegt.com\/index.php\/casas-en-venta-y-renta\/casas-en-venta-retalhuleu\/#breadcrumb","itemListElement":[{"@type":"ListItem","position":1,"name":"Portada","item":"https:\/\/bienesraicesonlinegt.com\/"},{"@type":"ListItem","position":2,"name":"Casas en Venta y Renta","item":"https:\/\/bienesraicesonlinegt.com\/index.php\/casas-en-venta-y-renta\/"},{"@type":"ListItem","position":3,"name":"Casas en Venta Retalhuleu"}]},{"@type":"WebSite","@id":"https:\/\/bienesraicesonlinegt.com\/#website","url":"https:\/\/bienesraicesonlinegt.com\/","name":"Bienes Ra\u00edces Online","description":"Tu Mejor Opci\u00f3n de Bienes Inmuebles en Guatemala ","publisher":{"@id":"https:\/\/bienesraicesonlinegt.com\/#organization"},"potentialAction":[{"@type":"SearchAction","target":{"@type":"EntryPoint","urlTemplate":"https:\/\/bienesraicesonlinegt.com\/?s={search_term_string}"},"query-input":{"@type":"PropertyValueSpecification","valueRequired":true,"valueName":"search_term_string"}}],"inLanguage":"es"},{"@type":"Organization","@id":"https:\/\/bienesraicesonlinegt.com\/#organization","name":"Bienes Ra\u00edces Online","url":"https:\/\/bienesraicesonlinegt.com\/","logo":{"@type":"ImageObject","inLanguage":"es","@id":"https:\/\/bienesraicesonlinegt.com\/#\/schema\/logo\/image\/","url":"https:\/\/i0.wp.com\/bienesraicesonlinegt.com\/wp-content\/uploads\/2022\/03\/cropped-Picsart_22-01-02_18-40-13-901.jpg?fit=512%2C512&ssl=1","contentUrl":"https:\/\/i0.wp.com\/bienesraicesonlinegt.com\/wp-content\/uploads\/2022\/03\/cropped-Picsart_22-01-02_18-40-13-901.jpg?fit=512%2C512&ssl=1","width":512,"height":512,"caption":"Bienes Ra\u00edces Online"},"image":{"@id":"https:\/\/bienesraicesonlinegt.com\/#\/schema\/logo\/image\/"},"sameAs":["https:\/\/www.facebook.com\/bienesraicesonline\/","https:\/\/x.com\/raices_online","https:\/\/www.instagram.com\/bienesraicesonlinexela\/","https:\/\/pin.it\/1vdHG9B","https:\/\/www.youtube.com\/channel\/UCIJ2CBQ8RA5Hb_yj1CSeSHA","https:\/\/bienes-raices-online-xela.negocio.site\/","https:\/\/vm.tiktok.com\/ZSVst9m5\/","https:\/\/wa.me\/message\/VRLOSYS56UWQF1"]}]}},"_links":{"self":[{"href":"https:\/\/bienesraicesonlinegt.com\/index.php\/wp-json\/wp\/v2\/pages\/1281"}],"collection":[{"href":"https:\/\/bienesraicesonlinegt.com\/index.php\/wp-json\/wp\/v2\/pages"}],"about":[{"href":"https:\/\/bienesraicesonlinegt.com\/index.php\/wp-json\/wp\/v2\/types\/page"}],"author":[{"embeddable":true,"href":"https:\/\/bienesraicesonlinegt.com\/index.php\/wp-json\/wp\/v2\/users\/1"}],"replies":[{"embeddable":true,"href":"https:\/\/bienesraicesonlinegt.com\/index.php\/wp-json\/wp\/v2\/comments?post=1281"}],"version-history":[{"count":15,"href":"https:\/\/bienesraicesonlinegt.com\/index.php\/wp-json\/wp\/v2\/pages\/1281\/revisions"}],"predecessor-version":[{"id":4106,"href":"https:\/\/bienesraicesonlinegt.com\/index.php\/wp-json\/wp\/v2\/pages\/1281\/revisions\/4106"}],"up":[{"embeddable":true,"href":"https:\/\/bienesraicesonlinegt.com\/index.php\/wp-json\/wp\/v2\/pages\/115"}],"wp:attachment":[{"href":"https:\/\/bienesraicesonlinegt.com\/index.php\/wp-json\/wp\/v2\/media?parent=1281"}],"curies":[{"name":"wp","href":"https:\/\/api.w.org\/{rel}","templated":true}]}}