{"id":1565,"date":"2023-11-08T15:59:30","date_gmt":"2023-11-08T15:59:30","guid":{"rendered":"https:\/\/bienesraicesonlinegt.com\/?page_id=1565"},"modified":"2023-11-09T11:14:54","modified_gmt":"2023-11-09T11:14:54","slug":"lotes-en-venta-huehuetenango","status":"publish","type":"page","link":"https:\/\/bienesraicesonlinegt.com\/index.php\/lotes-en-venta-y-renta\/lotes-en-venta-huehuetenango\/","title":{"rendered":"Lotes en Venta Huehuetenango"},"content":{"rendered":"\n<p>Lotes en Venta Huehuetenango, <\/p>\n\n\n\n<p>8 Cuerdas en Venta, cerca del Mercado de Huehuetenango.<\/p>\n\n\n\n<p>Caracter\u00edsticas:<br>8 Cuerdas<br>Inmueble funcionando<br>Servicios basicos<br>Escritura Registrada<br>Escritura en Orden<br>Sin grav\u00e1menes<br>Accesible a Comercio<br>Accesible a transporte<br>C\u00e9ntrico<\/p>\n\n\n\n<p>Precio: Solicitarlo por tel\u00e9fono <\/p>\n\n\n\n<p>Ideal para:<br>Comercio<br>Oficinas<br>Clinicas<br>Ong<br>Bodega<br>Vivienda<br>Complejo de apartamentos<\/p>\n\n\n\n<p>Mayor informaci\u00f3n al tel\u00e9fono y whatsapp&nbsp;\u202a42728393\u202c<br>Email<br>Info@bienesraicesonlinegt.com<br>Sitio Web<br>www.bienesraicesonlinegt.com<\/p>\n\n\n\n<figure class=\"wp-block-image size-large\"><img fetchpriority=\"high\" fetchpriority=\"high\" decoding=\"async\" width=\"724\" height=\"1024\" src=\"https:\/\/bienesraicesonlinegt.com\/wp-content\/uploads\/2023\/10\/6_20231025_051350_0000-724x1024.jpg\" alt=\"\" class=\"wp-image-1527\"\/><figcaption class=\"wp-element-caption\">Cuerdas en Venta Huehuetenango <\/figcaption><\/figure>\n\n\n\n<figure class=\"wp-block-jetpack-rating-star\" style=\"text-align:left\"><span>\u2605<\/span><\/figure>\n\n\n\n<figure class=\"wp-block-jetpack-rating-star\" style=\"text-align:left\"><span>\u2605<\/span><\/figure>\n\n\n\n<figure class=\"wp-block-jetpack-rating-star\" style=\"text-align:left\"><span>\u2605<\/span><\/figure>\n<div class=\"pvc_clear\"><\/div><p class=\"pvc_stats all \" data-element-id=\"1565\" style=\"\"><i class=\"pvc-stats-icon medium\" aria-hidden=\"true\"><svg aria-hidden=\"true\" focusable=\"false\" data-prefix=\"far\" data-icon=\"chart-bar\" role=\"img\" xmlns=\"http:\/\/www.w3.org\/2000\/svg\" viewBox=\"0 0 512 512\" class=\"svg-inline--fa fa-chart-bar fa-w-16 fa-2x\"><path fill=\"currentColor\" d=\"M396.8 352h22.4c6.4 0 12.8-6.4 12.8-12.8V108.8c0-6.4-6.4-12.8-12.8-12.8h-22.4c-6.4 0-12.8 6.4-12.8 12.8v230.4c0 6.4 6.4 12.8 12.8 12.8zm-192 0h22.4c6.4 0 12.8-6.4 12.8-12.8V140.8c0-6.4-6.4-12.8-12.8-12.8h-22.4c-6.4 0-12.8 6.4-12.8 12.8v198.4c0 6.4 6.4 12.8 12.8 12.8zm96 0h22.4c6.4 0 12.8-6.4 12.8-12.8V204.8c0-6.4-6.4-12.8-12.8-12.8h-22.4c-6.4 0-12.8 6.4-12.8 12.8v134.4c0 6.4 6.4 12.8 12.8 12.8zM496 400H48V80c0-8.84-7.16-16-16-16H16C7.16 64 0 71.16 0 80v336c0 17.67 14.33 32 32 32h464c8.84 0 16-7.16 16-16v-16c0-8.84-7.16-16-16-16zm-387.2-48h22.4c6.4 0 12.8-6.4 12.8-12.8v-70.4c0-6.4-6.4-12.8-12.8-12.8h-22.4c-6.4 0-12.8 6.4-12.8 12.8v70.4c0 6.4 6.4 12.8 12.8 12.8z\" class=\"\"><\/path><\/svg><\/i> &nbsp;213&nbsp;Total visitas<\/p><div class=\"pvc_clear\"><\/div>","protected":false},"excerpt":{"rendered":"<p>Lotes en Venta Huehuetenango, 8 Cuerdas en Venta, cerca del Mercado de Huehuetenango. Caracter\u00edsticas:8 CuerdasInmueble funcionandoServicios basicosEscritura RegistradaEscritura en OrdenSin grav\u00e1menesAccesible a ComercioAccesible a transporteC\u00e9ntrico Precio: Solicitarlo por tel\u00e9fono Ideal para:ComercioOficinasClinicasOngBodegaViviendaComplejo de apartamentos Mayor informaci\u00f3n al tel\u00e9fono y whatsapp&nbsp;\u202a42728393\u202cEmailInfo@bienesraicesonlinegt.comSitio Webwww.bienesraicesonlinegt.com &nbsp;213&nbsp;Total visitas<\/p>\n<div class=\"pvc_clear\"><\/div>\n<p class=\"pvc_stats all \" data-element-id=\"1565\" style=\"\"><i class=\"pvc-stats-icon medium\" aria-hidden=\"true\"><svg aria-hidden=\"true\" focusable=\"false\" data-prefix=\"far\" data-icon=\"chart-bar\" role=\"img\" xmlns=\"http:\/\/www.w3.org\/2000\/svg\" viewBox=\"0 0 512 512\" class=\"svg-inline--fa fa-chart-bar fa-w-16 fa-2x\"><path fill=\"currentColor\" d=\"M396.8 352h22.4c6.4 0 12.8-6.4 12.8-12.8V108.8c0-6.4-6.4-12.8-12.8-12.8h-22.4c-6.4 0-12.8 6.4-12.8 12.8v230.4c0 6.4 6.4 12.8 12.8 12.8zm-192 0h22.4c6.4 0 12.8-6.4 12.8-12.8V140.8c0-6.4-6.4-12.8-12.8-12.8h-22.4c-6.4 0-12.8 6.4-12.8 12.8v198.4c0 6.4 6.4 12.8 12.8 12.8zm96 0h22.4c6.4 0 12.8-6.4 12.8-12.8V204.8c0-6.4-6.4-12.8-12.8-12.8h-22.4c-6.4 0-12.8 6.4-12.8 12.8v134.4c0 6.4 6.4 12.8 12.8 12.8zM496 400H48V80c0-8.84-7.16-16-16-16H16C7.16 64 0 71.16 0 80v336c0 17.67 14.33 32 32 32h464c8.84 0 16-7.16 16-16v-16c0-8.84-7.16-16-16-16zm-387.2-48h22.4c6.4 0 12.8-6.4 12.8-12.8v-70.4c0-6.4-6.4-12.8-12.8-12.8h-22.4c-6.4 0-12.8 6.4-12.8 12.8v70.4c0 6.4 6.4 12.8 12.8 12.8z\" class=\"\"><\/path><\/svg><\/i> &nbsp;213&nbsp;Total visitas<\/p>\n<div class=\"pvc_clear\"><\/div>\n","protected":false},"author":1,"featured_media":1527,"parent":117,"menu_order":0,"comment_status":"open","ping_status":"closed","template":"","meta":{"_et_pb_use_builder":"","_et_pb_old_content":"","_et_gb_content_width":"","_monsterinsights_skip_tracking":false,"_monsterinsights_sitenote_active":false,"_monsterinsights_sitenote_note":"","_monsterinsights_sitenote_category":0,"footnotes":""},"class_list":["post-1565","page","type-page","status-publish","has-post-thumbnail","hentry"],"yoast_head":"<!-- This site is optimized with the Yoast SEO plugin v25.6 - https:\/\/yoast.com\/wordpress\/plugins\/seo\/ -->\n<title>Lotes en Venta Huehuetenango - Bienes Ra\u00edces Online<\/title>\n<meta name=\"description\" content=\"Lotes en Venta Huehuetenango, propiedades disponibles en el departamento de Huehuetenango, Informaci\u00f3n tel\u00e9fono y Whatsapp (502)42728393\" \/>\n<meta name=\"robots\" content=\"index, follow, max-snippet:-1, max-image-preview:large, max-video-preview:-1\" \/>\n<link rel=\"canonical\" href=\"https:\/\/bienesraicesonlinegt.com\/index.php\/lotes-en-venta-y-renta\/lotes-en-venta-huehuetenango\/\" \/>\n<meta property=\"og:locale\" content=\"es_ES\" \/>\n<meta property=\"og:type\" content=\"article\" \/>\n<meta property=\"og:title\" content=\"Lotes en Venta Huehuetenango - Bienes Ra\u00edces Online\" \/>\n<meta property=\"og:description\" content=\"Lotes en Venta Huehuetenango, propiedades disponibles en el departamento de Huehuetenango, Informaci\u00f3n tel\u00e9fono y Whatsapp (502)42728393\" \/>\n<meta property=\"og:url\" content=\"https:\/\/bienesraicesonlinegt.com\/index.php\/lotes-en-venta-y-renta\/lotes-en-venta-huehuetenango\/\" \/>\n<meta property=\"og:site_name\" content=\"Bienes Ra\u00edces Online\" \/>\n<meta property=\"article:publisher\" content=\"https:\/\/www.facebook.com\/bienesraicesonline\/\" \/>\n<meta property=\"article:modified_time\" content=\"2023-11-09T11:14:54+00:00\" \/>\n<meta property=\"og:image\" content=\"https:\/\/bienesraicesonlinegt.com\/wp-content\/uploads\/2023\/10\/6_20231025_051350_0000.jpg\" \/>\n\t<meta property=\"og:image:width\" content=\"1414\" \/>\n\t<meta property=\"og:image:height\" content=\"2000\" \/>\n\t<meta property=\"og:image:type\" content=\"image\/jpeg\" \/>\n<meta name=\"twitter:card\" content=\"summary_large_image\" \/>\n<meta name=\"twitter:site\" content=\"@raices_online\" \/>\n<script type=\"application\/ld+json\" class=\"yoast-schema-graph\">{\"@context\":\"https:\/\/schema.org\",\"@graph\":[{\"@type\":\"WebPage\",\"@id\":\"https:\/\/bienesraicesonlinegt.com\/index.php\/lotes-en-venta-y-renta\/lotes-en-venta-huehuetenango\/\",\"url\":\"https:\/\/bienesraicesonlinegt.com\/index.php\/lotes-en-venta-y-renta\/lotes-en-venta-huehuetenango\/\",\"name\":\"Lotes en Venta Huehuetenango - Bienes Ra\u00edces Online\",\"isPartOf\":{\"@id\":\"https:\/\/bienesraicesonlinegt.com\/#website\"},\"primaryImageOfPage\":{\"@id\":\"https:\/\/bienesraicesonlinegt.com\/index.php\/lotes-en-venta-y-renta\/lotes-en-venta-huehuetenango\/#primaryimage\"},\"image\":{\"@id\":\"https:\/\/bienesraicesonlinegt.com\/index.php\/lotes-en-venta-y-renta\/lotes-en-venta-huehuetenango\/#primaryimage\"},\"thumbnailUrl\":\"https:\/\/bienesraicesonlinegt.com\/wp-content\/uploads\/2023\/10\/6_20231025_051350_0000.jpg\",\"datePublished\":\"2023-11-08T15:59:30+00:00\",\"dateModified\":\"2023-11-09T11:14:54+00:00\",\"description\":\"Lotes en Venta Huehuetenango, propiedades disponibles en el departamento de Huehuetenango, Informaci\u00f3n tel\u00e9fono y Whatsapp (502)42728393\",\"breadcrumb\":{\"@id\":\"https:\/\/bienesraicesonlinegt.com\/index.php\/lotes-en-venta-y-renta\/lotes-en-venta-huehuetenango\/#breadcrumb\"},\"inLanguage\":\"es\",\"potentialAction\":[{\"@type\":\"ReadAction\",\"target\":[\"https:\/\/bienesraicesonlinegt.com\/index.php\/lotes-en-venta-y-renta\/lotes-en-venta-huehuetenango\/\"]}]},{\"@type\":\"ImageObject\",\"inLanguage\":\"es\",\"@id\":\"https:\/\/bienesraicesonlinegt.com\/index.php\/lotes-en-venta-y-renta\/lotes-en-venta-huehuetenango\/#primaryimage\",\"url\":\"https:\/\/bienesraicesonlinegt.com\/wp-content\/uploads\/2023\/10\/6_20231025_051350_0000.jpg\",\"contentUrl\":\"https:\/\/bienesraicesonlinegt.com\/wp-content\/uploads\/2023\/10\/6_20231025_051350_0000.jpg\",\"width\":1414,\"height\":2000,\"caption\":\"Cuerdas en Venta Huehuetenango\"},{\"@type\":\"BreadcrumbList\",\"@id\":\"https:\/\/bienesraicesonlinegt.com\/index.php\/lotes-en-venta-y-renta\/lotes-en-venta-huehuetenango\/#breadcrumb\",\"itemListElement\":[{\"@type\":\"ListItem\",\"position\":1,\"name\":\"Portada\",\"item\":\"https:\/\/bienesraicesonlinegt.com\/\"},{\"@type\":\"ListItem\",\"position\":2,\"name\":\"Lotes en Venta y Renta\",\"item\":\"https:\/\/bienesraicesonlinegt.com\/index.php\/lotes-en-venta-y-renta\/\"},{\"@type\":\"ListItem\",\"position\":3,\"name\":\"Lotes en Venta Huehuetenango\"}]},{\"@type\":\"WebSite\",\"@id\":\"https:\/\/bienesraicesonlinegt.com\/#website\",\"url\":\"https:\/\/bienesraicesonlinegt.com\/\",\"name\":\"Bienes Ra\u00edces Online\",\"description\":\"Tu Mejor Opci\u00f3n de Bienes Inmuebles en Guatemala \",\"publisher\":{\"@id\":\"https:\/\/bienesraicesonlinegt.com\/#organization\"},\"potentialAction\":[{\"@type\":\"SearchAction\",\"target\":{\"@type\":\"EntryPoint\",\"urlTemplate\":\"https:\/\/bienesraicesonlinegt.com\/?s={search_term_string}\"},\"query-input\":{\"@type\":\"PropertyValueSpecification\",\"valueRequired\":true,\"valueName\":\"search_term_string\"}}],\"inLanguage\":\"es\"},{\"@type\":\"Organization\",\"@id\":\"https:\/\/bienesraicesonlinegt.com\/#organization\",\"name\":\"Bienes Ra\u00edces Online\",\"url\":\"https:\/\/bienesraicesonlinegt.com\/\",\"logo\":{\"@type\":\"ImageObject\",\"inLanguage\":\"es\",\"@id\":\"https:\/\/bienesraicesonlinegt.com\/#\/schema\/logo\/image\/\",\"url\":\"https:\/\/i0.wp.com\/bienesraicesonlinegt.com\/wp-content\/uploads\/2022\/03\/cropped-Picsart_22-01-02_18-40-13-901.jpg?fit=512%2C512&ssl=1\",\"contentUrl\":\"https:\/\/i0.wp.com\/bienesraicesonlinegt.com\/wp-content\/uploads\/2022\/03\/cropped-Picsart_22-01-02_18-40-13-901.jpg?fit=512%2C512&ssl=1\",\"width\":512,\"height\":512,\"caption\":\"Bienes Ra\u00edces Online\"},\"image\":{\"@id\":\"https:\/\/bienesraicesonlinegt.com\/#\/schema\/logo\/image\/\"},\"sameAs\":[\"https:\/\/www.facebook.com\/bienesraicesonline\/\",\"https:\/\/x.com\/raices_online\",\"https:\/\/www.instagram.com\/bienesraicesonlinexela\/\",\"https:\/\/pin.it\/1vdHG9B\",\"https:\/\/www.youtube.com\/channel\/UCIJ2CBQ8RA5Hb_yj1CSeSHA\",\"https:\/\/bienes-raices-online-xela.negocio.site\/\",\"https:\/\/vm.tiktok.com\/ZSVst9m5\/\",\"https:\/\/wa.me\/message\/VRLOSYS56UWQF1\"]}]}<\/script>\n<!-- \/ Yoast SEO plugin. -->","yoast_head_json":{"title":"Lotes en Venta Huehuetenango - Bienes Ra\u00edces Online","description":"Lotes en Venta Huehuetenango, propiedades disponibles en el departamento de Huehuetenango, Informaci\u00f3n tel\u00e9fono y Whatsapp (502)42728393","robots":{"index":"index","follow":"follow","max-snippet":"max-snippet:-1","max-image-preview":"max-image-preview:large","max-video-preview":"max-video-preview:-1"},"canonical":"https:\/\/bienesraicesonlinegt.com\/index.php\/lotes-en-venta-y-renta\/lotes-en-venta-huehuetenango\/","og_locale":"es_ES","og_type":"article","og_title":"Lotes en Venta Huehuetenango - Bienes Ra\u00edces Online","og_description":"Lotes en Venta Huehuetenango, propiedades disponibles en el departamento de Huehuetenango, Informaci\u00f3n tel\u00e9fono y Whatsapp (502)42728393","og_url":"https:\/\/bienesraicesonlinegt.com\/index.php\/lotes-en-venta-y-renta\/lotes-en-venta-huehuetenango\/","og_site_name":"Bienes Ra\u00edces Online","article_publisher":"https:\/\/www.facebook.com\/bienesraicesonline\/","article_modified_time":"2023-11-09T11:14:54+00:00","og_image":[{"width":1414,"height":2000,"url":"https:\/\/bienesraicesonlinegt.com\/wp-content\/uploads\/2023\/10\/6_20231025_051350_0000.jpg","type":"image\/jpeg"}],"twitter_card":"summary_large_image","twitter_site":"@raices_online","schema":{"@context":"https:\/\/schema.org","@graph":[{"@type":"WebPage","@id":"https:\/\/bienesraicesonlinegt.com\/index.php\/lotes-en-venta-y-renta\/lotes-en-venta-huehuetenango\/","url":"https:\/\/bienesraicesonlinegt.com\/index.php\/lotes-en-venta-y-renta\/lotes-en-venta-huehuetenango\/","name":"Lotes en Venta Huehuetenango - Bienes Ra\u00edces Online","isPartOf":{"@id":"https:\/\/bienesraicesonlinegt.com\/#website"},"primaryImageOfPage":{"@id":"https:\/\/bienesraicesonlinegt.com\/index.php\/lotes-en-venta-y-renta\/lotes-en-venta-huehuetenango\/#primaryimage"},"image":{"@id":"https:\/\/bienesraicesonlinegt.com\/index.php\/lotes-en-venta-y-renta\/lotes-en-venta-huehuetenango\/#primaryimage"},"thumbnailUrl":"https:\/\/bienesraicesonlinegt.com\/wp-content\/uploads\/2023\/10\/6_20231025_051350_0000.jpg","datePublished":"2023-11-08T15:59:30+00:00","dateModified":"2023-11-09T11:14:54+00:00","description":"Lotes en Venta Huehuetenango, propiedades disponibles en el departamento de Huehuetenango, Informaci\u00f3n tel\u00e9fono y Whatsapp (502)42728393","breadcrumb":{"@id":"https:\/\/bienesraicesonlinegt.com\/index.php\/lotes-en-venta-y-renta\/lotes-en-venta-huehuetenango\/#breadcrumb"},"inLanguage":"es","potentialAction":[{"@type":"ReadAction","target":["https:\/\/bienesraicesonlinegt.com\/index.php\/lotes-en-venta-y-renta\/lotes-en-venta-huehuetenango\/"]}]},{"@type":"ImageObject","inLanguage":"es","@id":"https:\/\/bienesraicesonlinegt.com\/index.php\/lotes-en-venta-y-renta\/lotes-en-venta-huehuetenango\/#primaryimage","url":"https:\/\/bienesraicesonlinegt.com\/wp-content\/uploads\/2023\/10\/6_20231025_051350_0000.jpg","contentUrl":"https:\/\/bienesraicesonlinegt.com\/wp-content\/uploads\/2023\/10\/6_20231025_051350_0000.jpg","width":1414,"height":2000,"caption":"Cuerdas en Venta Huehuetenango"},{"@type":"BreadcrumbList","@id":"https:\/\/bienesraicesonlinegt.com\/index.php\/lotes-en-venta-y-renta\/lotes-en-venta-huehuetenango\/#breadcrumb","itemListElement":[{"@type":"ListItem","position":1,"name":"Portada","item":"https:\/\/bienesraicesonlinegt.com\/"},{"@type":"ListItem","position":2,"name":"Lotes en Venta y Renta","item":"https:\/\/bienesraicesonlinegt.com\/index.php\/lotes-en-venta-y-renta\/"},{"@type":"ListItem","position":3,"name":"Lotes en Venta Huehuetenango"}]},{"@type":"WebSite","@id":"https:\/\/bienesraicesonlinegt.com\/#website","url":"https:\/\/bienesraicesonlinegt.com\/","name":"Bienes Ra\u00edces Online","description":"Tu Mejor Opci\u00f3n de Bienes Inmuebles en Guatemala ","publisher":{"@id":"https:\/\/bienesraicesonlinegt.com\/#organization"},"potentialAction":[{"@type":"SearchAction","target":{"@type":"EntryPoint","urlTemplate":"https:\/\/bienesraicesonlinegt.com\/?s={search_term_string}"},"query-input":{"@type":"PropertyValueSpecification","valueRequired":true,"valueName":"search_term_string"}}],"inLanguage":"es"},{"@type":"Organization","@id":"https:\/\/bienesraicesonlinegt.com\/#organization","name":"Bienes Ra\u00edces Online","url":"https:\/\/bienesraicesonlinegt.com\/","logo":{"@type":"ImageObject","inLanguage":"es","@id":"https:\/\/bienesraicesonlinegt.com\/#\/schema\/logo\/image\/","url":"https:\/\/i0.wp.com\/bienesraicesonlinegt.com\/wp-content\/uploads\/2022\/03\/cropped-Picsart_22-01-02_18-40-13-901.jpg?fit=512%2C512&ssl=1","contentUrl":"https:\/\/i0.wp.com\/bienesraicesonlinegt.com\/wp-content\/uploads\/2022\/03\/cropped-Picsart_22-01-02_18-40-13-901.jpg?fit=512%2C512&ssl=1","width":512,"height":512,"caption":"Bienes Ra\u00edces Online"},"image":{"@id":"https:\/\/bienesraicesonlinegt.com\/#\/schema\/logo\/image\/"},"sameAs":["https:\/\/www.facebook.com\/bienesraicesonline\/","https:\/\/x.com\/raices_online","https:\/\/www.instagram.com\/bienesraicesonlinexela\/","https:\/\/pin.it\/1vdHG9B","https:\/\/www.youtube.com\/channel\/UCIJ2CBQ8RA5Hb_yj1CSeSHA","https:\/\/bienes-raices-online-xela.negocio.site\/","https:\/\/vm.tiktok.com\/ZSVst9m5\/","https:\/\/wa.me\/message\/VRLOSYS56UWQF1"]}]}},"_links":{"self":[{"href":"https:\/\/bienesraicesonlinegt.com\/index.php\/wp-json\/wp\/v2\/pages\/1565"}],"collection":[{"href":"https:\/\/bienesraicesonlinegt.com\/index.php\/wp-json\/wp\/v2\/pages"}],"about":[{"href":"https:\/\/bienesraicesonlinegt.com\/index.php\/wp-json\/wp\/v2\/types\/page"}],"author":[{"embeddable":true,"href":"https:\/\/bienesraicesonlinegt.com\/index.php\/wp-json\/wp\/v2\/users\/1"}],"replies":[{"embeddable":true,"href":"https:\/\/bienesraicesonlinegt.com\/index.php\/wp-json\/wp\/v2\/comments?post=1565"}],"version-history":[{"count":2,"href":"https:\/\/bienesraicesonlinegt.com\/index.php\/wp-json\/wp\/v2\/pages\/1565\/revisions"}],"predecessor-version":[{"id":1567,"href":"https:\/\/bienesraicesonlinegt.com\/index.php\/wp-json\/wp\/v2\/pages\/1565\/revisions\/1567"}],"up":[{"embeddable":true,"href":"https:\/\/bienesraicesonlinegt.com\/index.php\/wp-json\/wp\/v2\/pages\/117"}],"wp:featuredmedia":[{"embeddable":true,"href":"https:\/\/bienesraicesonlinegt.com\/index.php\/wp-json\/wp\/v2\/media\/1527"}],"wp:attachment":[{"href":"https:\/\/bienesraicesonlinegt.com\/index.php\/wp-json\/wp\/v2\/media?parent=1565"}],"curies":[{"name":"wp","href":"https:\/\/api.w.org\/{rel}","templated":true}]}}