{"id":1576,"date":"2023-11-15T12:02:07","date_gmt":"2023-11-15T12:02:07","guid":{"rendered":"https:\/\/bienesraicesonlinegt.com\/?page_id=1576"},"modified":"2025-03-21T07:45:33","modified_gmt":"2025-03-21T07:45:33","slug":"casa-en-venta-por-parque-thelma-quixtan","status":"publish","type":"page","link":"https:\/\/bienesraicesonlinegt.com\/index.php\/casas-en-venta-y-renta\/casa-en-venta-por-parque-thelma-quixtan\/","title":{"rendered":"Casa en Venta por parque Thelma Quixtan"},"content":{"rendered":"<p>[et_pb_section fb_built=&#8221;1&#8243; _builder_version=&#8221;4.16&#8243; global_colors_info=&#8221;{}&#8221;][et_pb_row _builder_version=&#8221;4.16&#8243; background_size=&#8221;initial&#8221; background_position=&#8221;top_left&#8221; background_repeat=&#8221;repeat&#8221; global_colors_info=&#8221;{}&#8221;][et_pb_column type=&#8221;4_4&#8243; _builder_version=&#8221;4.16&#8243; custom_padding=&#8221;|||&#8221; global_colors_info=&#8221;{}&#8221; custom_padding__hover=&#8221;|||&#8221;][et_pb_text _builder_version=&#8221;4.23&#8243; background_size=&#8221;initial&#8221; background_position=&#8221;top_left&#8221; background_repeat=&#8221;repeat&#8221; global_colors_info=&#8221;{}&#8221;]<\/p>\n<p><!-- divi:paragraph -->Casa en Venta Por Parque Thelma Quixtan, Zona 1, Quetzaltenango.<\/p>\n<p><!-- \/divi:paragraph --><\/p>\n<p><!-- divi:paragraph -->Caracter\u00edsticas:<br \/>9 habitaciones<br \/>5 ba\u00f1os<br \/>Sala<br \/>Cocina, Comedor<br \/>\u00c1rea de Lavander\u00eda<br \/>Garage 3 veh\u00edculos<br \/>Apartamento:<br \/>3 habitaciones, ba\u00f1o con Jacuzzi, Cocina, comedor.<br \/>Terraza con piso Cer\u00e1mico<\/p>\n<p><!-- \/divi:paragraph --><\/p>\n<p><!-- divi:paragraph -->Medida: 200 mts2<\/p>\n<p><!-- \/divi:paragraph --><\/p>\n<p><!-- divi:paragraph -->Precio Q.2,500,000.00<\/p>\n<p><!-- \/divi:paragraph --><\/p>\n<p><!-- divi:paragraph -->Servicios municipales.<\/p>\n<p><!-- \/divi:paragraph --><\/p>\n<p><!-- divi:paragraph -->Mayor informaci\u00f3n al tel\u00e9fono y whatsapp\u00a0\u202a42728393\u202c<br \/>Email:\u00a0info@bienesraicesonlinegt.com<br \/>Sitio Web<br \/>www.bienesraicesonlinegt.com<\/p>\n<p><!-- \/divi:paragraph --><\/p>\n<p><!-- divi:image {\"id\":1575,\"sizeSlug\":\"large\"} --><\/p>\n<p><!-- \/divi:image --><\/p>\n<p>[\/et_pb_text][et_pb_image src=&#8221;https:\/\/bienesraicesonlinegt.com\/wp-content\/uploads\/2023\/12\/20231219_043852_0000.jpg&#8221; alt=&#8221;Casa en Venta por Parque Thelma Quixtan Quetzaltenango&#8221; title_text=&#8221;Casa en Venta por Parque Thelma Quixtan Quetzaltenango&#8221; show_in_lightbox=&#8221;on&#8221; _builder_version=&#8221;4.23&#8243; _module_preset=&#8221;default&#8221; global_colors_info=&#8221;{}&#8221;][\/et_pb_image][et_pb_text _builder_version=&#8221;4.23&#8243; _module_preset=&#8221;default&#8221; hover_enabled=&#8221;0&#8243; sticky_enabled=&#8221;0&#8243;]<\/p>\n<p style=\"text-align: center;\"><span style=\"color: #008000;\"><strong>Foto Galer\u00eda de La Casa\u00a0<\/strong><\/span><\/p>\n<p>[\/et_pb_text][et_pb_gallery _builder_version=&#8221;4.23&#8243; _module_preset=&#8221;default&#8221; gallery_ids=&#8221;2796,2797,2798,2799,2800,2801,2802,2803,2804,2805&#8243; posts_number=&#8221;1&#8243; hover_enabled=&#8221;0&#8243; sticky_enabled=&#8221;0&#8243;][\/et_pb_gallery][et_pb_text _builder_version=&#8221;4.23&#8243; _module_preset=&#8221;default&#8221; hover_enabled=&#8221;0&#8243; sticky_enabled=&#8221;0&#8243;]<\/p>\n<p style=\"text-align: center;\"><span style=\"color: #ff0000;\"><strong>Video Recorrido de la casa\u00a0<\/strong><\/span><\/p>\n<p>[\/et_pb_text][et_pb_video src=&#8221;https:\/\/youtu.be\/a7WQTNeklsE?si=BHOR-DyZQ5sAwUt0&#8243; _builder_version=&#8221;4.23&#8243; _module_preset=&#8221;default&#8221; hover_enabled=&#8221;0&#8243; sticky_enabled=&#8221;0&#8243;][\/et_pb_video][\/et_pb_column][\/et_pb_row][\/et_pb_section]<\/p>\n<div class=\"pvc_clear\"><\/div>\n<p class=\"pvc_stats all \" data-element-id=\"1576\" style=\"\"><i class=\"pvc-stats-icon medium\" aria-hidden=\"true\"><svg aria-hidden=\"true\" focusable=\"false\" data-prefix=\"far\" data-icon=\"chart-bar\" role=\"img\" xmlns=\"http:\/\/www.w3.org\/2000\/svg\" viewBox=\"0 0 512 512\" class=\"svg-inline--fa fa-chart-bar fa-w-16 fa-2x\"><path fill=\"currentColor\" d=\"M396.8 352h22.4c6.4 0 12.8-6.4 12.8-12.8V108.8c0-6.4-6.4-12.8-12.8-12.8h-22.4c-6.4 0-12.8 6.4-12.8 12.8v230.4c0 6.4 6.4 12.8 12.8 12.8zm-192 0h22.4c6.4 0 12.8-6.4 12.8-12.8V140.8c0-6.4-6.4-12.8-12.8-12.8h-22.4c-6.4 0-12.8 6.4-12.8 12.8v198.4c0 6.4 6.4 12.8 12.8 12.8zm96 0h22.4c6.4 0 12.8-6.4 12.8-12.8V204.8c0-6.4-6.4-12.8-12.8-12.8h-22.4c-6.4 0-12.8 6.4-12.8 12.8v134.4c0 6.4 6.4 12.8 12.8 12.8zM496 400H48V80c0-8.84-7.16-16-16-16H16C7.16 64 0 71.16 0 80v336c0 17.67 14.33 32 32 32h464c8.84 0 16-7.16 16-16v-16c0-8.84-7.16-16-16-16zm-387.2-48h22.4c6.4 0 12.8-6.4 12.8-12.8v-70.4c0-6.4-6.4-12.8-12.8-12.8h-22.4c-6.4 0-12.8 6.4-12.8 12.8v70.4c0 6.4 6.4 12.8 12.8 12.8z\" class=\"\"><\/path><\/svg><\/i> &nbsp;276&nbsp;Total visitas<\/p>\n<div class=\"pvc_clear\"><\/div>\n","protected":false},"excerpt":{"rendered":"<p>Casa en Venta Por Parque Thelma Quixtan, Zona 1, Quetzaltenango. Caracter\u00edsticas:9 habitaciones5 ba\u00f1osSalaCocina, Comedor\u00c1rea de Lavander\u00edaGarage 3 veh\u00edculosApartamento:3 habitaciones, ba\u00f1o con Jacuzzi, Cocina, comedor.Terraza con piso Cer\u00e1mico Medida: 200 mts2 Precio Q.2,500,000.00 Servicios municipales. Mayor informaci\u00f3n al tel\u00e9fono y whatsapp\u00a0\u202a42728393\u202cEmail:\u00a0info@bienesraicesonlinegt.comSitio Webwww.bienesraicesonlinegt.com Foto Galer\u00eda de La Casa\u00a0Video Recorrido de la casa\u00a0<\/p>\n<div class=\"pvc_clear\"><\/div>\n<p class=\"pvc_stats all \" data-element-id=\"1576\" style=\"\"><i class=\"pvc-stats-icon medium\" aria-hidden=\"true\"><svg aria-hidden=\"true\" focusable=\"false\" data-prefix=\"far\" data-icon=\"chart-bar\" role=\"img\" xmlns=\"http:\/\/www.w3.org\/2000\/svg\" viewBox=\"0 0 512 512\" class=\"svg-inline--fa fa-chart-bar fa-w-16 fa-2x\"><path fill=\"currentColor\" d=\"M396.8 352h22.4c6.4 0 12.8-6.4 12.8-12.8V108.8c0-6.4-6.4-12.8-12.8-12.8h-22.4c-6.4 0-12.8 6.4-12.8 12.8v230.4c0 6.4 6.4 12.8 12.8 12.8zm-192 0h22.4c6.4 0 12.8-6.4 12.8-12.8V140.8c0-6.4-6.4-12.8-12.8-12.8h-22.4c-6.4 0-12.8 6.4-12.8 12.8v198.4c0 6.4 6.4 12.8 12.8 12.8zm96 0h22.4c6.4 0 12.8-6.4 12.8-12.8V204.8c0-6.4-6.4-12.8-12.8-12.8h-22.4c-6.4 0-12.8 6.4-12.8 12.8v134.4c0 6.4 6.4 12.8 12.8 12.8zM496 400H48V80c0-8.84-7.16-16-16-16H16C7.16 64 0 71.16 0 80v336c0 17.67 14.33 32 32 32h464c8.84 0 16-7.16 16-16v-16c0-8.84-7.16-16-16-16zm-387.2-48h22.4c6.4 0 12.8-6.4 12.8-12.8v-70.4c0-6.4-6.4-12.8-12.8-12.8h-22.4c-6.4 0-12.8 6.4-12.8 12.8v70.4c0 6.4 6.4 12.8 12.8 12.8z\" class=\"\"><\/path><\/svg><\/i> &nbsp;276&nbsp;Total visitas<\/p>\n<div class=\"pvc_clear\"><\/div>\n","protected":false},"author":1,"featured_media":1575,"parent":115,"menu_order":0,"comment_status":"open","ping_status":"closed","template":"","meta":{"_et_pb_use_builder":"on","_et_pb_old_content":"<!-- wp:paragraph -->\n<p>Casa en Venta Por Parque Thelma Quixtan, Zona 1, Quetzaltenango.<\/p>\n<!-- \/wp:paragraph -->\n\n<!-- wp:paragraph -->\n<p>Caracter\u00edsticas:<br>9 habitaciones<br>5 ba\u00f1os<br>Sala<br>Cocina, Comedor<br>\u00c1rea de Lavander\u00eda<br>Garage 3 veh\u00edculos<br>Apartamento:<br>3 habitaciones, ba\u00f1o con Jacuzzi, Cocina, comedor.<br>Terraza con piso Cer\u00e1mico<\/p>\n<!-- \/wp:paragraph -->\n\n<!-- wp:paragraph -->\n<p>Medida: 200 mts2<\/p>\n<!-- \/wp:paragraph -->\n\n<!-- wp:paragraph -->\n<p>Precio Q.2,500,000.00<\/p>\n<!-- \/wp:paragraph -->\n\n<!-- wp:paragraph -->\n<p>Servicios municipales.<\/p>\n<!-- \/wp:paragraph -->\n\n<!-- wp:paragraph -->\n<p>Mayor informaci\u00f3n al tel\u00e9fono y whatsapp&nbsp;\u202a42728393\u202c<br>Email:&nbsp;info@bienesraicesonlinegt.com<br>Sitio Web<br>www.bienesraicesonlinegt.com<\/p>\n<!-- \/wp:paragraph -->\n\n<!-- wp:image {\"id\":1575,\"sizeSlug\":\"large\"} -->\n<figure class=\"wp-block-image size-large\"><img src=\"https:\/\/bienesraicesonlinegt.com\/wp-content\/uploads\/2023\/11\/20231114_210549_0000.jpg\" alt=\"\" class=\"wp-image-1575\"\/><figcaption class=\"wp-element-caption\">Casa en Venta por parque Thelma Quixtan Quetzaltenango <\/figcaption><\/figure>\n<!-- \/wp:image -->","_et_gb_content_width":"","_monsterinsights_skip_tracking":false,"_monsterinsights_sitenote_active":false,"_monsterinsights_sitenote_note":"","_monsterinsights_sitenote_category":0,"footnotes":""},"class_list":["post-1576","page","type-page","status-publish","has-post-thumbnail","hentry"],"yoast_head":"<!-- This site is optimized with the Yoast SEO plugin v25.6 - https:\/\/yoast.com\/wordpress\/plugins\/seo\/ -->\n<title>Casa en Venta por parque Thelma Quixtan - Bienes Ra\u00edces Online<\/title>\n<meta name=\"description\" content=\"Casa en Venta por parque Thelma Quixtan Quetzaltenango Zona 1, 9 habitaciones,3 parqueos, Informaci\u00f3n Whatsapp (502)42728393\" \/>\n<meta name=\"robots\" content=\"index, follow, max-snippet:-1, max-image-preview:large, max-video-preview:-1\" \/>\n<link rel=\"canonical\" href=\"https:\/\/bienesraicesonlinegt.com\/index.php\/casas-en-venta-y-renta\/casa-en-venta-por-parque-thelma-quixtan\/\" \/>\n<meta property=\"og:locale\" content=\"es_ES\" \/>\n<meta property=\"og:type\" content=\"article\" \/>\n<meta property=\"og:title\" content=\"Casa en Venta por parque Thelma Quixtan - Bienes Ra\u00edces Online\" \/>\n<meta property=\"og:description\" content=\"Casa en Venta por parque Thelma Quixtan Quetzaltenango Zona 1, 9 habitaciones,3 parqueos, Informaci\u00f3n Whatsapp (502)42728393\" \/>\n<meta property=\"og:url\" content=\"https:\/\/bienesraicesonlinegt.com\/index.php\/casas-en-venta-y-renta\/casa-en-venta-por-parque-thelma-quixtan\/\" \/>\n<meta property=\"og:site_name\" content=\"Bienes Ra\u00edces Online\" \/>\n<meta property=\"article:publisher\" content=\"https:\/\/www.facebook.com\/bienesraicesonline\/\" \/>\n<meta property=\"article:modified_time\" content=\"2025-03-21T07:45:33+00:00\" \/>\n<meta property=\"og:image\" content=\"https:\/\/bienesraicesonlinegt.com\/wp-content\/uploads\/2023\/11\/20231114_210549_0000.jpg\" \/>\n\t<meta property=\"og:image:width\" content=\"1414\" \/>\n\t<meta property=\"og:image:height\" content=\"1999\" \/>\n\t<meta property=\"og:image:type\" content=\"image\/jpeg\" \/>\n<meta name=\"twitter:card\" content=\"summary_large_image\" \/>\n<meta name=\"twitter:site\" content=\"@raices_online\" \/>\n<meta name=\"twitter:label1\" content=\"Tiempo de lectura\" \/>\n\t<meta name=\"twitter:data1\" content=\"1 minuto\" \/>\n<script type=\"application\/ld+json\" class=\"yoast-schema-graph\">{\"@context\":\"https:\/\/schema.org\",\"@graph\":[{\"@type\":\"WebPage\",\"@id\":\"https:\/\/bienesraicesonlinegt.com\/index.php\/casas-en-venta-y-renta\/casa-en-venta-por-parque-thelma-quixtan\/\",\"url\":\"https:\/\/bienesraicesonlinegt.com\/index.php\/casas-en-venta-y-renta\/casa-en-venta-por-parque-thelma-quixtan\/\",\"name\":\"Casa en Venta por parque Thelma Quixtan - Bienes Ra\u00edces Online\",\"isPartOf\":{\"@id\":\"https:\/\/bienesraicesonlinegt.com\/#website\"},\"primaryImageOfPage\":{\"@id\":\"https:\/\/bienesraicesonlinegt.com\/index.php\/casas-en-venta-y-renta\/casa-en-venta-por-parque-thelma-quixtan\/#primaryimage\"},\"image\":{\"@id\":\"https:\/\/bienesraicesonlinegt.com\/index.php\/casas-en-venta-y-renta\/casa-en-venta-por-parque-thelma-quixtan\/#primaryimage\"},\"thumbnailUrl\":\"https:\/\/bienesraicesonlinegt.com\/wp-content\/uploads\/2023\/11\/20231114_210549_0000.jpg\",\"datePublished\":\"2023-11-15T12:02:07+00:00\",\"dateModified\":\"2025-03-21T07:45:33+00:00\",\"description\":\"Casa en Venta por parque Thelma Quixtan Quetzaltenango Zona 1, 9 habitaciones,3 parqueos, Informaci\u00f3n Whatsapp (502)42728393\",\"breadcrumb\":{\"@id\":\"https:\/\/bienesraicesonlinegt.com\/index.php\/casas-en-venta-y-renta\/casa-en-venta-por-parque-thelma-quixtan\/#breadcrumb\"},\"inLanguage\":\"es\",\"potentialAction\":[{\"@type\":\"ReadAction\",\"target\":[\"https:\/\/bienesraicesonlinegt.com\/index.php\/casas-en-venta-y-renta\/casa-en-venta-por-parque-thelma-quixtan\/\"]}]},{\"@type\":\"ImageObject\",\"inLanguage\":\"es\",\"@id\":\"https:\/\/bienesraicesonlinegt.com\/index.php\/casas-en-venta-y-renta\/casa-en-venta-por-parque-thelma-quixtan\/#primaryimage\",\"url\":\"https:\/\/bienesraicesonlinegt.com\/wp-content\/uploads\/2023\/11\/20231114_210549_0000.jpg\",\"contentUrl\":\"https:\/\/bienesraicesonlinegt.com\/wp-content\/uploads\/2023\/11\/20231114_210549_0000.jpg\",\"width\":1414,\"height\":1999,\"caption\":\"Casa en Venta por parque Thelma Quixtan Quetzaltenango\"},{\"@type\":\"BreadcrumbList\",\"@id\":\"https:\/\/bienesraicesonlinegt.com\/index.php\/casas-en-venta-y-renta\/casa-en-venta-por-parque-thelma-quixtan\/#breadcrumb\",\"itemListElement\":[{\"@type\":\"ListItem\",\"position\":1,\"name\":\"Portada\",\"item\":\"https:\/\/bienesraicesonlinegt.com\/\"},{\"@type\":\"ListItem\",\"position\":2,\"name\":\"Casas en Venta y Renta\",\"item\":\"https:\/\/bienesraicesonlinegt.com\/index.php\/casas-en-venta-y-renta\/\"},{\"@type\":\"ListItem\",\"position\":3,\"name\":\"Casa en Venta por parque Thelma Quixtan\"}]},{\"@type\":\"WebSite\",\"@id\":\"https:\/\/bienesraicesonlinegt.com\/#website\",\"url\":\"https:\/\/bienesraicesonlinegt.com\/\",\"name\":\"Bienes Ra\u00edces Online\",\"description\":\"Tu Mejor Opci\u00f3n de Bienes Inmuebles en Guatemala \",\"publisher\":{\"@id\":\"https:\/\/bienesraicesonlinegt.com\/#organization\"},\"potentialAction\":[{\"@type\":\"SearchAction\",\"target\":{\"@type\":\"EntryPoint\",\"urlTemplate\":\"https:\/\/bienesraicesonlinegt.com\/?s={search_term_string}\"},\"query-input\":{\"@type\":\"PropertyValueSpecification\",\"valueRequired\":true,\"valueName\":\"search_term_string\"}}],\"inLanguage\":\"es\"},{\"@type\":\"Organization\",\"@id\":\"https:\/\/bienesraicesonlinegt.com\/#organization\",\"name\":\"Bienes Ra\u00edces Online\",\"url\":\"https:\/\/bienesraicesonlinegt.com\/\",\"logo\":{\"@type\":\"ImageObject\",\"inLanguage\":\"es\",\"@id\":\"https:\/\/bienesraicesonlinegt.com\/#\/schema\/logo\/image\/\",\"url\":\"https:\/\/i0.wp.com\/bienesraicesonlinegt.com\/wp-content\/uploads\/2022\/03\/cropped-Picsart_22-01-02_18-40-13-901.jpg?fit=512%2C512&ssl=1\",\"contentUrl\":\"https:\/\/i0.wp.com\/bienesraicesonlinegt.com\/wp-content\/uploads\/2022\/03\/cropped-Picsart_22-01-02_18-40-13-901.jpg?fit=512%2C512&ssl=1\",\"width\":512,\"height\":512,\"caption\":\"Bienes Ra\u00edces Online\"},\"image\":{\"@id\":\"https:\/\/bienesraicesonlinegt.com\/#\/schema\/logo\/image\/\"},\"sameAs\":[\"https:\/\/www.facebook.com\/bienesraicesonline\/\",\"https:\/\/x.com\/raices_online\",\"https:\/\/www.instagram.com\/bienesraicesonlinexela\/\",\"https:\/\/pin.it\/1vdHG9B\",\"https:\/\/www.youtube.com\/channel\/UCIJ2CBQ8RA5Hb_yj1CSeSHA\",\"https:\/\/bienes-raices-online-xela.negocio.site\/\",\"https:\/\/vm.tiktok.com\/ZSVst9m5\/\",\"https:\/\/wa.me\/message\/VRLOSYS56UWQF1\"]}]}<\/script>\n<!-- \/ Yoast SEO plugin. -->","yoast_head_json":{"title":"Casa en Venta por parque Thelma Quixtan - Bienes Ra\u00edces Online","description":"Casa en Venta por parque Thelma Quixtan Quetzaltenango Zona 1, 9 habitaciones,3 parqueos, Informaci\u00f3n Whatsapp (502)42728393","robots":{"index":"index","follow":"follow","max-snippet":"max-snippet:-1","max-image-preview":"max-image-preview:large","max-video-preview":"max-video-preview:-1"},"canonical":"https:\/\/bienesraicesonlinegt.com\/index.php\/casas-en-venta-y-renta\/casa-en-venta-por-parque-thelma-quixtan\/","og_locale":"es_ES","og_type":"article","og_title":"Casa en Venta por parque Thelma Quixtan - Bienes Ra\u00edces Online","og_description":"Casa en Venta por parque Thelma Quixtan Quetzaltenango Zona 1, 9 habitaciones,3 parqueos, Informaci\u00f3n Whatsapp (502)42728393","og_url":"https:\/\/bienesraicesonlinegt.com\/index.php\/casas-en-venta-y-renta\/casa-en-venta-por-parque-thelma-quixtan\/","og_site_name":"Bienes Ra\u00edces Online","article_publisher":"https:\/\/www.facebook.com\/bienesraicesonline\/","article_modified_time":"2025-03-21T07:45:33+00:00","og_image":[{"width":1414,"height":1999,"url":"https:\/\/bienesraicesonlinegt.com\/wp-content\/uploads\/2023\/11\/20231114_210549_0000.jpg","type":"image\/jpeg"}],"twitter_card":"summary_large_image","twitter_site":"@raices_online","twitter_misc":{"Tiempo de lectura":"1 minuto"},"schema":{"@context":"https:\/\/schema.org","@graph":[{"@type":"WebPage","@id":"https:\/\/bienesraicesonlinegt.com\/index.php\/casas-en-venta-y-renta\/casa-en-venta-por-parque-thelma-quixtan\/","url":"https:\/\/bienesraicesonlinegt.com\/index.php\/casas-en-venta-y-renta\/casa-en-venta-por-parque-thelma-quixtan\/","name":"Casa en Venta por parque Thelma Quixtan - Bienes Ra\u00edces Online","isPartOf":{"@id":"https:\/\/bienesraicesonlinegt.com\/#website"},"primaryImageOfPage":{"@id":"https:\/\/bienesraicesonlinegt.com\/index.php\/casas-en-venta-y-renta\/casa-en-venta-por-parque-thelma-quixtan\/#primaryimage"},"image":{"@id":"https:\/\/bienesraicesonlinegt.com\/index.php\/casas-en-venta-y-renta\/casa-en-venta-por-parque-thelma-quixtan\/#primaryimage"},"thumbnailUrl":"https:\/\/bienesraicesonlinegt.com\/wp-content\/uploads\/2023\/11\/20231114_210549_0000.jpg","datePublished":"2023-11-15T12:02:07+00:00","dateModified":"2025-03-21T07:45:33+00:00","description":"Casa en Venta por parque Thelma Quixtan Quetzaltenango Zona 1, 9 habitaciones,3 parqueos, Informaci\u00f3n Whatsapp (502)42728393","breadcrumb":{"@id":"https:\/\/bienesraicesonlinegt.com\/index.php\/casas-en-venta-y-renta\/casa-en-venta-por-parque-thelma-quixtan\/#breadcrumb"},"inLanguage":"es","potentialAction":[{"@type":"ReadAction","target":["https:\/\/bienesraicesonlinegt.com\/index.php\/casas-en-venta-y-renta\/casa-en-venta-por-parque-thelma-quixtan\/"]}]},{"@type":"ImageObject","inLanguage":"es","@id":"https:\/\/bienesraicesonlinegt.com\/index.php\/casas-en-venta-y-renta\/casa-en-venta-por-parque-thelma-quixtan\/#primaryimage","url":"https:\/\/bienesraicesonlinegt.com\/wp-content\/uploads\/2023\/11\/20231114_210549_0000.jpg","contentUrl":"https:\/\/bienesraicesonlinegt.com\/wp-content\/uploads\/2023\/11\/20231114_210549_0000.jpg","width":1414,"height":1999,"caption":"Casa en Venta por parque Thelma Quixtan Quetzaltenango"},{"@type":"BreadcrumbList","@id":"https:\/\/bienesraicesonlinegt.com\/index.php\/casas-en-venta-y-renta\/casa-en-venta-por-parque-thelma-quixtan\/#breadcrumb","itemListElement":[{"@type":"ListItem","position":1,"name":"Portada","item":"https:\/\/bienesraicesonlinegt.com\/"},{"@type":"ListItem","position":2,"name":"Casas en Venta y Renta","item":"https:\/\/bienesraicesonlinegt.com\/index.php\/casas-en-venta-y-renta\/"},{"@type":"ListItem","position":3,"name":"Casa en Venta por parque Thelma Quixtan"}]},{"@type":"WebSite","@id":"https:\/\/bienesraicesonlinegt.com\/#website","url":"https:\/\/bienesraicesonlinegt.com\/","name":"Bienes Ra\u00edces Online","description":"Tu Mejor Opci\u00f3n de Bienes Inmuebles en Guatemala ","publisher":{"@id":"https:\/\/bienesraicesonlinegt.com\/#organization"},"potentialAction":[{"@type":"SearchAction","target":{"@type":"EntryPoint","urlTemplate":"https:\/\/bienesraicesonlinegt.com\/?s={search_term_string}"},"query-input":{"@type":"PropertyValueSpecification","valueRequired":true,"valueName":"search_term_string"}}],"inLanguage":"es"},{"@type":"Organization","@id":"https:\/\/bienesraicesonlinegt.com\/#organization","name":"Bienes Ra\u00edces Online","url":"https:\/\/bienesraicesonlinegt.com\/","logo":{"@type":"ImageObject","inLanguage":"es","@id":"https:\/\/bienesraicesonlinegt.com\/#\/schema\/logo\/image\/","url":"https:\/\/i0.wp.com\/bienesraicesonlinegt.com\/wp-content\/uploads\/2022\/03\/cropped-Picsart_22-01-02_18-40-13-901.jpg?fit=512%2C512&ssl=1","contentUrl":"https:\/\/i0.wp.com\/bienesraicesonlinegt.com\/wp-content\/uploads\/2022\/03\/cropped-Picsart_22-01-02_18-40-13-901.jpg?fit=512%2C512&ssl=1","width":512,"height":512,"caption":"Bienes Ra\u00edces Online"},"image":{"@id":"https:\/\/bienesraicesonlinegt.com\/#\/schema\/logo\/image\/"},"sameAs":["https:\/\/www.facebook.com\/bienesraicesonline\/","https:\/\/x.com\/raices_online","https:\/\/www.instagram.com\/bienesraicesonlinexela\/","https:\/\/pin.it\/1vdHG9B","https:\/\/www.youtube.com\/channel\/UCIJ2CBQ8RA5Hb_yj1CSeSHA","https:\/\/bienes-raices-online-xela.negocio.site\/","https:\/\/vm.tiktok.com\/ZSVst9m5\/","https:\/\/wa.me\/message\/VRLOSYS56UWQF1"]}]}},"_links":{"self":[{"href":"https:\/\/bienesraicesonlinegt.com\/index.php\/wp-json\/wp\/v2\/pages\/1576"}],"collection":[{"href":"https:\/\/bienesraicesonlinegt.com\/index.php\/wp-json\/wp\/v2\/pages"}],"about":[{"href":"https:\/\/bienesraicesonlinegt.com\/index.php\/wp-json\/wp\/v2\/types\/page"}],"author":[{"embeddable":true,"href":"https:\/\/bienesraicesonlinegt.com\/index.php\/wp-json\/wp\/v2\/users\/1"}],"replies":[{"embeddable":true,"href":"https:\/\/bienesraicesonlinegt.com\/index.php\/wp-json\/wp\/v2\/comments?post=1576"}],"version-history":[{"count":5,"href":"https:\/\/bienesraicesonlinegt.com\/index.php\/wp-json\/wp\/v2\/pages\/1576\/revisions"}],"predecessor-version":[{"id":2806,"href":"https:\/\/bienesraicesonlinegt.com\/index.php\/wp-json\/wp\/v2\/pages\/1576\/revisions\/2806"}],"up":[{"embeddable":true,"href":"https:\/\/bienesraicesonlinegt.com\/index.php\/wp-json\/wp\/v2\/pages\/115"}],"wp:featuredmedia":[{"embeddable":true,"href":"https:\/\/bienesraicesonlinegt.com\/index.php\/wp-json\/wp\/v2\/media\/1575"}],"wp:attachment":[{"href":"https:\/\/bienesraicesonlinegt.com\/index.php\/wp-json\/wp\/v2\/media?parent=1576"}],"curies":[{"name":"wp","href":"https:\/\/api.w.org\/{rel}","templated":true}]}}