{"id":2178,"date":"2024-08-23T07:32:27","date_gmt":"2024-08-23T07:32:27","guid":{"rendered":"https:\/\/bienesraicesonlinegt.com\/?page_id=2178"},"modified":"2024-08-23T07:43:09","modified_gmt":"2024-08-23T07:43:09","slug":"casas-en-alquiler-en-quetzaltenango","status":"publish","type":"page","link":"https:\/\/bienesraicesonlinegt.com\/index.php\/casas-en-venta-y-renta\/casas-en-alquiler-en-quetzaltenango\/","title":{"rendered":"Casas en Alquiler en Quetzaltenango"},"content":{"rendered":"\n<p>Casas en Alquiler en Quetzaltenango, Casas, apartamentos y habitaciones en Alquiler en Diferentes puntos, haga click en la imagen para agrandarlo, si desea informaci\u00f3n de alguno, por favor cont\u00e1ctenos.<\/p>\n\n\n\n<p>Bienes Ra\u00edces Online <\/p>\n\n\n\n<p>Casas en Venta Xela, casas disponibles en el \u00e1rea Sur Occidente de Guatemala.&nbsp; &nbsp;Puede contactarnos en nuestras diferentes plataformas en nuestro apartado de Contacto para pedir informaci\u00f3n de cada una, escribirnos al whatsapp (502) 42728393 o escribirnos al Email : info@bienesraicesonlinegt.com , puede hacer&nbsp;<a href=\"https:\/\/bienesraicesonlinegt.com\/index.php\/contacto\/\">click aqu\u00ed<\/a>&nbsp;para ir al formulario de contacto.&nbsp;<\/p>\n\n\n\n<p>Buscanos o Contactanos en nuestras siguientes plataformas: Somos\u00a0Bienes Ra\u00edces Online\u00a0<\/p>\n\n\n\n<p><\/p>\n\n\n\n<p>Tel\u00e9fono y Whatsapp (502) 42728393<\/p>\n\n\n\n<p>Email:<\/p>\n\n\n\n<p>info@bienesraicesonlinegt.com<\/p>\n\n\n\n<figure class=\"wp-block-image size-large\"><img decoding=\"async\" src=\"https:\/\/bienesraicesonlinegt.com\/wp-content\/uploads\/2024\/08\/Historia-de-Instagram-Alquiler-Agente-inmobiliario-Moderno-Gris_20240815_121629_0000-576x1024.jpg\" alt=\"\" class=\"wp-image-2176\"\/><figcaption class=\"wp-element-caption\">Apartamento en Alquiler Zona 3 Quetzaltenango<\/figcaption><\/figure>\n\n\n\n<figure class=\"wp-block-image size-large\"><img decoding=\"async\" src=\"https:\/\/bienesraicesonlinegt.com\/wp-content\/uploads\/2024\/08\/Historia-de-Instagram-Alquiler-Agente-inmobiliario-Moderno-Gris_20240813_062853_0000-576x1024.jpg\" alt=\"\" class=\"wp-image-2177\"\/><figcaption class=\"wp-element-caption\">Apartamento Equipado en Alquiler Zona 3 Quetzaltenango<\/figcaption><\/figure>\n\n\n\n<figure class=\"wp-block-image size-large\"><img fetchpriority=\"high\" fetchpriority=\"high\" decoding=\"async\" width=\"1024\" height=\"1024\" src=\"https:\/\/bienesraicesonlinegt.com\/wp-content\/uploads\/2024\/08\/Real-Estate-Instagram-Post_20240822_120231_0000-1024x1024.jpg\" alt=\"\" class=\"wp-image-2175\" srcset=\"https:\/\/bienesraicesonlinegt.com\/wp-content\/uploads\/2024\/08\/Real-Estate-Instagram-Post_20240822_120231_0000-980x980.jpg 980w, https:\/\/bienesraicesonlinegt.com\/wp-content\/uploads\/2024\/08\/Real-Estate-Instagram-Post_20240822_120231_0000-480x480.jpg 480w\" sizes=\"(min-width: 0px) and (max-width: 480px) 480px, (min-width: 481px) and (max-width: 980px) 980px, (min-width: 981px) 1024px, 100vw\" \/><figcaption class=\"wp-element-caption\">Habitaciones en Renta Zona 9 Quetzaltenango<\/figcaption><\/figure>\n<div class=\"pvc_clear\"><\/div><p class=\"pvc_stats all \" data-element-id=\"2178\" style=\"\"><i class=\"pvc-stats-icon medium\" aria-hidden=\"true\"><svg aria-hidden=\"true\" focusable=\"false\" data-prefix=\"far\" data-icon=\"chart-bar\" role=\"img\" xmlns=\"http:\/\/www.w3.org\/2000\/svg\" viewBox=\"0 0 512 512\" class=\"svg-inline--fa fa-chart-bar fa-w-16 fa-2x\"><path fill=\"currentColor\" d=\"M396.8 352h22.4c6.4 0 12.8-6.4 12.8-12.8V108.8c0-6.4-6.4-12.8-12.8-12.8h-22.4c-6.4 0-12.8 6.4-12.8 12.8v230.4c0 6.4 6.4 12.8 12.8 12.8zm-192 0h22.4c6.4 0 12.8-6.4 12.8-12.8V140.8c0-6.4-6.4-12.8-12.8-12.8h-22.4c-6.4 0-12.8 6.4-12.8 12.8v198.4c0 6.4 6.4 12.8 12.8 12.8zm96 0h22.4c6.4 0 12.8-6.4 12.8-12.8V204.8c0-6.4-6.4-12.8-12.8-12.8h-22.4c-6.4 0-12.8 6.4-12.8 12.8v134.4c0 6.4 6.4 12.8 12.8 12.8zM496 400H48V80c0-8.84-7.16-16-16-16H16C7.16 64 0 71.16 0 80v336c0 17.67 14.33 32 32 32h464c8.84 0 16-7.16 16-16v-16c0-8.84-7.16-16-16-16zm-387.2-48h22.4c6.4 0 12.8-6.4 12.8-12.8v-70.4c0-6.4-6.4-12.8-12.8-12.8h-22.4c-6.4 0-12.8 6.4-12.8 12.8v70.4c0 6.4 6.4 12.8 12.8 12.8z\" class=\"\"><\/path><\/svg><\/i> &nbsp;139&nbsp;Total visitas, &nbsp;1&nbsp;Visitas hoy<\/p><div class=\"pvc_clear\"><\/div>","protected":false},"excerpt":{"rendered":"<p>Casas en Alquiler en Quetzaltenango, Casas, apartamentos y habitaciones en Alquiler en Diferentes puntos, haga click en la imagen para agrandarlo, si desea informaci\u00f3n de alguno, por favor cont\u00e1ctenos. Bienes Ra\u00edces Online Casas en Venta Xela, casas disponibles en el \u00e1rea Sur Occidente de Guatemala.&nbsp; &nbsp;Puede contactarnos en nuestras diferentes plataformas en nuestro apartado de [&hellip;]<\/p>\n<div class=\"pvc_clear\"><\/div>\n<p class=\"pvc_stats all \" data-element-id=\"2178\" style=\"\"><i class=\"pvc-stats-icon medium\" aria-hidden=\"true\"><svg aria-hidden=\"true\" focusable=\"false\" data-prefix=\"far\" data-icon=\"chart-bar\" role=\"img\" xmlns=\"http:\/\/www.w3.org\/2000\/svg\" viewBox=\"0 0 512 512\" class=\"svg-inline--fa fa-chart-bar fa-w-16 fa-2x\"><path fill=\"currentColor\" d=\"M396.8 352h22.4c6.4 0 12.8-6.4 12.8-12.8V108.8c0-6.4-6.4-12.8-12.8-12.8h-22.4c-6.4 0-12.8 6.4-12.8 12.8v230.4c0 6.4 6.4 12.8 12.8 12.8zm-192 0h22.4c6.4 0 12.8-6.4 12.8-12.8V140.8c0-6.4-6.4-12.8-12.8-12.8h-22.4c-6.4 0-12.8 6.4-12.8 12.8v198.4c0 6.4 6.4 12.8 12.8 12.8zm96 0h22.4c6.4 0 12.8-6.4 12.8-12.8V204.8c0-6.4-6.4-12.8-12.8-12.8h-22.4c-6.4 0-12.8 6.4-12.8 12.8v134.4c0 6.4 6.4 12.8 12.8 12.8zM496 400H48V80c0-8.84-7.16-16-16-16H16C7.16 64 0 71.16 0 80v336c0 17.67 14.33 32 32 32h464c8.84 0 16-7.16 16-16v-16c0-8.84-7.16-16-16-16zm-387.2-48h22.4c6.4 0 12.8-6.4 12.8-12.8v-70.4c0-6.4-6.4-12.8-12.8-12.8h-22.4c-6.4 0-12.8 6.4-12.8 12.8v70.4c0 6.4 6.4 12.8 12.8 12.8z\" class=\"\"><\/path><\/svg><\/i> &nbsp;139&nbsp;Total visitas, &nbsp;1&nbsp;Visitas hoy<\/p>\n<div class=\"pvc_clear\"><\/div>\n","protected":false},"author":1,"featured_media":0,"parent":115,"menu_order":0,"comment_status":"open","ping_status":"closed","template":"","meta":{"_et_pb_use_builder":"","_et_pb_old_content":"","_et_gb_content_width":"","_monsterinsights_skip_tracking":false,"_monsterinsights_sitenote_active":false,"_monsterinsights_sitenote_note":"","_monsterinsights_sitenote_category":0,"footnotes":""},"class_list":["post-2178","page","type-page","status-publish","hentry"],"yoast_head":"<!-- This site is optimized with the Yoast SEO plugin v25.6 - https:\/\/yoast.com\/wordpress\/plugins\/seo\/ -->\n<title>Casas en Alquiler en Quetzaltenango - Bienes Ra\u00edces Online<\/title>\n<meta name=\"description\" content=\"Casas en Alquiler en Quetzaltenango, diferentes opciones, consulte la disponibilidad Informaci\u00f3n tel\u00e9fono y Whatsapp (502) 42728393\" \/>\n<meta name=\"robots\" content=\"index, follow, max-snippet:-1, max-image-preview:large, max-video-preview:-1\" \/>\n<link rel=\"canonical\" href=\"https:\/\/bienesraicesonlinegt.com\/index.php\/casas-en-venta-y-renta\/casas-en-alquiler-en-quetzaltenango\/\" \/>\n<meta property=\"og:locale\" content=\"es_ES\" \/>\n<meta property=\"og:type\" content=\"article\" \/>\n<meta property=\"og:title\" content=\"Casas en Alquiler en Quetzaltenango - Bienes Ra\u00edces Online\" \/>\n<meta property=\"og:description\" content=\"Casas en Alquiler en Quetzaltenango, diferentes opciones, consulte la disponibilidad Informaci\u00f3n tel\u00e9fono y Whatsapp (502) 42728393\" \/>\n<meta property=\"og:url\" content=\"https:\/\/bienesraicesonlinegt.com\/index.php\/casas-en-venta-y-renta\/casas-en-alquiler-en-quetzaltenango\/\" \/>\n<meta property=\"og:site_name\" content=\"Bienes Ra\u00edces Online\" \/>\n<meta property=\"article:publisher\" content=\"https:\/\/www.facebook.com\/bienesraicesonline\/\" \/>\n<meta property=\"article:modified_time\" content=\"2024-08-23T07:43:09+00:00\" \/>\n<meta property=\"og:image\" content=\"https:\/\/bienesraicesonlinegt.com\/wp-content\/uploads\/2024\/08\/Historia-de-Instagram-Alquiler-Agente-inmobiliario-Moderno-Gris_20240815_121629_0000-576x1024.jpg\" \/>\n<meta name=\"twitter:card\" content=\"summary_large_image\" \/>\n<meta name=\"twitter:site\" content=\"@raices_online\" \/>\n<meta name=\"twitter:label1\" content=\"Tiempo de lectura\" \/>\n\t<meta name=\"twitter:data1\" content=\"1 minuto\" \/>\n<script type=\"application\/ld+json\" class=\"yoast-schema-graph\">{\"@context\":\"https:\/\/schema.org\",\"@graph\":[{\"@type\":\"WebPage\",\"@id\":\"https:\/\/bienesraicesonlinegt.com\/index.php\/casas-en-venta-y-renta\/casas-en-alquiler-en-quetzaltenango\/\",\"url\":\"https:\/\/bienesraicesonlinegt.com\/index.php\/casas-en-venta-y-renta\/casas-en-alquiler-en-quetzaltenango\/\",\"name\":\"Casas en Alquiler en Quetzaltenango - Bienes Ra\u00edces Online\",\"isPartOf\":{\"@id\":\"https:\/\/bienesraicesonlinegt.com\/#website\"},\"primaryImageOfPage\":{\"@id\":\"https:\/\/bienesraicesonlinegt.com\/index.php\/casas-en-venta-y-renta\/casas-en-alquiler-en-quetzaltenango\/#primaryimage\"},\"image\":{\"@id\":\"https:\/\/bienesraicesonlinegt.com\/index.php\/casas-en-venta-y-renta\/casas-en-alquiler-en-quetzaltenango\/#primaryimage\"},\"thumbnailUrl\":\"https:\/\/bienesraicesonlinegt.com\/wp-content\/uploads\/2024\/08\/Historia-de-Instagram-Alquiler-Agente-inmobiliario-Moderno-Gris_20240815_121629_0000-576x1024.jpg\",\"datePublished\":\"2024-08-23T07:32:27+00:00\",\"dateModified\":\"2024-08-23T07:43:09+00:00\",\"description\":\"Casas en Alquiler en Quetzaltenango, diferentes opciones, consulte la disponibilidad Informaci\u00f3n tel\u00e9fono y Whatsapp (502) 42728393\",\"breadcrumb\":{\"@id\":\"https:\/\/bienesraicesonlinegt.com\/index.php\/casas-en-venta-y-renta\/casas-en-alquiler-en-quetzaltenango\/#breadcrumb\"},\"inLanguage\":\"es\",\"potentialAction\":[{\"@type\":\"ReadAction\",\"target\":[\"https:\/\/bienesraicesonlinegt.com\/index.php\/casas-en-venta-y-renta\/casas-en-alquiler-en-quetzaltenango\/\"]}]},{\"@type\":\"ImageObject\",\"inLanguage\":\"es\",\"@id\":\"https:\/\/bienesraicesonlinegt.com\/index.php\/casas-en-venta-y-renta\/casas-en-alquiler-en-quetzaltenango\/#primaryimage\",\"url\":\"https:\/\/bienesraicesonlinegt.com\/wp-content\/uploads\/2024\/08\/Historia-de-Instagram-Alquiler-Agente-inmobiliario-Moderno-Gris_20240815_121629_0000-576x1024.jpg\",\"contentUrl\":\"https:\/\/bienesraicesonlinegt.com\/wp-content\/uploads\/2024\/08\/Historia-de-Instagram-Alquiler-Agente-inmobiliario-Moderno-Gris_20240815_121629_0000-576x1024.jpg\"},{\"@type\":\"BreadcrumbList\",\"@id\":\"https:\/\/bienesraicesonlinegt.com\/index.php\/casas-en-venta-y-renta\/casas-en-alquiler-en-quetzaltenango\/#breadcrumb\",\"itemListElement\":[{\"@type\":\"ListItem\",\"position\":1,\"name\":\"Portada\",\"item\":\"https:\/\/bienesraicesonlinegt.com\/\"},{\"@type\":\"ListItem\",\"position\":2,\"name\":\"Casas en Venta y Renta\",\"item\":\"https:\/\/bienesraicesonlinegt.com\/index.php\/casas-en-venta-y-renta\/\"},{\"@type\":\"ListItem\",\"position\":3,\"name\":\"Casas en Alquiler en Quetzaltenango\"}]},{\"@type\":\"WebSite\",\"@id\":\"https:\/\/bienesraicesonlinegt.com\/#website\",\"url\":\"https:\/\/bienesraicesonlinegt.com\/\",\"name\":\"Bienes Ra\u00edces Online\",\"description\":\"Tu Mejor Opci\u00f3n de Bienes Inmuebles en Guatemala \",\"publisher\":{\"@id\":\"https:\/\/bienesraicesonlinegt.com\/#organization\"},\"potentialAction\":[{\"@type\":\"SearchAction\",\"target\":{\"@type\":\"EntryPoint\",\"urlTemplate\":\"https:\/\/bienesraicesonlinegt.com\/?s={search_term_string}\"},\"query-input\":{\"@type\":\"PropertyValueSpecification\",\"valueRequired\":true,\"valueName\":\"search_term_string\"}}],\"inLanguage\":\"es\"},{\"@type\":\"Organization\",\"@id\":\"https:\/\/bienesraicesonlinegt.com\/#organization\",\"name\":\"Bienes Ra\u00edces Online\",\"url\":\"https:\/\/bienesraicesonlinegt.com\/\",\"logo\":{\"@type\":\"ImageObject\",\"inLanguage\":\"es\",\"@id\":\"https:\/\/bienesraicesonlinegt.com\/#\/schema\/logo\/image\/\",\"url\":\"https:\/\/i0.wp.com\/bienesraicesonlinegt.com\/wp-content\/uploads\/2022\/03\/cropped-Picsart_22-01-02_18-40-13-901.jpg?fit=512%2C512&ssl=1\",\"contentUrl\":\"https:\/\/i0.wp.com\/bienesraicesonlinegt.com\/wp-content\/uploads\/2022\/03\/cropped-Picsart_22-01-02_18-40-13-901.jpg?fit=512%2C512&ssl=1\",\"width\":512,\"height\":512,\"caption\":\"Bienes Ra\u00edces Online\"},\"image\":{\"@id\":\"https:\/\/bienesraicesonlinegt.com\/#\/schema\/logo\/image\/\"},\"sameAs\":[\"https:\/\/www.facebook.com\/bienesraicesonline\/\",\"https:\/\/x.com\/raices_online\",\"https:\/\/www.instagram.com\/bienesraicesonlinexela\/\",\"https:\/\/pin.it\/1vdHG9B\",\"https:\/\/www.youtube.com\/channel\/UCIJ2CBQ8RA5Hb_yj1CSeSHA\",\"https:\/\/bienes-raices-online-xela.negocio.site\/\",\"https:\/\/vm.tiktok.com\/ZSVst9m5\/\",\"https:\/\/wa.me\/message\/VRLOSYS56UWQF1\"]}]}<\/script>\n<!-- \/ Yoast SEO plugin. -->","yoast_head_json":{"title":"Casas en Alquiler en Quetzaltenango - Bienes Ra\u00edces Online","description":"Casas en Alquiler en Quetzaltenango, diferentes opciones, consulte la disponibilidad Informaci\u00f3n tel\u00e9fono y Whatsapp (502) 42728393","robots":{"index":"index","follow":"follow","max-snippet":"max-snippet:-1","max-image-preview":"max-image-preview:large","max-video-preview":"max-video-preview:-1"},"canonical":"https:\/\/bienesraicesonlinegt.com\/index.php\/casas-en-venta-y-renta\/casas-en-alquiler-en-quetzaltenango\/","og_locale":"es_ES","og_type":"article","og_title":"Casas en Alquiler en Quetzaltenango - Bienes Ra\u00edces Online","og_description":"Casas en Alquiler en Quetzaltenango, diferentes opciones, consulte la disponibilidad Informaci\u00f3n tel\u00e9fono y Whatsapp (502) 42728393","og_url":"https:\/\/bienesraicesonlinegt.com\/index.php\/casas-en-venta-y-renta\/casas-en-alquiler-en-quetzaltenango\/","og_site_name":"Bienes Ra\u00edces Online","article_publisher":"https:\/\/www.facebook.com\/bienesraicesonline\/","article_modified_time":"2024-08-23T07:43:09+00:00","og_image":[{"url":"https:\/\/bienesraicesonlinegt.com\/wp-content\/uploads\/2024\/08\/Historia-de-Instagram-Alquiler-Agente-inmobiliario-Moderno-Gris_20240815_121629_0000-576x1024.jpg","type":"","width":"","height":""}],"twitter_card":"summary_large_image","twitter_site":"@raices_online","twitter_misc":{"Tiempo de lectura":"1 minuto"},"schema":{"@context":"https:\/\/schema.org","@graph":[{"@type":"WebPage","@id":"https:\/\/bienesraicesonlinegt.com\/index.php\/casas-en-venta-y-renta\/casas-en-alquiler-en-quetzaltenango\/","url":"https:\/\/bienesraicesonlinegt.com\/index.php\/casas-en-venta-y-renta\/casas-en-alquiler-en-quetzaltenango\/","name":"Casas en Alquiler en Quetzaltenango - Bienes Ra\u00edces Online","isPartOf":{"@id":"https:\/\/bienesraicesonlinegt.com\/#website"},"primaryImageOfPage":{"@id":"https:\/\/bienesraicesonlinegt.com\/index.php\/casas-en-venta-y-renta\/casas-en-alquiler-en-quetzaltenango\/#primaryimage"},"image":{"@id":"https:\/\/bienesraicesonlinegt.com\/index.php\/casas-en-venta-y-renta\/casas-en-alquiler-en-quetzaltenango\/#primaryimage"},"thumbnailUrl":"https:\/\/bienesraicesonlinegt.com\/wp-content\/uploads\/2024\/08\/Historia-de-Instagram-Alquiler-Agente-inmobiliario-Moderno-Gris_20240815_121629_0000-576x1024.jpg","datePublished":"2024-08-23T07:32:27+00:00","dateModified":"2024-08-23T07:43:09+00:00","description":"Casas en Alquiler en Quetzaltenango, diferentes opciones, consulte la disponibilidad Informaci\u00f3n tel\u00e9fono y Whatsapp (502) 42728393","breadcrumb":{"@id":"https:\/\/bienesraicesonlinegt.com\/index.php\/casas-en-venta-y-renta\/casas-en-alquiler-en-quetzaltenango\/#breadcrumb"},"inLanguage":"es","potentialAction":[{"@type":"ReadAction","target":["https:\/\/bienesraicesonlinegt.com\/index.php\/casas-en-venta-y-renta\/casas-en-alquiler-en-quetzaltenango\/"]}]},{"@type":"ImageObject","inLanguage":"es","@id":"https:\/\/bienesraicesonlinegt.com\/index.php\/casas-en-venta-y-renta\/casas-en-alquiler-en-quetzaltenango\/#primaryimage","url":"https:\/\/bienesraicesonlinegt.com\/wp-content\/uploads\/2024\/08\/Historia-de-Instagram-Alquiler-Agente-inmobiliario-Moderno-Gris_20240815_121629_0000-576x1024.jpg","contentUrl":"https:\/\/bienesraicesonlinegt.com\/wp-content\/uploads\/2024\/08\/Historia-de-Instagram-Alquiler-Agente-inmobiliario-Moderno-Gris_20240815_121629_0000-576x1024.jpg"},{"@type":"BreadcrumbList","@id":"https:\/\/bienesraicesonlinegt.com\/index.php\/casas-en-venta-y-renta\/casas-en-alquiler-en-quetzaltenango\/#breadcrumb","itemListElement":[{"@type":"ListItem","position":1,"name":"Portada","item":"https:\/\/bienesraicesonlinegt.com\/"},{"@type":"ListItem","position":2,"name":"Casas en Venta y Renta","item":"https:\/\/bienesraicesonlinegt.com\/index.php\/casas-en-venta-y-renta\/"},{"@type":"ListItem","position":3,"name":"Casas en Alquiler en Quetzaltenango"}]},{"@type":"WebSite","@id":"https:\/\/bienesraicesonlinegt.com\/#website","url":"https:\/\/bienesraicesonlinegt.com\/","name":"Bienes Ra\u00edces Online","description":"Tu Mejor Opci\u00f3n de Bienes Inmuebles en Guatemala ","publisher":{"@id":"https:\/\/bienesraicesonlinegt.com\/#organization"},"potentialAction":[{"@type":"SearchAction","target":{"@type":"EntryPoint","urlTemplate":"https:\/\/bienesraicesonlinegt.com\/?s={search_term_string}"},"query-input":{"@type":"PropertyValueSpecification","valueRequired":true,"valueName":"search_term_string"}}],"inLanguage":"es"},{"@type":"Organization","@id":"https:\/\/bienesraicesonlinegt.com\/#organization","name":"Bienes Ra\u00edces Online","url":"https:\/\/bienesraicesonlinegt.com\/","logo":{"@type":"ImageObject","inLanguage":"es","@id":"https:\/\/bienesraicesonlinegt.com\/#\/schema\/logo\/image\/","url":"https:\/\/i0.wp.com\/bienesraicesonlinegt.com\/wp-content\/uploads\/2022\/03\/cropped-Picsart_22-01-02_18-40-13-901.jpg?fit=512%2C512&ssl=1","contentUrl":"https:\/\/i0.wp.com\/bienesraicesonlinegt.com\/wp-content\/uploads\/2022\/03\/cropped-Picsart_22-01-02_18-40-13-901.jpg?fit=512%2C512&ssl=1","width":512,"height":512,"caption":"Bienes Ra\u00edces Online"},"image":{"@id":"https:\/\/bienesraicesonlinegt.com\/#\/schema\/logo\/image\/"},"sameAs":["https:\/\/www.facebook.com\/bienesraicesonline\/","https:\/\/x.com\/raices_online","https:\/\/www.instagram.com\/bienesraicesonlinexela\/","https:\/\/pin.it\/1vdHG9B","https:\/\/www.youtube.com\/channel\/UCIJ2CBQ8RA5Hb_yj1CSeSHA","https:\/\/bienes-raices-online-xela.negocio.site\/","https:\/\/vm.tiktok.com\/ZSVst9m5\/","https:\/\/wa.me\/message\/VRLOSYS56UWQF1"]}]}},"_links":{"self":[{"href":"https:\/\/bienesraicesonlinegt.com\/index.php\/wp-json\/wp\/v2\/pages\/2178"}],"collection":[{"href":"https:\/\/bienesraicesonlinegt.com\/index.php\/wp-json\/wp\/v2\/pages"}],"about":[{"href":"https:\/\/bienesraicesonlinegt.com\/index.php\/wp-json\/wp\/v2\/types\/page"}],"author":[{"embeddable":true,"href":"https:\/\/bienesraicesonlinegt.com\/index.php\/wp-json\/wp\/v2\/users\/1"}],"replies":[{"embeddable":true,"href":"https:\/\/bienesraicesonlinegt.com\/index.php\/wp-json\/wp\/v2\/comments?post=2178"}],"version-history":[{"count":2,"href":"https:\/\/bienesraicesonlinegt.com\/index.php\/wp-json\/wp\/v2\/pages\/2178\/revisions"}],"predecessor-version":[{"id":2180,"href":"https:\/\/bienesraicesonlinegt.com\/index.php\/wp-json\/wp\/v2\/pages\/2178\/revisions\/2180"}],"up":[{"embeddable":true,"href":"https:\/\/bienesraicesonlinegt.com\/index.php\/wp-json\/wp\/v2\/pages\/115"}],"wp:attachment":[{"href":"https:\/\/bienesraicesonlinegt.com\/index.php\/wp-json\/wp\/v2\/media?parent=2178"}],"curies":[{"name":"wp","href":"https:\/\/api.w.org\/{rel}","templated":true}]}}