{"id":2436,"date":"2024-12-16T11:08:38","date_gmt":"2024-12-16T11:08:38","guid":{"rendered":"https:\/\/bienesraicesonlinegt.com\/?page_id=2436"},"modified":"2025-11-03T17:49:33","modified_gmt":"2025-11-03T17:49:33","slug":"cuartos-en-alquiler-quetzaltenango","status":"publish","type":"page","link":"https:\/\/bienesraicesonlinegt.com\/index.php\/apartamentos-en-venta-y-renta\/cuartos-en-alquiler-quetzaltenango\/","title":{"rendered":"Cuartos en Alquiler Quetzaltenango"},"content":{"rendered":"<p>[et_pb_section fb_built=&#8221;1&#8243; _builder_version=&#8221;4.16&#8243; global_colors_info=&#8221;{}&#8221;][et_pb_row _builder_version=&#8221;4.23&#8243; _module_preset=&#8221;default&#8221;][et_pb_column _builder_version=&#8221;4.23&#8243; _module_preset=&#8221;default&#8221; type=&#8221;4_4&#8243;][et_pb_text _builder_version=&#8221;4.23&#8243; _module_preset=&#8221;default&#8221; hover_enabled=&#8221;0&#8243; sticky_enabled=&#8221;0&#8243;]<\/p>\n<h2 style=\"text-align: center;\"><strong><span style=\"color: #800000;\">Cuartos en Alquiler Quetzaltenango\u00a0<\/span><\/strong><\/h2>\n<p>[\/et_pb_text][et_pb_image src=&#8221;https:\/\/bienesraicesonlinegt.com\/wp-content\/uploads\/2025\/11\/Bienes-Raices-Online-Cintillo_20251103_092053_0000.jpg&#8221; _builder_version=&#8221;4.23&#8243; _module_preset=&#8221;default&#8221; alt=&#8221;Cuartos en Alquiler Quetzaltenango&#8221; title_text=&#8221;Bienes Raices Online Cintillo_20251103_092053_0000&#8243; hover_enabled=&#8221;0&#8243; sticky_enabled=&#8221;0&#8243;][\/et_pb_image][et_pb_text _builder_version=&#8221;4.23&#8243; _module_preset=&#8221;default&#8221; hover_enabled=&#8221;0&#8243; sticky_enabled=&#8221;0&#8243;]<\/p>\n<p><span style=\"color: #008000;\">Cuartos en Alquiler Quetzaltenango<\/span><\/p>\n<p><span style=\"color: #008000;\">Cuartos en Alquiler Quetzaltenango , La Cuchilla Zona 9, a 5 minutos de Pradera Xela, centro comercial Paseo Las Am\u00e9ricas, Usac, Mesoamericana, Udeo, Intecap, La Terminal, Quetzaltenango<\/span><\/p>\n<p>Caracter\u00edsticas:<br \/>Incluye:<br \/>Mobiliario, cama, silla<br \/>Agua \/ Luz<br \/>Wifi<\/p>\n<p><span style=\"color: #ff0000;\">Precios de disponibles:<\/span><br \/><span style=\"color: #ff0000;\">Desde Q.600.00 hasta Q.900.00<\/span> dependiendo ba\u00f1o compartido o ba\u00f1o privado. <span style=\"color: #000080;\">(Consulte por la disponibilidad)<\/span><\/p>\n<p>Opcional pagos extras:<br \/>Pensionado<br \/>Alimentaci\u00f3n<br \/>Lavado de ropa (pagos extras)<\/p>\n<p>No deposito<br \/>No Contrato<\/p>\n<p><span style=\"color: #800080;\">Mayor informaci\u00f3n al tel\u00e9fono \u202a<\/span><chrome_annotation data-index=\"1\" data-data=\"40fd45a0-326d-4bff-b77d-ad079fcdde12\" data-annotation=\"42728393\" data-type=\"PHONE_NUMBER\" role=\"link\">42728393<\/chrome_annotation><span style=\"color: #800080;\">\u202c<\/span><br \/><span style=\"color: #800080;\">Email <\/span><chrome_annotation data-index=\"2\" data-data=\"1e15bc15-ead9-46df-b7b3-2ca9f2bf17c9\" data-annotation=\"info@bienesraicesonlinegt.com\" data-type=\"EMAIL\" role=\"link\">info@bienesraicesonlinegt.com<\/chrome_annotation><br \/><span style=\"color: #800080;\">Sitio Web<\/span><br \/><span style=\"color: #800080;\">www.bienesraicesonlinegt.com<\/span><\/p>\n<p>[\/et_pb_text][et_pb_image src=&#8221;https:\/\/bienesraicesonlinegt.com\/wp-content\/uploads\/2024\/08\/Real-Estate-Instagram-Post_20240822_120231_0000.jpg&#8221; _builder_version=&#8221;4.23&#8243; _module_preset=&#8221;default&#8221; alt=&#8221;Cuartos en Alquiler Quetzaltenango&#8221; title_text=&#8221;Habitaciones en Renta Zona 9 Quetzaltenango&#8221; show_in_lightbox=&#8221;on&#8221; hover_enabled=&#8221;0&#8243; sticky_enabled=&#8221;0&#8243;][\/et_pb_image][et_pb_text _builder_version=&#8221;4.23&#8243; _module_preset=&#8221;default&#8221; hover_enabled=&#8221;0&#8243; sticky_enabled=&#8221;0&#8243;]<\/p>\n<p style=\"text-align: center;\"><span style=\"color: #008000;\"><strong>Foto Galer\u00eda de los cuartos en La Cuchilla<\/strong><\/span><\/p>\n<p>[\/et_pb_text][et_pb_gallery _builder_version=&#8221;4.23&#8243; _module_preset=&#8221;default&#8221; gallery_ids=&#8221;3524,3523,3522,3521,3520,3519,3518,3517,3516,3515,3514,3513,3512,3511,3510,3509,3508,3507,3506&#8243; posts_number=&#8221;1&#8243; hover_enabled=&#8221;0&#8243; sticky_enabled=&#8221;0&#8243;][\/et_pb_gallery][et_pb_image src=&#8221;https:\/\/bienesraicesonlinegt.com\/wp-content\/uploads\/2025\/11\/Bienes-Raices-Online-Cintillo_20251103_092054_0001.jpg&#8221; _builder_version=&#8221;4.23&#8243; _module_preset=&#8221;default&#8221; alt=&#8221;Cuartos en Alquiler Quetzaltenango&#8221; title_text=&#8221;Bienes Raices Online Cintillo_20251103_092054_0001&#8243; hover_enabled=&#8221;0&#8243; sticky_enabled=&#8221;0&#8243;][\/et_pb_image][et_pb_text _builder_version=&#8221;4.23&#8243; _module_preset=&#8221;default&#8221; hover_enabled=&#8221;0&#8243; sticky_enabled=&#8221;0&#8243;]<\/p>\n<p><span style=\"color: #008000;\">Cuartos en Alquiler Quetzaltenango , Los Cerezos Zona 9, a 5 minutos de Pradera Xela, centro comercial Paseo Las Am\u00e9ricas, Usac, Mesoamericana, Udeo, Intecap, La Terminal, Quetzaltenango<\/span><\/p>\n<p>Caracter\u00edsticas:<br \/>Incluye:<br \/>Mobiliario, cama, silla<br \/>Agua \/ Luz<br \/>Wifi<\/p>\n<p><span style=\"color: #ff0000;\">Precios de disponibles:<\/span><br \/><span style=\"color: #ff0000;\">(Consulte por la disponibilidad)<\/span><span style=\"color: #ff0000;\"><\/span><\/p>\n<p><span style=\"color: #800080;\"><strong>Hay opciones de esta misma administraci\u00f3n frente a el Hospital General consultar<\/strong><\/span><\/p>\n<p>Opcional pagos extras:<br \/>Pensionado<br \/>Alimentaci\u00f3n<br \/>Lavado de ropa (pagos extras)<\/p>\n<p>No deposito<br \/>No Contrato<\/p>\n<p><span style=\"color: #800080;\">Mayor informaci\u00f3n al tel\u00e9fono \u202a<\/span><chrome_annotation data-index=\"1\" data-data=\"40fd45a0-326d-4bff-b77d-ad079fcdde12\" data-annotation=\"42728393\" data-type=\"PHONE_NUMBER\" role=\"link\">42728393<\/chrome_annotation><span style=\"color: #800080;\">\u202c<\/span><br \/><span style=\"color: #800080;\">Email <\/span><chrome_annotation data-index=\"2\" data-data=\"1e15bc15-ead9-46df-b7b3-2ca9f2bf17c9\" data-annotation=\"info@bienesraicesonlinegt.com\" data-type=\"EMAIL\" role=\"link\">info@bienesraicesonlinegt.com<\/chrome_annotation><br \/><span style=\"color: #800080;\">Sitio Web<\/span><br \/><span style=\"color: #800080;\">www.bienesraicesonlinegt.com<\/span><\/p>\n<p>[\/et_pb_text][et_pb_image src=&#8221;https:\/\/bienesraicesonlinegt.com\/wp-content\/uploads\/2024\/12\/10002359962969074332909579387.jpg&#8221; _builder_version=&#8221;4.23&#8243; _module_preset=&#8221;default&#8221; alt=&#8221;Cuartos en Alquiler Los Cerezos Quetzaltenango &#8221; title_text=&#8221;Cuartos en Alquiler Los Cerezos Quetzaltenango &#8221; show_in_lightbox=&#8221;on&#8221; hover_enabled=&#8221;0&#8243; sticky_enabled=&#8221;0&#8243;][\/et_pb_image][\/et_pb_column][\/et_pb_row][\/et_pb_section]<\/p>\n<div class=\"pvc_clear\"><\/div>\n<p class=\"pvc_stats all \" data-element-id=\"2436\" style=\"\"><i class=\"pvc-stats-icon medium\" aria-hidden=\"true\"><svg aria-hidden=\"true\" focusable=\"false\" data-prefix=\"far\" data-icon=\"chart-bar\" role=\"img\" xmlns=\"http:\/\/www.w3.org\/2000\/svg\" viewBox=\"0 0 512 512\" class=\"svg-inline--fa fa-chart-bar fa-w-16 fa-2x\"><path fill=\"currentColor\" d=\"M396.8 352h22.4c6.4 0 12.8-6.4 12.8-12.8V108.8c0-6.4-6.4-12.8-12.8-12.8h-22.4c-6.4 0-12.8 6.4-12.8 12.8v230.4c0 6.4 6.4 12.8 12.8 12.8zm-192 0h22.4c6.4 0 12.8-6.4 12.8-12.8V140.8c0-6.4-6.4-12.8-12.8-12.8h-22.4c-6.4 0-12.8 6.4-12.8 12.8v198.4c0 6.4 6.4 12.8 12.8 12.8zm96 0h22.4c6.4 0 12.8-6.4 12.8-12.8V204.8c0-6.4-6.4-12.8-12.8-12.8h-22.4c-6.4 0-12.8 6.4-12.8 12.8v134.4c0 6.4 6.4 12.8 12.8 12.8zM496 400H48V80c0-8.84-7.16-16-16-16H16C7.16 64 0 71.16 0 80v336c0 17.67 14.33 32 32 32h464c8.84 0 16-7.16 16-16v-16c0-8.84-7.16-16-16-16zm-387.2-48h22.4c6.4 0 12.8-6.4 12.8-12.8v-70.4c0-6.4-6.4-12.8-12.8-12.8h-22.4c-6.4 0-12.8 6.4-12.8 12.8v70.4c0 6.4 6.4 12.8 12.8 12.8z\" class=\"\"><\/path><\/svg><\/i> &nbsp;378&nbsp;Total visitas<\/p>\n<div class=\"pvc_clear\"><\/div>\n","protected":false},"excerpt":{"rendered":"<p>Cuartos en Alquiler Quetzaltenango\u00a0Cuartos en Alquiler Quetzaltenango Cuartos en Alquiler Quetzaltenango , La Cuchilla Zona 9, a 5 minutos de Pradera Xela, centro comercial Paseo Las Am\u00e9ricas, Usac, Mesoamericana, Udeo, Intecap, La Terminal, Quetzaltenango Caracter\u00edsticas:Incluye:Mobiliario, cama, sillaAgua \/ LuzWifi Precios de disponibles:Desde Q.600.00 hasta Q.900.00 dependiendo ba\u00f1o compartido o ba\u00f1o privado. (Consulte por la disponibilidad) [&hellip;]<\/p>\n<div class=\"pvc_clear\"><\/div>\n<p class=\"pvc_stats all \" data-element-id=\"2436\" style=\"\"><i class=\"pvc-stats-icon medium\" aria-hidden=\"true\"><svg aria-hidden=\"true\" focusable=\"false\" data-prefix=\"far\" data-icon=\"chart-bar\" role=\"img\" xmlns=\"http:\/\/www.w3.org\/2000\/svg\" viewBox=\"0 0 512 512\" class=\"svg-inline--fa fa-chart-bar fa-w-16 fa-2x\"><path fill=\"currentColor\" d=\"M396.8 352h22.4c6.4 0 12.8-6.4 12.8-12.8V108.8c0-6.4-6.4-12.8-12.8-12.8h-22.4c-6.4 0-12.8 6.4-12.8 12.8v230.4c0 6.4 6.4 12.8 12.8 12.8zm-192 0h22.4c6.4 0 12.8-6.4 12.8-12.8V140.8c0-6.4-6.4-12.8-12.8-12.8h-22.4c-6.4 0-12.8 6.4-12.8 12.8v198.4c0 6.4 6.4 12.8 12.8 12.8zm96 0h22.4c6.4 0 12.8-6.4 12.8-12.8V204.8c0-6.4-6.4-12.8-12.8-12.8h-22.4c-6.4 0-12.8 6.4-12.8 12.8v134.4c0 6.4 6.4 12.8 12.8 12.8zM496 400H48V80c0-8.84-7.16-16-16-16H16C7.16 64 0 71.16 0 80v336c0 17.67 14.33 32 32 32h464c8.84 0 16-7.16 16-16v-16c0-8.84-7.16-16-16-16zm-387.2-48h22.4c6.4 0 12.8-6.4 12.8-12.8v-70.4c0-6.4-6.4-12.8-12.8-12.8h-22.4c-6.4 0-12.8 6.4-12.8 12.8v70.4c0 6.4 6.4 12.8 12.8 12.8z\" class=\"\"><\/path><\/svg><\/i> &nbsp;378&nbsp;Total visitas<\/p>\n<div class=\"pvc_clear\"><\/div>\n","protected":false},"author":1,"featured_media":0,"parent":116,"menu_order":0,"comment_status":"open","ping_status":"closed","template":"","meta":{"_et_pb_use_builder":"on","_et_pb_old_content":"<!-- wp:paragraph -->\n<p>Cuartos en Alquiler Quetzaltenango <\/p>\n<!-- \/wp:paragraph -->\n\n<!-- wp:paragraph -->\n<p>Habitaciones en Renta, La Cuchilla Zona 9, a 5 minutos de Pradera, Paseo Las Am\u00e9ricas, Usac, otras Universidades, Quetzaltenango<\/p>\n<!-- \/wp:paragraph -->\n\n<!-- wp:paragraph -->\n<p>Caracter\u00edsticas:<br>Incluye:<br>Mobiliario, cama, mesa, silla<br>Agua \/ Luz<br>Internet<\/p>\n<!-- \/wp:paragraph -->\n\n<!-- wp:paragraph -->\n<p>Precios de disponibles:<br>2 habitaciones Q.700.00 ba\u00f1o compartido<br>1 habitaci\u00f3n Q.850.00 ba\u00f1o privado<\/p>\n<!-- \/wp:paragraph -->\n\n<!-- wp:paragraph -->\n<p>Opcional pagos extras:<br>Pensionado<br>Alimentaci\u00f3n<br>Lavado de ropa (pagos extras)<\/p>\n<!-- \/wp:paragraph -->\n\n<!-- wp:paragraph -->\n<p>No deposito<br>No Contrato<\/p>\n<!-- \/wp:paragraph -->\n\n<!-- wp:paragraph -->\n<p>Mayor informaci\u00f3n al tel\u00e9fono \u202a42728393\u202c<br>Email info@bienesraicesonlinegt.com<br>Sitio Web<br>www.bienesraicesonlinegt.com<\/p>\n<!-- \/wp:paragraph -->\n\n<!-- wp:paragraph -->\n<p><a href=\"https:\/\/bienesraicesonlinegt.com\/index.php\/2022\/03\/30\/bienes-raices-online\/\">Inicio<\/a><\/p>\n<!-- \/wp:paragraph -->\n\n<!-- wp:image {\"id\":2175,\"sizeSlug\":\"large\"} -->\n<figure class=\"wp-block-image size-large\"><img src=\"https:\/\/bienesraicesonlinegt.com\/wp-content\/uploads\/2024\/08\/Real-Estate-Instagram-Post_20240822_120231_0000.jpg\" alt=\"\" class=\"wp-image-2175\"\/><figcaption class=\"wp-element-caption\">Cuartos en Alquiler Quetzaltenango <\/figcaption><\/figure>\n<!-- \/wp:image -->\n\n<!-- wp:paragraph -->\n<p>Pensionado en Los Cerezos Zona 9 Quetzaltenango <\/p>\n<!-- \/wp:paragraph -->\n\n<!-- wp:image {\"id\":2435,\"sizeSlug\":\"large\"} -->\n<figure class=\"wp-block-image size-large\"><img src=\"https:\/\/bienesraicesonlinegt.com\/wp-content\/uploads\/2024\/12\/10002359962969074332909579387-1024x1024.jpg\" alt=\"\" class=\"wp-image-2435\"\/><figcaption class=\"wp-element-caption\">Cuartos en Alquiler Quetzaltenango <\/figcaption><\/figure>\n<!-- \/wp:image -->","_et_gb_content_width":"","_monsterinsights_skip_tracking":false,"_monsterinsights_sitenote_active":false,"_monsterinsights_sitenote_note":"","_monsterinsights_sitenote_category":0,"footnotes":""},"class_list":["post-2436","page","type-page","status-publish","hentry"],"yoast_head":"<!-- This site is optimized with the Yoast SEO plugin v25.6 - https:\/\/yoast.com\/wordpress\/plugins\/seo\/ -->\n<title>Cuartos en Alquiler Quetzaltenango - Bienes Ra\u00edces Online<\/title>\n<meta name=\"description\" content=\"Cuartos en Alquiler Quetzaltenango, diferentes opciones en cuartos en Alquiler en el \u00e1rea Quetzaltenango, informaci\u00f3n Whatsapp +502 42728393\" \/>\n<meta name=\"robots\" content=\"index, follow, max-snippet:-1, max-image-preview:large, max-video-preview:-1\" \/>\n<link rel=\"canonical\" href=\"https:\/\/bienesraicesonlinegt.com\/index.php\/apartamentos-en-venta-y-renta\/cuartos-en-alquiler-quetzaltenango\/\" \/>\n<meta property=\"og:locale\" content=\"es_ES\" \/>\n<meta property=\"og:type\" content=\"article\" \/>\n<meta property=\"og:title\" content=\"Cuartos en Alquiler Quetzaltenango - Bienes Ra\u00edces Online\" \/>\n<meta property=\"og:description\" content=\"Cuartos en Alquiler Quetzaltenango, diferentes opciones en cuartos en Alquiler en el \u00e1rea Quetzaltenango, informaci\u00f3n Whatsapp +502 42728393\" \/>\n<meta property=\"og:url\" content=\"https:\/\/bienesraicesonlinegt.com\/index.php\/apartamentos-en-venta-y-renta\/cuartos-en-alquiler-quetzaltenango\/\" \/>\n<meta property=\"og:site_name\" content=\"Bienes Ra\u00edces Online\" \/>\n<meta property=\"article:publisher\" content=\"https:\/\/www.facebook.com\/bienesraicesonline\/\" \/>\n<meta property=\"article:modified_time\" content=\"2025-11-03T17:49:33+00:00\" \/>\n<meta name=\"twitter:card\" content=\"summary_large_image\" \/>\n<meta name=\"twitter:site\" content=\"@raices_online\" \/>\n<meta name=\"twitter:label1\" content=\"Tiempo de lectura\" \/>\n\t<meta name=\"twitter:data1\" content=\"2 minutos\" \/>\n<script type=\"application\/ld+json\" class=\"yoast-schema-graph\">{\"@context\":\"https:\/\/schema.org\",\"@graph\":[{\"@type\":\"WebPage\",\"@id\":\"https:\/\/bienesraicesonlinegt.com\/index.php\/apartamentos-en-venta-y-renta\/cuartos-en-alquiler-quetzaltenango\/\",\"url\":\"https:\/\/bienesraicesonlinegt.com\/index.php\/apartamentos-en-venta-y-renta\/cuartos-en-alquiler-quetzaltenango\/\",\"name\":\"Cuartos en Alquiler Quetzaltenango - Bienes Ra\u00edces Online\",\"isPartOf\":{\"@id\":\"https:\/\/bienesraicesonlinegt.com\/#website\"},\"datePublished\":\"2024-12-16T11:08:38+00:00\",\"dateModified\":\"2025-11-03T17:49:33+00:00\",\"description\":\"Cuartos en Alquiler Quetzaltenango, diferentes opciones en cuartos en Alquiler en el \u00e1rea Quetzaltenango, informaci\u00f3n Whatsapp +502 42728393\",\"breadcrumb\":{\"@id\":\"https:\/\/bienesraicesonlinegt.com\/index.php\/apartamentos-en-venta-y-renta\/cuartos-en-alquiler-quetzaltenango\/#breadcrumb\"},\"inLanguage\":\"es\",\"potentialAction\":[{\"@type\":\"ReadAction\",\"target\":[\"https:\/\/bienesraicesonlinegt.com\/index.php\/apartamentos-en-venta-y-renta\/cuartos-en-alquiler-quetzaltenango\/\"]}]},{\"@type\":\"BreadcrumbList\",\"@id\":\"https:\/\/bienesraicesonlinegt.com\/index.php\/apartamentos-en-venta-y-renta\/cuartos-en-alquiler-quetzaltenango\/#breadcrumb\",\"itemListElement\":[{\"@type\":\"ListItem\",\"position\":1,\"name\":\"Portada\",\"item\":\"https:\/\/bienesraicesonlinegt.com\/\"},{\"@type\":\"ListItem\",\"position\":2,\"name\":\"Apartamentos en Venta y Renta\",\"item\":\"https:\/\/bienesraicesonlinegt.com\/index.php\/apartamentos-en-venta-y-renta\/\"},{\"@type\":\"ListItem\",\"position\":3,\"name\":\"Cuartos en Alquiler Quetzaltenango\"}]},{\"@type\":\"WebSite\",\"@id\":\"https:\/\/bienesraicesonlinegt.com\/#website\",\"url\":\"https:\/\/bienesraicesonlinegt.com\/\",\"name\":\"Bienes Ra\u00edces Online\",\"description\":\"Tu Mejor Opci\u00f3n de Bienes Inmuebles en Guatemala \",\"publisher\":{\"@id\":\"https:\/\/bienesraicesonlinegt.com\/#organization\"},\"potentialAction\":[{\"@type\":\"SearchAction\",\"target\":{\"@type\":\"EntryPoint\",\"urlTemplate\":\"https:\/\/bienesraicesonlinegt.com\/?s={search_term_string}\"},\"query-input\":{\"@type\":\"PropertyValueSpecification\",\"valueRequired\":true,\"valueName\":\"search_term_string\"}}],\"inLanguage\":\"es\"},{\"@type\":\"Organization\",\"@id\":\"https:\/\/bienesraicesonlinegt.com\/#organization\",\"name\":\"Bienes Ra\u00edces Online\",\"url\":\"https:\/\/bienesraicesonlinegt.com\/\",\"logo\":{\"@type\":\"ImageObject\",\"inLanguage\":\"es\",\"@id\":\"https:\/\/bienesraicesonlinegt.com\/#\/schema\/logo\/image\/\",\"url\":\"https:\/\/i0.wp.com\/bienesraicesonlinegt.com\/wp-content\/uploads\/2022\/03\/cropped-Picsart_22-01-02_18-40-13-901.jpg?fit=512%2C512&ssl=1\",\"contentUrl\":\"https:\/\/i0.wp.com\/bienesraicesonlinegt.com\/wp-content\/uploads\/2022\/03\/cropped-Picsart_22-01-02_18-40-13-901.jpg?fit=512%2C512&ssl=1\",\"width\":512,\"height\":512,\"caption\":\"Bienes Ra\u00edces Online\"},\"image\":{\"@id\":\"https:\/\/bienesraicesonlinegt.com\/#\/schema\/logo\/image\/\"},\"sameAs\":[\"https:\/\/www.facebook.com\/bienesraicesonline\/\",\"https:\/\/x.com\/raices_online\",\"https:\/\/www.instagram.com\/bienesraicesonlinexela\/\",\"https:\/\/pin.it\/1vdHG9B\",\"https:\/\/www.youtube.com\/channel\/UCIJ2CBQ8RA5Hb_yj1CSeSHA\",\"https:\/\/bienes-raices-online-xela.negocio.site\/\",\"https:\/\/vm.tiktok.com\/ZSVst9m5\/\",\"https:\/\/wa.me\/message\/VRLOSYS56UWQF1\"]}]}<\/script>\n<!-- \/ Yoast SEO plugin. -->","yoast_head_json":{"title":"Cuartos en Alquiler Quetzaltenango - Bienes Ra\u00edces Online","description":"Cuartos en Alquiler Quetzaltenango, diferentes opciones en cuartos en Alquiler en el \u00e1rea Quetzaltenango, informaci\u00f3n Whatsapp +502 42728393","robots":{"index":"index","follow":"follow","max-snippet":"max-snippet:-1","max-image-preview":"max-image-preview:large","max-video-preview":"max-video-preview:-1"},"canonical":"https:\/\/bienesraicesonlinegt.com\/index.php\/apartamentos-en-venta-y-renta\/cuartos-en-alquiler-quetzaltenango\/","og_locale":"es_ES","og_type":"article","og_title":"Cuartos en Alquiler Quetzaltenango - Bienes Ra\u00edces Online","og_description":"Cuartos en Alquiler Quetzaltenango, diferentes opciones en cuartos en Alquiler en el \u00e1rea Quetzaltenango, informaci\u00f3n Whatsapp +502 42728393","og_url":"https:\/\/bienesraicesonlinegt.com\/index.php\/apartamentos-en-venta-y-renta\/cuartos-en-alquiler-quetzaltenango\/","og_site_name":"Bienes Ra\u00edces Online","article_publisher":"https:\/\/www.facebook.com\/bienesraicesonline\/","article_modified_time":"2025-11-03T17:49:33+00:00","twitter_card":"summary_large_image","twitter_site":"@raices_online","twitter_misc":{"Tiempo de lectura":"2 minutos"},"schema":{"@context":"https:\/\/schema.org","@graph":[{"@type":"WebPage","@id":"https:\/\/bienesraicesonlinegt.com\/index.php\/apartamentos-en-venta-y-renta\/cuartos-en-alquiler-quetzaltenango\/","url":"https:\/\/bienesraicesonlinegt.com\/index.php\/apartamentos-en-venta-y-renta\/cuartos-en-alquiler-quetzaltenango\/","name":"Cuartos en Alquiler Quetzaltenango - Bienes Ra\u00edces Online","isPartOf":{"@id":"https:\/\/bienesraicesonlinegt.com\/#website"},"datePublished":"2024-12-16T11:08:38+00:00","dateModified":"2025-11-03T17:49:33+00:00","description":"Cuartos en Alquiler Quetzaltenango, diferentes opciones en cuartos en Alquiler en el \u00e1rea Quetzaltenango, informaci\u00f3n Whatsapp +502 42728393","breadcrumb":{"@id":"https:\/\/bienesraicesonlinegt.com\/index.php\/apartamentos-en-venta-y-renta\/cuartos-en-alquiler-quetzaltenango\/#breadcrumb"},"inLanguage":"es","potentialAction":[{"@type":"ReadAction","target":["https:\/\/bienesraicesonlinegt.com\/index.php\/apartamentos-en-venta-y-renta\/cuartos-en-alquiler-quetzaltenango\/"]}]},{"@type":"BreadcrumbList","@id":"https:\/\/bienesraicesonlinegt.com\/index.php\/apartamentos-en-venta-y-renta\/cuartos-en-alquiler-quetzaltenango\/#breadcrumb","itemListElement":[{"@type":"ListItem","position":1,"name":"Portada","item":"https:\/\/bienesraicesonlinegt.com\/"},{"@type":"ListItem","position":2,"name":"Apartamentos en Venta y Renta","item":"https:\/\/bienesraicesonlinegt.com\/index.php\/apartamentos-en-venta-y-renta\/"},{"@type":"ListItem","position":3,"name":"Cuartos en Alquiler Quetzaltenango"}]},{"@type":"WebSite","@id":"https:\/\/bienesraicesonlinegt.com\/#website","url":"https:\/\/bienesraicesonlinegt.com\/","name":"Bienes Ra\u00edces Online","description":"Tu Mejor Opci\u00f3n de Bienes Inmuebles en Guatemala ","publisher":{"@id":"https:\/\/bienesraicesonlinegt.com\/#organization"},"potentialAction":[{"@type":"SearchAction","target":{"@type":"EntryPoint","urlTemplate":"https:\/\/bienesraicesonlinegt.com\/?s={search_term_string}"},"query-input":{"@type":"PropertyValueSpecification","valueRequired":true,"valueName":"search_term_string"}}],"inLanguage":"es"},{"@type":"Organization","@id":"https:\/\/bienesraicesonlinegt.com\/#organization","name":"Bienes Ra\u00edces Online","url":"https:\/\/bienesraicesonlinegt.com\/","logo":{"@type":"ImageObject","inLanguage":"es","@id":"https:\/\/bienesraicesonlinegt.com\/#\/schema\/logo\/image\/","url":"https:\/\/i0.wp.com\/bienesraicesonlinegt.com\/wp-content\/uploads\/2022\/03\/cropped-Picsart_22-01-02_18-40-13-901.jpg?fit=512%2C512&ssl=1","contentUrl":"https:\/\/i0.wp.com\/bienesraicesonlinegt.com\/wp-content\/uploads\/2022\/03\/cropped-Picsart_22-01-02_18-40-13-901.jpg?fit=512%2C512&ssl=1","width":512,"height":512,"caption":"Bienes Ra\u00edces Online"},"image":{"@id":"https:\/\/bienesraicesonlinegt.com\/#\/schema\/logo\/image\/"},"sameAs":["https:\/\/www.facebook.com\/bienesraicesonline\/","https:\/\/x.com\/raices_online","https:\/\/www.instagram.com\/bienesraicesonlinexela\/","https:\/\/pin.it\/1vdHG9B","https:\/\/www.youtube.com\/channel\/UCIJ2CBQ8RA5Hb_yj1CSeSHA","https:\/\/bienes-raices-online-xela.negocio.site\/","https:\/\/vm.tiktok.com\/ZSVst9m5\/","https:\/\/wa.me\/message\/VRLOSYS56UWQF1"]}]}},"_links":{"self":[{"href":"https:\/\/bienesraicesonlinegt.com\/index.php\/wp-json\/wp\/v2\/pages\/2436"}],"collection":[{"href":"https:\/\/bienesraicesonlinegt.com\/index.php\/wp-json\/wp\/v2\/pages"}],"about":[{"href":"https:\/\/bienesraicesonlinegt.com\/index.php\/wp-json\/wp\/v2\/types\/page"}],"author":[{"embeddable":true,"href":"https:\/\/bienesraicesonlinegt.com\/index.php\/wp-json\/wp\/v2\/users\/1"}],"replies":[{"embeddable":true,"href":"https:\/\/bienesraicesonlinegt.com\/index.php\/wp-json\/wp\/v2\/comments?post=2436"}],"version-history":[{"count":10,"href":"https:\/\/bienesraicesonlinegt.com\/index.php\/wp-json\/wp\/v2\/pages\/2436\/revisions"}],"predecessor-version":[{"id":3537,"href":"https:\/\/bienesraicesonlinegt.com\/index.php\/wp-json\/wp\/v2\/pages\/2436\/revisions\/3537"}],"up":[{"embeddable":true,"href":"https:\/\/bienesraicesonlinegt.com\/index.php\/wp-json\/wp\/v2\/pages\/116"}],"wp:attachment":[{"href":"https:\/\/bienesraicesonlinegt.com\/index.php\/wp-json\/wp\/v2\/media?parent=2436"}],"curies":[{"name":"wp","href":"https:\/\/api.w.org\/{rel}","templated":true}]}}