{"id":2580,"date":"2025-02-25T05:36:41","date_gmt":"2025-02-25T05:36:41","guid":{"rendered":"https:\/\/bienesraicesonlinegt.com\/?page_id=2580"},"modified":"2025-02-25T05:36:50","modified_gmt":"2025-02-25T05:36:50","slug":"2580-2","status":"publish","type":"page","link":"https:\/\/bienesraicesonlinegt.com\/index.php\/2580-2\/","title":{"rendered":""},"content":{"rendered":"<p>[et_pb_section fb_built=&#8221;1&#8243; theme_builder_area=&#8221;post_content&#8221; _builder_version=&#8221;4.23&#8243; _module_preset=&#8221;default&#8221;][et_pb_row _builder_version=&#8221;4.23&#8243; _module_preset=&#8221;default&#8221; theme_builder_area=&#8221;post_content&#8221;][et_pb_column _builder_version=&#8221;4.23&#8243; _module_preset=&#8221;default&#8221; type=&#8221;4_4&#8243; theme_builder_area=&#8221;post_content&#8221;][et_pb_text _builder_version=&#8221;4.23&#8243; _module_preset=&#8221;default&#8221; theme_builder_area=&#8221;post_content&#8221; hover_enabled=&#8221;0&#8243; sticky_enabled=&#8221;0&#8243;]<\/p>\n<div class=\"et_pb_row et_pb_row_0\">\n<div class=\"et_pb_column et_pb_column_4_4 et_pb_column_0  et_pb_css_mix_blend_mode_passthrough et-last-child\">\n<div class=\"et_pb_module et_pb_text et_pb_text_0  et_pb_text_align_left et_pb_bg_layout_light\">\n<div class=\"et_pb_text_inner\">\n<p style=\"text-align: center;\"><span style=\"color: #ff0000;\"><em><strong>Propiedades en Alquiler\u00a0<\/strong><\/em><\/span><\/p>\n<\/div>\n<\/div>\n<\/div>\n<\/div>\n<div class=\"et_pb_row et_pb_row_1\">\n<div class=\"et_pb_column et_pb_column_4_4 et_pb_column_1  et_pb_css_mix_blend_mode_passthrough et-last-child\">\n<div class=\"et_pb_module et_pb_text et_pb_text_1  et_pb_text_align_left et_pb_bg_layout_light\">\n<div class=\"et_pb_text_inner\">\n<p style=\"text-align: justify;\">En<span>\u00a0<\/span><span style=\"color: #008080;\"><strong>propiedades<\/strong><\/span><span>\u00a0<\/span>en<span><strong><span style=\"color: #0000ff;\"> Alquiler<\/span><\/strong>\u00a0 <\/span>trabajamos de la siguiente forma:<\/p>\n<p style=\"text-align: justify;\">Cuando los due\u00f1os o encargados de las propiedades nos dan el<span>\u00a0<\/span><span>Ok<\/span><span>\u00a0<\/span>sobre el alquiler, vamos y tomamos fotograf\u00edas y v\u00eddeos recorridos de las propiedades, para lo cual nos sirve para hacer una ficha t\u00e9cnica de la propiedad tal como (<span>ubicaci\u00f3n, accesibilidad, accesos, servicios, vecindario, ambientes de la propiedad etc<\/span>.) esto para poderlo subir a nuestras diferencias<span>\u00a0<\/span><span>plataformas,<\/span><span>\u00a0<\/span>tales como P\u00e1gina Web que es la encargada de enviar informaci\u00f3n a las redes Sociales y La Internet, que todos son nichos de venta diferentes. (<span style=\"color: #339966;\">Esto con el permiso de los due\u00f1os previamente<\/span>) Esto nos sirve para ir depurando a los verdaderos interesados.<\/p>\n<p style=\"text-align: justify;\">Cuando tenemos ya algunas personas interesadas hacemos las visitas programadas a las propiedades, en ese momento si tenemos alguna propuesta sobre los interesados la pasamos con los due\u00f1os o encargados de las propiedades, si esa propuesta les llega a interesar a ambas partes a negociar, al final el due\u00f1o y los posibles arrendatarios son los que hacen la negociaci\u00f3n final.<\/p>\n<p style=\"text-align: justify;\"><span style=\"color: #ff0000;\"><strong>Nosotros cobramos la primera\u00a0 renta de comisi\u00f3n sobre el Alquiler. El cual se da al final de cerrado el negocio.<\/strong><\/span><\/p>\n<p style=\"text-align: justify;\">Somos promotores inmobiliarios con experiencia en el mercado, que en el proceso del alquiler, damos seguimiento y asesoria, hasta que este finalice.<\/p>\n<p style=\"text-align: justify;\">A continuaci\u00f3n encontrar\u00e1 los links de nuestras diferentes plataformas donde puede ubicarnos, contactarnos y que pueda ver nuestra experiencia.<\/p>\n<p style=\"text-align: justify;\"><span>Para m\u00e1s opciones visite:<\/span><\/p>\n<p style=\"text-align: justify;\"><span>Sitio Web:<\/span><br \/><a href=\"http:\/\/www.bienesraicesonlinegt.com\/\" title=\"P\u00e1gina web \">https:\/\/www.bienesraicesonlinegt.com<\/a><\/p>\n<p><span>Contacto y p\u00e1gina en Google:<\/span><br \/><a href=\"https:\/\/g.page\/r\/CaXgCCgE2094EA0\" title=\"Contacto en Google \">https:\/\/g.page\/r\/CaXgCCgE2094EA0<\/a><\/p>\n<p><span>Facebook:<\/span><span>\u00a0<\/span><a href=\"https:\/\/www.facebook.com\/bienesraicesonline\/\" title=\"Facebook \">https:\/\/www.facebook.com\/bienesraicesonline\/<\/a><\/p>\n<p><span>Instagram:<\/span><span>\u00a0<\/span><a href=\"https:\/\/www.instagram.com\/bienesraicesonlinexela\/\" title=\"Instagram \">https:\/\/www.instagram.com\/bienesraicesonlinexela\/<\/a><\/p>\n<p><span>YouTube:<\/span><br \/><a href=\"https:\/\/www.youtube.com\/channel\/UCIJ2CBQ8RA5Hb_yj1CSeSHA\" title=\"YouTube \">https:\/\/www.youtube.com\/channel\/UCIJ2CBQ8RA5Hb_yj1CSeSHA<\/a><\/p>\n<p><span>Tiktok:<\/span><br \/><a href=\"https:\/\/vm.tiktok.com\/ZSVst9m5\/\" title=\"Tiki Tok\">https:\/\/vm.tiktok.com\/ZSVst9m5\/<\/a><\/p>\n<p><span>Twitter:<\/span><br \/><a href=\"https:\/\/twitter.com\/raices_online?s=09\" title=\"Twitter \">https:\/\/twitter.com\/raices_online?s=09<\/a><\/p>\n<p><span>Cat\u00e1logo de Propiedades Whatsapp:<\/span><br \/><a href=\"https:\/\/wa.me\/c\/50242728393\" title=\"Cat\u00e1logo \">https:\/\/wa.me\/c\/50242728393<\/a><\/p>\n<p><span>Men\u00fa General de nuestras plataformas :<\/span><br \/><a href=\"https:\/\/instabio.cc\/3102019E78dqC\" title=\"Men\u00fa generalb\">https:\/\/instabio.cc\/3102019E78dqC<\/a><\/p>\n<p><span>Whatsapp:<\/span><br \/><a href=\"https:\/\/wa.link\/baubcc\" title=\"Whatsapp \">https:\/\/wa.link\/baubcc<\/a><\/p>\n<p><span>Contacto:<\/span><br \/><span>Tel\u00e9fono y\u00a0 whatsapp<\/span><br \/>\u202a<span>(502) 42728393<\/span>\u202c<\/p>\n<p><span>Email<\/span><br \/>Info@bienesraicesonlinegt.com<\/p>\n<\/div>\n<\/div>\n<\/div>\n<\/div>\n<p>[\/et_pb_text][\/et_pb_column][\/et_pb_row][\/et_pb_section]<\/p>\n<div class=\"pvc_clear\"><\/div>\n<p class=\"pvc_stats all \" data-element-id=\"2580\" style=\"\"><i class=\"pvc-stats-icon medium\" aria-hidden=\"true\"><svg aria-hidden=\"true\" focusable=\"false\" data-prefix=\"far\" data-icon=\"chart-bar\" role=\"img\" xmlns=\"http:\/\/www.w3.org\/2000\/svg\" viewBox=\"0 0 512 512\" class=\"svg-inline--fa fa-chart-bar fa-w-16 fa-2x\"><path fill=\"currentColor\" d=\"M396.8 352h22.4c6.4 0 12.8-6.4 12.8-12.8V108.8c0-6.4-6.4-12.8-12.8-12.8h-22.4c-6.4 0-12.8 6.4-12.8 12.8v230.4c0 6.4 6.4 12.8 12.8 12.8zm-192 0h22.4c6.4 0 12.8-6.4 12.8-12.8V140.8c0-6.4-6.4-12.8-12.8-12.8h-22.4c-6.4 0-12.8 6.4-12.8 12.8v198.4c0 6.4 6.4 12.8 12.8 12.8zm96 0h22.4c6.4 0 12.8-6.4 12.8-12.8V204.8c0-6.4-6.4-12.8-12.8-12.8h-22.4c-6.4 0-12.8 6.4-12.8 12.8v134.4c0 6.4 6.4 12.8 12.8 12.8zM496 400H48V80c0-8.84-7.16-16-16-16H16C7.16 64 0 71.16 0 80v336c0 17.67 14.33 32 32 32h464c8.84 0 16-7.16 16-16v-16c0-8.84-7.16-16-16-16zm-387.2-48h22.4c6.4 0 12.8-6.4 12.8-12.8v-70.4c0-6.4-6.4-12.8-12.8-12.8h-22.4c-6.4 0-12.8 6.4-12.8 12.8v70.4c0 6.4 6.4 12.8 12.8 12.8z\" class=\"\"><\/path><\/svg><\/i> &nbsp;169&nbsp;Total visitas<\/p>\n<div class=\"pvc_clear\"><\/div>\n","protected":false},"excerpt":{"rendered":"<p>Propiedades en Alquiler\u00a0 En\u00a0propiedades\u00a0en Alquiler\u00a0 trabajamos de la siguiente forma: Cuando los due\u00f1os o encargados de las propiedades nos dan el\u00a0Ok\u00a0sobre el alquiler, vamos y tomamos fotograf\u00edas y v\u00eddeos recorridos de las propiedades, para lo cual nos sirve para hacer una ficha t\u00e9cnica de la propiedad tal como (ubicaci\u00f3n, accesibilidad, accesos, servicios, vecindario, ambientes de [&hellip;]<\/p>\n<div class=\"pvc_clear\"><\/div>\n<p class=\"pvc_stats all \" data-element-id=\"2580\" style=\"\"><i class=\"pvc-stats-icon medium\" aria-hidden=\"true\"><svg aria-hidden=\"true\" focusable=\"false\" data-prefix=\"far\" data-icon=\"chart-bar\" role=\"img\" xmlns=\"http:\/\/www.w3.org\/2000\/svg\" viewBox=\"0 0 512 512\" class=\"svg-inline--fa fa-chart-bar fa-w-16 fa-2x\"><path fill=\"currentColor\" d=\"M396.8 352h22.4c6.4 0 12.8-6.4 12.8-12.8V108.8c0-6.4-6.4-12.8-12.8-12.8h-22.4c-6.4 0-12.8 6.4-12.8 12.8v230.4c0 6.4 6.4 12.8 12.8 12.8zm-192 0h22.4c6.4 0 12.8-6.4 12.8-12.8V140.8c0-6.4-6.4-12.8-12.8-12.8h-22.4c-6.4 0-12.8 6.4-12.8 12.8v198.4c0 6.4 6.4 12.8 12.8 12.8zm96 0h22.4c6.4 0 12.8-6.4 12.8-12.8V204.8c0-6.4-6.4-12.8-12.8-12.8h-22.4c-6.4 0-12.8 6.4-12.8 12.8v134.4c0 6.4 6.4 12.8 12.8 12.8zM496 400H48V80c0-8.84-7.16-16-16-16H16C7.16 64 0 71.16 0 80v336c0 17.67 14.33 32 32 32h464c8.84 0 16-7.16 16-16v-16c0-8.84-7.16-16-16-16zm-387.2-48h22.4c6.4 0 12.8-6.4 12.8-12.8v-70.4c0-6.4-6.4-12.8-12.8-12.8h-22.4c-6.4 0-12.8 6.4-12.8 12.8v70.4c0 6.4 6.4 12.8 12.8 12.8z\" class=\"\"><\/path><\/svg><\/i> &nbsp;169&nbsp;Total visitas<\/p>\n<div class=\"pvc_clear\"><\/div>\n","protected":false},"author":1,"featured_media":0,"parent":0,"menu_order":0,"comment_status":"closed","ping_status":"closed","template":"","meta":{"_et_pb_use_builder":"on","_et_pb_old_content":"","_et_gb_content_width":"","_monsterinsights_skip_tracking":false,"_monsterinsights_sitenote_active":false,"_monsterinsights_sitenote_note":"","_monsterinsights_sitenote_category":0,"footnotes":""},"class_list":["post-2580","page","type-page","status-publish","hentry"],"yoast_head":"<!-- This site is optimized with the Yoast SEO plugin v25.6 - https:\/\/yoast.com\/wordpress\/plugins\/seo\/ -->\n<title>- Bienes Ra\u00edces Online<\/title>\n<meta name=\"robots\" content=\"index, follow, max-snippet:-1, max-image-preview:large, max-video-preview:-1\" \/>\n<link rel=\"canonical\" href=\"https:\/\/bienesraicesonlinegt.com\/index.php\/2580-2\/\" \/>\n<meta property=\"og:locale\" content=\"es_ES\" \/>\n<meta property=\"og:type\" content=\"article\" \/>\n<meta property=\"og:title\" content=\"- Bienes Ra\u00edces Online\" \/>\n<meta property=\"og:description\" content=\"Propiedades en Alquiler\u00a0 En\u00a0propiedades\u00a0en Alquiler\u00a0 trabajamos de la siguiente forma: Cuando los due\u00f1os o encargados de las propiedades nos dan el\u00a0Ok\u00a0sobre el alquiler, vamos y tomamos fotograf\u00edas y v\u00eddeos recorridos de las propiedades, para lo cual nos sirve para hacer una ficha t\u00e9cnica de la propiedad tal como (ubicaci\u00f3n, accesibilidad, accesos, servicios, vecindario, ambientes de [&hellip;]\" \/>\n<meta property=\"og:url\" content=\"https:\/\/bienesraicesonlinegt.com\/index.php\/2580-2\/\" \/>\n<meta property=\"og:site_name\" content=\"Bienes Ra\u00edces Online\" \/>\n<meta property=\"article:publisher\" content=\"https:\/\/www.facebook.com\/bienesraicesonline\/\" \/>\n<meta property=\"article:modified_time\" content=\"2025-02-25T05:36:50+00:00\" \/>\n<meta name=\"twitter:card\" content=\"summary_large_image\" \/>\n<meta name=\"twitter:site\" content=\"@raices_online\" \/>\n<meta name=\"twitter:label1\" content=\"Tiempo de lectura\" \/>\n\t<meta name=\"twitter:data1\" content=\"2 minutos\" \/>\n<script type=\"application\/ld+json\" class=\"yoast-schema-graph\">{\"@context\":\"https:\/\/schema.org\",\"@graph\":[{\"@type\":\"WebPage\",\"@id\":\"https:\/\/bienesraicesonlinegt.com\/index.php\/2580-2\/\",\"url\":\"https:\/\/bienesraicesonlinegt.com\/index.php\/2580-2\/\",\"name\":\"- Bienes Ra\u00edces Online\",\"isPartOf\":{\"@id\":\"https:\/\/bienesraicesonlinegt.com\/#website\"},\"datePublished\":\"2025-02-25T05:36:41+00:00\",\"dateModified\":\"2025-02-25T05:36:50+00:00\",\"inLanguage\":\"es\",\"potentialAction\":[{\"@type\":\"ReadAction\",\"target\":[\"https:\/\/bienesraicesonlinegt.com\/index.php\/2580-2\/\"]}]},{\"@type\":\"WebSite\",\"@id\":\"https:\/\/bienesraicesonlinegt.com\/#website\",\"url\":\"https:\/\/bienesraicesonlinegt.com\/\",\"name\":\"Bienes Ra\u00edces Online\",\"description\":\"Tu Mejor Opci\u00f3n de Bienes Inmuebles en Guatemala \",\"publisher\":{\"@id\":\"https:\/\/bienesraicesonlinegt.com\/#organization\"},\"potentialAction\":[{\"@type\":\"SearchAction\",\"target\":{\"@type\":\"EntryPoint\",\"urlTemplate\":\"https:\/\/bienesraicesonlinegt.com\/?s={search_term_string}\"},\"query-input\":{\"@type\":\"PropertyValueSpecification\",\"valueRequired\":true,\"valueName\":\"search_term_string\"}}],\"inLanguage\":\"es\"},{\"@type\":\"Organization\",\"@id\":\"https:\/\/bienesraicesonlinegt.com\/#organization\",\"name\":\"Bienes Ra\u00edces Online\",\"url\":\"https:\/\/bienesraicesonlinegt.com\/\",\"logo\":{\"@type\":\"ImageObject\",\"inLanguage\":\"es\",\"@id\":\"https:\/\/bienesraicesonlinegt.com\/#\/schema\/logo\/image\/\",\"url\":\"https:\/\/i0.wp.com\/bienesraicesonlinegt.com\/wp-content\/uploads\/2022\/03\/cropped-Picsart_22-01-02_18-40-13-901.jpg?fit=512%2C512&ssl=1\",\"contentUrl\":\"https:\/\/i0.wp.com\/bienesraicesonlinegt.com\/wp-content\/uploads\/2022\/03\/cropped-Picsart_22-01-02_18-40-13-901.jpg?fit=512%2C512&ssl=1\",\"width\":512,\"height\":512,\"caption\":\"Bienes Ra\u00edces Online\"},\"image\":{\"@id\":\"https:\/\/bienesraicesonlinegt.com\/#\/schema\/logo\/image\/\"},\"sameAs\":[\"https:\/\/www.facebook.com\/bienesraicesonline\/\",\"https:\/\/x.com\/raices_online\",\"https:\/\/www.instagram.com\/bienesraicesonlinexela\/\",\"https:\/\/pin.it\/1vdHG9B\",\"https:\/\/www.youtube.com\/channel\/UCIJ2CBQ8RA5Hb_yj1CSeSHA\",\"https:\/\/bienes-raices-online-xela.negocio.site\/\",\"https:\/\/vm.tiktok.com\/ZSVst9m5\/\",\"https:\/\/wa.me\/message\/VRLOSYS56UWQF1\"]}]}<\/script>\n<!-- \/ Yoast SEO plugin. -->","yoast_head_json":{"title":"- Bienes Ra\u00edces Online","robots":{"index":"index","follow":"follow","max-snippet":"max-snippet:-1","max-image-preview":"max-image-preview:large","max-video-preview":"max-video-preview:-1"},"canonical":"https:\/\/bienesraicesonlinegt.com\/index.php\/2580-2\/","og_locale":"es_ES","og_type":"article","og_title":"- Bienes Ra\u00edces Online","og_description":"Propiedades en Alquiler\u00a0 En\u00a0propiedades\u00a0en Alquiler\u00a0 trabajamos de la siguiente forma: Cuando los due\u00f1os o encargados de las propiedades nos dan el\u00a0Ok\u00a0sobre el alquiler, vamos y tomamos fotograf\u00edas y v\u00eddeos recorridos de las propiedades, para lo cual nos sirve para hacer una ficha t\u00e9cnica de la propiedad tal como (ubicaci\u00f3n, accesibilidad, accesos, servicios, vecindario, ambientes de [&hellip;]","og_url":"https:\/\/bienesraicesonlinegt.com\/index.php\/2580-2\/","og_site_name":"Bienes Ra\u00edces Online","article_publisher":"https:\/\/www.facebook.com\/bienesraicesonline\/","article_modified_time":"2025-02-25T05:36:50+00:00","twitter_card":"summary_large_image","twitter_site":"@raices_online","twitter_misc":{"Tiempo de lectura":"2 minutos"},"schema":{"@context":"https:\/\/schema.org","@graph":[{"@type":"WebPage","@id":"https:\/\/bienesraicesonlinegt.com\/index.php\/2580-2\/","url":"https:\/\/bienesraicesonlinegt.com\/index.php\/2580-2\/","name":"- Bienes Ra\u00edces Online","isPartOf":{"@id":"https:\/\/bienesraicesonlinegt.com\/#website"},"datePublished":"2025-02-25T05:36:41+00:00","dateModified":"2025-02-25T05:36:50+00:00","inLanguage":"es","potentialAction":[{"@type":"ReadAction","target":["https:\/\/bienesraicesonlinegt.com\/index.php\/2580-2\/"]}]},{"@type":"WebSite","@id":"https:\/\/bienesraicesonlinegt.com\/#website","url":"https:\/\/bienesraicesonlinegt.com\/","name":"Bienes Ra\u00edces Online","description":"Tu Mejor Opci\u00f3n de Bienes Inmuebles en Guatemala ","publisher":{"@id":"https:\/\/bienesraicesonlinegt.com\/#organization"},"potentialAction":[{"@type":"SearchAction","target":{"@type":"EntryPoint","urlTemplate":"https:\/\/bienesraicesonlinegt.com\/?s={search_term_string}"},"query-input":{"@type":"PropertyValueSpecification","valueRequired":true,"valueName":"search_term_string"}}],"inLanguage":"es"},{"@type":"Organization","@id":"https:\/\/bienesraicesonlinegt.com\/#organization","name":"Bienes Ra\u00edces Online","url":"https:\/\/bienesraicesonlinegt.com\/","logo":{"@type":"ImageObject","inLanguage":"es","@id":"https:\/\/bienesraicesonlinegt.com\/#\/schema\/logo\/image\/","url":"https:\/\/i0.wp.com\/bienesraicesonlinegt.com\/wp-content\/uploads\/2022\/03\/cropped-Picsart_22-01-02_18-40-13-901.jpg?fit=512%2C512&ssl=1","contentUrl":"https:\/\/i0.wp.com\/bienesraicesonlinegt.com\/wp-content\/uploads\/2022\/03\/cropped-Picsart_22-01-02_18-40-13-901.jpg?fit=512%2C512&ssl=1","width":512,"height":512,"caption":"Bienes Ra\u00edces Online"},"image":{"@id":"https:\/\/bienesraicesonlinegt.com\/#\/schema\/logo\/image\/"},"sameAs":["https:\/\/www.facebook.com\/bienesraicesonline\/","https:\/\/x.com\/raices_online","https:\/\/www.instagram.com\/bienesraicesonlinexela\/","https:\/\/pin.it\/1vdHG9B","https:\/\/www.youtube.com\/channel\/UCIJ2CBQ8RA5Hb_yj1CSeSHA","https:\/\/bienes-raices-online-xela.negocio.site\/","https:\/\/vm.tiktok.com\/ZSVst9m5\/","https:\/\/wa.me\/message\/VRLOSYS56UWQF1"]}]}},"_links":{"self":[{"href":"https:\/\/bienesraicesonlinegt.com\/index.php\/wp-json\/wp\/v2\/pages\/2580"}],"collection":[{"href":"https:\/\/bienesraicesonlinegt.com\/index.php\/wp-json\/wp\/v2\/pages"}],"about":[{"href":"https:\/\/bienesraicesonlinegt.com\/index.php\/wp-json\/wp\/v2\/types\/page"}],"author":[{"embeddable":true,"href":"https:\/\/bienesraicesonlinegt.com\/index.php\/wp-json\/wp\/v2\/users\/1"}],"replies":[{"embeddable":true,"href":"https:\/\/bienesraicesonlinegt.com\/index.php\/wp-json\/wp\/v2\/comments?post=2580"}],"version-history":[{"count":2,"href":"https:\/\/bienesraicesonlinegt.com\/index.php\/wp-json\/wp\/v2\/pages\/2580\/revisions"}],"predecessor-version":[{"id":2582,"href":"https:\/\/bienesraicesonlinegt.com\/index.php\/wp-json\/wp\/v2\/pages\/2580\/revisions\/2582"}],"wp:attachment":[{"href":"https:\/\/bienesraicesonlinegt.com\/index.php\/wp-json\/wp\/v2\/media?parent=2580"}],"curies":[{"name":"wp","href":"https:\/\/api.w.org\/{rel}","templated":true}]}}