{"id":2583,"date":"2025-02-25T05:53:21","date_gmt":"2025-02-25T05:53:21","guid":{"rendered":"https:\/\/bienesraicesonlinegt.com\/?page_id=2583"},"modified":"2025-08-20T08:53:15","modified_gmt":"2025-08-20T08:53:15","slug":"propiedades-en-alquiler","status":"publish","type":"page","link":"https:\/\/bienesraicesonlinegt.com\/index.php\/propiedades-en-alquiler\/","title":{"rendered":"Propiedades en Alquiler"},"content":{"rendered":"[et_pb_section fb_built=&#8221;1&#8243; admin_label=&#8221;section&#8221; _builder_version=&#8221;4.16&#8243; global_colors_info=&#8221;{}&#8221;][et_pb_row admin_label=&#8221;row&#8221; _builder_version=&#8221;4.16&#8243; background_size=&#8221;initial&#8221; background_position=&#8221;top_left&#8221; background_repeat=&#8221;repeat&#8221; global_colors_info=&#8221;{}&#8221;][et_pb_column type=&#8221;4_4&#8243; _builder_version=&#8221;4.16&#8243; custom_padding=&#8221;|||&#8221; global_colors_info=&#8221;{}&#8221; custom_padding__hover=&#8221;|||&#8221;][et_pb_image src=&#8221;https:\/\/bienesraicesonlinegt.com\/wp-content\/uploads\/2025\/04\/2_20250404_222547_0000-scaled.jpg&#8221; _builder_version=&#8221;4.23&#8243; _module_preset=&#8221;default&#8221; alt=&#8221;Propiedades en Alquiler&#8221; title_text=&#8221;Propiedades en Alquiler&#8221; hover_enabled=&#8221;0&#8243; sticky_enabled=&#8221;0&#8243;][\/et_pb_image][\/et_pb_column][\/et_pb_row][et_pb_row _builder_version=&#8221;4.23&#8243; _module_preset=&#8221;default&#8221;][et_pb_column _builder_version=&#8221;4.23&#8243; _module_preset=&#8221;default&#8221; type=&#8221;4_4&#8243;][et_pb_text _builder_version=&#8221;4.23&#8243; _module_preset=&#8221;default&#8221; hover_enabled=&#8221;0&#8243; sticky_enabled=&#8221;0&#8243;]<p style=\"text-align: center;\"><em><strong><span style=\"color: #ff0000;\">Propiedades en Alquiler<\/span>\u00a0<\/strong><\/em><\/p>\n<p><!-- \/wp:paragraph --><\/p>\n<p style=\"text-align: justify;\"><!-- wp:paragraph -->En\u00a0<span style=\"color: #339966;\"><strong>propiedades<\/strong><\/span>\u00a0en<span style=\"color: #000080;\"><strong> Alquiler<\/strong><\/span>\u00a0 trabajamos de la siguiente forma:<\/p>\n<p style=\"text-align: justify;\"><!-- \/wp:paragraph --><\/p>\n<p style=\"text-align: justify;\"><!-- wp:paragraph -->Cuando los due\u00f1os o encargados de las propiedades nos dan el\u00a0Ok\u00a0sobre el alquiler, vamos y tomamos fotograf\u00edas y v\u00eddeos recorridos de las propiedades, para lo cual nos sirve para hacer una ficha t\u00e9cnica de la propiedad tal como (<span style=\"color: #ff9900;\">ubicaci\u00f3n, accesibilidad, accesos, servicios, vecindario, ambientes de la propiedad etc.<\/span>) esto para poderlo subir a nuestras diferencias\u00a0plataformas,\u00a0tales como P\u00e1gina Web que es la encargada de enviar informaci\u00f3n a las redes Sociales y La Internet, que todos son nichos de venta diferentes. (<span style=\"color: #008000;\">Esto con el permiso de los due\u00f1os previamente<\/span>) Esto nos sirve para ir depurando a los verdaderos interesados.<\/p>\n<p style=\"text-align: justify;\"><!-- \/wp:paragraph --><\/p>\n<p style=\"text-align: justify;\"><!-- wp:paragraph -->Cuando tenemos ya algunas personas interesadas hacemos las visitas programadas a las propiedades, en ese momento si tenemos alguna propuesta sobre los interesados la pasamos con los due\u00f1os o encargados de las propiedades, si esa propuesta les llega a interesar a ambas partes a negociar, al final el due\u00f1o y los posibles arrendatarios son los que hacen la negociaci\u00f3n final.<\/p>\n<p style=\"text-align: justify;\"><!-- \/wp:paragraph --><\/p>\n<p style=\"text-align: justify;\"><!-- wp:paragraph --><span style=\"color: #ff0000;\"><strong>Nosotros cobramos la primera\u00a0 renta de comisi\u00f3n sobre el Alquiler. El cual se da al final de cerrado el negocio.<\/strong><\/span><\/p>\n<p style=\"text-align: justify;\"><!-- \/wp:paragraph --><\/p>\n<p style=\"text-align: justify;\"><!-- wp:paragraph -->Somos promotores inmobiliarios con experiencia en el mercado, que en el proceso del alquiler, damos seguimiento y asesoria, hasta que este finalice.<\/p>\n<p style=\"text-align: justify;\"><!-- \/wp:paragraph --><\/p>\n<p style=\"text-align: justify;\"><!-- wp:paragraph -->A continuaci\u00f3n encontrar\u00e1 los links de nuestras diferentes plataformas donde puede ubicarnos, contactarnos y que pueda ver nuestra experiencia.<\/p>\n<p style=\"text-align: justify;\"><!-- \/wp:paragraph --><\/p>\n<p style=\"text-align: justify;\"><!-- wp:paragraph --><span style=\"color: #ff6600;\">Para m\u00e1s opciones visite:<\/span><\/p>\n<p><!-- \/wp:paragraph --><\/p>\n<p><!-- wp:paragraph -->Sitio Web:<br \/><a href=\"http:\/\/www.bienesraicesonlinegt.com\/\">https:\/\/www.bienesraicesonlinegt.com<\/a><\/p>\n<p><!-- \/wp:paragraph --><\/p>\n<p><!-- wp:paragraph -->Contacto y p\u00e1gina en Google:<br \/><a href=\"https:\/\/g.page\/r\/CaXgCCgE2094EA0\">https:\/\/g.page\/r\/CaXgCCgE2094EA0<\/a><\/p>\n<p><!-- \/wp:paragraph --><\/p>\n<p><!-- wp:paragraph -->Facebook:\u00a0<a href=\"https:\/\/www.facebook.com\/bienesraicesonline\/\">https:\/\/www.facebook.com\/bienesraicesonline\/<\/a><\/p>\n<p><!-- \/wp:paragraph --><\/p>\n<p><!-- wp:paragraph -->Instagram:\u00a0<a href=\"https:\/\/www.instagram.com\/bienesraicesonlinexela\/\">https:\/\/www.instagram.com\/bienesraicesonlinexela\/<\/a><\/p>\n<p><!-- \/wp:paragraph --><\/p>\n<p><!-- wp:paragraph -->YouTube:<br \/><a href=\"https:\/\/www.youtube.com\/channel\/UCIJ2CBQ8RA5Hb_yj1CSeSHA\">https:\/\/www.youtube.com\/channel\/UCIJ2CBQ8RA5Hb_yj1CSeSHA<\/a><\/p>\n<p><!-- \/wp:paragraph --><\/p>\n<p><!-- wp:paragraph -->Tiktok:<br \/><a href=\"https:\/\/vm.tiktok.com\/ZSVst9m5\/\">https:\/\/vm.tiktok.com\/ZSVst9m5\/<\/a><\/p>\n<p><!-- \/wp:paragraph --><\/p>\n<p><!-- wp:paragraph -->Twitter:<br \/><a href=\"https:\/\/twitter.com\/raices_online?s=09\">https:\/\/twitter.com\/raices_online?s=09<\/a><\/p>\n<p><!-- \/wp:paragraph --><\/p>\n<p><!-- wp:paragraph -->Cat\u00e1logo de Propiedades Whatsapp:<br \/><a href=\"https:\/\/wa.me\/c\/50242728393\">https:\/\/wa.me\/c\/50242728393<\/a><\/p>\n<p><!-- \/wp:paragraph --><\/p>\n<p><!-- wp:paragraph -->Men\u00fa General de nuestras plataformas :<br \/><a href=\"https:\/\/instabio.cc\/3102019E78dqC\">https:\/\/instabio.cc\/3102019E78dqC<\/a><\/p>\n<p><!-- \/wp:paragraph --><\/p>\n<p><!-- wp:paragraph -->Whatsapp:<br \/><a href=\"https:\/\/wa.link\/baubcc\">https:\/\/wa.link\/baubcc<\/a><\/p>\n<p><!-- \/wp:paragraph --><\/p>\n<p><!-- wp:paragraph -->Contacto:<br \/>Tel\u00e9fono y\u00a0 whatsapp<br \/>\u202a(502) 42728393\u202c<\/p>\n<p><!-- \/wp:paragraph --><\/p>\n<p><!-- wp:paragraph -->Email<br \/><a href=\"mailto:Info@bienesraicesonlinegt.com\">Info@bienesraicesonlinegt.com<\/a><\/p>[\/et_pb_text][et_pb_image src=&#8221;https:\/\/bienesraicesonlinegt.com\/wp-content\/uploads\/2025\/08\/Logopit_1706077251721.jpg&#8221; _builder_version=&#8221;4.23&#8243; _module_preset=&#8221;default&#8221; alt=&#8221;Bienes Ra\u00edces Online&#8221; title_text=&#8221;Bienes Ra\u00edces Online&#8221; show_in_lightbox=&#8221;on&#8221; hover_enabled=&#8221;0&#8243; sticky_enabled=&#8221;0&#8243;][\/et_pb_image][\/et_pb_column][\/et_pb_row][\/et_pb_section]<div class=\"pvc_clear\"><\/div><p class=\"pvc_stats all \" data-element-id=\"2583\" style=\"\"><i class=\"pvc-stats-icon medium\" aria-hidden=\"true\"><svg aria-hidden=\"true\" focusable=\"false\" data-prefix=\"far\" data-icon=\"chart-bar\" role=\"img\" xmlns=\"http:\/\/www.w3.org\/2000\/svg\" viewBox=\"0 0 512 512\" class=\"svg-inline--fa fa-chart-bar fa-w-16 fa-2x\"><path fill=\"currentColor\" d=\"M396.8 352h22.4c6.4 0 12.8-6.4 12.8-12.8V108.8c0-6.4-6.4-12.8-12.8-12.8h-22.4c-6.4 0-12.8 6.4-12.8 12.8v230.4c0 6.4 6.4 12.8 12.8 12.8zm-192 0h22.4c6.4 0 12.8-6.4 12.8-12.8V140.8c0-6.4-6.4-12.8-12.8-12.8h-22.4c-6.4 0-12.8 6.4-12.8 12.8v198.4c0 6.4 6.4 12.8 12.8 12.8zm96 0h22.4c6.4 0 12.8-6.4 12.8-12.8V204.8c0-6.4-6.4-12.8-12.8-12.8h-22.4c-6.4 0-12.8 6.4-12.8 12.8v134.4c0 6.4 6.4 12.8 12.8 12.8zM496 400H48V80c0-8.84-7.16-16-16-16H16C7.16 64 0 71.16 0 80v336c0 17.67 14.33 32 32 32h464c8.84 0 16-7.16 16-16v-16c0-8.84-7.16-16-16-16zm-387.2-48h22.4c6.4 0 12.8-6.4 12.8-12.8v-70.4c0-6.4-6.4-12.8-12.8-12.8h-22.4c-6.4 0-12.8 6.4-12.8 12.8v70.4c0 6.4 6.4 12.8 12.8 12.8z\" class=\"\"><\/path><\/svg><\/i> &nbsp;249&nbsp;Total visitas, &nbsp;4&nbsp;Visitas hoy<\/p><div class=\"pvc_clear\"><\/div>","protected":false},"excerpt":{"rendered":"<p>Propiedades en Alquiler\u00a0 En\u00a0propiedades\u00a0en Alquiler\u00a0 trabajamos de la siguiente forma: Cuando los due\u00f1os o encargados de las propiedades nos dan el\u00a0Ok\u00a0sobre el alquiler, vamos y tomamos fotograf\u00edas y v\u00eddeos recorridos de las propiedades, para lo cual nos sirve para hacer una ficha t\u00e9cnica de la propiedad tal como (ubicaci\u00f3n, accesibilidad, accesos, servicios, vecindario, ambientes de [&hellip;]<\/p>\n<div class=\"pvc_clear\"><\/div>\n<p class=\"pvc_stats all \" data-element-id=\"2583\" style=\"\"><i class=\"pvc-stats-icon medium\" aria-hidden=\"true\"><svg aria-hidden=\"true\" focusable=\"false\" data-prefix=\"far\" data-icon=\"chart-bar\" role=\"img\" xmlns=\"http:\/\/www.w3.org\/2000\/svg\" viewBox=\"0 0 512 512\" class=\"svg-inline--fa fa-chart-bar fa-w-16 fa-2x\"><path fill=\"currentColor\" d=\"M396.8 352h22.4c6.4 0 12.8-6.4 12.8-12.8V108.8c0-6.4-6.4-12.8-12.8-12.8h-22.4c-6.4 0-12.8 6.4-12.8 12.8v230.4c0 6.4 6.4 12.8 12.8 12.8zm-192 0h22.4c6.4 0 12.8-6.4 12.8-12.8V140.8c0-6.4-6.4-12.8-12.8-12.8h-22.4c-6.4 0-12.8 6.4-12.8 12.8v198.4c0 6.4 6.4 12.8 12.8 12.8zm96 0h22.4c6.4 0 12.8-6.4 12.8-12.8V204.8c0-6.4-6.4-12.8-12.8-12.8h-22.4c-6.4 0-12.8 6.4-12.8 12.8v134.4c0 6.4 6.4 12.8 12.8 12.8zM496 400H48V80c0-8.84-7.16-16-16-16H16C7.16 64 0 71.16 0 80v336c0 17.67 14.33 32 32 32h464c8.84 0 16-7.16 16-16v-16c0-8.84-7.16-16-16-16zm-387.2-48h22.4c6.4 0 12.8-6.4 12.8-12.8v-70.4c0-6.4-6.4-12.8-12.8-12.8h-22.4c-6.4 0-12.8 6.4-12.8 12.8v70.4c0 6.4 6.4 12.8 12.8 12.8z\" class=\"\"><\/path><\/svg><\/i> &nbsp;249&nbsp;Total visitas, &nbsp;4&nbsp;Visitas hoy<\/p>\n<div class=\"pvc_clear\"><\/div>\n","protected":false},"author":1,"featured_media":0,"parent":0,"menu_order":0,"comment_status":"closed","ping_status":"closed","template":"","meta":{"_et_pb_use_builder":"on","_et_pb_old_content":"<!-- wp:paragraph -->\n<p><em><strong>Propiedades en Alquiler&nbsp;<\/strong><\/em><\/p>\n<!-- \/wp:paragraph -->\n\n<!-- wp:paragraph -->\n<p>En&nbsp;<strong>propiedades<\/strong>&nbsp;en<strong> Alquiler<\/strong>&nbsp; trabajamos de la siguiente forma:<\/p>\n<!-- \/wp:paragraph -->\n\n<!-- wp:paragraph -->\n<p>Cuando los due\u00f1os o encargados de las propiedades nos dan el&nbsp;Ok&nbsp;sobre el alquiler, vamos y tomamos fotograf\u00edas y v\u00eddeos recorridos de las propiedades, para lo cual nos sirve para hacer una ficha t\u00e9cnica de la propiedad tal como (ubicaci\u00f3n, accesibilidad, accesos, servicios, vecindario, ambientes de la propiedad etc.) esto para poderlo subir a nuestras diferencias&nbsp;plataformas,&nbsp;tales como P\u00e1gina Web que es la encargada de enviar informaci\u00f3n a las redes Sociales y La Internet, que todos son nichos de venta diferentes. (Esto con el permiso de los due\u00f1os previamente) Esto nos sirve para ir depurando a los verdaderos interesados.<\/p>\n<!-- \/wp:paragraph -->\n\n<!-- wp:paragraph -->\n<p>Cuando tenemos ya algunas personas interesadas hacemos las visitas programadas a las propiedades, en ese momento si tenemos alguna propuesta sobre los interesados la pasamos con los due\u00f1os o encargados de las propiedades, si esa propuesta les llega a interesar a ambas partes a negociar, al final el due\u00f1o y los posibles arrendatarios son los que hacen la negociaci\u00f3n final.<\/p>\n<!-- \/wp:paragraph -->\n\n<!-- wp:paragraph -->\n<p><strong>Nosotros cobramos la primera&nbsp; renta de comisi\u00f3n sobre el Alquiler. El cual se da al final de cerrado el negocio.<\/strong><\/p>\n<!-- \/wp:paragraph -->\n\n<!-- wp:paragraph -->\n<p>Somos promotores inmobiliarios con experiencia en el mercado, que en el proceso del alquiler, damos seguimiento y asesoria, hasta que este finalice.<\/p>\n<!-- \/wp:paragraph -->\n\n<!-- wp:paragraph -->\n<p>A continuaci\u00f3n encontrar\u00e1 los links de nuestras diferentes plataformas donde puede ubicarnos, contactarnos y que pueda ver nuestra experiencia.<\/p>\n<!-- \/wp:paragraph -->\n\n<!-- wp:paragraph -->\n<p>Para m\u00e1s opciones visite:<\/p>\n<!-- \/wp:paragraph -->\n\n<!-- wp:paragraph -->\n<p>Sitio Web:<br><a href=\"http:\/\/www.bienesraicesonlinegt.com\/\">https:\/\/www.bienesraicesonlinegt.com<\/a><\/p>\n<!-- \/wp:paragraph -->\n\n<!-- wp:paragraph -->\n<p>Contacto y p\u00e1gina en Google:<br><a href=\"https:\/\/g.page\/r\/CaXgCCgE2094EA0\">https:\/\/g.page\/r\/CaXgCCgE2094EA0<\/a><\/p>\n<!-- \/wp:paragraph -->\n\n<!-- wp:paragraph -->\n<p>Facebook:&nbsp;<a href=\"https:\/\/www.facebook.com\/bienesraicesonline\/\">https:\/\/www.facebook.com\/bienesraicesonline\/<\/a><\/p>\n<!-- \/wp:paragraph -->\n\n<!-- wp:paragraph -->\n<p>Instagram:&nbsp;<a href=\"https:\/\/www.instagram.com\/bienesraicesonlinexela\/\">https:\/\/www.instagram.com\/bienesraicesonlinexela\/<\/a><\/p>\n<!-- \/wp:paragraph -->\n\n<!-- wp:paragraph -->\n<p>YouTube:<br><a href=\"https:\/\/www.youtube.com\/channel\/UCIJ2CBQ8RA5Hb_yj1CSeSHA\">https:\/\/www.youtube.com\/channel\/UCIJ2CBQ8RA5Hb_yj1CSeSHA<\/a><\/p>\n<!-- \/wp:paragraph -->\n\n<!-- wp:paragraph -->\n<p>Tiktok:<br><a href=\"https:\/\/vm.tiktok.com\/ZSVst9m5\/\">https:\/\/vm.tiktok.com\/ZSVst9m5\/<\/a><\/p>\n<!-- \/wp:paragraph -->\n\n<!-- wp:paragraph -->\n<p>Twitter:<br><a href=\"https:\/\/twitter.com\/raices_online?s=09\">https:\/\/twitter.com\/raices_online?s=09<\/a><\/p>\n<!-- \/wp:paragraph -->\n\n<!-- wp:paragraph -->\n<p>Cat\u00e1logo de Propiedades Whatsapp:<br><a href=\"https:\/\/wa.me\/c\/50242728393\">https:\/\/wa.me\/c\/50242728393<\/a><\/p>\n<!-- \/wp:paragraph -->\n\n<!-- wp:paragraph -->\n<p>Men\u00fa General de nuestras plataformas :<br><a href=\"https:\/\/instabio.cc\/3102019E78dqC\">https:\/\/instabio.cc\/3102019E78dqC<\/a><\/p>\n<!-- \/wp:paragraph -->\n\n<!-- wp:paragraph -->\n<p>Whatsapp:<br><a href=\"https:\/\/wa.link\/baubcc\">https:\/\/wa.link\/baubcc<\/a><\/p>\n<!-- \/wp:paragraph -->\n\n<!-- wp:paragraph -->\n<p>Contacto:<br>Tel\u00e9fono y&nbsp; whatsapp<br>\u202a(502) 42728393\u202c<\/p>\n<!-- \/wp:paragraph -->\n\n<!-- wp:paragraph -->\n<p>Email<br>Info@bienesraicesonlinegt.com<\/p>\n<!-- \/wp:paragraph -->","_et_gb_content_width":"","_monsterinsights_skip_tracking":false,"_monsterinsights_sitenote_active":false,"_monsterinsights_sitenote_note":"","_monsterinsights_sitenote_category":0,"footnotes":""},"class_list":["post-2583","page","type-page","status-publish","hentry"],"yoast_head":"<!-- This site is optimized with the Yoast SEO plugin v25.6 - https:\/\/yoast.com\/wordpress\/plugins\/seo\/ -->\n<title>Propiedades en Alquiler - Bienes Ra\u00edces Online<\/title>\n<meta name=\"robots\" content=\"index, follow, max-snippet:-1, max-image-preview:large, max-video-preview:-1\" \/>\n<link rel=\"canonical\" href=\"https:\/\/bienesraicesonlinegt.com\/index.php\/propiedades-en-alquiler\/\" \/>\n<meta property=\"og:locale\" content=\"es_ES\" \/>\n<meta property=\"og:type\" content=\"article\" \/>\n<meta property=\"og:title\" content=\"Propiedades en Alquiler - Bienes Ra\u00edces Online\" \/>\n<meta property=\"og:description\" content=\"Propiedades en Alquiler\u00a0 En\u00a0propiedades\u00a0en Alquiler\u00a0 trabajamos de la siguiente forma: Cuando los due\u00f1os o encargados de las propiedades nos dan el\u00a0Ok\u00a0sobre el alquiler, vamos y tomamos fotograf\u00edas y v\u00eddeos recorridos de las propiedades, para lo cual nos sirve para hacer una ficha t\u00e9cnica de la propiedad tal como (ubicaci\u00f3n, accesibilidad, accesos, servicios, vecindario, ambientes de [&hellip;]\" \/>\n<meta property=\"og:url\" content=\"https:\/\/bienesraicesonlinegt.com\/index.php\/propiedades-en-alquiler\/\" \/>\n<meta property=\"og:site_name\" content=\"Bienes Ra\u00edces Online\" \/>\n<meta property=\"article:publisher\" content=\"https:\/\/www.facebook.com\/bienesraicesonline\/\" \/>\n<meta property=\"article:modified_time\" content=\"2025-08-20T08:53:15+00:00\" \/>\n<meta name=\"twitter:card\" content=\"summary_large_image\" \/>\n<meta name=\"twitter:site\" content=\"@raices_online\" \/>\n<meta name=\"twitter:label1\" content=\"Tiempo de lectura\" \/>\n\t<meta name=\"twitter:data1\" content=\"3 minutos\" \/>\n<script type=\"application\/ld+json\" class=\"yoast-schema-graph\">{\"@context\":\"https:\/\/schema.org\",\"@graph\":[{\"@type\":\"WebPage\",\"@id\":\"https:\/\/bienesraicesonlinegt.com\/index.php\/propiedades-en-alquiler\/\",\"url\":\"https:\/\/bienesraicesonlinegt.com\/index.php\/propiedades-en-alquiler\/\",\"name\":\"Propiedades en Alquiler - Bienes Ra\u00edces Online\",\"isPartOf\":{\"@id\":\"https:\/\/bienesraicesonlinegt.com\/#website\"},\"datePublished\":\"2025-02-25T05:53:21+00:00\",\"dateModified\":\"2025-08-20T08:53:15+00:00\",\"breadcrumb\":{\"@id\":\"https:\/\/bienesraicesonlinegt.com\/index.php\/propiedades-en-alquiler\/#breadcrumb\"},\"inLanguage\":\"es\",\"potentialAction\":[{\"@type\":\"ReadAction\",\"target\":[\"https:\/\/bienesraicesonlinegt.com\/index.php\/propiedades-en-alquiler\/\"]}]},{\"@type\":\"BreadcrumbList\",\"@id\":\"https:\/\/bienesraicesonlinegt.com\/index.php\/propiedades-en-alquiler\/#breadcrumb\",\"itemListElement\":[{\"@type\":\"ListItem\",\"position\":1,\"name\":\"Portada\",\"item\":\"https:\/\/bienesraicesonlinegt.com\/\"},{\"@type\":\"ListItem\",\"position\":2,\"name\":\"Propiedades en Alquiler\"}]},{\"@type\":\"WebSite\",\"@id\":\"https:\/\/bienesraicesonlinegt.com\/#website\",\"url\":\"https:\/\/bienesraicesonlinegt.com\/\",\"name\":\"Bienes Ra\u00edces Online\",\"description\":\"Tu Mejor Opci\u00f3n de Bienes Inmuebles en Guatemala \",\"publisher\":{\"@id\":\"https:\/\/bienesraicesonlinegt.com\/#organization\"},\"potentialAction\":[{\"@type\":\"SearchAction\",\"target\":{\"@type\":\"EntryPoint\",\"urlTemplate\":\"https:\/\/bienesraicesonlinegt.com\/?s={search_term_string}\"},\"query-input\":{\"@type\":\"PropertyValueSpecification\",\"valueRequired\":true,\"valueName\":\"search_term_string\"}}],\"inLanguage\":\"es\"},{\"@type\":\"Organization\",\"@id\":\"https:\/\/bienesraicesonlinegt.com\/#organization\",\"name\":\"Bienes Ra\u00edces Online\",\"url\":\"https:\/\/bienesraicesonlinegt.com\/\",\"logo\":{\"@type\":\"ImageObject\",\"inLanguage\":\"es\",\"@id\":\"https:\/\/bienesraicesonlinegt.com\/#\/schema\/logo\/image\/\",\"url\":\"https:\/\/i0.wp.com\/bienesraicesonlinegt.com\/wp-content\/uploads\/2022\/03\/cropped-Picsart_22-01-02_18-40-13-901.jpg?fit=512%2C512&ssl=1\",\"contentUrl\":\"https:\/\/i0.wp.com\/bienesraicesonlinegt.com\/wp-content\/uploads\/2022\/03\/cropped-Picsart_22-01-02_18-40-13-901.jpg?fit=512%2C512&ssl=1\",\"width\":512,\"height\":512,\"caption\":\"Bienes Ra\u00edces Online\"},\"image\":{\"@id\":\"https:\/\/bienesraicesonlinegt.com\/#\/schema\/logo\/image\/\"},\"sameAs\":[\"https:\/\/www.facebook.com\/bienesraicesonline\/\",\"https:\/\/x.com\/raices_online\",\"https:\/\/www.instagram.com\/bienesraicesonlinexela\/\",\"https:\/\/pin.it\/1vdHG9B\",\"https:\/\/www.youtube.com\/channel\/UCIJ2CBQ8RA5Hb_yj1CSeSHA\",\"https:\/\/bienes-raices-online-xela.negocio.site\/\",\"https:\/\/vm.tiktok.com\/ZSVst9m5\/\",\"https:\/\/wa.me\/message\/VRLOSYS56UWQF1\"]}]}<\/script>\n<!-- \/ Yoast SEO plugin. -->","yoast_head_json":{"title":"Propiedades en Alquiler - Bienes Ra\u00edces Online","robots":{"index":"index","follow":"follow","max-snippet":"max-snippet:-1","max-image-preview":"max-image-preview:large","max-video-preview":"max-video-preview:-1"},"canonical":"https:\/\/bienesraicesonlinegt.com\/index.php\/propiedades-en-alquiler\/","og_locale":"es_ES","og_type":"article","og_title":"Propiedades en Alquiler - Bienes Ra\u00edces Online","og_description":"Propiedades en Alquiler\u00a0 En\u00a0propiedades\u00a0en Alquiler\u00a0 trabajamos de la siguiente forma: Cuando los due\u00f1os o encargados de las propiedades nos dan el\u00a0Ok\u00a0sobre el alquiler, vamos y tomamos fotograf\u00edas y v\u00eddeos recorridos de las propiedades, para lo cual nos sirve para hacer una ficha t\u00e9cnica de la propiedad tal como (ubicaci\u00f3n, accesibilidad, accesos, servicios, vecindario, ambientes de [&hellip;]","og_url":"https:\/\/bienesraicesonlinegt.com\/index.php\/propiedades-en-alquiler\/","og_site_name":"Bienes Ra\u00edces Online","article_publisher":"https:\/\/www.facebook.com\/bienesraicesonline\/","article_modified_time":"2025-08-20T08:53:15+00:00","twitter_card":"summary_large_image","twitter_site":"@raices_online","twitter_misc":{"Tiempo de lectura":"3 minutos"},"schema":{"@context":"https:\/\/schema.org","@graph":[{"@type":"WebPage","@id":"https:\/\/bienesraicesonlinegt.com\/index.php\/propiedades-en-alquiler\/","url":"https:\/\/bienesraicesonlinegt.com\/index.php\/propiedades-en-alquiler\/","name":"Propiedades en Alquiler - Bienes Ra\u00edces Online","isPartOf":{"@id":"https:\/\/bienesraicesonlinegt.com\/#website"},"datePublished":"2025-02-25T05:53:21+00:00","dateModified":"2025-08-20T08:53:15+00:00","breadcrumb":{"@id":"https:\/\/bienesraicesonlinegt.com\/index.php\/propiedades-en-alquiler\/#breadcrumb"},"inLanguage":"es","potentialAction":[{"@type":"ReadAction","target":["https:\/\/bienesraicesonlinegt.com\/index.php\/propiedades-en-alquiler\/"]}]},{"@type":"BreadcrumbList","@id":"https:\/\/bienesraicesonlinegt.com\/index.php\/propiedades-en-alquiler\/#breadcrumb","itemListElement":[{"@type":"ListItem","position":1,"name":"Portada","item":"https:\/\/bienesraicesonlinegt.com\/"},{"@type":"ListItem","position":2,"name":"Propiedades en Alquiler"}]},{"@type":"WebSite","@id":"https:\/\/bienesraicesonlinegt.com\/#website","url":"https:\/\/bienesraicesonlinegt.com\/","name":"Bienes Ra\u00edces Online","description":"Tu Mejor Opci\u00f3n de Bienes Inmuebles en Guatemala ","publisher":{"@id":"https:\/\/bienesraicesonlinegt.com\/#organization"},"potentialAction":[{"@type":"SearchAction","target":{"@type":"EntryPoint","urlTemplate":"https:\/\/bienesraicesonlinegt.com\/?s={search_term_string}"},"query-input":{"@type":"PropertyValueSpecification","valueRequired":true,"valueName":"search_term_string"}}],"inLanguage":"es"},{"@type":"Organization","@id":"https:\/\/bienesraicesonlinegt.com\/#organization","name":"Bienes Ra\u00edces Online","url":"https:\/\/bienesraicesonlinegt.com\/","logo":{"@type":"ImageObject","inLanguage":"es","@id":"https:\/\/bienesraicesonlinegt.com\/#\/schema\/logo\/image\/","url":"https:\/\/i0.wp.com\/bienesraicesonlinegt.com\/wp-content\/uploads\/2022\/03\/cropped-Picsart_22-01-02_18-40-13-901.jpg?fit=512%2C512&ssl=1","contentUrl":"https:\/\/i0.wp.com\/bienesraicesonlinegt.com\/wp-content\/uploads\/2022\/03\/cropped-Picsart_22-01-02_18-40-13-901.jpg?fit=512%2C512&ssl=1","width":512,"height":512,"caption":"Bienes Ra\u00edces Online"},"image":{"@id":"https:\/\/bienesraicesonlinegt.com\/#\/schema\/logo\/image\/"},"sameAs":["https:\/\/www.facebook.com\/bienesraicesonline\/","https:\/\/x.com\/raices_online","https:\/\/www.instagram.com\/bienesraicesonlinexela\/","https:\/\/pin.it\/1vdHG9B","https:\/\/www.youtube.com\/channel\/UCIJ2CBQ8RA5Hb_yj1CSeSHA","https:\/\/bienes-raices-online-xela.negocio.site\/","https:\/\/vm.tiktok.com\/ZSVst9m5\/","https:\/\/wa.me\/message\/VRLOSYS56UWQF1"]}]}},"_links":{"self":[{"href":"https:\/\/bienesraicesonlinegt.com\/index.php\/wp-json\/wp\/v2\/pages\/2583"}],"collection":[{"href":"https:\/\/bienesraicesonlinegt.com\/index.php\/wp-json\/wp\/v2\/pages"}],"about":[{"href":"https:\/\/bienesraicesonlinegt.com\/index.php\/wp-json\/wp\/v2\/types\/page"}],"author":[{"embeddable":true,"href":"https:\/\/bienesraicesonlinegt.com\/index.php\/wp-json\/wp\/v2\/users\/1"}],"replies":[{"embeddable":true,"href":"https:\/\/bienesraicesonlinegt.com\/index.php\/wp-json\/wp\/v2\/comments?post=2583"}],"version-history":[{"count":6,"href":"https:\/\/bienesraicesonlinegt.com\/index.php\/wp-json\/wp\/v2\/pages\/2583\/revisions"}],"predecessor-version":[{"id":3119,"href":"https:\/\/bienesraicesonlinegt.com\/index.php\/wp-json\/wp\/v2\/pages\/2583\/revisions\/3119"}],"wp:attachment":[{"href":"https:\/\/bienesraicesonlinegt.com\/index.php\/wp-json\/wp\/v2\/media?parent=2583"}],"curies":[{"name":"wp","href":"https:\/\/api.w.org\/{rel}","templated":true}]}}