{"id":2760,"date":"2025-03-15T01:34:23","date_gmt":"2025-03-15T01:34:23","guid":{"rendered":"https:\/\/bienesraicesonlinegt.com\/?page_id=2760"},"modified":"2025-03-16T01:41:21","modified_gmt":"2025-03-16T01:41:21","slug":"en-venta-casa-y-apartamento-cerca-de-interplaza-xela","status":"publish","type":"page","link":"https:\/\/bienesraicesonlinegt.com\/index.php\/casas-en-venta-y-renta\/en-venta-casa-y-apartamento-cerca-de-interplaza-xela\/","title":{"rendered":"En Venta Casa y Apartamento cerca de Interplaza Xela"},"content":{"rendered":"<p>[et_pb_section fb_built=&#8221;1&#8243; _builder_version=&#8221;4.16&#8243; global_colors_info=&#8221;{}&#8221;][et_pb_row _builder_version=&#8221;4.16&#8243; background_size=&#8221;initial&#8221; background_position=&#8221;top_left&#8221; background_repeat=&#8221;repeat&#8221; global_colors_info=&#8221;{}&#8221;][et_pb_column type=&#8221;4_4&#8243; _builder_version=&#8221;4.16&#8243; custom_padding=&#8221;|||&#8221; global_colors_info=&#8221;{}&#8221; custom_padding__hover=&#8221;|||&#8221;][et_pb_text _builder_version=&#8221;4.16&#8243; background_size=&#8221;initial&#8221; background_position=&#8221;top_left&#8221; background_repeat=&#8221;repeat&#8221; global_colors_info=&#8221;{}&#8221;]<!-- divi:paragraph --><\/p>\n<p>En Venta Casa y Apartamento cerca de Interplaza Xela <\/p>\n<p><!-- \/divi:paragraph --><\/p>\n<p><!-- divi:paragraph --><\/p>\n<p>En Venta Casa y Apartamento, cerca Interplaza Xela,&nbsp; Cerca de Centros comerciales, universidades y carretera principal, Quetzaltenango.<\/p>\n<p><!-- \/divi:paragraph --><\/p>\n<p><!-- divi:paragraph --><\/p>\n<p>Se venden las 2 ropiedades juntas.<\/p>\n<p><!-- \/divi:paragraph --><\/p>\n<p><!-- divi:paragraph --><\/p>\n<p>Caracter\u00edsticas:<\/p>\n<p><!-- \/divi:paragraph --><\/p>\n<p><!-- divi:paragraph --><\/p>\n<p>Casa:<br \/>1 Nivel<br \/>Lamina en muy buen estado<br \/>2 Habitaci\u00f3nes<br \/>1 ba\u00f1o completo<br \/>1 bodeguita<br \/>Sala<br \/>Comedor Cocina<br \/>\u00c1rea de lavander\u00eda techada y patio.<\/p>\n<p><!-- \/divi:paragraph --><\/p>\n<p><!-- divi:paragraph --><\/p>\n<p>Apartamento:<br \/>3 habitaciones<br \/>3 ba\u00f1os<br \/>Sala<br \/>Comedor, Cocina<br \/>\u00c1rea de Lavanderia<\/p>\n<p><!-- \/divi:paragraph --><\/p>\n<p><!-- divi:paragraph --><\/p>\n<p>Escritura Registrada<br \/>Escritura en orden<br \/>Servicios municipales<\/p>\n<p><!-- \/divi:paragraph --><\/p>\n<p><!-- divi:paragraph --><\/p>\n<p>Medida: 10 X 20 mts<\/p>\n<p><!-- \/divi:paragraph --><\/p>\n<p><!-- divi:paragraph --><\/p>\n<p>Precio:<br \/>Q.1,900,000.00<\/p>\n<p><!-- \/divi:paragraph --><\/p>\n<p><!-- divi:paragraph --><\/p>\n<p>Informaci\u00f3n:<br \/>Tel\u00e9fono y Whatsapp<br \/>42728393<br \/>Email:<br \/>info@bienesraicesonlinegt.com<br \/>Sitio web:<br \/>www.bienesraicesonlinegt.com<\/p>\n<p><!-- \/divi:paragraph --><\/p>\n<p><!-- divi:image {\"id\":2757,\"sizeSlug\":\"large\"} --><\/p>\n<figure class=\"wp-block-image size-large\"><img fetchpriority=\"high\" fetchpriority=\"high\" decoding=\"async\" width=\"576\" height=\"1024\" src=\"https:\/\/bienesraicesonlinegt.com\/wp-content\/uploads\/2025\/03\/Historia-para-Instagram-de-alquiler-casa-verde_20250313_234903_0000-576x1024.jpg\" alt=\"\" class=\"wp-image-2757\"\/><figcaption class=\"wp-element-caption\">En Venta Casa y Apartamento cerca de Interplaza Xela <\/figcaption><\/figure>\n<p><!-- \/divi:image -->[\/et_pb_text][et_pb_text _builder_version=&#8221;4.23&#8243; _module_preset=&#8221;default&#8221; hover_enabled=&#8221;0&#8243; sticky_enabled=&#8221;0&#8243;]<\/p>\n<p style=\"text-align: center;\"><span style=\"color: #008000;\"><strong>Foto Galer\u00eda de la Casa y Apartamento\u00a0<\/strong><\/span><\/p>\n<p>[\/et_pb_text][et_pb_gallery _builder_version=&#8221;4.23&#8243; _module_preset=&#8221;default&#8221; gallery_ids=&#8221;2762,2763,2764,2765,2766,2767,2768,2769,2770,2771,2772,2773&#8243; posts_number=&#8221;1&#8243; hover_enabled=&#8221;0&#8243; sticky_enabled=&#8221;0&#8243;][\/et_pb_gallery][\/et_pb_column][\/et_pb_row][\/et_pb_section]<\/p>\n<div class=\"pvc_clear\"><\/div>\n<p class=\"pvc_stats all \" data-element-id=\"2760\" style=\"\"><i class=\"pvc-stats-icon medium\" aria-hidden=\"true\"><svg aria-hidden=\"true\" focusable=\"false\" data-prefix=\"far\" data-icon=\"chart-bar\" role=\"img\" xmlns=\"http:\/\/www.w3.org\/2000\/svg\" viewBox=\"0 0 512 512\" class=\"svg-inline--fa fa-chart-bar fa-w-16 fa-2x\"><path fill=\"currentColor\" d=\"M396.8 352h22.4c6.4 0 12.8-6.4 12.8-12.8V108.8c0-6.4-6.4-12.8-12.8-12.8h-22.4c-6.4 0-12.8 6.4-12.8 12.8v230.4c0 6.4 6.4 12.8 12.8 12.8zm-192 0h22.4c6.4 0 12.8-6.4 12.8-12.8V140.8c0-6.4-6.4-12.8-12.8-12.8h-22.4c-6.4 0-12.8 6.4-12.8 12.8v198.4c0 6.4 6.4 12.8 12.8 12.8zm96 0h22.4c6.4 0 12.8-6.4 12.8-12.8V204.8c0-6.4-6.4-12.8-12.8-12.8h-22.4c-6.4 0-12.8 6.4-12.8 12.8v134.4c0 6.4 6.4 12.8 12.8 12.8zM496 400H48V80c0-8.84-7.16-16-16-16H16C7.16 64 0 71.16 0 80v336c0 17.67 14.33 32 32 32h464c8.84 0 16-7.16 16-16v-16c0-8.84-7.16-16-16-16zm-387.2-48h22.4c6.4 0 12.8-6.4 12.8-12.8v-70.4c0-6.4-6.4-12.8-12.8-12.8h-22.4c-6.4 0-12.8 6.4-12.8 12.8v70.4c0 6.4 6.4 12.8 12.8 12.8z\" class=\"\"><\/path><\/svg><\/i> &nbsp;190&nbsp;Total visitas<\/p>\n<div class=\"pvc_clear\"><\/div>\n","protected":false},"excerpt":{"rendered":"<p>En Venta Casa y Apartamento cerca de Interplaza Xela En Venta Casa y Apartamento, cerca Interplaza Xela,&nbsp; Cerca de Centros comerciales, universidades y carretera principal, Quetzaltenango. Se venden las 2 ropiedades juntas. Caracter\u00edsticas: Casa:1 NivelLamina en muy buen estado2 Habitaci\u00f3nes1 ba\u00f1o completo1 bodeguitaSalaComedor Cocina\u00c1rea de lavander\u00eda techada y patio. Apartamento:3 habitaciones3 ba\u00f1osSalaComedor, Cocina\u00c1rea de Lavanderia [&hellip;]<\/p>\n<div class=\"pvc_clear\"><\/div>\n<p class=\"pvc_stats all \" data-element-id=\"2760\" style=\"\"><i class=\"pvc-stats-icon medium\" aria-hidden=\"true\"><svg aria-hidden=\"true\" focusable=\"false\" data-prefix=\"far\" data-icon=\"chart-bar\" role=\"img\" xmlns=\"http:\/\/www.w3.org\/2000\/svg\" viewBox=\"0 0 512 512\" class=\"svg-inline--fa fa-chart-bar fa-w-16 fa-2x\"><path fill=\"currentColor\" d=\"M396.8 352h22.4c6.4 0 12.8-6.4 12.8-12.8V108.8c0-6.4-6.4-12.8-12.8-12.8h-22.4c-6.4 0-12.8 6.4-12.8 12.8v230.4c0 6.4 6.4 12.8 12.8 12.8zm-192 0h22.4c6.4 0 12.8-6.4 12.8-12.8V140.8c0-6.4-6.4-12.8-12.8-12.8h-22.4c-6.4 0-12.8 6.4-12.8 12.8v198.4c0 6.4 6.4 12.8 12.8 12.8zm96 0h22.4c6.4 0 12.8-6.4 12.8-12.8V204.8c0-6.4-6.4-12.8-12.8-12.8h-22.4c-6.4 0-12.8 6.4-12.8 12.8v134.4c0 6.4 6.4 12.8 12.8 12.8zM496 400H48V80c0-8.84-7.16-16-16-16H16C7.16 64 0 71.16 0 80v336c0 17.67 14.33 32 32 32h464c8.84 0 16-7.16 16-16v-16c0-8.84-7.16-16-16-16zm-387.2-48h22.4c6.4 0 12.8-6.4 12.8-12.8v-70.4c0-6.4-6.4-12.8-12.8-12.8h-22.4c-6.4 0-12.8 6.4-12.8 12.8v70.4c0 6.4 6.4 12.8 12.8 12.8z\" class=\"\"><\/path><\/svg><\/i> &nbsp;190&nbsp;Total visitas<\/p>\n<div class=\"pvc_clear\"><\/div>\n","protected":false},"author":1,"featured_media":0,"parent":115,"menu_order":0,"comment_status":"open","ping_status":"closed","template":"","meta":{"_et_pb_use_builder":"on","_et_pb_old_content":"<!-- wp:paragraph -->\n<p>En Venta Casa y Apartamento cerca de Interplaza Xela <\/p>\n<!-- \/wp:paragraph -->\n\n<!-- wp:paragraph -->\n<p>En Venta Casa y Apartamento, cerca Interplaza Xela,&nbsp; Cerca de Centros comerciales, universidades y carretera principal, Quetzaltenango.<\/p>\n<!-- \/wp:paragraph -->\n\n<!-- wp:paragraph -->\n<p>Se venden las 2 ropiedades juntas.<\/p>\n<!-- \/wp:paragraph -->\n\n<!-- wp:paragraph -->\n<p>Caracter\u00edsticas:<\/p>\n<!-- \/wp:paragraph -->\n\n<!-- wp:paragraph -->\n<p>Casa:<br \/>1 Nivel<br \/>Lamina en muy buen estado<br \/>2 Habitaci\u00f3nes<br \/>1 ba\u00f1o completo<br \/>1 bodeguita<br \/>Sala<br \/>Comedor Cocina<br \/>\u00c1rea de lavander\u00eda techada y patio.<\/p>\n<!-- \/wp:paragraph -->\n\n<!-- wp:paragraph -->\n<p>Apartamento:<br \/>3 habitaciones<br \/>3 ba\u00f1os<br \/>Sala<br \/>Comedor, Cocina<br \/>\u00c1rea de Lavanderia<\/p>\n<!-- \/wp:paragraph -->\n\n<!-- wp:paragraph -->\n<p>Escritura Registrada<br \/>Escritura en orden<br \/>Servicios municipales<\/p>\n<!-- \/wp:paragraph -->\n\n<!-- wp:paragraph -->\n<p>Medida: 10 X 20 mts<\/p>\n<!-- \/wp:paragraph -->\n\n<!-- wp:paragraph -->\n<p>Precio:<br \/>Q.1,900,000.00<\/p>\n<!-- \/wp:paragraph -->\n\n<!-- wp:paragraph -->\n<p>Informaci\u00f3n:<br \/>Tel\u00e9fono y Whatsapp<br \/>42728393<br \/>Email:<br \/>info@bienesraicesonlinegt.com<br \/>Sitio web:<br \/>www.bienesraicesonlinegt.com<\/p>\n<!-- \/wp:paragraph -->\n\n<!-- wp:image {\"id\":2757,\"sizeSlug\":\"large\"} -->\n<figure class=\"wp-block-image size-large\"><img src=\"https:\/\/bienesraicesonlinegt.com\/wp-content\/uploads\/2025\/03\/Historia-para-Instagram-de-alquiler-casa-verde_20250313_234903_0000-576x1024.jpg\" alt=\"\" class=\"wp-image-2757\"\/><figcaption class=\"wp-element-caption\">En Venta Casa y Apartamento cerca de Interplaza Xela <\/figcaption><\/figure>\n<!-- \/wp:image -->","_et_gb_content_width":"","_monsterinsights_skip_tracking":false,"_monsterinsights_sitenote_active":false,"_monsterinsights_sitenote_note":"","_monsterinsights_sitenote_category":0,"footnotes":""},"class_list":["post-2760","page","type-page","status-publish","hentry"],"yoast_head":"<!-- This site is optimized with the Yoast SEO plugin v25.6 - https:\/\/yoast.com\/wordpress\/plugins\/seo\/ -->\n<title>En Venta Casa y Apartamento cerca de Interplaza Xela - Bienes Ra\u00edces Online<\/title>\n<meta name=\"description\" content=\"En Venta Casa y Apartamento cerca de Interplaza Xela, cerca de Universidades y Centro Comerciales, Informaci\u00f3n Whatsapp +502 42728393\" \/>\n<meta name=\"robots\" content=\"index, follow, max-snippet:-1, max-image-preview:large, max-video-preview:-1\" \/>\n<link rel=\"canonical\" href=\"https:\/\/bienesraicesonlinegt.com\/index.php\/casas-en-venta-y-renta\/en-venta-casa-y-apartamento-cerca-de-interplaza-xela\/\" \/>\n<meta property=\"og:locale\" content=\"es_ES\" \/>\n<meta property=\"og:type\" content=\"article\" \/>\n<meta property=\"og:title\" content=\"En Venta Casa y Apartamento cerca de Interplaza Xela - Bienes Ra\u00edces Online\" \/>\n<meta property=\"og:description\" content=\"En Venta Casa y Apartamento cerca de Interplaza Xela, cerca de Universidades y Centro Comerciales, Informaci\u00f3n Whatsapp +502 42728393\" \/>\n<meta property=\"og:url\" content=\"https:\/\/bienesraicesonlinegt.com\/index.php\/casas-en-venta-y-renta\/en-venta-casa-y-apartamento-cerca-de-interplaza-xela\/\" \/>\n<meta property=\"og:site_name\" content=\"Bienes Ra\u00edces Online\" \/>\n<meta property=\"article:publisher\" content=\"https:\/\/www.facebook.com\/bienesraicesonline\/\" \/>\n<meta property=\"article:modified_time\" content=\"2025-03-16T01:41:21+00:00\" \/>\n<meta property=\"og:image\" content=\"https:\/\/bienesraicesonlinegt.com\/wp-content\/uploads\/2025\/03\/Historia-para-Instagram-de-alquiler-casa-verde_20250313_234903_0000-scaled.jpg\" \/>\n\t<meta property=\"og:image:width\" content=\"1440\" \/>\n\t<meta property=\"og:image:height\" content=\"2560\" \/>\n\t<meta property=\"og:image:type\" content=\"image\/jpeg\" \/>\n<meta name=\"twitter:card\" content=\"summary_large_image\" \/>\n<meta name=\"twitter:site\" content=\"@raices_online\" \/>\n<meta name=\"twitter:label1\" content=\"Tiempo de lectura\" \/>\n\t<meta name=\"twitter:data1\" content=\"1 minuto\" \/>\n<script type=\"application\/ld+json\" class=\"yoast-schema-graph\">{\"@context\":\"https:\/\/schema.org\",\"@graph\":[{\"@type\":\"WebPage\",\"@id\":\"https:\/\/bienesraicesonlinegt.com\/index.php\/casas-en-venta-y-renta\/en-venta-casa-y-apartamento-cerca-de-interplaza-xela\/\",\"url\":\"https:\/\/bienesraicesonlinegt.com\/index.php\/casas-en-venta-y-renta\/en-venta-casa-y-apartamento-cerca-de-interplaza-xela\/\",\"name\":\"En Venta Casa y Apartamento cerca de Interplaza Xela - Bienes Ra\u00edces Online\",\"isPartOf\":{\"@id\":\"https:\/\/bienesraicesonlinegt.com\/#website\"},\"primaryImageOfPage\":{\"@id\":\"https:\/\/bienesraicesonlinegt.com\/index.php\/casas-en-venta-y-renta\/en-venta-casa-y-apartamento-cerca-de-interplaza-xela\/#primaryimage\"},\"image\":{\"@id\":\"https:\/\/bienesraicesonlinegt.com\/index.php\/casas-en-venta-y-renta\/en-venta-casa-y-apartamento-cerca-de-interplaza-xela\/#primaryimage\"},\"thumbnailUrl\":\"https:\/\/bienesraicesonlinegt.com\/wp-content\/uploads\/2025\/03\/Historia-para-Instagram-de-alquiler-casa-verde_20250313_234903_0000-576x1024.jpg\",\"datePublished\":\"2025-03-15T01:34:23+00:00\",\"dateModified\":\"2025-03-16T01:41:21+00:00\",\"description\":\"En Venta Casa y Apartamento cerca de Interplaza Xela, cerca de Universidades y Centro Comerciales, Informaci\u00f3n Whatsapp +502 42728393\",\"breadcrumb\":{\"@id\":\"https:\/\/bienesraicesonlinegt.com\/index.php\/casas-en-venta-y-renta\/en-venta-casa-y-apartamento-cerca-de-interplaza-xela\/#breadcrumb\"},\"inLanguage\":\"es\",\"potentialAction\":[{\"@type\":\"ReadAction\",\"target\":[\"https:\/\/bienesraicesonlinegt.com\/index.php\/casas-en-venta-y-renta\/en-venta-casa-y-apartamento-cerca-de-interplaza-xela\/\"]}]},{\"@type\":\"ImageObject\",\"inLanguage\":\"es\",\"@id\":\"https:\/\/bienesraicesonlinegt.com\/index.php\/casas-en-venta-y-renta\/en-venta-casa-y-apartamento-cerca-de-interplaza-xela\/#primaryimage\",\"url\":\"https:\/\/bienesraicesonlinegt.com\/wp-content\/uploads\/2025\/03\/Historia-para-Instagram-de-alquiler-casa-verde_20250313_234903_0000-scaled.jpg\",\"contentUrl\":\"https:\/\/bienesraicesonlinegt.com\/wp-content\/uploads\/2025\/03\/Historia-para-Instagram-de-alquiler-casa-verde_20250313_234903_0000-scaled.jpg\",\"width\":1440,\"height\":2560,\"caption\":\"En Venta Casa y Apartamento cerca de Interplaza Xela\"},{\"@type\":\"BreadcrumbList\",\"@id\":\"https:\/\/bienesraicesonlinegt.com\/index.php\/casas-en-venta-y-renta\/en-venta-casa-y-apartamento-cerca-de-interplaza-xela\/#breadcrumb\",\"itemListElement\":[{\"@type\":\"ListItem\",\"position\":1,\"name\":\"Portada\",\"item\":\"https:\/\/bienesraicesonlinegt.com\/\"},{\"@type\":\"ListItem\",\"position\":2,\"name\":\"Casas en Venta y Renta\",\"item\":\"https:\/\/bienesraicesonlinegt.com\/index.php\/casas-en-venta-y-renta\/\"},{\"@type\":\"ListItem\",\"position\":3,\"name\":\"En Venta Casa y Apartamento cerca de Interplaza Xela\"}]},{\"@type\":\"WebSite\",\"@id\":\"https:\/\/bienesraicesonlinegt.com\/#website\",\"url\":\"https:\/\/bienesraicesonlinegt.com\/\",\"name\":\"Bienes Ra\u00edces Online\",\"description\":\"Tu Mejor Opci\u00f3n de Bienes Inmuebles en Guatemala \",\"publisher\":{\"@id\":\"https:\/\/bienesraicesonlinegt.com\/#organization\"},\"potentialAction\":[{\"@type\":\"SearchAction\",\"target\":{\"@type\":\"EntryPoint\",\"urlTemplate\":\"https:\/\/bienesraicesonlinegt.com\/?s={search_term_string}\"},\"query-input\":{\"@type\":\"PropertyValueSpecification\",\"valueRequired\":true,\"valueName\":\"search_term_string\"}}],\"inLanguage\":\"es\"},{\"@type\":\"Organization\",\"@id\":\"https:\/\/bienesraicesonlinegt.com\/#organization\",\"name\":\"Bienes Ra\u00edces Online\",\"url\":\"https:\/\/bienesraicesonlinegt.com\/\",\"logo\":{\"@type\":\"ImageObject\",\"inLanguage\":\"es\",\"@id\":\"https:\/\/bienesraicesonlinegt.com\/#\/schema\/logo\/image\/\",\"url\":\"https:\/\/i0.wp.com\/bienesraicesonlinegt.com\/wp-content\/uploads\/2022\/03\/cropped-Picsart_22-01-02_18-40-13-901.jpg?fit=512%2C512&ssl=1\",\"contentUrl\":\"https:\/\/i0.wp.com\/bienesraicesonlinegt.com\/wp-content\/uploads\/2022\/03\/cropped-Picsart_22-01-02_18-40-13-901.jpg?fit=512%2C512&ssl=1\",\"width\":512,\"height\":512,\"caption\":\"Bienes Ra\u00edces Online\"},\"image\":{\"@id\":\"https:\/\/bienesraicesonlinegt.com\/#\/schema\/logo\/image\/\"},\"sameAs\":[\"https:\/\/www.facebook.com\/bienesraicesonline\/\",\"https:\/\/x.com\/raices_online\",\"https:\/\/www.instagram.com\/bienesraicesonlinexela\/\",\"https:\/\/pin.it\/1vdHG9B\",\"https:\/\/www.youtube.com\/channel\/UCIJ2CBQ8RA5Hb_yj1CSeSHA\",\"https:\/\/bienes-raices-online-xela.negocio.site\/\",\"https:\/\/vm.tiktok.com\/ZSVst9m5\/\",\"https:\/\/wa.me\/message\/VRLOSYS56UWQF1\"]}]}<\/script>\n<!-- \/ Yoast SEO plugin. -->","yoast_head_json":{"title":"En Venta Casa y Apartamento cerca de Interplaza Xela - Bienes Ra\u00edces Online","description":"En Venta Casa y Apartamento cerca de Interplaza Xela, cerca de Universidades y Centro Comerciales, Informaci\u00f3n Whatsapp +502 42728393","robots":{"index":"index","follow":"follow","max-snippet":"max-snippet:-1","max-image-preview":"max-image-preview:large","max-video-preview":"max-video-preview:-1"},"canonical":"https:\/\/bienesraicesonlinegt.com\/index.php\/casas-en-venta-y-renta\/en-venta-casa-y-apartamento-cerca-de-interplaza-xela\/","og_locale":"es_ES","og_type":"article","og_title":"En Venta Casa y Apartamento cerca de Interplaza Xela - Bienes Ra\u00edces Online","og_description":"En Venta Casa y Apartamento cerca de Interplaza Xela, cerca de Universidades y Centro Comerciales, Informaci\u00f3n Whatsapp +502 42728393","og_url":"https:\/\/bienesraicesonlinegt.com\/index.php\/casas-en-venta-y-renta\/en-venta-casa-y-apartamento-cerca-de-interplaza-xela\/","og_site_name":"Bienes Ra\u00edces Online","article_publisher":"https:\/\/www.facebook.com\/bienesraicesonline\/","article_modified_time":"2025-03-16T01:41:21+00:00","og_image":[{"width":1440,"height":2560,"url":"https:\/\/bienesraicesonlinegt.com\/wp-content\/uploads\/2025\/03\/Historia-para-Instagram-de-alquiler-casa-verde_20250313_234903_0000-scaled.jpg","type":"image\/jpeg"}],"twitter_card":"summary_large_image","twitter_site":"@raices_online","twitter_misc":{"Tiempo de lectura":"1 minuto"},"schema":{"@context":"https:\/\/schema.org","@graph":[{"@type":"WebPage","@id":"https:\/\/bienesraicesonlinegt.com\/index.php\/casas-en-venta-y-renta\/en-venta-casa-y-apartamento-cerca-de-interplaza-xela\/","url":"https:\/\/bienesraicesonlinegt.com\/index.php\/casas-en-venta-y-renta\/en-venta-casa-y-apartamento-cerca-de-interplaza-xela\/","name":"En Venta Casa y Apartamento cerca de Interplaza Xela - Bienes Ra\u00edces Online","isPartOf":{"@id":"https:\/\/bienesraicesonlinegt.com\/#website"},"primaryImageOfPage":{"@id":"https:\/\/bienesraicesonlinegt.com\/index.php\/casas-en-venta-y-renta\/en-venta-casa-y-apartamento-cerca-de-interplaza-xela\/#primaryimage"},"image":{"@id":"https:\/\/bienesraicesonlinegt.com\/index.php\/casas-en-venta-y-renta\/en-venta-casa-y-apartamento-cerca-de-interplaza-xela\/#primaryimage"},"thumbnailUrl":"https:\/\/bienesraicesonlinegt.com\/wp-content\/uploads\/2025\/03\/Historia-para-Instagram-de-alquiler-casa-verde_20250313_234903_0000-576x1024.jpg","datePublished":"2025-03-15T01:34:23+00:00","dateModified":"2025-03-16T01:41:21+00:00","description":"En Venta Casa y Apartamento cerca de Interplaza Xela, cerca de Universidades y Centro Comerciales, Informaci\u00f3n Whatsapp +502 42728393","breadcrumb":{"@id":"https:\/\/bienesraicesonlinegt.com\/index.php\/casas-en-venta-y-renta\/en-venta-casa-y-apartamento-cerca-de-interplaza-xela\/#breadcrumb"},"inLanguage":"es","potentialAction":[{"@type":"ReadAction","target":["https:\/\/bienesraicesonlinegt.com\/index.php\/casas-en-venta-y-renta\/en-venta-casa-y-apartamento-cerca-de-interplaza-xela\/"]}]},{"@type":"ImageObject","inLanguage":"es","@id":"https:\/\/bienesraicesonlinegt.com\/index.php\/casas-en-venta-y-renta\/en-venta-casa-y-apartamento-cerca-de-interplaza-xela\/#primaryimage","url":"https:\/\/bienesraicesonlinegt.com\/wp-content\/uploads\/2025\/03\/Historia-para-Instagram-de-alquiler-casa-verde_20250313_234903_0000-scaled.jpg","contentUrl":"https:\/\/bienesraicesonlinegt.com\/wp-content\/uploads\/2025\/03\/Historia-para-Instagram-de-alquiler-casa-verde_20250313_234903_0000-scaled.jpg","width":1440,"height":2560,"caption":"En Venta Casa y Apartamento cerca de Interplaza Xela"},{"@type":"BreadcrumbList","@id":"https:\/\/bienesraicesonlinegt.com\/index.php\/casas-en-venta-y-renta\/en-venta-casa-y-apartamento-cerca-de-interplaza-xela\/#breadcrumb","itemListElement":[{"@type":"ListItem","position":1,"name":"Portada","item":"https:\/\/bienesraicesonlinegt.com\/"},{"@type":"ListItem","position":2,"name":"Casas en Venta y Renta","item":"https:\/\/bienesraicesonlinegt.com\/index.php\/casas-en-venta-y-renta\/"},{"@type":"ListItem","position":3,"name":"En Venta Casa y Apartamento cerca de Interplaza Xela"}]},{"@type":"WebSite","@id":"https:\/\/bienesraicesonlinegt.com\/#website","url":"https:\/\/bienesraicesonlinegt.com\/","name":"Bienes Ra\u00edces Online","description":"Tu Mejor Opci\u00f3n de Bienes Inmuebles en Guatemala ","publisher":{"@id":"https:\/\/bienesraicesonlinegt.com\/#organization"},"potentialAction":[{"@type":"SearchAction","target":{"@type":"EntryPoint","urlTemplate":"https:\/\/bienesraicesonlinegt.com\/?s={search_term_string}"},"query-input":{"@type":"PropertyValueSpecification","valueRequired":true,"valueName":"search_term_string"}}],"inLanguage":"es"},{"@type":"Organization","@id":"https:\/\/bienesraicesonlinegt.com\/#organization","name":"Bienes Ra\u00edces Online","url":"https:\/\/bienesraicesonlinegt.com\/","logo":{"@type":"ImageObject","inLanguage":"es","@id":"https:\/\/bienesraicesonlinegt.com\/#\/schema\/logo\/image\/","url":"https:\/\/i0.wp.com\/bienesraicesonlinegt.com\/wp-content\/uploads\/2022\/03\/cropped-Picsart_22-01-02_18-40-13-901.jpg?fit=512%2C512&ssl=1","contentUrl":"https:\/\/i0.wp.com\/bienesraicesonlinegt.com\/wp-content\/uploads\/2022\/03\/cropped-Picsart_22-01-02_18-40-13-901.jpg?fit=512%2C512&ssl=1","width":512,"height":512,"caption":"Bienes Ra\u00edces Online"},"image":{"@id":"https:\/\/bienesraicesonlinegt.com\/#\/schema\/logo\/image\/"},"sameAs":["https:\/\/www.facebook.com\/bienesraicesonline\/","https:\/\/x.com\/raices_online","https:\/\/www.instagram.com\/bienesraicesonlinexela\/","https:\/\/pin.it\/1vdHG9B","https:\/\/www.youtube.com\/channel\/UCIJ2CBQ8RA5Hb_yj1CSeSHA","https:\/\/bienes-raices-online-xela.negocio.site\/","https:\/\/vm.tiktok.com\/ZSVst9m5\/","https:\/\/wa.me\/message\/VRLOSYS56UWQF1"]}]}},"_links":{"self":[{"href":"https:\/\/bienesraicesonlinegt.com\/index.php\/wp-json\/wp\/v2\/pages\/2760"}],"collection":[{"href":"https:\/\/bienesraicesonlinegt.com\/index.php\/wp-json\/wp\/v2\/pages"}],"about":[{"href":"https:\/\/bienesraicesonlinegt.com\/index.php\/wp-json\/wp\/v2\/types\/page"}],"author":[{"embeddable":true,"href":"https:\/\/bienesraicesonlinegt.com\/index.php\/wp-json\/wp\/v2\/users\/1"}],"replies":[{"embeddable":true,"href":"https:\/\/bienesraicesonlinegt.com\/index.php\/wp-json\/wp\/v2\/comments?post=2760"}],"version-history":[{"count":3,"href":"https:\/\/bienesraicesonlinegt.com\/index.php\/wp-json\/wp\/v2\/pages\/2760\/revisions"}],"predecessor-version":[{"id":2778,"href":"https:\/\/bienesraicesonlinegt.com\/index.php\/wp-json\/wp\/v2\/pages\/2760\/revisions\/2778"}],"up":[{"embeddable":true,"href":"https:\/\/bienesraicesonlinegt.com\/index.php\/wp-json\/wp\/v2\/pages\/115"}],"wp:attachment":[{"href":"https:\/\/bienesraicesonlinegt.com\/index.php\/wp-json\/wp\/v2\/media?parent=2760"}],"curies":[{"name":"wp","href":"https:\/\/api.w.org\/{rel}","templated":true}]}}