{"id":3002,"date":"2025-08-06T06:04:40","date_gmt":"2025-08-06T06:04:40","guid":{"rendered":"https:\/\/bienesraicesonlinegt.com\/?page_id=3002"},"modified":"2025-08-06T06:04:48","modified_gmt":"2025-08-06T06:04:48","slug":"en-alquiler-casa-en-zona-1-quetzaltenango","status":"publish","type":"page","link":"https:\/\/bienesraicesonlinegt.com\/index.php\/en-alquiler-casa-en-zona-1-quetzaltenango\/","title":{"rendered":"En Alquiler Casa en Zona 1 Quetzaltenango"},"content":{"rendered":"\n[et_pb_section fb_built=&#8221;1&#8243; theme_builder_area=&#8221;post_content&#8221; _builder_version=&#8221;4.23&#8243; _module_preset=&#8221;default&#8221;][et_pb_row _builder_version=&#8221;4.23&#8243; _module_preset=&#8221;default&#8221; theme_builder_area=&#8221;post_content&#8221;][et_pb_column _builder_version=&#8221;4.23&#8243; _module_preset=&#8221;default&#8221; type=&#8221;4_4&#8243; theme_builder_area=&#8221;post_content&#8221;][et_pb_text _builder_version=&#8221;4.23&#8243; _module_preset=&#8221;default&#8221; theme_builder_area=&#8221;post_content&#8221; hover_enabled=&#8221;0&#8243; sticky_enabled=&#8221;0&#8243;]<h3 style=\"text-align: center;\"><strong>En Alquiler Casa Zona 1 Quetzaltenango\u00a0<\/strong><\/h3>[\/et_pb_text][\/et_pb_column][\/et_pb_row][et_pb_row _builder_version=&#8221;4.23&#8243; _module_preset=&#8221;default&#8221; theme_builder_area=&#8221;post_content&#8221;][et_pb_column _builder_version=&#8221;4.23&#8243; _module_preset=&#8221;default&#8221; type=&#8221;4_4&#8243; theme_builder_area=&#8221;post_content&#8221;][et_pb_text _builder_version=&#8221;4.23&#8243; _module_preset=&#8221;default&#8221; theme_builder_area=&#8221;post_content&#8221; hover_enabled=&#8221;0&#8243; sticky_enabled=&#8221;0&#8243;]<div>En Alquiler Casa Zona 1 Quetzaltenango , por Plazuela San Antonio o Camino a Santa Ana, Zona 1 Quetzaltenango.<\/div>\n<div><\/div>\n<div>Caracter\u00edsticas:<\/div>\n<div>1 Nivel de Lamina<\/div>\n<div>Machimbre y cielo de Madera<\/div>\n<div>2 habitaciones Con ba\u00f1o privado Completo<\/div>\n<div>Ba\u00f1o de visitas<\/div>\n<div>Sala con toques de madera y\u00a0 fachaletas<\/div>\n<div>Comedor en ambiente iluminado natural<\/div>\n<div>Cocina amplia<\/div>\n<div>\u00c1rea de Lavander\u00eda con pila y conexiones a Lavadora<\/div>\n<div>Peque\u00f1o estar<\/div>\n<div>Jard\u00edn toques de Madera y vista hacia la ciudad<\/div>\n<div>Cisterna de Agua, y 3 Rotoplas, sistema de llenado con bomba hidroneum\u00e1tica.<\/div>\n<div>No tiene parqueo<\/div>\n<div>La casa est\u00e1 en Alto.<\/div>\n<div>Escritura en Orden<\/div>\n<div>Escritura Registrada<\/div>\n<div><\/div>\n<div>Medida: 10 X 15 mts.<\/div>\n<div><\/div>\n<div>Precio de Renta:<\/div>\n<div>Q.3,000.00<\/div>\n<div>Renta Anticipada, Dep\u00f3sito y Contrato<\/div>\n<div>Si es casa para negocio el Valor cambia.<\/div>\n<div><\/div>\n<div>Servicios Municipales<\/div>\n<div>por aparte.<\/div>\n<div><\/div>\n<div>Mayor informaci\u00f3n al tel\u00e9fono y whatsapp \u202a42728393\u202c<\/div>\n<div>Email: <a href=\"mailto:info@bienesraicesonlinegt.com\" target=\"_blank\" rel=\"noopener\">info@bienesraicesonlinegt.com<\/a><\/div>\n<div>Sitio Web<\/div>\n<div><a href=\"http:\/\/www.bienesraicesonlinegt.com\/\" target=\"_blank\" data-saferedirecturl=\"https:\/\/www.google.com\/url?q=http:\/\/www.bienesraicesonlinegt.com&amp;source=gmail&amp;ust=1754541136424000&amp;usg=AOvVaw1BUONVQPOjB-bzs1qi_msY\" rel=\"noopener\">www.bienesraicesonlinegt.com<\/a><\/div>[\/et_pb_text][et_pb_text _builder_version=&#8221;4.23&#8243; _module_preset=&#8221;default&#8221; theme_builder_area=&#8221;post_content&#8221; hover_enabled=&#8221;0&#8243; sticky_enabled=&#8221;0&#8243;]<h3 style=\"text-align: center;\"><span style=\"color: #99cc00;\"><strong>Foto Galer\u00eda de la Casa<\/strong><\/span><\/h3>[\/et_pb_text][et_pb_gallery _builder_version=&#8221;4.23&#8243; _module_preset=&#8221;default&#8221; theme_builder_area=&#8221;post_content&#8221; gallery_ids=&#8221;3001,3000,2999,2998,2997,2996,2995,2994,2993,2992,2991,2990,2989,2988,2987,2984&#8243; posts_number=&#8221;1&#8243; hover_enabled=&#8221;0&#8243; sticky_enabled=&#8221;0&#8243;][\/et_pb_gallery][\/et_pb_column][\/et_pb_row][\/et_pb_section]\n<div class=\"pvc_clear\"><\/div><p class=\"pvc_stats all \" data-element-id=\"3002\" style=\"\"><i class=\"pvc-stats-icon medium\" aria-hidden=\"true\"><svg aria-hidden=\"true\" focusable=\"false\" data-prefix=\"far\" data-icon=\"chart-bar\" role=\"img\" xmlns=\"http:\/\/www.w3.org\/2000\/svg\" viewBox=\"0 0 512 512\" class=\"svg-inline--fa fa-chart-bar fa-w-16 fa-2x\"><path fill=\"currentColor\" d=\"M396.8 352h22.4c6.4 0 12.8-6.4 12.8-12.8V108.8c0-6.4-6.4-12.8-12.8-12.8h-22.4c-6.4 0-12.8 6.4-12.8 12.8v230.4c0 6.4 6.4 12.8 12.8 12.8zm-192 0h22.4c6.4 0 12.8-6.4 12.8-12.8V140.8c0-6.4-6.4-12.8-12.8-12.8h-22.4c-6.4 0-12.8 6.4-12.8 12.8v198.4c0 6.4 6.4 12.8 12.8 12.8zm96 0h22.4c6.4 0 12.8-6.4 12.8-12.8V204.8c0-6.4-6.4-12.8-12.8-12.8h-22.4c-6.4 0-12.8 6.4-12.8 12.8v134.4c0 6.4 6.4 12.8 12.8 12.8zM496 400H48V80c0-8.84-7.16-16-16-16H16C7.16 64 0 71.16 0 80v336c0 17.67 14.33 32 32 32h464c8.84 0 16-7.16 16-16v-16c0-8.84-7.16-16-16-16zm-387.2-48h22.4c6.4 0 12.8-6.4 12.8-12.8v-70.4c0-6.4-6.4-12.8-12.8-12.8h-22.4c-6.4 0-12.8 6.4-12.8 12.8v70.4c0 6.4 6.4 12.8 12.8 12.8z\" class=\"\"><\/path><\/svg><\/i> &nbsp;107&nbsp;Total visitas, &nbsp;1&nbsp;Visitas hoy<\/p><div class=\"pvc_clear\"><\/div>","protected":false},"excerpt":{"rendered":"<p>En Alquiler Casa Zona 1 Quetzaltenango\u00a0En Alquiler Casa Zona 1 Quetzaltenango , por Plazuela San Antonio o Camino a Santa Ana, Zona 1 Quetzaltenango. Caracter\u00edsticas: 1 Nivel de Lamina Machimbre y cielo de Madera 2 habitaciones Con ba\u00f1o privado Completo Ba\u00f1o de visitas Sala con toques de madera y\u00a0 fachaletas Comedor en ambiente iluminado natural [&hellip;]<\/p>\n<div class=\"pvc_clear\"><\/div>\n<p class=\"pvc_stats all \" data-element-id=\"3002\" style=\"\"><i class=\"pvc-stats-icon medium\" aria-hidden=\"true\"><svg aria-hidden=\"true\" focusable=\"false\" data-prefix=\"far\" data-icon=\"chart-bar\" role=\"img\" xmlns=\"http:\/\/www.w3.org\/2000\/svg\" viewBox=\"0 0 512 512\" class=\"svg-inline--fa fa-chart-bar fa-w-16 fa-2x\"><path fill=\"currentColor\" d=\"M396.8 352h22.4c6.4 0 12.8-6.4 12.8-12.8V108.8c0-6.4-6.4-12.8-12.8-12.8h-22.4c-6.4 0-12.8 6.4-12.8 12.8v230.4c0 6.4 6.4 12.8 12.8 12.8zm-192 0h22.4c6.4 0 12.8-6.4 12.8-12.8V140.8c0-6.4-6.4-12.8-12.8-12.8h-22.4c-6.4 0-12.8 6.4-12.8 12.8v198.4c0 6.4 6.4 12.8 12.8 12.8zm96 0h22.4c6.4 0 12.8-6.4 12.8-12.8V204.8c0-6.4-6.4-12.8-12.8-12.8h-22.4c-6.4 0-12.8 6.4-12.8 12.8v134.4c0 6.4 6.4 12.8 12.8 12.8zM496 400H48V80c0-8.84-7.16-16-16-16H16C7.16 64 0 71.16 0 80v336c0 17.67 14.33 32 32 32h464c8.84 0 16-7.16 16-16v-16c0-8.84-7.16-16-16-16zm-387.2-48h22.4c6.4 0 12.8-6.4 12.8-12.8v-70.4c0-6.4-6.4-12.8-12.8-12.8h-22.4c-6.4 0-12.8 6.4-12.8 12.8v70.4c0 6.4 6.4 12.8 12.8 12.8z\" class=\"\"><\/path><\/svg><\/i> &nbsp;107&nbsp;Total visitas, &nbsp;1&nbsp;Visitas hoy<\/p>\n<div class=\"pvc_clear\"><\/div>\n","protected":false},"author":1,"featured_media":0,"parent":0,"menu_order":0,"comment_status":"closed","ping_status":"closed","template":"","meta":{"_et_pb_use_builder":"on","_et_pb_old_content":"","_et_gb_content_width":"","_monsterinsights_skip_tracking":false,"_monsterinsights_sitenote_active":false,"_monsterinsights_sitenote_note":"","_monsterinsights_sitenote_category":0,"footnotes":""},"class_list":["post-3002","page","type-page","status-publish","hentry"],"yoast_head":"<!-- This site is optimized with the Yoast SEO plugin v25.6 - https:\/\/yoast.com\/wordpress\/plugins\/seo\/ -->\n<title>En Alquiler Casa en Zona 1 Quetzaltenango - Bienes Ra\u00edces Online<\/title>\n<meta name=\"description\" content=\"En Alquiler Casa en Zona 1 Quetzaltenango, por plazuela San Antonio, 2 habitaciones y dem\u00e1s ambiente, informaci\u00f3n Whatsapp +502 42728393\" \/>\n<meta name=\"robots\" content=\"index, follow, max-snippet:-1, max-image-preview:large, max-video-preview:-1\" \/>\n<link rel=\"canonical\" href=\"https:\/\/bienesraicesonlinegt.com\/index.php\/en-alquiler-casa-en-zona-1-quetzaltenango\/\" \/>\n<meta property=\"og:locale\" content=\"es_ES\" \/>\n<meta property=\"og:type\" content=\"article\" \/>\n<meta property=\"og:title\" content=\"En Alquiler Casa en Zona 1 Quetzaltenango - Bienes Ra\u00edces Online\" \/>\n<meta property=\"og:description\" content=\"En Alquiler Casa en Zona 1 Quetzaltenango, por plazuela San Antonio, 2 habitaciones y dem\u00e1s ambiente, informaci\u00f3n Whatsapp +502 42728393\" \/>\n<meta property=\"og:url\" content=\"https:\/\/bienesraicesonlinegt.com\/index.php\/en-alquiler-casa-en-zona-1-quetzaltenango\/\" \/>\n<meta property=\"og:site_name\" content=\"Bienes Ra\u00edces Online\" \/>\n<meta property=\"article:publisher\" content=\"https:\/\/www.facebook.com\/bienesraicesonline\/\" \/>\n<meta property=\"article:modified_time\" content=\"2025-08-06T06:04:48+00:00\" \/>\n<meta name=\"twitter:card\" content=\"summary_large_image\" \/>\n<meta name=\"twitter:site\" content=\"@raices_online\" \/>\n<meta name=\"twitter:label1\" content=\"Tiempo de lectura\" \/>\n\t<meta name=\"twitter:data1\" content=\"2 minutos\" \/>\n<script type=\"application\/ld+json\" class=\"yoast-schema-graph\">{\"@context\":\"https:\/\/schema.org\",\"@graph\":[{\"@type\":\"WebPage\",\"@id\":\"https:\/\/bienesraicesonlinegt.com\/index.php\/en-alquiler-casa-en-zona-1-quetzaltenango\/\",\"url\":\"https:\/\/bienesraicesonlinegt.com\/index.php\/en-alquiler-casa-en-zona-1-quetzaltenango\/\",\"name\":\"En Alquiler Casa en Zona 1 Quetzaltenango - Bienes Ra\u00edces Online\",\"isPartOf\":{\"@id\":\"https:\/\/bienesraicesonlinegt.com\/#website\"},\"datePublished\":\"2025-08-06T06:04:40+00:00\",\"dateModified\":\"2025-08-06T06:04:48+00:00\",\"description\":\"En Alquiler Casa en Zona 1 Quetzaltenango, por plazuela San Antonio, 2 habitaciones y dem\u00e1s ambiente, informaci\u00f3n Whatsapp +502 42728393\",\"breadcrumb\":{\"@id\":\"https:\/\/bienesraicesonlinegt.com\/index.php\/en-alquiler-casa-en-zona-1-quetzaltenango\/#breadcrumb\"},\"inLanguage\":\"es\",\"potentialAction\":[{\"@type\":\"ReadAction\",\"target\":[\"https:\/\/bienesraicesonlinegt.com\/index.php\/en-alquiler-casa-en-zona-1-quetzaltenango\/\"]}]},{\"@type\":\"BreadcrumbList\",\"@id\":\"https:\/\/bienesraicesonlinegt.com\/index.php\/en-alquiler-casa-en-zona-1-quetzaltenango\/#breadcrumb\",\"itemListElement\":[{\"@type\":\"ListItem\",\"position\":1,\"name\":\"Portada\",\"item\":\"https:\/\/bienesraicesonlinegt.com\/\"},{\"@type\":\"ListItem\",\"position\":2,\"name\":\"En Alquiler Casa en Zona 1 Quetzaltenango\"}]},{\"@type\":\"WebSite\",\"@id\":\"https:\/\/bienesraicesonlinegt.com\/#website\",\"url\":\"https:\/\/bienesraicesonlinegt.com\/\",\"name\":\"Bienes Ra\u00edces Online\",\"description\":\"Tu Mejor Opci\u00f3n de Bienes Inmuebles en Guatemala \",\"publisher\":{\"@id\":\"https:\/\/bienesraicesonlinegt.com\/#organization\"},\"potentialAction\":[{\"@type\":\"SearchAction\",\"target\":{\"@type\":\"EntryPoint\",\"urlTemplate\":\"https:\/\/bienesraicesonlinegt.com\/?s={search_term_string}\"},\"query-input\":{\"@type\":\"PropertyValueSpecification\",\"valueRequired\":true,\"valueName\":\"search_term_string\"}}],\"inLanguage\":\"es\"},{\"@type\":\"Organization\",\"@id\":\"https:\/\/bienesraicesonlinegt.com\/#organization\",\"name\":\"Bienes Ra\u00edces Online\",\"url\":\"https:\/\/bienesraicesonlinegt.com\/\",\"logo\":{\"@type\":\"ImageObject\",\"inLanguage\":\"es\",\"@id\":\"https:\/\/bienesraicesonlinegt.com\/#\/schema\/logo\/image\/\",\"url\":\"https:\/\/i0.wp.com\/bienesraicesonlinegt.com\/wp-content\/uploads\/2022\/03\/cropped-Picsart_22-01-02_18-40-13-901.jpg?fit=512%2C512&ssl=1\",\"contentUrl\":\"https:\/\/i0.wp.com\/bienesraicesonlinegt.com\/wp-content\/uploads\/2022\/03\/cropped-Picsart_22-01-02_18-40-13-901.jpg?fit=512%2C512&ssl=1\",\"width\":512,\"height\":512,\"caption\":\"Bienes Ra\u00edces Online\"},\"image\":{\"@id\":\"https:\/\/bienesraicesonlinegt.com\/#\/schema\/logo\/image\/\"},\"sameAs\":[\"https:\/\/www.facebook.com\/bienesraicesonline\/\",\"https:\/\/x.com\/raices_online\",\"https:\/\/www.instagram.com\/bienesraicesonlinexela\/\",\"https:\/\/pin.it\/1vdHG9B\",\"https:\/\/www.youtube.com\/channel\/UCIJ2CBQ8RA5Hb_yj1CSeSHA\",\"https:\/\/bienes-raices-online-xela.negocio.site\/\",\"https:\/\/vm.tiktok.com\/ZSVst9m5\/\",\"https:\/\/wa.me\/message\/VRLOSYS56UWQF1\"]}]}<\/script>\n<!-- \/ Yoast SEO plugin. -->","yoast_head_json":{"title":"En Alquiler Casa en Zona 1 Quetzaltenango - Bienes Ra\u00edces Online","description":"En Alquiler Casa en Zona 1 Quetzaltenango, por plazuela San Antonio, 2 habitaciones y dem\u00e1s ambiente, informaci\u00f3n Whatsapp +502 42728393","robots":{"index":"index","follow":"follow","max-snippet":"max-snippet:-1","max-image-preview":"max-image-preview:large","max-video-preview":"max-video-preview:-1"},"canonical":"https:\/\/bienesraicesonlinegt.com\/index.php\/en-alquiler-casa-en-zona-1-quetzaltenango\/","og_locale":"es_ES","og_type":"article","og_title":"En Alquiler Casa en Zona 1 Quetzaltenango - Bienes Ra\u00edces Online","og_description":"En Alquiler Casa en Zona 1 Quetzaltenango, por plazuela San Antonio, 2 habitaciones y dem\u00e1s ambiente, informaci\u00f3n Whatsapp +502 42728393","og_url":"https:\/\/bienesraicesonlinegt.com\/index.php\/en-alquiler-casa-en-zona-1-quetzaltenango\/","og_site_name":"Bienes Ra\u00edces Online","article_publisher":"https:\/\/www.facebook.com\/bienesraicesonline\/","article_modified_time":"2025-08-06T06:04:48+00:00","twitter_card":"summary_large_image","twitter_site":"@raices_online","twitter_misc":{"Tiempo de lectura":"2 minutos"},"schema":{"@context":"https:\/\/schema.org","@graph":[{"@type":"WebPage","@id":"https:\/\/bienesraicesonlinegt.com\/index.php\/en-alquiler-casa-en-zona-1-quetzaltenango\/","url":"https:\/\/bienesraicesonlinegt.com\/index.php\/en-alquiler-casa-en-zona-1-quetzaltenango\/","name":"En Alquiler Casa en Zona 1 Quetzaltenango - Bienes Ra\u00edces Online","isPartOf":{"@id":"https:\/\/bienesraicesonlinegt.com\/#website"},"datePublished":"2025-08-06T06:04:40+00:00","dateModified":"2025-08-06T06:04:48+00:00","description":"En Alquiler Casa en Zona 1 Quetzaltenango, por plazuela San Antonio, 2 habitaciones y dem\u00e1s ambiente, informaci\u00f3n Whatsapp +502 42728393","breadcrumb":{"@id":"https:\/\/bienesraicesonlinegt.com\/index.php\/en-alquiler-casa-en-zona-1-quetzaltenango\/#breadcrumb"},"inLanguage":"es","potentialAction":[{"@type":"ReadAction","target":["https:\/\/bienesraicesonlinegt.com\/index.php\/en-alquiler-casa-en-zona-1-quetzaltenango\/"]}]},{"@type":"BreadcrumbList","@id":"https:\/\/bienesraicesonlinegt.com\/index.php\/en-alquiler-casa-en-zona-1-quetzaltenango\/#breadcrumb","itemListElement":[{"@type":"ListItem","position":1,"name":"Portada","item":"https:\/\/bienesraicesonlinegt.com\/"},{"@type":"ListItem","position":2,"name":"En Alquiler Casa en Zona 1 Quetzaltenango"}]},{"@type":"WebSite","@id":"https:\/\/bienesraicesonlinegt.com\/#website","url":"https:\/\/bienesraicesonlinegt.com\/","name":"Bienes Ra\u00edces Online","description":"Tu Mejor Opci\u00f3n de Bienes Inmuebles en Guatemala ","publisher":{"@id":"https:\/\/bienesraicesonlinegt.com\/#organization"},"potentialAction":[{"@type":"SearchAction","target":{"@type":"EntryPoint","urlTemplate":"https:\/\/bienesraicesonlinegt.com\/?s={search_term_string}"},"query-input":{"@type":"PropertyValueSpecification","valueRequired":true,"valueName":"search_term_string"}}],"inLanguage":"es"},{"@type":"Organization","@id":"https:\/\/bienesraicesonlinegt.com\/#organization","name":"Bienes Ra\u00edces Online","url":"https:\/\/bienesraicesonlinegt.com\/","logo":{"@type":"ImageObject","inLanguage":"es","@id":"https:\/\/bienesraicesonlinegt.com\/#\/schema\/logo\/image\/","url":"https:\/\/i0.wp.com\/bienesraicesonlinegt.com\/wp-content\/uploads\/2022\/03\/cropped-Picsart_22-01-02_18-40-13-901.jpg?fit=512%2C512&ssl=1","contentUrl":"https:\/\/i0.wp.com\/bienesraicesonlinegt.com\/wp-content\/uploads\/2022\/03\/cropped-Picsart_22-01-02_18-40-13-901.jpg?fit=512%2C512&ssl=1","width":512,"height":512,"caption":"Bienes Ra\u00edces Online"},"image":{"@id":"https:\/\/bienesraicesonlinegt.com\/#\/schema\/logo\/image\/"},"sameAs":["https:\/\/www.facebook.com\/bienesraicesonline\/","https:\/\/x.com\/raices_online","https:\/\/www.instagram.com\/bienesraicesonlinexela\/","https:\/\/pin.it\/1vdHG9B","https:\/\/www.youtube.com\/channel\/UCIJ2CBQ8RA5Hb_yj1CSeSHA","https:\/\/bienes-raices-online-xela.negocio.site\/","https:\/\/vm.tiktok.com\/ZSVst9m5\/","https:\/\/wa.me\/message\/VRLOSYS56UWQF1"]}]}},"_links":{"self":[{"href":"https:\/\/bienesraicesonlinegt.com\/index.php\/wp-json\/wp\/v2\/pages\/3002"}],"collection":[{"href":"https:\/\/bienesraicesonlinegt.com\/index.php\/wp-json\/wp\/v2\/pages"}],"about":[{"href":"https:\/\/bienesraicesonlinegt.com\/index.php\/wp-json\/wp\/v2\/types\/page"}],"author":[{"embeddable":true,"href":"https:\/\/bienesraicesonlinegt.com\/index.php\/wp-json\/wp\/v2\/users\/1"}],"replies":[{"embeddable":true,"href":"https:\/\/bienesraicesonlinegt.com\/index.php\/wp-json\/wp\/v2\/comments?post=3002"}],"version-history":[{"count":3,"href":"https:\/\/bienesraicesonlinegt.com\/index.php\/wp-json\/wp\/v2\/pages\/3002\/revisions"}],"predecessor-version":[{"id":3006,"href":"https:\/\/bienesraicesonlinegt.com\/index.php\/wp-json\/wp\/v2\/pages\/3002\/revisions\/3006"}],"wp:attachment":[{"href":"https:\/\/bienesraicesonlinegt.com\/index.php\/wp-json\/wp\/v2\/media?parent=3002"}],"curies":[{"name":"wp","href":"https:\/\/api.w.org\/{rel}","templated":true}]}}