{"id":3368,"date":"2025-10-24T06:06:19","date_gmt":"2025-10-24T06:06:19","guid":{"rendered":"https:\/\/bienesraicesonlinegt.com\/?page_id=3368"},"modified":"2025-10-24T06:06:21","modified_gmt":"2025-10-24T06:06:21","slug":"edificio-en-venta-apartamentos-zona-5-quetzaltenango","status":"publish","type":"page","link":"https:\/\/bienesraicesonlinegt.com\/index.php\/edificio-en-venta-apartamentos-zona-5-quetzaltenango\/","title":{"rendered":"Edificio en Venta Apartamentos Zona 5 Quetzaltenango"},"content":{"rendered":"\n[et_pb_section fb_built=&#8221;1&#8243; theme_builder_area=&#8221;post_content&#8221; _builder_version=&#8221;4.23&#8243; _module_preset=&#8221;default&#8221;][et_pb_row _builder_version=&#8221;4.23&#8243; _module_preset=&#8221;default&#8221; theme_builder_area=&#8221;post_content&#8221;][et_pb_column _builder_version=&#8221;4.23&#8243; _module_preset=&#8221;default&#8221; type=&#8221;4_4&#8243; theme_builder_area=&#8221;post_content&#8221;][et_pb_text _builder_version=&#8221;4.23&#8243; _module_preset=&#8221;default&#8221; theme_builder_area=&#8221;post_content&#8221; hover_enabled=&#8221;0&#8243; sticky_enabled=&#8221;0&#8243;]<h2 style=\"text-align: center;\"><strong><span style=\"color: #800000;\">Edificio en Venta Apartamentos Zona 5 Quetzaltenango\u00a0<\/span><\/strong><\/h2>[\/et_pb_text][et_pb_text _builder_version=&#8221;4.23&#8243; _module_preset=&#8221;default&#8221; theme_builder_area=&#8221;post_content&#8221; hover_enabled=&#8221;0&#8243; sticky_enabled=&#8221;0&#8243;]<div><span style=\"color: #008000;\">Edificio en venta apartamentos Zona 5 Quetzaltenango.<\/span><\/div>\n<div><span><br \/>Edificio con 3 Apartamentos en Venta, Zona 5 Quetzaltenango, atr\u00e1s del Country Club.<\/span><\/div>\n<div><span>\u00a0<\/span><\/div>\n<div><span>Caracter\u00edsticas:<\/span><\/div>\n<div><span>Cada apartamento tiene:<\/span><\/div>\n<div><span>2 Habitaci\u00f3nes\u00a0<\/span><\/div>\n<div><span>Sala, Comedor<\/span><\/div>\n<div><span>Cocina con gabinetes<\/span><\/div>\n<div><span>Ba\u00f1o completo<\/span><\/div>\n<div><span>\u00c1rea de lavander\u00eda con pila y conexiones a lavadora.<\/span><\/div>\n<div><span>\u00a0<\/span><\/div>\n<div><span>\u00c1reas comunes:<\/span><\/div>\n<div><span>Terraza para tendido<\/span><\/div>\n<div><span>Garage para 5 veh\u00edculos.<\/span><\/div>\n<div><span>\u00a0<\/span><\/div>\n<div><span>Escritura Registrada\u00a0<\/span><\/div>\n<div><span>Escritura en Orden\u00a0<\/span><\/div>\n<div><span>\u00a0<\/span><\/div>\n<div><span style=\"color: #ff0000;\">Precio:<\/span><\/div>\n<div><span style=\"color: #ff0000;\">Q.3,100,000.00<\/span><\/div>\n<div><span>\u00a0<\/span><\/div>\n<div><span>Informaci\u00f3n la:<\/span><\/div>\n<div><span>Tel\u00e9fono y Whatsapp\u00a0<\/span><\/div>\n<div><span>+502 42728393<\/span><\/div>\n<div><span>Email<\/span><\/div>\n<div><span><a href=\"mailto:info@bienesraicesonlinegt.com\" target=\"_blank\" rel=\"noopener\">info@bienesraicesonlinegt.com<\/a><\/span><\/div>\n<div><span>Web:<\/span><\/div>\n<div><span><a href=\"http:\/\/www.bienesraicesonlinegt.com\/\" target=\"_blank\" data-saferedirecturl=\"https:\/\/www.google.com\/url?q=http:\/\/www.bienesraicesonlinegt.com&amp;source=gmail&amp;ust=1761370494063000&amp;usg=AOvVaw1ns_qcPzYz2AeUR4w0nmIg\" rel=\"noopener\">www.bienesraicesonlinegt.com<\/a><\/span><\/div>[\/et_pb_text][et_pb_image src=&#8221;https:\/\/bienesraicesonlinegt.com\/wp-content\/uploads\/2025\/10\/Flyer-para-agencias-inmobiliarias_20251008_205017_0000.jpg&#8221; _builder_version=&#8221;4.23&#8243; _module_preset=&#8221;default&#8221; theme_builder_area=&#8221;post_content&#8221; alt=&#8221;Edificio en venta con apartamentos Zona 5 Quetzaltenango&#8221; title_text=&#8221;Edificio en venta con apartamentos Zona 5 Quetzaltenango&#8221; show_in_lightbox=&#8221;on&#8221; hover_enabled=&#8221;0&#8243; sticky_enabled=&#8221;0&#8243;][\/et_pb_image][et_pb_text _builder_version=&#8221;4.23&#8243; _module_preset=&#8221;default&#8221; theme_builder_area=&#8221;post_content&#8221; hover_enabled=&#8221;0&#8243; sticky_enabled=&#8221;0&#8243;]<p style=\"text-align: center;\"><strong><span style=\"color: #ff0000;\">Foto Galer\u00eda del Edificio<\/span><\/strong><\/p>[\/et_pb_text][et_pb_gallery _builder_version=&#8221;4.23&#8243; _module_preset=&#8221;default&#8221; theme_builder_area=&#8221;post_content&#8221; gallery_ids=&#8221;3360,3356,3357,3358,3359,3361,3362,3363,3364,3365,3366,3367,3353,3354,3355,3352,3351,3350,3347,3348,3349,3346,3345,3344,3341,3343,3340,3339,3338&#8243; posts_number=&#8221;1&#8243; hover_enabled=&#8221;0&#8243; sticky_enabled=&#8221;0&#8243;][\/et_pb_gallery][\/et_pb_column][\/et_pb_row][\/et_pb_section]\n<div class=\"pvc_clear\"><\/div><p class=\"pvc_stats all \" data-element-id=\"3368\" style=\"\"><i class=\"pvc-stats-icon medium\" aria-hidden=\"true\"><svg aria-hidden=\"true\" focusable=\"false\" data-prefix=\"far\" data-icon=\"chart-bar\" role=\"img\" xmlns=\"http:\/\/www.w3.org\/2000\/svg\" viewBox=\"0 0 512 512\" class=\"svg-inline--fa fa-chart-bar fa-w-16 fa-2x\"><path fill=\"currentColor\" d=\"M396.8 352h22.4c6.4 0 12.8-6.4 12.8-12.8V108.8c0-6.4-6.4-12.8-12.8-12.8h-22.4c-6.4 0-12.8 6.4-12.8 12.8v230.4c0 6.4 6.4 12.8 12.8 12.8zm-192 0h22.4c6.4 0 12.8-6.4 12.8-12.8V140.8c0-6.4-6.4-12.8-12.8-12.8h-22.4c-6.4 0-12.8 6.4-12.8 12.8v198.4c0 6.4 6.4 12.8 12.8 12.8zm96 0h22.4c6.4 0 12.8-6.4 12.8-12.8V204.8c0-6.4-6.4-12.8-12.8-12.8h-22.4c-6.4 0-12.8 6.4-12.8 12.8v134.4c0 6.4 6.4 12.8 12.8 12.8zM496 400H48V80c0-8.84-7.16-16-16-16H16C7.16 64 0 71.16 0 80v336c0 17.67 14.33 32 32 32h464c8.84 0 16-7.16 16-16v-16c0-8.84-7.16-16-16-16zm-387.2-48h22.4c6.4 0 12.8-6.4 12.8-12.8v-70.4c0-6.4-6.4-12.8-12.8-12.8h-22.4c-6.4 0-12.8 6.4-12.8 12.8v70.4c0 6.4 6.4 12.8 12.8 12.8z\" class=\"\"><\/path><\/svg><\/i> &nbsp;109&nbsp;Total visitas, &nbsp;1&nbsp;Visitas hoy<\/p><div class=\"pvc_clear\"><\/div>","protected":false},"excerpt":{"rendered":"<p>Edificio en Venta Apartamentos Zona 5 Quetzaltenango\u00a0Edificio en venta apartamentos Zona 5 Quetzaltenango. Edificio con 3 Apartamentos en Venta, Zona 5 Quetzaltenango, atr\u00e1s del Country Club. \u00a0 Caracter\u00edsticas: Cada apartamento tiene: 2 Habitaci\u00f3nes\u00a0 Sala, Comedor Cocina con gabinetes Ba\u00f1o completo \u00c1rea de lavander\u00eda con pila y conexiones a lavadora. \u00a0 \u00c1reas comunes: Terraza para tendido [&hellip;]<\/p>\n<div class=\"pvc_clear\"><\/div>\n<p class=\"pvc_stats all \" data-element-id=\"3368\" style=\"\"><i class=\"pvc-stats-icon medium\" aria-hidden=\"true\"><svg aria-hidden=\"true\" focusable=\"false\" data-prefix=\"far\" data-icon=\"chart-bar\" role=\"img\" xmlns=\"http:\/\/www.w3.org\/2000\/svg\" viewBox=\"0 0 512 512\" class=\"svg-inline--fa fa-chart-bar fa-w-16 fa-2x\"><path fill=\"currentColor\" d=\"M396.8 352h22.4c6.4 0 12.8-6.4 12.8-12.8V108.8c0-6.4-6.4-12.8-12.8-12.8h-22.4c-6.4 0-12.8 6.4-12.8 12.8v230.4c0 6.4 6.4 12.8 12.8 12.8zm-192 0h22.4c6.4 0 12.8-6.4 12.8-12.8V140.8c0-6.4-6.4-12.8-12.8-12.8h-22.4c-6.4 0-12.8 6.4-12.8 12.8v198.4c0 6.4 6.4 12.8 12.8 12.8zm96 0h22.4c6.4 0 12.8-6.4 12.8-12.8V204.8c0-6.4-6.4-12.8-12.8-12.8h-22.4c-6.4 0-12.8 6.4-12.8 12.8v134.4c0 6.4 6.4 12.8 12.8 12.8zM496 400H48V80c0-8.84-7.16-16-16-16H16C7.16 64 0 71.16 0 80v336c0 17.67 14.33 32 32 32h464c8.84 0 16-7.16 16-16v-16c0-8.84-7.16-16-16-16zm-387.2-48h22.4c6.4 0 12.8-6.4 12.8-12.8v-70.4c0-6.4-6.4-12.8-12.8-12.8h-22.4c-6.4 0-12.8 6.4-12.8 12.8v70.4c0 6.4 6.4 12.8 12.8 12.8z\" class=\"\"><\/path><\/svg><\/i> &nbsp;109&nbsp;Total visitas, &nbsp;1&nbsp;Visitas hoy<\/p>\n<div class=\"pvc_clear\"><\/div>\n","protected":false},"author":1,"featured_media":0,"parent":0,"menu_order":0,"comment_status":"closed","ping_status":"closed","template":"","meta":{"_et_pb_use_builder":"on","_et_pb_old_content":"","_et_gb_content_width":"","_monsterinsights_skip_tracking":false,"_monsterinsights_sitenote_active":false,"_monsterinsights_sitenote_note":"","_monsterinsights_sitenote_category":0,"footnotes":""},"class_list":["post-3368","page","type-page","status-publish","hentry"],"yoast_head":"<!-- This site is optimized with the Yoast SEO plugin v25.6 - https:\/\/yoast.com\/wordpress\/plugins\/seo\/ -->\n<title>Edificio en Venta Apartamentos Zona 5 Quetzaltenango - Bienes Ra\u00edces Online<\/title>\n<meta name=\"description\" content=\"Edificio en Venta apartamentos zona 5 Quetzaltenango, atr\u00e1s de Contry Club, 3 apartamentos con parqueos informaci\u00f3n Whatsapp +502 42728393.\" \/>\n<meta name=\"robots\" content=\"index, follow, max-snippet:-1, max-image-preview:large, max-video-preview:-1\" \/>\n<link rel=\"canonical\" href=\"https:\/\/bienesraicesonlinegt.com\/index.php\/edificio-en-venta-apartamentos-zona-5-quetzaltenango\/\" \/>\n<meta property=\"og:locale\" content=\"es_ES\" \/>\n<meta property=\"og:type\" content=\"article\" \/>\n<meta property=\"og:title\" content=\"Edificio en Venta Apartamentos Zona 5 Quetzaltenango - Bienes Ra\u00edces Online\" \/>\n<meta property=\"og:description\" content=\"Edificio en Venta apartamentos zona 5 Quetzaltenango, atr\u00e1s de Contry Club, 3 apartamentos con parqueos informaci\u00f3n Whatsapp +502 42728393.\" \/>\n<meta property=\"og:url\" content=\"https:\/\/bienesraicesonlinegt.com\/index.php\/edificio-en-venta-apartamentos-zona-5-quetzaltenango\/\" \/>\n<meta property=\"og:site_name\" content=\"Bienes Ra\u00edces Online\" \/>\n<meta property=\"article:publisher\" content=\"https:\/\/www.facebook.com\/bienesraicesonline\/\" \/>\n<meta property=\"article:modified_time\" content=\"2025-10-24T06:06:21+00:00\" \/>\n<meta name=\"twitter:card\" content=\"summary_large_image\" \/>\n<meta name=\"twitter:site\" content=\"@raices_online\" \/>\n<meta name=\"twitter:label1\" content=\"Tiempo de lectura\" \/>\n\t<meta name=\"twitter:data1\" content=\"1 minuto\" \/>\n<script type=\"application\/ld+json\" class=\"yoast-schema-graph\">{\"@context\":\"https:\/\/schema.org\",\"@graph\":[{\"@type\":\"WebPage\",\"@id\":\"https:\/\/bienesraicesonlinegt.com\/index.php\/edificio-en-venta-apartamentos-zona-5-quetzaltenango\/\",\"url\":\"https:\/\/bienesraicesonlinegt.com\/index.php\/edificio-en-venta-apartamentos-zona-5-quetzaltenango\/\",\"name\":\"Edificio en Venta Apartamentos Zona 5 Quetzaltenango - Bienes Ra\u00edces Online\",\"isPartOf\":{\"@id\":\"https:\/\/bienesraicesonlinegt.com\/#website\"},\"datePublished\":\"2025-10-24T06:06:19+00:00\",\"dateModified\":\"2025-10-24T06:06:21+00:00\",\"description\":\"Edificio en Venta apartamentos zona 5 Quetzaltenango, atr\u00e1s de Contry Club, 3 apartamentos con parqueos informaci\u00f3n Whatsapp +502 42728393.\",\"breadcrumb\":{\"@id\":\"https:\/\/bienesraicesonlinegt.com\/index.php\/edificio-en-venta-apartamentos-zona-5-quetzaltenango\/#breadcrumb\"},\"inLanguage\":\"es\",\"potentialAction\":[{\"@type\":\"ReadAction\",\"target\":[\"https:\/\/bienesraicesonlinegt.com\/index.php\/edificio-en-venta-apartamentos-zona-5-quetzaltenango\/\"]}]},{\"@type\":\"BreadcrumbList\",\"@id\":\"https:\/\/bienesraicesonlinegt.com\/index.php\/edificio-en-venta-apartamentos-zona-5-quetzaltenango\/#breadcrumb\",\"itemListElement\":[{\"@type\":\"ListItem\",\"position\":1,\"name\":\"Portada\",\"item\":\"https:\/\/bienesraicesonlinegt.com\/\"},{\"@type\":\"ListItem\",\"position\":2,\"name\":\"Edificio en Venta Apartamentos Zona 5 Quetzaltenango\"}]},{\"@type\":\"WebSite\",\"@id\":\"https:\/\/bienesraicesonlinegt.com\/#website\",\"url\":\"https:\/\/bienesraicesonlinegt.com\/\",\"name\":\"Bienes Ra\u00edces Online\",\"description\":\"Tu Mejor Opci\u00f3n de Bienes Inmuebles en Guatemala \",\"publisher\":{\"@id\":\"https:\/\/bienesraicesonlinegt.com\/#organization\"},\"potentialAction\":[{\"@type\":\"SearchAction\",\"target\":{\"@type\":\"EntryPoint\",\"urlTemplate\":\"https:\/\/bienesraicesonlinegt.com\/?s={search_term_string}\"},\"query-input\":{\"@type\":\"PropertyValueSpecification\",\"valueRequired\":true,\"valueName\":\"search_term_string\"}}],\"inLanguage\":\"es\"},{\"@type\":\"Organization\",\"@id\":\"https:\/\/bienesraicesonlinegt.com\/#organization\",\"name\":\"Bienes Ra\u00edces Online\",\"url\":\"https:\/\/bienesraicesonlinegt.com\/\",\"logo\":{\"@type\":\"ImageObject\",\"inLanguage\":\"es\",\"@id\":\"https:\/\/bienesraicesonlinegt.com\/#\/schema\/logo\/image\/\",\"url\":\"https:\/\/i0.wp.com\/bienesraicesonlinegt.com\/wp-content\/uploads\/2022\/03\/cropped-Picsart_22-01-02_18-40-13-901.jpg?fit=512%2C512&ssl=1\",\"contentUrl\":\"https:\/\/i0.wp.com\/bienesraicesonlinegt.com\/wp-content\/uploads\/2022\/03\/cropped-Picsart_22-01-02_18-40-13-901.jpg?fit=512%2C512&ssl=1\",\"width\":512,\"height\":512,\"caption\":\"Bienes Ra\u00edces Online\"},\"image\":{\"@id\":\"https:\/\/bienesraicesonlinegt.com\/#\/schema\/logo\/image\/\"},\"sameAs\":[\"https:\/\/www.facebook.com\/bienesraicesonline\/\",\"https:\/\/x.com\/raices_online\",\"https:\/\/www.instagram.com\/bienesraicesonlinexela\/\",\"https:\/\/pin.it\/1vdHG9B\",\"https:\/\/www.youtube.com\/channel\/UCIJ2CBQ8RA5Hb_yj1CSeSHA\",\"https:\/\/bienes-raices-online-xela.negocio.site\/\",\"https:\/\/vm.tiktok.com\/ZSVst9m5\/\",\"https:\/\/wa.me\/message\/VRLOSYS56UWQF1\"]}]}<\/script>\n<!-- \/ Yoast SEO plugin. -->","yoast_head_json":{"title":"Edificio en Venta Apartamentos Zona 5 Quetzaltenango - Bienes Ra\u00edces Online","description":"Edificio en Venta apartamentos zona 5 Quetzaltenango, atr\u00e1s de Contry Club, 3 apartamentos con parqueos informaci\u00f3n Whatsapp +502 42728393.","robots":{"index":"index","follow":"follow","max-snippet":"max-snippet:-1","max-image-preview":"max-image-preview:large","max-video-preview":"max-video-preview:-1"},"canonical":"https:\/\/bienesraicesonlinegt.com\/index.php\/edificio-en-venta-apartamentos-zona-5-quetzaltenango\/","og_locale":"es_ES","og_type":"article","og_title":"Edificio en Venta Apartamentos Zona 5 Quetzaltenango - Bienes Ra\u00edces Online","og_description":"Edificio en Venta apartamentos zona 5 Quetzaltenango, atr\u00e1s de Contry Club, 3 apartamentos con parqueos informaci\u00f3n Whatsapp +502 42728393.","og_url":"https:\/\/bienesraicesonlinegt.com\/index.php\/edificio-en-venta-apartamentos-zona-5-quetzaltenango\/","og_site_name":"Bienes Ra\u00edces Online","article_publisher":"https:\/\/www.facebook.com\/bienesraicesonline\/","article_modified_time":"2025-10-24T06:06:21+00:00","twitter_card":"summary_large_image","twitter_site":"@raices_online","twitter_misc":{"Tiempo de lectura":"1 minuto"},"schema":{"@context":"https:\/\/schema.org","@graph":[{"@type":"WebPage","@id":"https:\/\/bienesraicesonlinegt.com\/index.php\/edificio-en-venta-apartamentos-zona-5-quetzaltenango\/","url":"https:\/\/bienesraicesonlinegt.com\/index.php\/edificio-en-venta-apartamentos-zona-5-quetzaltenango\/","name":"Edificio en Venta Apartamentos Zona 5 Quetzaltenango - Bienes Ra\u00edces Online","isPartOf":{"@id":"https:\/\/bienesraicesonlinegt.com\/#website"},"datePublished":"2025-10-24T06:06:19+00:00","dateModified":"2025-10-24T06:06:21+00:00","description":"Edificio en Venta apartamentos zona 5 Quetzaltenango, atr\u00e1s de Contry Club, 3 apartamentos con parqueos informaci\u00f3n Whatsapp +502 42728393.","breadcrumb":{"@id":"https:\/\/bienesraicesonlinegt.com\/index.php\/edificio-en-venta-apartamentos-zona-5-quetzaltenango\/#breadcrumb"},"inLanguage":"es","potentialAction":[{"@type":"ReadAction","target":["https:\/\/bienesraicesonlinegt.com\/index.php\/edificio-en-venta-apartamentos-zona-5-quetzaltenango\/"]}]},{"@type":"BreadcrumbList","@id":"https:\/\/bienesraicesonlinegt.com\/index.php\/edificio-en-venta-apartamentos-zona-5-quetzaltenango\/#breadcrumb","itemListElement":[{"@type":"ListItem","position":1,"name":"Portada","item":"https:\/\/bienesraicesonlinegt.com\/"},{"@type":"ListItem","position":2,"name":"Edificio en Venta Apartamentos Zona 5 Quetzaltenango"}]},{"@type":"WebSite","@id":"https:\/\/bienesraicesonlinegt.com\/#website","url":"https:\/\/bienesraicesonlinegt.com\/","name":"Bienes Ra\u00edces Online","description":"Tu Mejor Opci\u00f3n de Bienes Inmuebles en Guatemala ","publisher":{"@id":"https:\/\/bienesraicesonlinegt.com\/#organization"},"potentialAction":[{"@type":"SearchAction","target":{"@type":"EntryPoint","urlTemplate":"https:\/\/bienesraicesonlinegt.com\/?s={search_term_string}"},"query-input":{"@type":"PropertyValueSpecification","valueRequired":true,"valueName":"search_term_string"}}],"inLanguage":"es"},{"@type":"Organization","@id":"https:\/\/bienesraicesonlinegt.com\/#organization","name":"Bienes Ra\u00edces Online","url":"https:\/\/bienesraicesonlinegt.com\/","logo":{"@type":"ImageObject","inLanguage":"es","@id":"https:\/\/bienesraicesonlinegt.com\/#\/schema\/logo\/image\/","url":"https:\/\/i0.wp.com\/bienesraicesonlinegt.com\/wp-content\/uploads\/2022\/03\/cropped-Picsart_22-01-02_18-40-13-901.jpg?fit=512%2C512&ssl=1","contentUrl":"https:\/\/i0.wp.com\/bienesraicesonlinegt.com\/wp-content\/uploads\/2022\/03\/cropped-Picsart_22-01-02_18-40-13-901.jpg?fit=512%2C512&ssl=1","width":512,"height":512,"caption":"Bienes Ra\u00edces Online"},"image":{"@id":"https:\/\/bienesraicesonlinegt.com\/#\/schema\/logo\/image\/"},"sameAs":["https:\/\/www.facebook.com\/bienesraicesonline\/","https:\/\/x.com\/raices_online","https:\/\/www.instagram.com\/bienesraicesonlinexela\/","https:\/\/pin.it\/1vdHG9B","https:\/\/www.youtube.com\/channel\/UCIJ2CBQ8RA5Hb_yj1CSeSHA","https:\/\/bienes-raices-online-xela.negocio.site\/","https:\/\/vm.tiktok.com\/ZSVst9m5\/","https:\/\/wa.me\/message\/VRLOSYS56UWQF1"]}]}},"_links":{"self":[{"href":"https:\/\/bienesraicesonlinegt.com\/index.php\/wp-json\/wp\/v2\/pages\/3368"}],"collection":[{"href":"https:\/\/bienesraicesonlinegt.com\/index.php\/wp-json\/wp\/v2\/pages"}],"about":[{"href":"https:\/\/bienesraicesonlinegt.com\/index.php\/wp-json\/wp\/v2\/types\/page"}],"author":[{"embeddable":true,"href":"https:\/\/bienesraicesonlinegt.com\/index.php\/wp-json\/wp\/v2\/users\/1"}],"replies":[{"embeddable":true,"href":"https:\/\/bienesraicesonlinegt.com\/index.php\/wp-json\/wp\/v2\/comments?post=3368"}],"version-history":[{"count":3,"href":"https:\/\/bienesraicesonlinegt.com\/index.php\/wp-json\/wp\/v2\/pages\/3368\/revisions"}],"predecessor-version":[{"id":3373,"href":"https:\/\/bienesraicesonlinegt.com\/index.php\/wp-json\/wp\/v2\/pages\/3368\/revisions\/3373"}],"wp:attachment":[{"href":"https:\/\/bienesraicesonlinegt.com\/index.php\/wp-json\/wp\/v2\/media?parent=3368"}],"curies":[{"name":"wp","href":"https:\/\/api.w.org\/{rel}","templated":true}]}}