{"id":3392,"date":"2025-10-28T12:40:37","date_gmt":"2025-10-28T12:40:37","guid":{"rendered":"https:\/\/bienesraicesonlinegt.com\/?page_id=3392"},"modified":"2025-10-28T12:40:38","modified_gmt":"2025-10-28T12:40:38","slug":"oficina-en-alquiler-torre-pradera-xela","status":"publish","type":"page","link":"https:\/\/bienesraicesonlinegt.com\/index.php\/oficina-en-alquiler-torre-pradera-xela\/","title":{"rendered":"Oficina en Alquiler Torre Pradera Xela"},"content":{"rendered":"\n[et_pb_section fb_built=&#8221;1&#8243; _builder_version=&#8221;4.23&#8243; _module_preset=&#8221;default&#8221; global_colors_info=&#8221;{}&#8221;][et_pb_row _builder_version=&#8221;4.23&#8243; _module_preset=&#8221;default&#8221; global_colors_info=&#8221;{}&#8221;][et_pb_column type=&#8221;4_4&#8243; _builder_version=&#8221;4.23&#8243; _module_preset=&#8221;default&#8221; global_colors_info=&#8221;{}&#8221;][et_pb_text _builder_version=&#8221;4.23&#8243; _module_preset=&#8221;default&#8221; global_colors_info=&#8221;{}&#8221;]<h2 style=\"text-align: center;\"><span style=\"color: #800000;\"><strong>Oficina en Alquiler Torre Pradera Xela\u00a0<\/strong><\/span><\/h2>[\/et_pb_text][et_pb_text _builder_version=&#8221;4.23&#8243; _module_preset=&#8221;default&#8221; global_colors_info=&#8221;{}&#8221;]<p dir=\"ltr\"><span style=\"color: #008000;\">Oficina en Alquiler\u00a0Torre Pradera Xela, Zona 3 Quetzaltenango.\u00a0<\/span><\/p>\n<p dir=\"ltr\">Caracter\u00edsticas:<\/p>\n<p dir=\"ltr\">Oficina y Ba\u00f1o<\/p>\n<p dir=\"ltr\">Diferentes opciones y metrajes.<\/p>\n<p dir=\"ltr\">El edificio tiene elevador, planta el\u00e9ctrica para pasillos.<\/p>\n<p dir=\"ltr\">La mayoria de oficinas incluye un parqueo dentro del Edificio.<\/p>\n<p dir=\"ltr\"><span style=\"color: #ff0000;\"><strong>Precio: Solicit\u00e9 informaci\u00f3n por whatsapp o tel\u00e9fono, para ver disponibilidad.<\/strong><\/span><\/p>\n<p dir=\"ltr\">Renta Anticipada, dep\u00f3sito y contrato.<\/p>\n<p dir=\"ltr\">Servicios por aparte.<\/p>\n<p dir=\"ltr\">Mantenimiento por aparte.<\/p>\n<p dir=\"ltr\">Mayor informaci\u00f3n al tel\u00e9fono y whatsapp \u202a42728393\u202c<\/p>\n<p dir=\"ltr\">Email:\u00a0<a href=\"mailto:info@bienesraicesonlinegt.com\" target=\"_blank\" rel=\"noopener\">info@<wbr \/>bienesraicesonlinegt.com<\/a><\/p>\n<p dir=\"ltr\">Sitio Web<\/p>\n<p dir=\"ltr\"><a href=\"http:\/\/www.bienesraicesonlinegt.com\/\" target=\"_blank\" data-saferedirecturl=\"https:\/\/www.google.com\/url?q=http:\/\/Www.bienesraicesonlinegt.com&amp;source=gmail&amp;ust=1761674792596000&amp;usg=AOvVaw3wHmLkJ0WO7vMK4tPDycje\" rel=\"noopener\">Www.bienesraicesonlinegt.com<\/a><\/p>[\/et_pb_text][et_pb_image src=&#8221;https:\/\/bienesraicesonlinegt.com\/wp-content\/uploads\/2025\/08\/Bienes-Raices-Online-Casas-modernas_20250423_065701_0000.jpg&#8221; alt=&#8221;Oficina en Alquiler Torre Pradera Xela&#8221; title_text=&#8221;Bienes Ra\u00edces Online Casas modernas_20250423_065701_0000&#8243; show_in_lightbox=&#8221;on&#8221; _builder_version=&#8221;4.23&#8243; _module_preset=&#8221;default&#8221; global_colors_info=&#8221;{}&#8221;][\/et_pb_image][et_pb_text _builder_version=&#8221;4.23&#8243; _module_preset=&#8221;default&#8221; hover_enabled=&#8221;0&#8243; sticky_enabled=&#8221;0&#8243;]<p style=\"text-align: center;\"><span style=\"color: #800000;\"><strong>Foto Galer\u00eda de las oficinas<\/strong><\/span><\/p>[\/et_pb_text][et_pb_gallery _builder_version=&#8221;4.23&#8243; _module_preset=&#8221;default&#8221; gallery_ids=&#8221;3402,3115,3426,3417,3424,3421,3425,3423,3422,3412,3418,3416,3415,3420,3399,3404,3400,3405,3397,3406,3407,3410,3411,3408,3409,3414,3413&#8243; posts_number=&#8221;1&#8243; hover_enabled=&#8221;0&#8243; sticky_enabled=&#8221;0&#8243;][\/et_pb_gallery][\/et_pb_column][\/et_pb_row][\/et_pb_section]\n<div class=\"pvc_clear\"><\/div><p class=\"pvc_stats all \" data-element-id=\"3392\" style=\"\"><i class=\"pvc-stats-icon medium\" aria-hidden=\"true\"><svg aria-hidden=\"true\" focusable=\"false\" data-prefix=\"far\" data-icon=\"chart-bar\" role=\"img\" xmlns=\"http:\/\/www.w3.org\/2000\/svg\" viewBox=\"0 0 512 512\" class=\"svg-inline--fa fa-chart-bar fa-w-16 fa-2x\"><path fill=\"currentColor\" d=\"M396.8 352h22.4c6.4 0 12.8-6.4 12.8-12.8V108.8c0-6.4-6.4-12.8-12.8-12.8h-22.4c-6.4 0-12.8 6.4-12.8 12.8v230.4c0 6.4 6.4 12.8 12.8 12.8zm-192 0h22.4c6.4 0 12.8-6.4 12.8-12.8V140.8c0-6.4-6.4-12.8-12.8-12.8h-22.4c-6.4 0-12.8 6.4-12.8 12.8v198.4c0 6.4 6.4 12.8 12.8 12.8zm96 0h22.4c6.4 0 12.8-6.4 12.8-12.8V204.8c0-6.4-6.4-12.8-12.8-12.8h-22.4c-6.4 0-12.8 6.4-12.8 12.8v134.4c0 6.4 6.4 12.8 12.8 12.8zM496 400H48V80c0-8.84-7.16-16-16-16H16C7.16 64 0 71.16 0 80v336c0 17.67 14.33 32 32 32h464c8.84 0 16-7.16 16-16v-16c0-8.84-7.16-16-16-16zm-387.2-48h22.4c6.4 0 12.8-6.4 12.8-12.8v-70.4c0-6.4-6.4-12.8-12.8-12.8h-22.4c-6.4 0-12.8 6.4-12.8 12.8v70.4c0 6.4 6.4 12.8 12.8 12.8z\" class=\"\"><\/path><\/svg><\/i> &nbsp;80&nbsp;Total visitas, &nbsp;1&nbsp;Visitas hoy<\/p><div class=\"pvc_clear\"><\/div>","protected":false},"excerpt":{"rendered":"<p>Oficina en Alquiler Torre Pradera Xela\u00a0Oficina en Alquiler\u00a0Torre Pradera Xela, Zona 3 Quetzaltenango.\u00a0 Caracter\u00edsticas: Oficina y Ba\u00f1o Diferentes opciones y metrajes. El edificio tiene elevador, planta el\u00e9ctrica para pasillos. La mayoria de oficinas incluye un parqueo dentro del Edificio. Precio: Solicit\u00e9 informaci\u00f3n por whatsapp o tel\u00e9fono, para ver disponibilidad. Renta Anticipada, dep\u00f3sito y contrato. Servicios [&hellip;]<\/p>\n<div class=\"pvc_clear\"><\/div>\n<p class=\"pvc_stats all \" data-element-id=\"3392\" style=\"\"><i class=\"pvc-stats-icon medium\" aria-hidden=\"true\"><svg aria-hidden=\"true\" focusable=\"false\" data-prefix=\"far\" data-icon=\"chart-bar\" role=\"img\" xmlns=\"http:\/\/www.w3.org\/2000\/svg\" viewBox=\"0 0 512 512\" class=\"svg-inline--fa fa-chart-bar fa-w-16 fa-2x\"><path fill=\"currentColor\" d=\"M396.8 352h22.4c6.4 0 12.8-6.4 12.8-12.8V108.8c0-6.4-6.4-12.8-12.8-12.8h-22.4c-6.4 0-12.8 6.4-12.8 12.8v230.4c0 6.4 6.4 12.8 12.8 12.8zm-192 0h22.4c6.4 0 12.8-6.4 12.8-12.8V140.8c0-6.4-6.4-12.8-12.8-12.8h-22.4c-6.4 0-12.8 6.4-12.8 12.8v198.4c0 6.4 6.4 12.8 12.8 12.8zm96 0h22.4c6.4 0 12.8-6.4 12.8-12.8V204.8c0-6.4-6.4-12.8-12.8-12.8h-22.4c-6.4 0-12.8 6.4-12.8 12.8v134.4c0 6.4 6.4 12.8 12.8 12.8zM496 400H48V80c0-8.84-7.16-16-16-16H16C7.16 64 0 71.16 0 80v336c0 17.67 14.33 32 32 32h464c8.84 0 16-7.16 16-16v-16c0-8.84-7.16-16-16-16zm-387.2-48h22.4c6.4 0 12.8-6.4 12.8-12.8v-70.4c0-6.4-6.4-12.8-12.8-12.8h-22.4c-6.4 0-12.8 6.4-12.8 12.8v70.4c0 6.4 6.4 12.8 12.8 12.8z\" class=\"\"><\/path><\/svg><\/i> &nbsp;80&nbsp;Total visitas, &nbsp;1&nbsp;Visitas hoy<\/p>\n<div class=\"pvc_clear\"><\/div>\n","protected":false},"author":1,"featured_media":0,"parent":0,"menu_order":0,"comment_status":"closed","ping_status":"closed","template":"","meta":{"_et_pb_use_builder":"on","_et_pb_old_content":"","_et_gb_content_width":"","_monsterinsights_skip_tracking":false,"_monsterinsights_sitenote_active":false,"_monsterinsights_sitenote_note":"","_monsterinsights_sitenote_category":0,"footnotes":""},"class_list":["post-3392","page","type-page","status-publish","hentry"],"yoast_head":"<!-- This site is optimized with the Yoast SEO plugin v25.6 - https:\/\/yoast.com\/wordpress\/plugins\/seo\/ -->\n<title>Oficina en Alquiler Torre Pradera Xela - Bienes Ra\u00edces Online<\/title>\n<meta name=\"description\" content=\"Oficina en Alquiler Torre Pradera Xela, pregunte por disponibilidad, diferentes metrajes y precios, Informaci\u00f3n Whatsapp +502 42728393\" \/>\n<meta name=\"robots\" content=\"index, follow, max-snippet:-1, max-image-preview:large, max-video-preview:-1\" \/>\n<link rel=\"canonical\" href=\"https:\/\/bienesraicesonlinegt.com\/index.php\/oficina-en-alquiler-torre-pradera-xela\/\" \/>\n<meta property=\"og:locale\" content=\"es_ES\" \/>\n<meta property=\"og:type\" content=\"article\" \/>\n<meta property=\"og:title\" content=\"Oficina en Alquiler Torre Pradera Xela - Bienes Ra\u00edces Online\" \/>\n<meta property=\"og:description\" content=\"Oficina en Alquiler Torre Pradera Xela, pregunte por disponibilidad, diferentes metrajes y precios, Informaci\u00f3n Whatsapp +502 42728393\" \/>\n<meta property=\"og:url\" content=\"https:\/\/bienesraicesonlinegt.com\/index.php\/oficina-en-alquiler-torre-pradera-xela\/\" \/>\n<meta property=\"og:site_name\" content=\"Bienes Ra\u00edces Online\" \/>\n<meta property=\"article:publisher\" content=\"https:\/\/www.facebook.com\/bienesraicesonline\/\" \/>\n<meta property=\"article:modified_time\" content=\"2025-10-28T12:40:38+00:00\" \/>\n<meta name=\"twitter:card\" content=\"summary_large_image\" \/>\n<meta name=\"twitter:site\" content=\"@raices_online\" \/>\n<meta name=\"twitter:label1\" content=\"Tiempo de lectura\" \/>\n\t<meta name=\"twitter:data1\" content=\"1 minuto\" \/>\n<script type=\"application\/ld+json\" class=\"yoast-schema-graph\">{\"@context\":\"https:\/\/schema.org\",\"@graph\":[{\"@type\":\"WebPage\",\"@id\":\"https:\/\/bienesraicesonlinegt.com\/index.php\/oficina-en-alquiler-torre-pradera-xela\/\",\"url\":\"https:\/\/bienesraicesonlinegt.com\/index.php\/oficina-en-alquiler-torre-pradera-xela\/\",\"name\":\"Oficina en Alquiler Torre Pradera Xela - Bienes Ra\u00edces Online\",\"isPartOf\":{\"@id\":\"https:\/\/bienesraicesonlinegt.com\/#website\"},\"datePublished\":\"2025-10-28T12:40:37+00:00\",\"dateModified\":\"2025-10-28T12:40:38+00:00\",\"description\":\"Oficina en Alquiler Torre Pradera Xela, pregunte por disponibilidad, diferentes metrajes y precios, Informaci\u00f3n Whatsapp +502 42728393\",\"breadcrumb\":{\"@id\":\"https:\/\/bienesraicesonlinegt.com\/index.php\/oficina-en-alquiler-torre-pradera-xela\/#breadcrumb\"},\"inLanguage\":\"es\",\"potentialAction\":[{\"@type\":\"ReadAction\",\"target\":[\"https:\/\/bienesraicesonlinegt.com\/index.php\/oficina-en-alquiler-torre-pradera-xela\/\"]}]},{\"@type\":\"BreadcrumbList\",\"@id\":\"https:\/\/bienesraicesonlinegt.com\/index.php\/oficina-en-alquiler-torre-pradera-xela\/#breadcrumb\",\"itemListElement\":[{\"@type\":\"ListItem\",\"position\":1,\"name\":\"Portada\",\"item\":\"https:\/\/bienesraicesonlinegt.com\/\"},{\"@type\":\"ListItem\",\"position\":2,\"name\":\"Oficina en Alquiler Torre Pradera Xela\"}]},{\"@type\":\"WebSite\",\"@id\":\"https:\/\/bienesraicesonlinegt.com\/#website\",\"url\":\"https:\/\/bienesraicesonlinegt.com\/\",\"name\":\"Bienes Ra\u00edces Online\",\"description\":\"Tu Mejor Opci\u00f3n de Bienes Inmuebles en Guatemala \",\"publisher\":{\"@id\":\"https:\/\/bienesraicesonlinegt.com\/#organization\"},\"potentialAction\":[{\"@type\":\"SearchAction\",\"target\":{\"@type\":\"EntryPoint\",\"urlTemplate\":\"https:\/\/bienesraicesonlinegt.com\/?s={search_term_string}\"},\"query-input\":{\"@type\":\"PropertyValueSpecification\",\"valueRequired\":true,\"valueName\":\"search_term_string\"}}],\"inLanguage\":\"es\"},{\"@type\":\"Organization\",\"@id\":\"https:\/\/bienesraicesonlinegt.com\/#organization\",\"name\":\"Bienes Ra\u00edces Online\",\"url\":\"https:\/\/bienesraicesonlinegt.com\/\",\"logo\":{\"@type\":\"ImageObject\",\"inLanguage\":\"es\",\"@id\":\"https:\/\/bienesraicesonlinegt.com\/#\/schema\/logo\/image\/\",\"url\":\"https:\/\/i0.wp.com\/bienesraicesonlinegt.com\/wp-content\/uploads\/2022\/03\/cropped-Picsart_22-01-02_18-40-13-901.jpg?fit=512%2C512&ssl=1\",\"contentUrl\":\"https:\/\/i0.wp.com\/bienesraicesonlinegt.com\/wp-content\/uploads\/2022\/03\/cropped-Picsart_22-01-02_18-40-13-901.jpg?fit=512%2C512&ssl=1\",\"width\":512,\"height\":512,\"caption\":\"Bienes Ra\u00edces Online\"},\"image\":{\"@id\":\"https:\/\/bienesraicesonlinegt.com\/#\/schema\/logo\/image\/\"},\"sameAs\":[\"https:\/\/www.facebook.com\/bienesraicesonline\/\",\"https:\/\/x.com\/raices_online\",\"https:\/\/www.instagram.com\/bienesraicesonlinexela\/\",\"https:\/\/pin.it\/1vdHG9B\",\"https:\/\/www.youtube.com\/channel\/UCIJ2CBQ8RA5Hb_yj1CSeSHA\",\"https:\/\/bienes-raices-online-xela.negocio.site\/\",\"https:\/\/vm.tiktok.com\/ZSVst9m5\/\",\"https:\/\/wa.me\/message\/VRLOSYS56UWQF1\"]}]}<\/script>\n<!-- \/ Yoast SEO plugin. -->","yoast_head_json":{"title":"Oficina en Alquiler Torre Pradera Xela - Bienes Ra\u00edces Online","description":"Oficina en Alquiler Torre Pradera Xela, pregunte por disponibilidad, diferentes metrajes y precios, Informaci\u00f3n Whatsapp +502 42728393","robots":{"index":"index","follow":"follow","max-snippet":"max-snippet:-1","max-image-preview":"max-image-preview:large","max-video-preview":"max-video-preview:-1"},"canonical":"https:\/\/bienesraicesonlinegt.com\/index.php\/oficina-en-alquiler-torre-pradera-xela\/","og_locale":"es_ES","og_type":"article","og_title":"Oficina en Alquiler Torre Pradera Xela - Bienes Ra\u00edces Online","og_description":"Oficina en Alquiler Torre Pradera Xela, pregunte por disponibilidad, diferentes metrajes y precios, Informaci\u00f3n Whatsapp +502 42728393","og_url":"https:\/\/bienesraicesonlinegt.com\/index.php\/oficina-en-alquiler-torre-pradera-xela\/","og_site_name":"Bienes Ra\u00edces Online","article_publisher":"https:\/\/www.facebook.com\/bienesraicesonline\/","article_modified_time":"2025-10-28T12:40:38+00:00","twitter_card":"summary_large_image","twitter_site":"@raices_online","twitter_misc":{"Tiempo de lectura":"1 minuto"},"schema":{"@context":"https:\/\/schema.org","@graph":[{"@type":"WebPage","@id":"https:\/\/bienesraicesonlinegt.com\/index.php\/oficina-en-alquiler-torre-pradera-xela\/","url":"https:\/\/bienesraicesonlinegt.com\/index.php\/oficina-en-alquiler-torre-pradera-xela\/","name":"Oficina en Alquiler Torre Pradera Xela - Bienes Ra\u00edces Online","isPartOf":{"@id":"https:\/\/bienesraicesonlinegt.com\/#website"},"datePublished":"2025-10-28T12:40:37+00:00","dateModified":"2025-10-28T12:40:38+00:00","description":"Oficina en Alquiler Torre Pradera Xela, pregunte por disponibilidad, diferentes metrajes y precios, Informaci\u00f3n Whatsapp +502 42728393","breadcrumb":{"@id":"https:\/\/bienesraicesonlinegt.com\/index.php\/oficina-en-alquiler-torre-pradera-xela\/#breadcrumb"},"inLanguage":"es","potentialAction":[{"@type":"ReadAction","target":["https:\/\/bienesraicesonlinegt.com\/index.php\/oficina-en-alquiler-torre-pradera-xela\/"]}]},{"@type":"BreadcrumbList","@id":"https:\/\/bienesraicesonlinegt.com\/index.php\/oficina-en-alquiler-torre-pradera-xela\/#breadcrumb","itemListElement":[{"@type":"ListItem","position":1,"name":"Portada","item":"https:\/\/bienesraicesonlinegt.com\/"},{"@type":"ListItem","position":2,"name":"Oficina en Alquiler Torre Pradera Xela"}]},{"@type":"WebSite","@id":"https:\/\/bienesraicesonlinegt.com\/#website","url":"https:\/\/bienesraicesonlinegt.com\/","name":"Bienes Ra\u00edces Online","description":"Tu Mejor Opci\u00f3n de Bienes Inmuebles en Guatemala ","publisher":{"@id":"https:\/\/bienesraicesonlinegt.com\/#organization"},"potentialAction":[{"@type":"SearchAction","target":{"@type":"EntryPoint","urlTemplate":"https:\/\/bienesraicesonlinegt.com\/?s={search_term_string}"},"query-input":{"@type":"PropertyValueSpecification","valueRequired":true,"valueName":"search_term_string"}}],"inLanguage":"es"},{"@type":"Organization","@id":"https:\/\/bienesraicesonlinegt.com\/#organization","name":"Bienes Ra\u00edces Online","url":"https:\/\/bienesraicesonlinegt.com\/","logo":{"@type":"ImageObject","inLanguage":"es","@id":"https:\/\/bienesraicesonlinegt.com\/#\/schema\/logo\/image\/","url":"https:\/\/i0.wp.com\/bienesraicesonlinegt.com\/wp-content\/uploads\/2022\/03\/cropped-Picsart_22-01-02_18-40-13-901.jpg?fit=512%2C512&ssl=1","contentUrl":"https:\/\/i0.wp.com\/bienesraicesonlinegt.com\/wp-content\/uploads\/2022\/03\/cropped-Picsart_22-01-02_18-40-13-901.jpg?fit=512%2C512&ssl=1","width":512,"height":512,"caption":"Bienes Ra\u00edces Online"},"image":{"@id":"https:\/\/bienesraicesonlinegt.com\/#\/schema\/logo\/image\/"},"sameAs":["https:\/\/www.facebook.com\/bienesraicesonline\/","https:\/\/x.com\/raices_online","https:\/\/www.instagram.com\/bienesraicesonlinexela\/","https:\/\/pin.it\/1vdHG9B","https:\/\/www.youtube.com\/channel\/UCIJ2CBQ8RA5Hb_yj1CSeSHA","https:\/\/bienes-raices-online-xela.negocio.site\/","https:\/\/vm.tiktok.com\/ZSVst9m5\/","https:\/\/wa.me\/message\/VRLOSYS56UWQF1"]}]}},"_links":{"self":[{"href":"https:\/\/bienesraicesonlinegt.com\/index.php\/wp-json\/wp\/v2\/pages\/3392"}],"collection":[{"href":"https:\/\/bienesraicesonlinegt.com\/index.php\/wp-json\/wp\/v2\/pages"}],"about":[{"href":"https:\/\/bienesraicesonlinegt.com\/index.php\/wp-json\/wp\/v2\/types\/page"}],"author":[{"embeddable":true,"href":"https:\/\/bienesraicesonlinegt.com\/index.php\/wp-json\/wp\/v2\/users\/1"}],"replies":[{"embeddable":true,"href":"https:\/\/bienesraicesonlinegt.com\/index.php\/wp-json\/wp\/v2\/comments?post=3392"}],"version-history":[{"count":4,"href":"https:\/\/bienesraicesonlinegt.com\/index.php\/wp-json\/wp\/v2\/pages\/3392\/revisions"}],"predecessor-version":[{"id":3429,"href":"https:\/\/bienesraicesonlinegt.com\/index.php\/wp-json\/wp\/v2\/pages\/3392\/revisions\/3429"}],"wp:attachment":[{"href":"https:\/\/bienesraicesonlinegt.com\/index.php\/wp-json\/wp\/v2\/media?parent=3392"}],"curies":[{"name":"wp","href":"https:\/\/api.w.org\/{rel}","templated":true}]}}