{"id":438,"date":"2022-04-20T06:13:40","date_gmt":"2022-04-20T06:13:40","guid":{"rendered":"https:\/\/bienesraicesonlinegt.com\/?page_id=438"},"modified":"2025-03-05T18:33:08","modified_gmt":"2025-03-05T18:33:08","slug":"casa-en-venta-la-esperanza-quetzaltenango","status":"publish","type":"page","link":"https:\/\/bienesraicesonlinegt.com\/index.php\/casas-en-venta-y-renta\/casa-en-venta-la-esperanza-quetzaltenango\/","title":{"rendered":"Casa en Venta La Esperanza Quetzaltenango"},"content":{"rendered":"<p>[et_pb_section fb_built=&#8221;1&#8243; _builder_version=&#8221;4.16&#8243; global_colors_info=&#8221;{}&#8221;][et_pb_row _builder_version=&#8221;4.16&#8243; background_size=&#8221;initial&#8221; background_position=&#8221;top_left&#8221; background_repeat=&#8221;repeat&#8221; global_colors_info=&#8221;{}&#8221;][et_pb_column type=&#8221;4_4&#8243; _builder_version=&#8221;4.16&#8243; custom_padding=&#8221;|||&#8221; global_colors_info=&#8221;{}&#8221; custom_padding__hover=&#8221;|||&#8221;][et_pb_text _builder_version=&#8221;4.16&#8243; background_size=&#8221;initial&#8221; background_position=&#8221;top_left&#8221; background_repeat=&#8221;repeat&#8221; global_colors_info=&#8221;{}&#8221;]<!-- divi:paragraph --><\/p>\n<p>Casa&nbsp; en Venta La Esperanza Quetzaltenango <\/p>\n<p><!-- \/divi:paragraph --><\/p>\n<p><!-- divi:paragraph --><\/p>\n<p>Casa en Venta condominio El Angel, La Esperanza, Quetzaltenango, muy cerca de Carretera Principal.<\/p>\n<p><!-- \/divi:paragraph --><\/p>\n<p><!-- divi:paragraph --><\/p>\n<p>Caracter\u00edsticas:<br \/>4 habitaciones<br \/>4 ba\u00f1os<br \/>Sala<br \/>Sala Familiar<br \/>Comedor, Cocina amplias<br \/>\u00c1rea de Lavander\u00eda<br \/>Rotoplas<br \/>Agua Caliente<br \/>Garage 1 veh\u00edculo<br \/>Condominio peque\u00f1o cerrado<br \/>Port\u00f3n el\u00e9ctrico<br \/>Escritura en Orden<br \/>Escritura Registrada<\/p>\n<p><!-- \/divi:paragraph --><\/p>\n<p><!-- divi:paragraph --><\/p>\n<p>Precio Q.1,380,000.00<\/p>\n<p><!-- \/divi:paragraph --><\/p>\n<p><!-- divi:paragraph --><\/p>\n<p>Servicios.<\/p>\n<p><!-- \/divi:paragraph --><\/p>\n<p><!-- divi:paragraph --><\/p>\n<p>Mayor informaci\u00f3n al tel\u00e9fono y whatsapp&nbsp;\u202a42728393\u202c<br \/>Email:&nbsp;info@bienesraicesonlinegt.com<br \/>Sitio Web<br \/>www.bienesraicesonlinegt.com<\/p>\n<p><!-- \/divi:paragraph --><\/p>\n<p><!-- divi:image {\"id\":2199,\"sizeSlug\":\"large\"} --><\/p>\n<figure class=\"wp-block-image size-large\"><img fetchpriority=\"high\" fetchpriority=\"high\" decoding=\"async\" width=\"1024\" height=\"858\" src=\"https:\/\/bienesraicesonlinegt.com\/wp-content\/uploads\/2024\/08\/Casa-Bienes-Raices-Online-_20240824_205235_0001-1024x858.jpg\" alt=\"\" class=\"wp-image-2199\" srcset=\"https:\/\/bienesraicesonlinegt.com\/wp-content\/uploads\/2024\/08\/Casa-Bienes-Raices-Online-_20240824_205235_0001-980x822.jpg 980w, https:\/\/bienesraicesonlinegt.com\/wp-content\/uploads\/2024\/08\/Casa-Bienes-Raices-Online-_20240824_205235_0001-480x402.jpg 480w\" sizes=\"(min-width: 0px) and (max-width: 480px) 480px, (min-width: 481px) and (max-width: 980px) 980px, (min-width: 981px) 1024px, 100vw\" \/><figcaption class=\"wp-element-caption\">Casa en Venta La Esperanza Quetzaltenango<\/figcaption><\/figure>\n<p><!-- \/divi:image --><\/p>\n<p><!-- divi:paragraph --><\/p>\n<p><!-- \/divi:paragraph -->[\/et_pb_text][et_pb_text _builder_version=&#8221;4.23&#8243; _module_preset=&#8221;default&#8221; hover_enabled=&#8221;0&#8243; sticky_enabled=&#8221;0&#8243;]<\/p>\n<p style=\"text-align: center;\"><span style=\"color: #ff0000;\">Foto Galer\u00eda de La Casa<\/span><\/p>\n<p>[\/et_pb_text][\/et_pb_column][\/et_pb_row][et_pb_row _builder_version=&#8221;4.23&#8243; _module_preset=&#8221;default&#8221;][et_pb_column _builder_version=&#8221;4.23&#8243; _module_preset=&#8221;default&#8221; type=&#8221;4_4&#8243;][et_pb_gallery _builder_version=&#8221;4.23&#8243; _module_preset=&#8221;default&#8221; gallery_ids=&#8221;2706,2705,2704,2703,2702,2701,2700,2699,2698,2697&#8243; posts_number=&#8221;1&#8243; hover_enabled=&#8221;0&#8243; sticky_enabled=&#8221;0&#8243;][\/et_pb_gallery][\/et_pb_column][\/et_pb_row][\/et_pb_section]<\/p>\n<div class=\"pvc_clear\"><\/div>\n<p class=\"pvc_stats all \" data-element-id=\"438\" style=\"\"><i class=\"pvc-stats-icon medium\" aria-hidden=\"true\"><svg aria-hidden=\"true\" focusable=\"false\" data-prefix=\"far\" data-icon=\"chart-bar\" role=\"img\" xmlns=\"http:\/\/www.w3.org\/2000\/svg\" viewBox=\"0 0 512 512\" class=\"svg-inline--fa fa-chart-bar fa-w-16 fa-2x\"><path fill=\"currentColor\" d=\"M396.8 352h22.4c6.4 0 12.8-6.4 12.8-12.8V108.8c0-6.4-6.4-12.8-12.8-12.8h-22.4c-6.4 0-12.8 6.4-12.8 12.8v230.4c0 6.4 6.4 12.8 12.8 12.8zm-192 0h22.4c6.4 0 12.8-6.4 12.8-12.8V140.8c0-6.4-6.4-12.8-12.8-12.8h-22.4c-6.4 0-12.8 6.4-12.8 12.8v198.4c0 6.4 6.4 12.8 12.8 12.8zm96 0h22.4c6.4 0 12.8-6.4 12.8-12.8V204.8c0-6.4-6.4-12.8-12.8-12.8h-22.4c-6.4 0-12.8 6.4-12.8 12.8v134.4c0 6.4 6.4 12.8 12.8 12.8zM496 400H48V80c0-8.84-7.16-16-16-16H16C7.16 64 0 71.16 0 80v336c0 17.67 14.33 32 32 32h464c8.84 0 16-7.16 16-16v-16c0-8.84-7.16-16-16-16zm-387.2-48h22.4c6.4 0 12.8-6.4 12.8-12.8v-70.4c0-6.4-6.4-12.8-12.8-12.8h-22.4c-6.4 0-12.8 6.4-12.8 12.8v70.4c0 6.4 6.4 12.8 12.8 12.8z\" class=\"\"><\/path><\/svg><\/i> &nbsp;978&nbsp;Total visitas, &nbsp;1&nbsp;Visitas hoy<\/p>\n<div class=\"pvc_clear\"><\/div>\n","protected":false},"excerpt":{"rendered":"<p>Casa&nbsp; en Venta La Esperanza Quetzaltenango Casa en Venta condominio El Angel, La Esperanza, Quetzaltenango, muy cerca de Carretera Principal. Caracter\u00edsticas:4 habitaciones4 ba\u00f1osSalaSala FamiliarComedor, Cocina amplias\u00c1rea de Lavander\u00edaRotoplasAgua CalienteGarage 1 veh\u00edculoCondominio peque\u00f1o cerradoPort\u00f3n el\u00e9ctricoEscritura en OrdenEscritura Registrada Precio Q.1,380,000.00 Servicios. Mayor informaci\u00f3n al tel\u00e9fono y whatsapp&nbsp;\u202a42728393\u202cEmail:&nbsp;info@bienesraicesonlinegt.comSitio Webwww.bienesraicesonlinegt.com Casa en Venta La Esperanza Quetzaltenango Foto Galer\u00eda [&hellip;]<\/p>\n<div class=\"pvc_clear\"><\/div>\n<p class=\"pvc_stats all \" data-element-id=\"438\" style=\"\"><i class=\"pvc-stats-icon medium\" aria-hidden=\"true\"><svg aria-hidden=\"true\" focusable=\"false\" data-prefix=\"far\" data-icon=\"chart-bar\" role=\"img\" xmlns=\"http:\/\/www.w3.org\/2000\/svg\" viewBox=\"0 0 512 512\" class=\"svg-inline--fa fa-chart-bar fa-w-16 fa-2x\"><path fill=\"currentColor\" d=\"M396.8 352h22.4c6.4 0 12.8-6.4 12.8-12.8V108.8c0-6.4-6.4-12.8-12.8-12.8h-22.4c-6.4 0-12.8 6.4-12.8 12.8v230.4c0 6.4 6.4 12.8 12.8 12.8zm-192 0h22.4c6.4 0 12.8-6.4 12.8-12.8V140.8c0-6.4-6.4-12.8-12.8-12.8h-22.4c-6.4 0-12.8 6.4-12.8 12.8v198.4c0 6.4 6.4 12.8 12.8 12.8zm96 0h22.4c6.4 0 12.8-6.4 12.8-12.8V204.8c0-6.4-6.4-12.8-12.8-12.8h-22.4c-6.4 0-12.8 6.4-12.8 12.8v134.4c0 6.4 6.4 12.8 12.8 12.8zM496 400H48V80c0-8.84-7.16-16-16-16H16C7.16 64 0 71.16 0 80v336c0 17.67 14.33 32 32 32h464c8.84 0 16-7.16 16-16v-16c0-8.84-7.16-16-16-16zm-387.2-48h22.4c6.4 0 12.8-6.4 12.8-12.8v-70.4c0-6.4-6.4-12.8-12.8-12.8h-22.4c-6.4 0-12.8 6.4-12.8 12.8v70.4c0 6.4 6.4 12.8 12.8 12.8z\" class=\"\"><\/path><\/svg><\/i> &nbsp;978&nbsp;Total visitas, &nbsp;1&nbsp;Visitas hoy<\/p>\n<div class=\"pvc_clear\"><\/div>\n","protected":false},"author":1,"featured_media":0,"parent":115,"menu_order":0,"comment_status":"open","ping_status":"closed","template":"","meta":{"_et_pb_use_builder":"on","_et_pb_old_content":"<!-- wp:paragraph -->\n<p>Casa&nbsp; en Venta La Esperanza Quetzaltenango <\/p>\n<!-- \/wp:paragraph -->\n\n<!-- wp:paragraph -->\n<p>Casa en Venta condominio El Angel, La Esperanza, Quetzaltenango, muy cerca de Carretera Principal.<\/p>\n<!-- \/wp:paragraph -->\n\n<!-- wp:paragraph -->\n<p>Caracter\u00edsticas:<br>4 habitaciones<br>4 ba\u00f1os<br>Sala<br>Sala Familiar<br>Comedor, Cocina amplias<br>\u00c1rea de Lavander\u00eda<br>Rotoplas<br>Agua Caliente<br>Garage 1 veh\u00edculo<br>Condominio peque\u00f1o cerrado<br>Port\u00f3n el\u00e9ctrico<br>Escritura en Orden<br>Escritura Registrada<\/p>\n<!-- \/wp:paragraph -->\n\n<!-- wp:paragraph -->\n<p>Precio Q.1,380,000.00<\/p>\n<!-- \/wp:paragraph -->\n\n<!-- wp:paragraph -->\n<p>Servicios.<\/p>\n<!-- \/wp:paragraph -->\n\n<!-- wp:paragraph -->\n<p>Mayor informaci\u00f3n al tel\u00e9fono y whatsapp&nbsp;\u202a42728393\u202c<br \/>Email:&nbsp;info@bienesraicesonlinegt.com<br \/>Sitio Web<br \/>www.bienesraicesonlinegt.com<\/p>\n<!-- \/wp:paragraph -->\n\n<!-- wp:image {\"id\":2199,\"sizeSlug\":\"large\"} -->\n<figure class=\"wp-block-image size-large\"><img src=\"https:\/\/bienesraicesonlinegt.com\/wp-content\/uploads\/2024\/08\/Casa-Bienes-Raices-Online-_20240824_205235_0001-1024x858.jpg\" alt=\"\" class=\"wp-image-2199\"\/><figcaption class=\"wp-element-caption\">Casa en Venta La Esperanza Quetzaltenango<\/figcaption><\/figure>\n<!-- \/wp:image -->\n\n<!-- wp:paragraph -->\n<p><\/p>\n<!-- \/wp:paragraph -->","_et_gb_content_width":"","_monsterinsights_skip_tracking":false,"_monsterinsights_sitenote_active":false,"_monsterinsights_sitenote_note":"","_monsterinsights_sitenote_category":0,"footnotes":""},"class_list":["post-438","page","type-page","status-publish","hentry"],"yoast_head":"<!-- This site is optimized with the Yoast SEO plugin v25.6 - https:\/\/yoast.com\/wordpress\/plugins\/seo\/ -->\n<title>Casa en Venta La Esperanza Quetzaltenango - Bienes Ra\u00edces Online<\/title>\n<meta name=\"description\" content=\"Casa\u00a0 en Venta La Esperanza Quetzaltenango, 4 habitaciones, Garage 3 veh\u00edculos, 3 ba\u00f1os informaci\u00f3n Whatsapp (502) 42728393\" \/>\n<meta name=\"robots\" content=\"index, follow, max-snippet:-1, max-image-preview:large, max-video-preview:-1\" \/>\n<link rel=\"canonical\" href=\"https:\/\/bienesraicesonlinegt.com\/index.php\/casas-en-venta-y-renta\/casa-en-venta-la-esperanza-quetzaltenango\/\" \/>\n<meta property=\"og:locale\" content=\"es_ES\" \/>\n<meta property=\"og:type\" content=\"article\" \/>\n<meta property=\"og:title\" content=\"Casa en Venta La Esperanza Quetzaltenango - Bienes Ra\u00edces Online\" \/>\n<meta property=\"og:description\" content=\"Casa\u00a0 en Venta La Esperanza Quetzaltenango, 4 habitaciones, Garage 3 veh\u00edculos, 3 ba\u00f1os informaci\u00f3n Whatsapp (502) 42728393\" \/>\n<meta property=\"og:url\" content=\"https:\/\/bienesraicesonlinegt.com\/index.php\/casas-en-venta-y-renta\/casa-en-venta-la-esperanza-quetzaltenango\/\" \/>\n<meta property=\"og:site_name\" content=\"Bienes Ra\u00edces Online\" \/>\n<meta property=\"article:publisher\" content=\"https:\/\/www.facebook.com\/bienesraicesonline\/\" \/>\n<meta property=\"article:modified_time\" content=\"2025-03-05T18:33:08+00:00\" \/>\n<meta property=\"og:image\" content=\"https:\/\/bienesraicesonlinegt.com\/wp-content\/uploads\/2024\/08\/Casa-Bienes-Raices-Online-_20240824_205235_0001-1024x858.jpg\" \/>\n<meta name=\"twitter:card\" content=\"summary_large_image\" \/>\n<meta name=\"twitter:site\" content=\"@raices_online\" \/>\n<meta name=\"twitter:label1\" content=\"Tiempo de lectura\" \/>\n\t<meta name=\"twitter:data1\" content=\"1 minuto\" \/>\n<script type=\"application\/ld+json\" class=\"yoast-schema-graph\">{\"@context\":\"https:\/\/schema.org\",\"@graph\":[{\"@type\":\"WebPage\",\"@id\":\"https:\/\/bienesraicesonlinegt.com\/index.php\/casas-en-venta-y-renta\/casa-en-venta-la-esperanza-quetzaltenango\/\",\"url\":\"https:\/\/bienesraicesonlinegt.com\/index.php\/casas-en-venta-y-renta\/casa-en-venta-la-esperanza-quetzaltenango\/\",\"name\":\"Casa en Venta La Esperanza Quetzaltenango - Bienes Ra\u00edces Online\",\"isPartOf\":{\"@id\":\"https:\/\/bienesraicesonlinegt.com\/#website\"},\"primaryImageOfPage\":{\"@id\":\"https:\/\/bienesraicesonlinegt.com\/index.php\/casas-en-venta-y-renta\/casa-en-venta-la-esperanza-quetzaltenango\/#primaryimage\"},\"image\":{\"@id\":\"https:\/\/bienesraicesonlinegt.com\/index.php\/casas-en-venta-y-renta\/casa-en-venta-la-esperanza-quetzaltenango\/#primaryimage\"},\"thumbnailUrl\":\"https:\/\/bienesraicesonlinegt.com\/wp-content\/uploads\/2024\/08\/Casa-Bienes-Raices-Online-_20240824_205235_0001-1024x858.jpg\",\"datePublished\":\"2022-04-20T06:13:40+00:00\",\"dateModified\":\"2025-03-05T18:33:08+00:00\",\"description\":\"Casa\u00a0 en Venta La Esperanza Quetzaltenango, 4 habitaciones, Garage 3 veh\u00edculos, 3 ba\u00f1os informaci\u00f3n Whatsapp (502) 42728393\",\"breadcrumb\":{\"@id\":\"https:\/\/bienesraicesonlinegt.com\/index.php\/casas-en-venta-y-renta\/casa-en-venta-la-esperanza-quetzaltenango\/#breadcrumb\"},\"inLanguage\":\"es\",\"potentialAction\":[{\"@type\":\"ReadAction\",\"target\":[\"https:\/\/bienesraicesonlinegt.com\/index.php\/casas-en-venta-y-renta\/casa-en-venta-la-esperanza-quetzaltenango\/\"]}]},{\"@type\":\"ImageObject\",\"inLanguage\":\"es\",\"@id\":\"https:\/\/bienesraicesonlinegt.com\/index.php\/casas-en-venta-y-renta\/casa-en-venta-la-esperanza-quetzaltenango\/#primaryimage\",\"url\":\"https:\/\/bienesraicesonlinegt.com\/wp-content\/uploads\/2024\/08\/Casa-Bienes-Raices-Online-_20240824_205235_0001.jpg\",\"contentUrl\":\"https:\/\/bienesraicesonlinegt.com\/wp-content\/uploads\/2024\/08\/Casa-Bienes-Raices-Online-_20240824_205235_0001.jpg\",\"width\":1410,\"height\":1182,\"caption\":\"Casa en Venta en Condominio La Esperanza Quetzaltenango\"},{\"@type\":\"BreadcrumbList\",\"@id\":\"https:\/\/bienesraicesonlinegt.com\/index.php\/casas-en-venta-y-renta\/casa-en-venta-la-esperanza-quetzaltenango\/#breadcrumb\",\"itemListElement\":[{\"@type\":\"ListItem\",\"position\":1,\"name\":\"Portada\",\"item\":\"https:\/\/bienesraicesonlinegt.com\/\"},{\"@type\":\"ListItem\",\"position\":2,\"name\":\"Casas en Venta y Renta\",\"item\":\"https:\/\/bienesraicesonlinegt.com\/index.php\/casas-en-venta-y-renta\/\"},{\"@type\":\"ListItem\",\"position\":3,\"name\":\"Casa en Venta La Esperanza Quetzaltenango\"}]},{\"@type\":\"WebSite\",\"@id\":\"https:\/\/bienesraicesonlinegt.com\/#website\",\"url\":\"https:\/\/bienesraicesonlinegt.com\/\",\"name\":\"Bienes Ra\u00edces Online\",\"description\":\"Tu Mejor Opci\u00f3n de Bienes Inmuebles en Guatemala \",\"publisher\":{\"@id\":\"https:\/\/bienesraicesonlinegt.com\/#organization\"},\"potentialAction\":[{\"@type\":\"SearchAction\",\"target\":{\"@type\":\"EntryPoint\",\"urlTemplate\":\"https:\/\/bienesraicesonlinegt.com\/?s={search_term_string}\"},\"query-input\":{\"@type\":\"PropertyValueSpecification\",\"valueRequired\":true,\"valueName\":\"search_term_string\"}}],\"inLanguage\":\"es\"},{\"@type\":\"Organization\",\"@id\":\"https:\/\/bienesraicesonlinegt.com\/#organization\",\"name\":\"Bienes Ra\u00edces Online\",\"url\":\"https:\/\/bienesraicesonlinegt.com\/\",\"logo\":{\"@type\":\"ImageObject\",\"inLanguage\":\"es\",\"@id\":\"https:\/\/bienesraicesonlinegt.com\/#\/schema\/logo\/image\/\",\"url\":\"https:\/\/i0.wp.com\/bienesraicesonlinegt.com\/wp-content\/uploads\/2022\/03\/cropped-Picsart_22-01-02_18-40-13-901.jpg?fit=512%2C512&ssl=1\",\"contentUrl\":\"https:\/\/i0.wp.com\/bienesraicesonlinegt.com\/wp-content\/uploads\/2022\/03\/cropped-Picsart_22-01-02_18-40-13-901.jpg?fit=512%2C512&ssl=1\",\"width\":512,\"height\":512,\"caption\":\"Bienes Ra\u00edces Online\"},\"image\":{\"@id\":\"https:\/\/bienesraicesonlinegt.com\/#\/schema\/logo\/image\/\"},\"sameAs\":[\"https:\/\/www.facebook.com\/bienesraicesonline\/\",\"https:\/\/x.com\/raices_online\",\"https:\/\/www.instagram.com\/bienesraicesonlinexela\/\",\"https:\/\/pin.it\/1vdHG9B\",\"https:\/\/www.youtube.com\/channel\/UCIJ2CBQ8RA5Hb_yj1CSeSHA\",\"https:\/\/bienes-raices-online-xela.negocio.site\/\",\"https:\/\/vm.tiktok.com\/ZSVst9m5\/\",\"https:\/\/wa.me\/message\/VRLOSYS56UWQF1\"]}]}<\/script>\n<!-- \/ Yoast SEO plugin. -->","yoast_head_json":{"title":"Casa en Venta La Esperanza Quetzaltenango - Bienes Ra\u00edces Online","description":"Casa\u00a0 en Venta La Esperanza Quetzaltenango, 4 habitaciones, Garage 3 veh\u00edculos, 3 ba\u00f1os informaci\u00f3n Whatsapp (502) 42728393","robots":{"index":"index","follow":"follow","max-snippet":"max-snippet:-1","max-image-preview":"max-image-preview:large","max-video-preview":"max-video-preview:-1"},"canonical":"https:\/\/bienesraicesonlinegt.com\/index.php\/casas-en-venta-y-renta\/casa-en-venta-la-esperanza-quetzaltenango\/","og_locale":"es_ES","og_type":"article","og_title":"Casa en Venta La Esperanza Quetzaltenango - Bienes Ra\u00edces Online","og_description":"Casa\u00a0 en Venta La Esperanza Quetzaltenango, 4 habitaciones, Garage 3 veh\u00edculos, 3 ba\u00f1os informaci\u00f3n Whatsapp (502) 42728393","og_url":"https:\/\/bienesraicesonlinegt.com\/index.php\/casas-en-venta-y-renta\/casa-en-venta-la-esperanza-quetzaltenango\/","og_site_name":"Bienes Ra\u00edces Online","article_publisher":"https:\/\/www.facebook.com\/bienesraicesonline\/","article_modified_time":"2025-03-05T18:33:08+00:00","og_image":[{"url":"https:\/\/bienesraicesonlinegt.com\/wp-content\/uploads\/2024\/08\/Casa-Bienes-Raices-Online-_20240824_205235_0001-1024x858.jpg","type":"","width":"","height":""}],"twitter_card":"summary_large_image","twitter_site":"@raices_online","twitter_misc":{"Tiempo de lectura":"1 minuto"},"schema":{"@context":"https:\/\/schema.org","@graph":[{"@type":"WebPage","@id":"https:\/\/bienesraicesonlinegt.com\/index.php\/casas-en-venta-y-renta\/casa-en-venta-la-esperanza-quetzaltenango\/","url":"https:\/\/bienesraicesonlinegt.com\/index.php\/casas-en-venta-y-renta\/casa-en-venta-la-esperanza-quetzaltenango\/","name":"Casa en Venta La Esperanza Quetzaltenango - Bienes Ra\u00edces Online","isPartOf":{"@id":"https:\/\/bienesraicesonlinegt.com\/#website"},"primaryImageOfPage":{"@id":"https:\/\/bienesraicesonlinegt.com\/index.php\/casas-en-venta-y-renta\/casa-en-venta-la-esperanza-quetzaltenango\/#primaryimage"},"image":{"@id":"https:\/\/bienesraicesonlinegt.com\/index.php\/casas-en-venta-y-renta\/casa-en-venta-la-esperanza-quetzaltenango\/#primaryimage"},"thumbnailUrl":"https:\/\/bienesraicesonlinegt.com\/wp-content\/uploads\/2024\/08\/Casa-Bienes-Raices-Online-_20240824_205235_0001-1024x858.jpg","datePublished":"2022-04-20T06:13:40+00:00","dateModified":"2025-03-05T18:33:08+00:00","description":"Casa\u00a0 en Venta La Esperanza Quetzaltenango, 4 habitaciones, Garage 3 veh\u00edculos, 3 ba\u00f1os informaci\u00f3n Whatsapp (502) 42728393","breadcrumb":{"@id":"https:\/\/bienesraicesonlinegt.com\/index.php\/casas-en-venta-y-renta\/casa-en-venta-la-esperanza-quetzaltenango\/#breadcrumb"},"inLanguage":"es","potentialAction":[{"@type":"ReadAction","target":["https:\/\/bienesraicesonlinegt.com\/index.php\/casas-en-venta-y-renta\/casa-en-venta-la-esperanza-quetzaltenango\/"]}]},{"@type":"ImageObject","inLanguage":"es","@id":"https:\/\/bienesraicesonlinegt.com\/index.php\/casas-en-venta-y-renta\/casa-en-venta-la-esperanza-quetzaltenango\/#primaryimage","url":"https:\/\/bienesraicesonlinegt.com\/wp-content\/uploads\/2024\/08\/Casa-Bienes-Raices-Online-_20240824_205235_0001.jpg","contentUrl":"https:\/\/bienesraicesonlinegt.com\/wp-content\/uploads\/2024\/08\/Casa-Bienes-Raices-Online-_20240824_205235_0001.jpg","width":1410,"height":1182,"caption":"Casa en Venta en Condominio La Esperanza Quetzaltenango"},{"@type":"BreadcrumbList","@id":"https:\/\/bienesraicesonlinegt.com\/index.php\/casas-en-venta-y-renta\/casa-en-venta-la-esperanza-quetzaltenango\/#breadcrumb","itemListElement":[{"@type":"ListItem","position":1,"name":"Portada","item":"https:\/\/bienesraicesonlinegt.com\/"},{"@type":"ListItem","position":2,"name":"Casas en Venta y Renta","item":"https:\/\/bienesraicesonlinegt.com\/index.php\/casas-en-venta-y-renta\/"},{"@type":"ListItem","position":3,"name":"Casa en Venta La Esperanza Quetzaltenango"}]},{"@type":"WebSite","@id":"https:\/\/bienesraicesonlinegt.com\/#website","url":"https:\/\/bienesraicesonlinegt.com\/","name":"Bienes Ra\u00edces Online","description":"Tu Mejor Opci\u00f3n de Bienes Inmuebles en Guatemala ","publisher":{"@id":"https:\/\/bienesraicesonlinegt.com\/#organization"},"potentialAction":[{"@type":"SearchAction","target":{"@type":"EntryPoint","urlTemplate":"https:\/\/bienesraicesonlinegt.com\/?s={search_term_string}"},"query-input":{"@type":"PropertyValueSpecification","valueRequired":true,"valueName":"search_term_string"}}],"inLanguage":"es"},{"@type":"Organization","@id":"https:\/\/bienesraicesonlinegt.com\/#organization","name":"Bienes Ra\u00edces Online","url":"https:\/\/bienesraicesonlinegt.com\/","logo":{"@type":"ImageObject","inLanguage":"es","@id":"https:\/\/bienesraicesonlinegt.com\/#\/schema\/logo\/image\/","url":"https:\/\/i0.wp.com\/bienesraicesonlinegt.com\/wp-content\/uploads\/2022\/03\/cropped-Picsart_22-01-02_18-40-13-901.jpg?fit=512%2C512&ssl=1","contentUrl":"https:\/\/i0.wp.com\/bienesraicesonlinegt.com\/wp-content\/uploads\/2022\/03\/cropped-Picsart_22-01-02_18-40-13-901.jpg?fit=512%2C512&ssl=1","width":512,"height":512,"caption":"Bienes Ra\u00edces Online"},"image":{"@id":"https:\/\/bienesraicesonlinegt.com\/#\/schema\/logo\/image\/"},"sameAs":["https:\/\/www.facebook.com\/bienesraicesonline\/","https:\/\/x.com\/raices_online","https:\/\/www.instagram.com\/bienesraicesonlinexela\/","https:\/\/pin.it\/1vdHG9B","https:\/\/www.youtube.com\/channel\/UCIJ2CBQ8RA5Hb_yj1CSeSHA","https:\/\/bienes-raices-online-xela.negocio.site\/","https:\/\/vm.tiktok.com\/ZSVst9m5\/","https:\/\/wa.me\/message\/VRLOSYS56UWQF1"]}]}},"_links":{"self":[{"href":"https:\/\/bienesraicesonlinegt.com\/index.php\/wp-json\/wp\/v2\/pages\/438"}],"collection":[{"href":"https:\/\/bienesraicesonlinegt.com\/index.php\/wp-json\/wp\/v2\/pages"}],"about":[{"href":"https:\/\/bienesraicesonlinegt.com\/index.php\/wp-json\/wp\/v2\/types\/page"}],"author":[{"embeddable":true,"href":"https:\/\/bienesraicesonlinegt.com\/index.php\/wp-json\/wp\/v2\/users\/1"}],"replies":[{"embeddable":true,"href":"https:\/\/bienesraicesonlinegt.com\/index.php\/wp-json\/wp\/v2\/comments?post=438"}],"version-history":[{"count":8,"href":"https:\/\/bienesraicesonlinegt.com\/index.php\/wp-json\/wp\/v2\/pages\/438\/revisions"}],"predecessor-version":[{"id":2709,"href":"https:\/\/bienesraicesonlinegt.com\/index.php\/wp-json\/wp\/v2\/pages\/438\/revisions\/2709"}],"up":[{"embeddable":true,"href":"https:\/\/bienesraicesonlinegt.com\/index.php\/wp-json\/wp\/v2\/pages\/115"}],"wp:attachment":[{"href":"https:\/\/bienesraicesonlinegt.com\/index.php\/wp-json\/wp\/v2\/media?parent=438"}],"curies":[{"name":"wp","href":"https:\/\/api.w.org\/{rel}","templated":true}]}}