{"id":444,"date":"2022-04-21T08:38:44","date_gmt":"2022-04-21T08:38:44","guid":{"rendered":"https:\/\/bienesraicesonlinegt.com\/?page_id=444"},"modified":"2024-10-24T18:19:05","modified_gmt":"2024-10-24T18:19:05","slug":"apartamento-en-renta-por-xela-center-zona-3-quetzaltenango","status":"publish","type":"page","link":"https:\/\/bienesraicesonlinegt.com\/index.php\/apartamentos-en-venta-y-renta\/apartamento-en-renta-por-xela-center-zona-3-quetzaltenango\/","title":{"rendered":"Apartamento en Renta por Xela Center Zona 3 Quetzaltenango"},"content":{"rendered":"<p>[et_pb_section fb_built=&#8221;1&#8243; theme_builder_area=&#8221;post_content&#8221; _builder_version=&#8221;4.23&#8243; _module_preset=&#8221;default&#8221;][et_pb_row _builder_version=&#8221;4.23&#8243; _module_preset=&#8221;default&#8221; theme_builder_area=&#8221;post_content&#8221;][et_pb_column _builder_version=&#8221;4.23&#8243; _module_preset=&#8221;default&#8221; type=&#8221;4_4&#8243; theme_builder_area=&#8221;post_content&#8221;][et_pb_image src=&#8221;https:\/\/bienesraicesonlinegt.com\/wp-content\/uploads\/2024\/10\/1_20241004_204420_0000.jpg&#8221; _builder_version=&#8221;4.23&#8243; _module_preset=&#8221;default&#8221; theme_builder_area=&#8221;post_content&#8221; alt=&#8221;Apartamento en Alquiler Zona 3 Quetzaltenango por Hospital La Democracia&#8221; title_text=&#8221;Apartamento en Alquiler Zona 3 Quetzaltenango por Hospital La Democracia&#8221; show_in_lightbox=&#8221;on&#8221; hover_enabled=&#8221;0&#8243; sticky_enabled=&#8221;0&#8243;][\/et_pb_image][et_pb_text _builder_version=&#8221;4.23&#8243; _module_preset=&#8221;default&#8221; theme_builder_area=&#8221;post_content&#8221; hover_enabled=&#8221;0&#8243; sticky_enabled=&#8221;0&#8243;]<\/p>\n<p>Apartamento en Renta, por 13 av. Zona 3 , Quetzaltenango<\/p>\n<p>Caracter\u00edsticas:<br \/>4to. Nivel<br \/>3 habitaciones<br \/>1 ba\u00f1o<br \/>Sala,Comedor,Cocina<br \/>\u00c1rea de Lavander\u00eda<br \/>Parqueo 1 veh\u00edculos<\/p>\n<p>Precio Q.2,500.00, Renta anticipada, deposito y contrato.<\/p>\n<p>Mayor informaci\u00f3n al tel\u00e9fono y whatsapp \u202a42728393\u202c<br \/>Email: info@bienesraicesonlinegt.com<br \/>Sitio Web<br \/>www.bienesraicesonlinegt.com<\/p>\n<p>[\/et_pb_text][\/et_pb_column][\/et_pb_row][\/et_pb_section]<\/p>\n<div class=\"pvc_clear\"><\/div>\n<p class=\"pvc_stats all \" data-element-id=\"444\" style=\"\"><i class=\"pvc-stats-icon medium\" aria-hidden=\"true\"><svg aria-hidden=\"true\" focusable=\"false\" data-prefix=\"far\" data-icon=\"chart-bar\" role=\"img\" xmlns=\"http:\/\/www.w3.org\/2000\/svg\" viewBox=\"0 0 512 512\" class=\"svg-inline--fa fa-chart-bar fa-w-16 fa-2x\"><path fill=\"currentColor\" d=\"M396.8 352h22.4c6.4 0 12.8-6.4 12.8-12.8V108.8c0-6.4-6.4-12.8-12.8-12.8h-22.4c-6.4 0-12.8 6.4-12.8 12.8v230.4c0 6.4 6.4 12.8 12.8 12.8zm-192 0h22.4c6.4 0 12.8-6.4 12.8-12.8V140.8c0-6.4-6.4-12.8-12.8-12.8h-22.4c-6.4 0-12.8 6.4-12.8 12.8v198.4c0 6.4 6.4 12.8 12.8 12.8zm96 0h22.4c6.4 0 12.8-6.4 12.8-12.8V204.8c0-6.4-6.4-12.8-12.8-12.8h-22.4c-6.4 0-12.8 6.4-12.8 12.8v134.4c0 6.4 6.4 12.8 12.8 12.8zM496 400H48V80c0-8.84-7.16-16-16-16H16C7.16 64 0 71.16 0 80v336c0 17.67 14.33 32 32 32h464c8.84 0 16-7.16 16-16v-16c0-8.84-7.16-16-16-16zm-387.2-48h22.4c6.4 0 12.8-6.4 12.8-12.8v-70.4c0-6.4-6.4-12.8-12.8-12.8h-22.4c-6.4 0-12.8 6.4-12.8 12.8v70.4c0 6.4 6.4 12.8 12.8 12.8z\" class=\"\"><\/path><\/svg><\/i> &nbsp;596&nbsp;Total visitas<\/p>\n<div class=\"pvc_clear\"><\/div>\n","protected":false},"excerpt":{"rendered":"<p>Apartamento en Renta, por 13 av. Zona 3 , Quetzaltenango Caracter\u00edsticas:4to. Nivel3 habitaciones1 ba\u00f1oSala,Comedor,Cocina\u00c1rea de Lavander\u00edaParqueo 1 veh\u00edculos Precio Q.2,500.00, Renta anticipada, deposito y contrato. Mayor informaci\u00f3n al tel\u00e9fono y whatsapp \u202a42728393\u202cEmail: info@bienesraicesonlinegt.comSitio Webwww.bienesraicesonlinegt.com<\/p>\n<div class=\"pvc_clear\"><\/div>\n<p class=\"pvc_stats all \" data-element-id=\"444\" style=\"\"><i class=\"pvc-stats-icon medium\" aria-hidden=\"true\"><svg aria-hidden=\"true\" focusable=\"false\" data-prefix=\"far\" data-icon=\"chart-bar\" role=\"img\" xmlns=\"http:\/\/www.w3.org\/2000\/svg\" viewBox=\"0 0 512 512\" class=\"svg-inline--fa fa-chart-bar fa-w-16 fa-2x\"><path fill=\"currentColor\" d=\"M396.8 352h22.4c6.4 0 12.8-6.4 12.8-12.8V108.8c0-6.4-6.4-12.8-12.8-12.8h-22.4c-6.4 0-12.8 6.4-12.8 12.8v230.4c0 6.4 6.4 12.8 12.8 12.8zm-192 0h22.4c6.4 0 12.8-6.4 12.8-12.8V140.8c0-6.4-6.4-12.8-12.8-12.8h-22.4c-6.4 0-12.8 6.4-12.8 12.8v198.4c0 6.4 6.4 12.8 12.8 12.8zm96 0h22.4c6.4 0 12.8-6.4 12.8-12.8V204.8c0-6.4-6.4-12.8-12.8-12.8h-22.4c-6.4 0-12.8 6.4-12.8 12.8v134.4c0 6.4 6.4 12.8 12.8 12.8zM496 400H48V80c0-8.84-7.16-16-16-16H16C7.16 64 0 71.16 0 80v336c0 17.67 14.33 32 32 32h464c8.84 0 16-7.16 16-16v-16c0-8.84-7.16-16-16-16zm-387.2-48h22.4c6.4 0 12.8-6.4 12.8-12.8v-70.4c0-6.4-6.4-12.8-12.8-12.8h-22.4c-6.4 0-12.8 6.4-12.8 12.8v70.4c0 6.4 6.4 12.8 12.8 12.8z\" class=\"\"><\/path><\/svg><\/i> &nbsp;596&nbsp;Total visitas<\/p>\n<div class=\"pvc_clear\"><\/div>\n","protected":false},"author":1,"featured_media":0,"parent":116,"menu_order":0,"comment_status":"open","ping_status":"closed","template":"","meta":{"_et_pb_use_builder":"on","_et_pb_old_content":"<!-- wp:paragraph -->\n<p>Apartamento&nbsp; en Renta&nbsp; para persona o&nbsp; estudiante, por XelaCenter Quetzaltenango<\/p>\n<!-- \/wp:paragraph -->\n\n<!-- wp:paragraph -->\n<p>Caracter\u00edsticas:<br>1 Ambiente<br>Ba\u00f1o<br>\u00c1rea de Lavander\u00eda compartida<br>incluye agua, luz, cable e internet<br>Parqueo 1 veh\u00edculo<\/p>\n<!-- \/wp:paragraph -->\n\n<!-- wp:paragraph -->\n<p>Precio: Q.1,500.00<br>Renta anticipada, dep\u00f3sito y contrato<\/p>\n<!-- \/wp:paragraph -->\n\n<!-- wp:paragraph -->\n<p>Mayor informaci\u00f3n al tel\u00e9fono y whatsapp&nbsp;42728393<br>Email: info@bienesraicesonlinegt.com<br>Sitio Web: <a href=\"http:\/\/www.bienesraicesonlinegt.com\">www.bienesraicesonlinegt.com<\/a><\/p>\n<!-- \/wp:paragraph -->\n\n<!-- wp:image {\"id\":436,\"sizeSlug\":\"large\"} -->\n<figure class=\"wp-block-image size-large\"><img src=\"https:\/\/bienesraicesonlinegt.com\/wp-content\/uploads\/2022\/04\/Logopit_1650240562186-1-724x1024.jpg\" alt=\"\" class=\"wp-image-436\"\/><figcaption>Apartamento en Renta por XelaCenter Zona 3 Quetzaltenango<\/figcaption><\/figure>\n<!-- \/wp:image -->","_et_gb_content_width":"","_monsterinsights_skip_tracking":false,"_monsterinsights_sitenote_active":false,"_monsterinsights_sitenote_note":"","_monsterinsights_sitenote_category":0,"footnotes":""},"class_list":["post-444","page","type-page","status-publish","hentry"],"yoast_head":"<!-- This site is optimized with the Yoast SEO plugin v25.6 - https:\/\/yoast.com\/wordpress\/plugins\/seo\/ -->\n<title>Apartamento en Renta por Xela Center Zona 3 Quetzaltenango - Bienes Ra\u00edces Online<\/title>\n<meta name=\"description\" content=\"Apartamento\u00a0 en Renta por Xela Center Zona 3 Quetzaltenango, 2 Habitaci\u00f3nes, equipado, 1 ba\u00f1o, informaci\u00f3n WhatsApp (502) 42728393\" \/>\n<meta name=\"robots\" content=\"index, follow, max-snippet:-1, max-image-preview:large, max-video-preview:-1\" \/>\n<link rel=\"canonical\" href=\"https:\/\/bienesraicesonlinegt.com\/index.php\/apartamentos-en-venta-y-renta\/apartamento-en-renta-por-xela-center-zona-3-quetzaltenango\/\" \/>\n<meta property=\"og:locale\" content=\"es_ES\" \/>\n<meta property=\"og:type\" content=\"article\" \/>\n<meta property=\"og:title\" content=\"Apartamento en Renta por Xela Center Zona 3 Quetzaltenango - Bienes Ra\u00edces Online\" \/>\n<meta property=\"og:description\" content=\"Apartamento\u00a0 en Renta por Xela Center Zona 3 Quetzaltenango, 2 Habitaci\u00f3nes, equipado, 1 ba\u00f1o, informaci\u00f3n WhatsApp (502) 42728393\" \/>\n<meta property=\"og:url\" content=\"https:\/\/bienesraicesonlinegt.com\/index.php\/apartamentos-en-venta-y-renta\/apartamento-en-renta-por-xela-center-zona-3-quetzaltenango\/\" \/>\n<meta property=\"og:site_name\" content=\"Bienes Ra\u00edces Online\" \/>\n<meta property=\"article:publisher\" content=\"https:\/\/www.facebook.com\/bienesraicesonline\/\" \/>\n<meta property=\"article:modified_time\" content=\"2024-10-24T18:19:05+00:00\" \/>\n<meta name=\"twitter:card\" content=\"summary_large_image\" \/>\n<meta name=\"twitter:site\" content=\"@raices_online\" \/>\n<meta name=\"twitter:label1\" content=\"Tiempo de lectura\" \/>\n\t<meta name=\"twitter:data1\" content=\"1 minuto\" \/>\n<script type=\"application\/ld+json\" class=\"yoast-schema-graph\">{\"@context\":\"https:\/\/schema.org\",\"@graph\":[{\"@type\":\"WebPage\",\"@id\":\"https:\/\/bienesraicesonlinegt.com\/index.php\/apartamentos-en-venta-y-renta\/apartamento-en-renta-por-xela-center-zona-3-quetzaltenango\/\",\"url\":\"https:\/\/bienesraicesonlinegt.com\/index.php\/apartamentos-en-venta-y-renta\/apartamento-en-renta-por-xela-center-zona-3-quetzaltenango\/\",\"name\":\"Apartamento en Renta por Xela Center Zona 3 Quetzaltenango - Bienes Ra\u00edces Online\",\"isPartOf\":{\"@id\":\"https:\/\/bienesraicesonlinegt.com\/#website\"},\"datePublished\":\"2022-04-21T08:38:44+00:00\",\"dateModified\":\"2024-10-24T18:19:05+00:00\",\"description\":\"Apartamento\u00a0 en Renta por Xela Center Zona 3 Quetzaltenango, 2 Habitaci\u00f3nes, equipado, 1 ba\u00f1o, informaci\u00f3n WhatsApp (502) 42728393\",\"breadcrumb\":{\"@id\":\"https:\/\/bienesraicesonlinegt.com\/index.php\/apartamentos-en-venta-y-renta\/apartamento-en-renta-por-xela-center-zona-3-quetzaltenango\/#breadcrumb\"},\"inLanguage\":\"es\",\"potentialAction\":[{\"@type\":\"ReadAction\",\"target\":[\"https:\/\/bienesraicesonlinegt.com\/index.php\/apartamentos-en-venta-y-renta\/apartamento-en-renta-por-xela-center-zona-3-quetzaltenango\/\"]}]},{\"@type\":\"BreadcrumbList\",\"@id\":\"https:\/\/bienesraicesonlinegt.com\/index.php\/apartamentos-en-venta-y-renta\/apartamento-en-renta-por-xela-center-zona-3-quetzaltenango\/#breadcrumb\",\"itemListElement\":[{\"@type\":\"ListItem\",\"position\":1,\"name\":\"Portada\",\"item\":\"https:\/\/bienesraicesonlinegt.com\/\"},{\"@type\":\"ListItem\",\"position\":2,\"name\":\"Apartamentos en Venta y Renta\",\"item\":\"https:\/\/bienesraicesonlinegt.com\/index.php\/apartamentos-en-venta-y-renta\/\"},{\"@type\":\"ListItem\",\"position\":3,\"name\":\"Apartamento en Renta por Xela Center Zona 3 Quetzaltenango\"}]},{\"@type\":\"WebSite\",\"@id\":\"https:\/\/bienesraicesonlinegt.com\/#website\",\"url\":\"https:\/\/bienesraicesonlinegt.com\/\",\"name\":\"Bienes Ra\u00edces Online\",\"description\":\"Tu Mejor Opci\u00f3n de Bienes Inmuebles en Guatemala \",\"publisher\":{\"@id\":\"https:\/\/bienesraicesonlinegt.com\/#organization\"},\"potentialAction\":[{\"@type\":\"SearchAction\",\"target\":{\"@type\":\"EntryPoint\",\"urlTemplate\":\"https:\/\/bienesraicesonlinegt.com\/?s={search_term_string}\"},\"query-input\":{\"@type\":\"PropertyValueSpecification\",\"valueRequired\":true,\"valueName\":\"search_term_string\"}}],\"inLanguage\":\"es\"},{\"@type\":\"Organization\",\"@id\":\"https:\/\/bienesraicesonlinegt.com\/#organization\",\"name\":\"Bienes Ra\u00edces Online\",\"url\":\"https:\/\/bienesraicesonlinegt.com\/\",\"logo\":{\"@type\":\"ImageObject\",\"inLanguage\":\"es\",\"@id\":\"https:\/\/bienesraicesonlinegt.com\/#\/schema\/logo\/image\/\",\"url\":\"https:\/\/i0.wp.com\/bienesraicesonlinegt.com\/wp-content\/uploads\/2022\/03\/cropped-Picsart_22-01-02_18-40-13-901.jpg?fit=512%2C512&ssl=1\",\"contentUrl\":\"https:\/\/i0.wp.com\/bienesraicesonlinegt.com\/wp-content\/uploads\/2022\/03\/cropped-Picsart_22-01-02_18-40-13-901.jpg?fit=512%2C512&ssl=1\",\"width\":512,\"height\":512,\"caption\":\"Bienes Ra\u00edces Online\"},\"image\":{\"@id\":\"https:\/\/bienesraicesonlinegt.com\/#\/schema\/logo\/image\/\"},\"sameAs\":[\"https:\/\/www.facebook.com\/bienesraicesonline\/\",\"https:\/\/x.com\/raices_online\",\"https:\/\/www.instagram.com\/bienesraicesonlinexela\/\",\"https:\/\/pin.it\/1vdHG9B\",\"https:\/\/www.youtube.com\/channel\/UCIJ2CBQ8RA5Hb_yj1CSeSHA\",\"https:\/\/bienes-raices-online-xela.negocio.site\/\",\"https:\/\/vm.tiktok.com\/ZSVst9m5\/\",\"https:\/\/wa.me\/message\/VRLOSYS56UWQF1\"]}]}<\/script>\n<!-- \/ Yoast SEO plugin. -->","yoast_head_json":{"title":"Apartamento en Renta por Xela Center Zona 3 Quetzaltenango - Bienes Ra\u00edces Online","description":"Apartamento\u00a0 en Renta por Xela Center Zona 3 Quetzaltenango, 2 Habitaci\u00f3nes, equipado, 1 ba\u00f1o, informaci\u00f3n WhatsApp (502) 42728393","robots":{"index":"index","follow":"follow","max-snippet":"max-snippet:-1","max-image-preview":"max-image-preview:large","max-video-preview":"max-video-preview:-1"},"canonical":"https:\/\/bienesraicesonlinegt.com\/index.php\/apartamentos-en-venta-y-renta\/apartamento-en-renta-por-xela-center-zona-3-quetzaltenango\/","og_locale":"es_ES","og_type":"article","og_title":"Apartamento en Renta por Xela Center Zona 3 Quetzaltenango - Bienes Ra\u00edces Online","og_description":"Apartamento\u00a0 en Renta por Xela Center Zona 3 Quetzaltenango, 2 Habitaci\u00f3nes, equipado, 1 ba\u00f1o, informaci\u00f3n WhatsApp (502) 42728393","og_url":"https:\/\/bienesraicesonlinegt.com\/index.php\/apartamentos-en-venta-y-renta\/apartamento-en-renta-por-xela-center-zona-3-quetzaltenango\/","og_site_name":"Bienes Ra\u00edces Online","article_publisher":"https:\/\/www.facebook.com\/bienesraicesonline\/","article_modified_time":"2024-10-24T18:19:05+00:00","twitter_card":"summary_large_image","twitter_site":"@raices_online","twitter_misc":{"Tiempo de lectura":"1 minuto"},"schema":{"@context":"https:\/\/schema.org","@graph":[{"@type":"WebPage","@id":"https:\/\/bienesraicesonlinegt.com\/index.php\/apartamentos-en-venta-y-renta\/apartamento-en-renta-por-xela-center-zona-3-quetzaltenango\/","url":"https:\/\/bienesraicesonlinegt.com\/index.php\/apartamentos-en-venta-y-renta\/apartamento-en-renta-por-xela-center-zona-3-quetzaltenango\/","name":"Apartamento en Renta por Xela Center Zona 3 Quetzaltenango - Bienes Ra\u00edces Online","isPartOf":{"@id":"https:\/\/bienesraicesonlinegt.com\/#website"},"datePublished":"2022-04-21T08:38:44+00:00","dateModified":"2024-10-24T18:19:05+00:00","description":"Apartamento\u00a0 en Renta por Xela Center Zona 3 Quetzaltenango, 2 Habitaci\u00f3nes, equipado, 1 ba\u00f1o, informaci\u00f3n WhatsApp (502) 42728393","breadcrumb":{"@id":"https:\/\/bienesraicesonlinegt.com\/index.php\/apartamentos-en-venta-y-renta\/apartamento-en-renta-por-xela-center-zona-3-quetzaltenango\/#breadcrumb"},"inLanguage":"es","potentialAction":[{"@type":"ReadAction","target":["https:\/\/bienesraicesonlinegt.com\/index.php\/apartamentos-en-venta-y-renta\/apartamento-en-renta-por-xela-center-zona-3-quetzaltenango\/"]}]},{"@type":"BreadcrumbList","@id":"https:\/\/bienesraicesonlinegt.com\/index.php\/apartamentos-en-venta-y-renta\/apartamento-en-renta-por-xela-center-zona-3-quetzaltenango\/#breadcrumb","itemListElement":[{"@type":"ListItem","position":1,"name":"Portada","item":"https:\/\/bienesraicesonlinegt.com\/"},{"@type":"ListItem","position":2,"name":"Apartamentos en Venta y Renta","item":"https:\/\/bienesraicesonlinegt.com\/index.php\/apartamentos-en-venta-y-renta\/"},{"@type":"ListItem","position":3,"name":"Apartamento en Renta por Xela Center Zona 3 Quetzaltenango"}]},{"@type":"WebSite","@id":"https:\/\/bienesraicesonlinegt.com\/#website","url":"https:\/\/bienesraicesonlinegt.com\/","name":"Bienes Ra\u00edces Online","description":"Tu Mejor Opci\u00f3n de Bienes Inmuebles en Guatemala ","publisher":{"@id":"https:\/\/bienesraicesonlinegt.com\/#organization"},"potentialAction":[{"@type":"SearchAction","target":{"@type":"EntryPoint","urlTemplate":"https:\/\/bienesraicesonlinegt.com\/?s={search_term_string}"},"query-input":{"@type":"PropertyValueSpecification","valueRequired":true,"valueName":"search_term_string"}}],"inLanguage":"es"},{"@type":"Organization","@id":"https:\/\/bienesraicesonlinegt.com\/#organization","name":"Bienes Ra\u00edces Online","url":"https:\/\/bienesraicesonlinegt.com\/","logo":{"@type":"ImageObject","inLanguage":"es","@id":"https:\/\/bienesraicesonlinegt.com\/#\/schema\/logo\/image\/","url":"https:\/\/i0.wp.com\/bienesraicesonlinegt.com\/wp-content\/uploads\/2022\/03\/cropped-Picsart_22-01-02_18-40-13-901.jpg?fit=512%2C512&ssl=1","contentUrl":"https:\/\/i0.wp.com\/bienesraicesonlinegt.com\/wp-content\/uploads\/2022\/03\/cropped-Picsart_22-01-02_18-40-13-901.jpg?fit=512%2C512&ssl=1","width":512,"height":512,"caption":"Bienes Ra\u00edces Online"},"image":{"@id":"https:\/\/bienesraicesonlinegt.com\/#\/schema\/logo\/image\/"},"sameAs":["https:\/\/www.facebook.com\/bienesraicesonline\/","https:\/\/x.com\/raices_online","https:\/\/www.instagram.com\/bienesraicesonlinexela\/","https:\/\/pin.it\/1vdHG9B","https:\/\/www.youtube.com\/channel\/UCIJ2CBQ8RA5Hb_yj1CSeSHA","https:\/\/bienes-raices-online-xela.negocio.site\/","https:\/\/vm.tiktok.com\/ZSVst9m5\/","https:\/\/wa.me\/message\/VRLOSYS56UWQF1"]}]}},"_links":{"self":[{"href":"https:\/\/bienesraicesonlinegt.com\/index.php\/wp-json\/wp\/v2\/pages\/444"}],"collection":[{"href":"https:\/\/bienesraicesonlinegt.com\/index.php\/wp-json\/wp\/v2\/pages"}],"about":[{"href":"https:\/\/bienesraicesonlinegt.com\/index.php\/wp-json\/wp\/v2\/types\/page"}],"author":[{"embeddable":true,"href":"https:\/\/bienesraicesonlinegt.com\/index.php\/wp-json\/wp\/v2\/users\/1"}],"replies":[{"embeddable":true,"href":"https:\/\/bienesraicesonlinegt.com\/index.php\/wp-json\/wp\/v2\/comments?post=444"}],"version-history":[{"count":12,"href":"https:\/\/bienesraicesonlinegt.com\/index.php\/wp-json\/wp\/v2\/pages\/444\/revisions"}],"predecessor-version":[{"id":2310,"href":"https:\/\/bienesraicesonlinegt.com\/index.php\/wp-json\/wp\/v2\/pages\/444\/revisions\/2310"}],"up":[{"embeddable":true,"href":"https:\/\/bienesraicesonlinegt.com\/index.php\/wp-json\/wp\/v2\/pages\/116"}],"wp:attachment":[{"href":"https:\/\/bienesraicesonlinegt.com\/index.php\/wp-json\/wp\/v2\/media?parent=444"}],"curies":[{"name":"wp","href":"https:\/\/api.w.org\/{rel}","templated":true}]}}