{"id":668,"date":"2022-08-24T21:32:36","date_gmt":"2022-08-24T21:32:36","guid":{"rendered":"https:\/\/bienesraicesonlinegt.com\/?page_id=668"},"modified":"2026-02-18T06:45:17","modified_gmt":"2026-02-18T06:45:17","slug":"casa-en-venta-con-financiamiento-propio-la-esperanza-quetzaltenango-2","status":"publish","type":"page","link":"https:\/\/bienesraicesonlinegt.com\/index.php\/casas-en-venta-y-renta\/casa-en-venta-con-financiamiento-propio-la-esperanza-quetzaltenango-2\/","title":{"rendered":"Casa en Venta con Financiamiento Propio La Esperanza Quetzaltenango"},"content":{"rendered":"<p>[et_pb_section fb_built=&#8221;1&#8243; _builder_version=&#8221;4.16&#8243; global_colors_info=&#8221;{}&#8221;][et_pb_row _builder_version=&#8221;4.23&#8243; _module_preset=&#8221;default&#8221;][et_pb_column _builder_version=&#8221;4.23&#8243; _module_preset=&#8221;default&#8221; type=&#8221;4_4&#8243;][et_pb_text _builder_version=&#8221;4.23&#8243; _module_preset=&#8221;default&#8221; hover_enabled=&#8221;0&#8243; sticky_enabled=&#8221;0&#8243;]<\/p>\n<h2 style=\"text-align: center;\"><span style=\"color: #800000;\"><strong>Casa en Venta con Financiamiento Propio La Esperanza Quetzaltenango\u00a0<\/strong><\/span><\/h2>\n<p>[\/et_pb_text][et_pb_text _builder_version=&#8221;4.23&#8243; _module_preset=&#8221;default&#8221; hover_enabled=&#8221;0&#8243; sticky_enabled=&#8221;0&#8243;]<\/p>\n<div><span style=\"color: #008080;\">Casa en Venta con financiamiento propio en La Esperanza Quetzaltenango, por puente Carlin<\/span><\/div>\n<div><span>\u00a0<\/span><\/div>\n<div><span>Caracter\u00edsticas:<\/span><\/div>\n<div><span>4 habitaciones (con ba\u00f1os privados)<\/span><\/div>\n<div><span>Sala, Comedor<\/span><\/div>\n<div><span>Cocina (con top de porcelanato)<\/span><\/div>\n<div><span>Ba\u00f1o de visitas<\/span><\/div>\n<div><span>\u00c1rea de Lavander\u00eda (conexiones a Lavadora y secadora)<\/span><\/div>\n<div><span>Rotoplas<\/span><\/div>\n<div><span>Parqueo 2 veh\u00edculos<\/span><\/div>\n<div><span>Servicios entregados (Agua, Luz y Drenaje)<\/span><\/div>\n<div><span>\u00a0<\/span><\/div>\n<div><span style=\"color: #ff0000;\">Precio Q.985,000.00<\/span><\/div>\n<div><span style=\"color: #ff0000;\">Enganche Q.150,000.00<\/span><\/div>\n<div><span style=\"color: #ff0000;\">Financiamiento a 25 a\u00f1os<\/span><\/div>\n<div><span>\u00a0<\/span><\/div>\n<div><span>Pocos requisitos para Financiamiento\u00a0<\/span><\/div>\n<div><span>Entrega inmediata<\/span><\/div>\n<div><span>Servicios entregados<\/span><\/div>\n<div><span>\u00a0<\/span><\/div>\n<div><span style=\"color: #800000;\">Mayor informaci\u00f3n:<\/span><\/div>\n<div><span style=\"color: #800000;\">tel\u00e9fono y whatsapp \u202a<\/span><\/div>\n<div><span style=\"color: #800000;\">+502 42728393\u202c<\/span><\/div>\n<div><span style=\"color: #800000;\">Email:\u00a0<\/span><\/div>\n<div><span style=\"color: #800000;\"><a href=\"mailto:info@bienesraicesonlinegt.com\" target=\"_blank\" rel=\"noopener\" style=\"color: #800000;\">info@bienesraicesonlinegt.com<\/a><\/span><\/div>\n<div><span style=\"color: #800000;\">Sitio Web<\/span><\/div>\n<div><span><a href=\"http:\/\/www.bienesraicesonlinegt.com\/\" target=\"_blank\" data-saferedirecturl=\"https:\/\/www.google.com\/url?q=http:\/\/www.bienesraicesonlinegt.com&amp;source=gmail&amp;ust=1771481746668000&amp;usg=AOvVaw1I1c6iTvfFGlG3dXpCUdp3\" rel=\"noopener\">www.bienesraicesonlinegt.com<\/a><\/span><\/div>\n<p>[\/et_pb_text][et_pb_image src=&#8221;https:\/\/bienesraicesonlinegt.com\/wp-content\/uploads\/2026\/02\/Real-Estate-Instagram-Story_20260217_054941_0000-scaled.jpg&#8221; _builder_version=&#8221;4.23&#8243; _module_preset=&#8221;default&#8221; alt=&#8221;Casa en Venta Con Financiamiento Propio La Esperanza C1&#8243; title_text=&#8221;Casa en Venta Con Financiamiento Propio La Esperanza C1&#8243; show_in_lightbox=&#8221;on&#8221; hover_enabled=&#8221;0&#8243; sticky_enabled=&#8221;0&#8243;][\/et_pb_image][et_pb_text _builder_version=&#8221;4.23&#8243; _module_preset=&#8221;default&#8221; hover_enabled=&#8221;0&#8243; sticky_enabled=&#8221;0&#8243;]<\/p>\n<p style=\"text-align: center;\"><span style=\"color: #ff0000;\"><strong>Foto Galer\u00eda de la casa\u00a0<\/strong><\/span><\/p>\n<p>[\/et_pb_text][et_pb_gallery _builder_version=&#8221;4.23&#8243; _module_preset=&#8221;default&#8221; gallery_ids=&#8221;3950,3951,3952,3953,3954,3955,3956,3957,3958,3959,3960,3961,3962,3963,3964,3965,3966&#8243; posts_number=&#8221;1&#8243; hover_enabled=&#8221;0&#8243; sticky_enabled=&#8221;0&#8243;][\/et_pb_gallery][et_pb_text _builder_version=&#8221;4.23&#8243; _module_preset=&#8221;default&#8221; hover_enabled=&#8221;0&#8243; sticky_enabled=&#8221;0&#8243;]<\/p>\n<p style=\"text-align: center;\"><span style=\"color: #0000ff;\"><strong>Opci\u00f3n 2<\/strong><\/span><\/p>\n<p>[\/et_pb_text][et_pb_text _builder_version=&#8221;4.23&#8243; _module_preset=&#8221;default&#8221; hover_enabled=&#8221;0&#8243; sticky_enabled=&#8221;0&#8243;]<\/p>\n<div><span><span style=\"color: #008080;\">Casa en Venta con financiamiento propio en La Esperanza Quetzaltenango, por Zona 1<\/span>\u00a0<\/span><\/div>\n<div><span>\u00a0<\/span><\/div>\n<div><span>Caracter\u00edsticas:<\/span><\/div>\n<div><span>3 habitaciones (habitaci\u00f3n principal con ba\u00f1o privado)<\/span><\/div>\n<div><span>1 ba\u00f1o completo comparte 2 Habitaci\u00f3nes<\/span><\/div>\n<div><span>Estudio o habitaci\u00f3n<\/span><\/div>\n<div><span>Sala, Comedor<\/span><\/div>\n<div><span>Cocina (con top de porcelanato)<\/span><\/div>\n<div><span>Ba\u00f1o de visitas<\/span><\/div>\n<div><span>\u00c1rea de Lavander\u00eda (conexiones a Lavadora y secadora)<\/span><\/div>\n<div><span>Rotoplas en terraza (3 nivel)<\/span><\/div>\n<div><span>Parqueo 1 veh\u00edculos<\/span><\/div>\n<div><span>Servicios entregados (Agua, Luz y Drenaje)<\/span><\/div>\n<div><span>\u00a0<\/span><\/div>\n<div><span style=\"color: #ff0000;\">Precio Q.950,000.00<\/span><\/div>\n<div><span style=\"color: #ff0000;\">Enganche Q.150,000.00<\/span><\/div>\n<div><span style=\"color: #ff0000;\">Financiamiento a 25 a\u00f1os<\/span><\/div>\n<div><span>\u00a0<\/span><\/div>\n<div><span>Pocos requisitos para Financiamiento\u00a0<\/span><\/div>\n<div><span>Entrega inmediata<\/span><\/div>\n<div><span>Servicios entregados<\/span><\/div>\n<div><span>\u00a0<\/span><\/div>\n<div><span style=\"color: #800000;\">Mayor informaci\u00f3n:<\/span><\/div>\n<div><span style=\"color: #800000;\">tel\u00e9fono y whatsapp \u202a<\/span><\/div>\n<div><span style=\"color: #800000;\">+502 42728393\u202c<\/span><\/div>\n<div><span style=\"color: #800000;\">Email:\u00a0<\/span><\/div>\n<div><span style=\"color: #800000;\"><a href=\"mailto:info@bienesraicesonlinegt.com\" target=\"_blank\" rel=\"noopener\" style=\"color: #800000;\">info@bienesraicesonlinegt.com<\/a><\/span><\/div>\n<div><span style=\"color: #800000;\">Sitio Web<\/span><\/div>\n<div><span><a href=\"http:\/\/www.bienesraicesonlinegt.com\/\" target=\"_blank\" data-saferedirecturl=\"https:\/\/www.google.com\/url?q=http:\/\/www.bienesraicesonlinegt.com&amp;source=gmail&amp;ust=1771482344406000&amp;usg=AOvVaw2s6E-mSqVeUKBaJgA_Glm_\" rel=\"noopener\">www.bienesraicesonlinegt.com<\/a><\/span><\/div>\n<p>[\/et_pb_text][et_pb_image src=&#8221;https:\/\/bienesraicesonlinegt.com\/wp-content\/uploads\/2026\/02\/Real-Estate-Instagram-Story_20260217_055727_0000-scaled.jpg&#8221; _builder_version=&#8221;4.23&#8243; _module_preset=&#8221;default&#8221; alt=&#8221;Casa en Venta Con Financiamiento Propio La Esperanza C2&#8243; title_text=&#8221;Casa en Venta Con Financiamiento Propio La Esperanza C2&#8243; show_in_lightbox=&#8221;on&#8221; hover_enabled=&#8221;0&#8243; sticky_enabled=&#8221;0&#8243;][\/et_pb_image][et_pb_text _builder_version=&#8221;4.23&#8243; _module_preset=&#8221;default&#8221; hover_enabled=&#8221;0&#8243; sticky_enabled=&#8221;0&#8243;]<\/p>\n<p style=\"text-align: center;\"><span style=\"color: #800000;\"><strong>Foto Galer\u00eda de la Casa\u00a0<\/strong><\/span><\/p>\n<p>[\/et_pb_text][et_pb_gallery _builder_version=&#8221;4.23&#8243; _module_preset=&#8221;default&#8221; gallery_ids=&#8221;3971,3969,3972,3973,3974,3970,3975,3976,3977,3978,3979,3980,3981,3982,3983,3984,3985,3986,3987,3988,3989,3990,3991,3992,3993,3994,3995,3996,3997,3998,3999,4000&#8243; posts_number=&#8221;1&#8243; hover_enabled=&#8221;0&#8243; sticky_enabled=&#8221;0&#8243;][\/et_pb_gallery][\/et_pb_column][\/et_pb_row][\/et_pb_section]<\/p>\n<div class=\"pvc_clear\"><\/div>\n<p class=\"pvc_stats all \" data-element-id=\"668\" style=\"\"><i class=\"pvc-stats-icon medium\" aria-hidden=\"true\"><svg aria-hidden=\"true\" focusable=\"false\" data-prefix=\"far\" data-icon=\"chart-bar\" role=\"img\" xmlns=\"http:\/\/www.w3.org\/2000\/svg\" viewBox=\"0 0 512 512\" class=\"svg-inline--fa fa-chart-bar fa-w-16 fa-2x\"><path fill=\"currentColor\" d=\"M396.8 352h22.4c6.4 0 12.8-6.4 12.8-12.8V108.8c0-6.4-6.4-12.8-12.8-12.8h-22.4c-6.4 0-12.8 6.4-12.8 12.8v230.4c0 6.4 6.4 12.8 12.8 12.8zm-192 0h22.4c6.4 0 12.8-6.4 12.8-12.8V140.8c0-6.4-6.4-12.8-12.8-12.8h-22.4c-6.4 0-12.8 6.4-12.8 12.8v198.4c0 6.4 6.4 12.8 12.8 12.8zm96 0h22.4c6.4 0 12.8-6.4 12.8-12.8V204.8c0-6.4-6.4-12.8-12.8-12.8h-22.4c-6.4 0-12.8 6.4-12.8 12.8v134.4c0 6.4 6.4 12.8 12.8 12.8zM496 400H48V80c0-8.84-7.16-16-16-16H16C7.16 64 0 71.16 0 80v336c0 17.67 14.33 32 32 32h464c8.84 0 16-7.16 16-16v-16c0-8.84-7.16-16-16-16zm-387.2-48h22.4c6.4 0 12.8-6.4 12.8-12.8v-70.4c0-6.4-6.4-12.8-12.8-12.8h-22.4c-6.4 0-12.8 6.4-12.8 12.8v70.4c0 6.4 6.4 12.8 12.8 12.8z\" class=\"\"><\/path><\/svg><\/i> &nbsp;179&nbsp;Total visitas, &nbsp;2&nbsp;Visitas hoy<\/p>\n<div class=\"pvc_clear\"><\/div>\n","protected":false},"excerpt":{"rendered":"<p>Casa en Venta con Financiamiento Propio La Esperanza Quetzaltenango\u00a0Casa en Venta con financiamiento propio en La Esperanza Quetzaltenango, por puente Carlin \u00a0 Caracter\u00edsticas: 4 habitaciones (con ba\u00f1os privados) Sala, Comedor Cocina (con top de porcelanato) Ba\u00f1o de visitas \u00c1rea de Lavander\u00eda (conexiones a Lavadora y secadora) Rotoplas Parqueo 2 veh\u00edculos Servicios entregados (Agua, Luz y [&hellip;]<\/p>\n<div class=\"pvc_clear\"><\/div>\n<p class=\"pvc_stats all \" data-element-id=\"668\" style=\"\"><i class=\"pvc-stats-icon medium\" aria-hidden=\"true\"><svg aria-hidden=\"true\" focusable=\"false\" data-prefix=\"far\" data-icon=\"chart-bar\" role=\"img\" xmlns=\"http:\/\/www.w3.org\/2000\/svg\" viewBox=\"0 0 512 512\" class=\"svg-inline--fa fa-chart-bar fa-w-16 fa-2x\"><path fill=\"currentColor\" d=\"M396.8 352h22.4c6.4 0 12.8-6.4 12.8-12.8V108.8c0-6.4-6.4-12.8-12.8-12.8h-22.4c-6.4 0-12.8 6.4-12.8 12.8v230.4c0 6.4 6.4 12.8 12.8 12.8zm-192 0h22.4c6.4 0 12.8-6.4 12.8-12.8V140.8c0-6.4-6.4-12.8-12.8-12.8h-22.4c-6.4 0-12.8 6.4-12.8 12.8v198.4c0 6.4 6.4 12.8 12.8 12.8zm96 0h22.4c6.4 0 12.8-6.4 12.8-12.8V204.8c0-6.4-6.4-12.8-12.8-12.8h-22.4c-6.4 0-12.8 6.4-12.8 12.8v134.4c0 6.4 6.4 12.8 12.8 12.8zM496 400H48V80c0-8.84-7.16-16-16-16H16C7.16 64 0 71.16 0 80v336c0 17.67 14.33 32 32 32h464c8.84 0 16-7.16 16-16v-16c0-8.84-7.16-16-16-16zm-387.2-48h22.4c6.4 0 12.8-6.4 12.8-12.8v-70.4c0-6.4-6.4-12.8-12.8-12.8h-22.4c-6.4 0-12.8 6.4-12.8 12.8v70.4c0 6.4 6.4 12.8 12.8 12.8z\" class=\"\"><\/path><\/svg><\/i> &nbsp;179&nbsp;Total visitas, &nbsp;2&nbsp;Visitas hoy<\/p>\n<div class=\"pvc_clear\"><\/div>\n","protected":false},"author":1,"featured_media":654,"parent":115,"menu_order":0,"comment_status":"open","ping_status":"closed","template":"","meta":{"_et_pb_use_builder":"on","_et_pb_old_content":"<!-- wp:paragraph -->\n<p>Casa en Venta con financiamiento propio en La Esperanza Quetzaltenango<\/p>\n<!-- \/wp:paragraph -->\n\n<!-- wp:paragraph -->\n<p>4 habitaciones<br>3 ba\u00f1os<br>Sala<br>Comedor<br>Cocina<br>\u00c1rea de Lavander\u00eda<br>Pozos de Luz<br>Parqueo 1 veh\u00edculo<br>Precio Q.725,000.00<br>Enganche Q.100,000.00<br>Financiamiento a 25 a\u00f1os<br>Entrega inmediata<\/p>\n<!-- \/wp:paragraph -->\n\n<!-- wp:paragraph -->\n<p>Servicios entregados<\/p>\n<!-- \/wp:paragraph -->\n\n<!-- wp:paragraph -->\n<p>Mayor informaci\u00f3n al tel\u00e9fono y whatsapp 42728393<br>Email: info@bienesraicesonlinegt.com<br>Sitio Web<br><a href=\"http:\/\/www.bienesraicesonlinegt.com\">www.bienesraicesonlinegt.com<\/a><\/p>\n<!-- \/wp:paragraph -->\n\n<!-- wp:image {\"id\":654,\"sizeSlug\":\"large\"} -->\n<figure class=\"wp-block-image size-large\"><img src=\"https:\/\/bienesraicesonlinegt.com\/wp-content\/uploads\/2022\/08\/Logopit_1660971268913-724x1024.jpg\" alt=\"\" class=\"wp-image-654\"\/><figcaption class=\"wp-element-caption\">Casa en Venta con Financiamiento Propio La Esperanza Quetzaltenango<\/figcaption><\/figure>\n<!-- \/wp:image -->","_et_gb_content_width":"","_monsterinsights_skip_tracking":false,"_monsterinsights_sitenote_active":false,"_monsterinsights_sitenote_note":"","_monsterinsights_sitenote_category":0,"footnotes":""},"class_list":["post-668","page","type-page","status-publish","has-post-thumbnail","hentry"],"yoast_head":"<!-- This site is optimized with the Yoast SEO plugin v25.6 - https:\/\/yoast.com\/wordpress\/plugins\/seo\/ -->\n<title>Casa en Venta con Financiamiento Propio La Esperanza Quetzaltenango - Bienes Ra\u00edces Online<\/title>\n<meta name=\"description\" content=\"Casa en Venta con Financiamiento Propio La Esperanza Quetzaltenango, Q. 725,000.00 informaci\u00f3n whatsapp (502) 42728393\" \/>\n<meta name=\"robots\" content=\"index, follow, max-snippet:-1, max-image-preview:large, max-video-preview:-1\" \/>\n<link rel=\"canonical\" href=\"https:\/\/bienesraicesonlinegt.com\/index.php\/casas-en-venta-y-renta\/casa-en-venta-con-financiamiento-propio-la-esperanza-quetzaltenango-2\/\" \/>\n<meta property=\"og:locale\" content=\"es_ES\" \/>\n<meta property=\"og:type\" content=\"article\" \/>\n<meta property=\"og:title\" content=\"Casa en Venta con Financiamiento Propio La Esperanza Quetzaltenango - Bienes Ra\u00edces Online\" \/>\n<meta property=\"og:description\" content=\"Casa en Venta con Financiamiento Propio La Esperanza Quetzaltenango, Q. 725,000.00 informaci\u00f3n whatsapp (502) 42728393\" \/>\n<meta property=\"og:url\" content=\"https:\/\/bienesraicesonlinegt.com\/index.php\/casas-en-venta-y-renta\/casa-en-venta-con-financiamiento-propio-la-esperanza-quetzaltenango-2\/\" \/>\n<meta property=\"og:site_name\" content=\"Bienes Ra\u00edces Online\" \/>\n<meta property=\"article:publisher\" content=\"https:\/\/www.facebook.com\/bienesraicesonline\/\" \/>\n<meta property=\"article:modified_time\" content=\"2026-02-18T06:45:17+00:00\" \/>\n<meta property=\"og:image\" content=\"https:\/\/bienesraicesonlinegt.com\/wp-content\/uploads\/2022\/08\/Logopit_1660971268913.jpg\" \/>\n\t<meta property=\"og:image:width\" content=\"1588\" \/>\n\t<meta property=\"og:image:height\" content=\"2246\" \/>\n\t<meta property=\"og:image:type\" content=\"image\/jpeg\" \/>\n<meta name=\"twitter:card\" content=\"summary_large_image\" \/>\n<meta name=\"twitter:site\" content=\"@raices_online\" \/>\n<meta name=\"twitter:label1\" content=\"Tiempo de lectura\" \/>\n\t<meta name=\"twitter:data1\" content=\"1 minuto\" \/>\n<script type=\"application\/ld+json\" class=\"yoast-schema-graph\">{\"@context\":\"https:\/\/schema.org\",\"@graph\":[{\"@type\":\"WebPage\",\"@id\":\"https:\/\/bienesraicesonlinegt.com\/index.php\/casas-en-venta-y-renta\/casa-en-venta-con-financiamiento-propio-la-esperanza-quetzaltenango-2\/\",\"url\":\"https:\/\/bienesraicesonlinegt.com\/index.php\/casas-en-venta-y-renta\/casa-en-venta-con-financiamiento-propio-la-esperanza-quetzaltenango-2\/\",\"name\":\"Casa en Venta con Financiamiento Propio La Esperanza Quetzaltenango - Bienes Ra\u00edces Online\",\"isPartOf\":{\"@id\":\"https:\/\/bienesraicesonlinegt.com\/#website\"},\"primaryImageOfPage\":{\"@id\":\"https:\/\/bienesraicesonlinegt.com\/index.php\/casas-en-venta-y-renta\/casa-en-venta-con-financiamiento-propio-la-esperanza-quetzaltenango-2\/#primaryimage\"},\"image\":{\"@id\":\"https:\/\/bienesraicesonlinegt.com\/index.php\/casas-en-venta-y-renta\/casa-en-venta-con-financiamiento-propio-la-esperanza-quetzaltenango-2\/#primaryimage\"},\"thumbnailUrl\":\"https:\/\/bienesraicesonlinegt.com\/wp-content\/uploads\/2022\/08\/Logopit_1660971268913.jpg\",\"datePublished\":\"2022-08-24T21:32:36+00:00\",\"dateModified\":\"2026-02-18T06:45:17+00:00\",\"description\":\"Casa en Venta con Financiamiento Propio La Esperanza Quetzaltenango, Q. 725,000.00 informaci\u00f3n whatsapp (502) 42728393\",\"breadcrumb\":{\"@id\":\"https:\/\/bienesraicesonlinegt.com\/index.php\/casas-en-venta-y-renta\/casa-en-venta-con-financiamiento-propio-la-esperanza-quetzaltenango-2\/#breadcrumb\"},\"inLanguage\":\"es\",\"potentialAction\":[{\"@type\":\"ReadAction\",\"target\":[\"https:\/\/bienesraicesonlinegt.com\/index.php\/casas-en-venta-y-renta\/casa-en-venta-con-financiamiento-propio-la-esperanza-quetzaltenango-2\/\"]}]},{\"@type\":\"ImageObject\",\"inLanguage\":\"es\",\"@id\":\"https:\/\/bienesraicesonlinegt.com\/index.php\/casas-en-venta-y-renta\/casa-en-venta-con-financiamiento-propio-la-esperanza-quetzaltenango-2\/#primaryimage\",\"url\":\"https:\/\/bienesraicesonlinegt.com\/wp-content\/uploads\/2022\/08\/Logopit_1660971268913.jpg\",\"contentUrl\":\"https:\/\/bienesraicesonlinegt.com\/wp-content\/uploads\/2022\/08\/Logopit_1660971268913.jpg\",\"width\":1588,\"height\":2246,\"caption\":\"Casa en Venta con Financiamiento Propio La Esperanza Quetzaltenango\"},{\"@type\":\"BreadcrumbList\",\"@id\":\"https:\/\/bienesraicesonlinegt.com\/index.php\/casas-en-venta-y-renta\/casa-en-venta-con-financiamiento-propio-la-esperanza-quetzaltenango-2\/#breadcrumb\",\"itemListElement\":[{\"@type\":\"ListItem\",\"position\":1,\"name\":\"Portada\",\"item\":\"https:\/\/bienesraicesonlinegt.com\/\"},{\"@type\":\"ListItem\",\"position\":2,\"name\":\"Casas en Venta y Renta\",\"item\":\"https:\/\/bienesraicesonlinegt.com\/index.php\/casas-en-venta-y-renta\/\"},{\"@type\":\"ListItem\",\"position\":3,\"name\":\"Casa en Venta con Financiamiento Propio La Esperanza Quetzaltenango\"}]},{\"@type\":\"WebSite\",\"@id\":\"https:\/\/bienesraicesonlinegt.com\/#website\",\"url\":\"https:\/\/bienesraicesonlinegt.com\/\",\"name\":\"Bienes Ra\u00edces Online\",\"description\":\"Tu Mejor Opci\u00f3n de Bienes Inmuebles en Guatemala \",\"publisher\":{\"@id\":\"https:\/\/bienesraicesonlinegt.com\/#organization\"},\"potentialAction\":[{\"@type\":\"SearchAction\",\"target\":{\"@type\":\"EntryPoint\",\"urlTemplate\":\"https:\/\/bienesraicesonlinegt.com\/?s={search_term_string}\"},\"query-input\":{\"@type\":\"PropertyValueSpecification\",\"valueRequired\":true,\"valueName\":\"search_term_string\"}}],\"inLanguage\":\"es\"},{\"@type\":\"Organization\",\"@id\":\"https:\/\/bienesraicesonlinegt.com\/#organization\",\"name\":\"Bienes Ra\u00edces Online\",\"url\":\"https:\/\/bienesraicesonlinegt.com\/\",\"logo\":{\"@type\":\"ImageObject\",\"inLanguage\":\"es\",\"@id\":\"https:\/\/bienesraicesonlinegt.com\/#\/schema\/logo\/image\/\",\"url\":\"https:\/\/i0.wp.com\/bienesraicesonlinegt.com\/wp-content\/uploads\/2022\/03\/cropped-Picsart_22-01-02_18-40-13-901.jpg?fit=512%2C512&ssl=1\",\"contentUrl\":\"https:\/\/i0.wp.com\/bienesraicesonlinegt.com\/wp-content\/uploads\/2022\/03\/cropped-Picsart_22-01-02_18-40-13-901.jpg?fit=512%2C512&ssl=1\",\"width\":512,\"height\":512,\"caption\":\"Bienes Ra\u00edces Online\"},\"image\":{\"@id\":\"https:\/\/bienesraicesonlinegt.com\/#\/schema\/logo\/image\/\"},\"sameAs\":[\"https:\/\/www.facebook.com\/bienesraicesonline\/\",\"https:\/\/x.com\/raices_online\",\"https:\/\/www.instagram.com\/bienesraicesonlinexela\/\",\"https:\/\/pin.it\/1vdHG9B\",\"https:\/\/www.youtube.com\/channel\/UCIJ2CBQ8RA5Hb_yj1CSeSHA\",\"https:\/\/bienes-raices-online-xela.negocio.site\/\",\"https:\/\/vm.tiktok.com\/ZSVst9m5\/\",\"https:\/\/wa.me\/message\/VRLOSYS56UWQF1\"]}]}<\/script>\n<!-- \/ Yoast SEO plugin. -->","yoast_head_json":{"title":"Casa en Venta con Financiamiento Propio La Esperanza Quetzaltenango - Bienes Ra\u00edces Online","description":"Casa en Venta con Financiamiento Propio La Esperanza Quetzaltenango, Q. 725,000.00 informaci\u00f3n whatsapp (502) 42728393","robots":{"index":"index","follow":"follow","max-snippet":"max-snippet:-1","max-image-preview":"max-image-preview:large","max-video-preview":"max-video-preview:-1"},"canonical":"https:\/\/bienesraicesonlinegt.com\/index.php\/casas-en-venta-y-renta\/casa-en-venta-con-financiamiento-propio-la-esperanza-quetzaltenango-2\/","og_locale":"es_ES","og_type":"article","og_title":"Casa en Venta con Financiamiento Propio La Esperanza Quetzaltenango - Bienes Ra\u00edces Online","og_description":"Casa en Venta con Financiamiento Propio La Esperanza Quetzaltenango, Q. 725,000.00 informaci\u00f3n whatsapp (502) 42728393","og_url":"https:\/\/bienesraicesonlinegt.com\/index.php\/casas-en-venta-y-renta\/casa-en-venta-con-financiamiento-propio-la-esperanza-quetzaltenango-2\/","og_site_name":"Bienes Ra\u00edces Online","article_publisher":"https:\/\/www.facebook.com\/bienesraicesonline\/","article_modified_time":"2026-02-18T06:45:17+00:00","og_image":[{"width":1588,"height":2246,"url":"https:\/\/bienesraicesonlinegt.com\/wp-content\/uploads\/2022\/08\/Logopit_1660971268913.jpg","type":"image\/jpeg"}],"twitter_card":"summary_large_image","twitter_site":"@raices_online","twitter_misc":{"Tiempo de lectura":"1 minuto"},"schema":{"@context":"https:\/\/schema.org","@graph":[{"@type":"WebPage","@id":"https:\/\/bienesraicesonlinegt.com\/index.php\/casas-en-venta-y-renta\/casa-en-venta-con-financiamiento-propio-la-esperanza-quetzaltenango-2\/","url":"https:\/\/bienesraicesonlinegt.com\/index.php\/casas-en-venta-y-renta\/casa-en-venta-con-financiamiento-propio-la-esperanza-quetzaltenango-2\/","name":"Casa en Venta con Financiamiento Propio La Esperanza Quetzaltenango - Bienes Ra\u00edces Online","isPartOf":{"@id":"https:\/\/bienesraicesonlinegt.com\/#website"},"primaryImageOfPage":{"@id":"https:\/\/bienesraicesonlinegt.com\/index.php\/casas-en-venta-y-renta\/casa-en-venta-con-financiamiento-propio-la-esperanza-quetzaltenango-2\/#primaryimage"},"image":{"@id":"https:\/\/bienesraicesonlinegt.com\/index.php\/casas-en-venta-y-renta\/casa-en-venta-con-financiamiento-propio-la-esperanza-quetzaltenango-2\/#primaryimage"},"thumbnailUrl":"https:\/\/bienesraicesonlinegt.com\/wp-content\/uploads\/2022\/08\/Logopit_1660971268913.jpg","datePublished":"2022-08-24T21:32:36+00:00","dateModified":"2026-02-18T06:45:17+00:00","description":"Casa en Venta con Financiamiento Propio La Esperanza Quetzaltenango, Q. 725,000.00 informaci\u00f3n whatsapp (502) 42728393","breadcrumb":{"@id":"https:\/\/bienesraicesonlinegt.com\/index.php\/casas-en-venta-y-renta\/casa-en-venta-con-financiamiento-propio-la-esperanza-quetzaltenango-2\/#breadcrumb"},"inLanguage":"es","potentialAction":[{"@type":"ReadAction","target":["https:\/\/bienesraicesonlinegt.com\/index.php\/casas-en-venta-y-renta\/casa-en-venta-con-financiamiento-propio-la-esperanza-quetzaltenango-2\/"]}]},{"@type":"ImageObject","inLanguage":"es","@id":"https:\/\/bienesraicesonlinegt.com\/index.php\/casas-en-venta-y-renta\/casa-en-venta-con-financiamiento-propio-la-esperanza-quetzaltenango-2\/#primaryimage","url":"https:\/\/bienesraicesonlinegt.com\/wp-content\/uploads\/2022\/08\/Logopit_1660971268913.jpg","contentUrl":"https:\/\/bienesraicesonlinegt.com\/wp-content\/uploads\/2022\/08\/Logopit_1660971268913.jpg","width":1588,"height":2246,"caption":"Casa en Venta con Financiamiento Propio La Esperanza Quetzaltenango"},{"@type":"BreadcrumbList","@id":"https:\/\/bienesraicesonlinegt.com\/index.php\/casas-en-venta-y-renta\/casa-en-venta-con-financiamiento-propio-la-esperanza-quetzaltenango-2\/#breadcrumb","itemListElement":[{"@type":"ListItem","position":1,"name":"Portada","item":"https:\/\/bienesraicesonlinegt.com\/"},{"@type":"ListItem","position":2,"name":"Casas en Venta y Renta","item":"https:\/\/bienesraicesonlinegt.com\/index.php\/casas-en-venta-y-renta\/"},{"@type":"ListItem","position":3,"name":"Casa en Venta con Financiamiento Propio La Esperanza Quetzaltenango"}]},{"@type":"WebSite","@id":"https:\/\/bienesraicesonlinegt.com\/#website","url":"https:\/\/bienesraicesonlinegt.com\/","name":"Bienes Ra\u00edces Online","description":"Tu Mejor Opci\u00f3n de Bienes Inmuebles en Guatemala ","publisher":{"@id":"https:\/\/bienesraicesonlinegt.com\/#organization"},"potentialAction":[{"@type":"SearchAction","target":{"@type":"EntryPoint","urlTemplate":"https:\/\/bienesraicesonlinegt.com\/?s={search_term_string}"},"query-input":{"@type":"PropertyValueSpecification","valueRequired":true,"valueName":"search_term_string"}}],"inLanguage":"es"},{"@type":"Organization","@id":"https:\/\/bienesraicesonlinegt.com\/#organization","name":"Bienes Ra\u00edces Online","url":"https:\/\/bienesraicesonlinegt.com\/","logo":{"@type":"ImageObject","inLanguage":"es","@id":"https:\/\/bienesraicesonlinegt.com\/#\/schema\/logo\/image\/","url":"https:\/\/i0.wp.com\/bienesraicesonlinegt.com\/wp-content\/uploads\/2022\/03\/cropped-Picsart_22-01-02_18-40-13-901.jpg?fit=512%2C512&ssl=1","contentUrl":"https:\/\/i0.wp.com\/bienesraicesonlinegt.com\/wp-content\/uploads\/2022\/03\/cropped-Picsart_22-01-02_18-40-13-901.jpg?fit=512%2C512&ssl=1","width":512,"height":512,"caption":"Bienes Ra\u00edces Online"},"image":{"@id":"https:\/\/bienesraicesonlinegt.com\/#\/schema\/logo\/image\/"},"sameAs":["https:\/\/www.facebook.com\/bienesraicesonline\/","https:\/\/x.com\/raices_online","https:\/\/www.instagram.com\/bienesraicesonlinexela\/","https:\/\/pin.it\/1vdHG9B","https:\/\/www.youtube.com\/channel\/UCIJ2CBQ8RA5Hb_yj1CSeSHA","https:\/\/bienes-raices-online-xela.negocio.site\/","https:\/\/vm.tiktok.com\/ZSVst9m5\/","https:\/\/wa.me\/message\/VRLOSYS56UWQF1"]}]}},"_links":{"self":[{"href":"https:\/\/bienesraicesonlinegt.com\/index.php\/wp-json\/wp\/v2\/pages\/668"}],"collection":[{"href":"https:\/\/bienesraicesonlinegt.com\/index.php\/wp-json\/wp\/v2\/pages"}],"about":[{"href":"https:\/\/bienesraicesonlinegt.com\/index.php\/wp-json\/wp\/v2\/types\/page"}],"author":[{"embeddable":true,"href":"https:\/\/bienesraicesonlinegt.com\/index.php\/wp-json\/wp\/v2\/users\/1"}],"replies":[{"embeddable":true,"href":"https:\/\/bienesraicesonlinegt.com\/index.php\/wp-json\/wp\/v2\/comments?post=668"}],"version-history":[{"count":14,"href":"https:\/\/bienesraicesonlinegt.com\/index.php\/wp-json\/wp\/v2\/pages\/668\/revisions"}],"predecessor-version":[{"id":4023,"href":"https:\/\/bienesraicesonlinegt.com\/index.php\/wp-json\/wp\/v2\/pages\/668\/revisions\/4023"}],"up":[{"embeddable":true,"href":"https:\/\/bienesraicesonlinegt.com\/index.php\/wp-json\/wp\/v2\/pages\/115"}],"wp:featuredmedia":[{"embeddable":true,"href":"https:\/\/bienesraicesonlinegt.com\/index.php\/wp-json\/wp\/v2\/media\/654"}],"wp:attachment":[{"href":"https:\/\/bienesraicesonlinegt.com\/index.php\/wp-json\/wp\/v2\/media?parent=668"}],"curies":[{"name":"wp","href":"https:\/\/api.w.org\/{rel}","templated":true}]}}