{"id":788,"date":"2022-12-07T06:33:51","date_gmt":"2022-12-07T06:33:51","guid":{"rendered":"https:\/\/bienesraicesonlinegt.com\/?page_id=788"},"modified":"2025-06-28T10:52:25","modified_gmt":"2025-06-28T10:52:25","slug":"casa-vacacional-villa-clarita-san-juan-la-laguna-solola","status":"publish","type":"page","link":"https:\/\/bienesraicesonlinegt.com\/index.php\/casa-vacacional-villa-clarita-san-juan-la-laguna-solola\/","title":{"rendered":"Casa Vacacional Villa Clarita San Juan La Laguna Solol\u00e1"},"content":{"rendered":"\n[et_pb_section fb_built=&#8221;1&#8243; _builder_version=&#8221;4.16&#8243; global_colors_info=&#8221;{}&#8221;][et_pb_row _builder_version=&#8221;4.16&#8243; background_size=&#8221;initial&#8221; background_position=&#8221;top_left&#8221; background_repeat=&#8221;repeat&#8221; global_colors_info=&#8221;{}&#8221;][et_pb_column type=&#8221;4_4&#8243; _builder_version=&#8221;4.16&#8243; custom_padding=&#8221;|||&#8221; global_colors_info=&#8221;{}&#8221; custom_padding__hover=&#8221;|||&#8221;][et_pb_text _builder_version=&#8221;4.23&#8243; _module_preset=&#8221;default&#8221; global_colors_info=&#8221;{}&#8221;]<p style=\"text-align: center;\"><span style=\"color: #ff0000;\">Casa Vacacional Villa Clarita San Juan La Laguna Solol\u00e1<\/span>\u00a0<\/p>[\/et_pb_text][et_pb_text _builder_version=&#8221;4.23&#8243; _module_preset=&#8221;default&#8221; global_colors_info=&#8221;{}&#8221;]<p><span style=\"color: #800000;\">Casa Vacacional Villa Clarita San Juan La Laguna Solol\u00e1.<\/span><\/p>\n<p style=\"text-align: justify;\">La Casa Vacacional se encuentra en uno de los centros tur\u00edsticos de Atitl\u00e1n, <span style=\"color: #008000;\">San Juan La Laguna en Solol\u00e1.<\/span><\/p>\n<p style=\"text-align: justify;\">Un pueblito m\u00e1gico, donde se puede disfrutar desde su naturaleza, bosques, el mirador, playa cerca Las Cristalinas, muelles. El acceso a San Juan puede ser por Lancha o por carretera.\u00a0 Existe lugares como: <span style=\"color: #0000ff;\">La calle de las Sombrillas, La Calle de los Sombreros, La Calle de Los Principales.<\/span>\u00a0 Y muchos m\u00e1s para disfrutar en familia o amigos.<\/p>\n<p style=\"text-align: justify;\">La Casa Vacacional Villa Clarita cuenta con las siguientes caracter\u00edsticas para su comodidad:<\/p>\n<p style=\"text-align: justify;\"><span style=\"color: #ff0000;\">Alojamiento para:<\/span><\/p>\n<p style=\"text-align: justify;\"><span style=\"color: #ff0000;\">10 personas<\/span><\/p>\n<p style=\"text-align: justify;\"><span style=\"color: #ff0000;\">4 habitaciones<\/span><\/p>\n<p style=\"text-align: justify;\"><span style=\"color: #ff0000;\">9 camas<\/span><\/p>\n<p style=\"text-align: justify;\"><span style=\"color: #ff0000;\">2.5 ba\u00f1os<\/span><\/p>\n<p style=\"text-align: justify;\"><span style=\"color: #ff0000;\">Cocina totalmente equipada<\/span><\/p>\n<p style=\"text-align: justify;\"><span style=\"color: #ff0000;\">Una terraza donde puede apreciar el Lago<\/span><\/p>\n<p style=\"text-align: justify;\"><span style=\"color: #ff0000;\">Jard\u00edn interior.<\/span><\/p>\n<p style=\"text-align: justify;\">Para mayor informaci\u00f3n, cotizaciones o reservas puede escr\u00edbenos a Administraci\u00f3n a:<\/p>\n<p style=\"text-align: justify;\">Email:<\/p>\n<p style=\"text-align: justify;\"><a href=\"mailto:karlalopez@bienesraicesonlinegt.com\">karlalopez@bienesraicesonlinegt.com<\/a><\/p>\n<p style=\"text-align: justify;\">Donde estaremos contactando le.<\/p>\n<p style=\"text-align: justify;\">Puede llenar el siguiente formulario y estaremos respondi\u00e9ndole lo antes posible:<\/p>[\/et_pb_text][wpforms_selector _builder_version=&#8221;4.23&#8243; _module_preset=&#8221;default&#8221; hover_enabled=&#8221;0&#8243; global_colors_info=&#8221;{}&#8221; form_id=&#8221;2929&#8243; sticky_enabled=&#8221;0&#8243;][\/wpforms_selector][et_pb_text _builder_version=&#8221;4.23&#8243; _module_preset=&#8221;default&#8221; hover_enabled=&#8221;0&#8243; sticky_enabled=&#8221;0&#8243;]<p style=\"text-align: center;\"><strong><span style=\"color: #008000;\">Foto Galer\u00eda\u00a0<\/span><\/strong><\/p>[\/et_pb_text][et_pb_gallery _builder_version=&#8221;4.23&#8243; _module_preset=&#8221;default&#8221; gallery_ids=&#8221;2950,2949,2948,2947,2946,2945,2944,2943,2942,2941,2940,2939,2938,2937,2936,2935&#8243; posts_number=&#8221;1&#8243; hover_enabled=&#8221;0&#8243; sticky_enabled=&#8221;0&#8243;][\/et_pb_gallery][\/et_pb_column][\/et_pb_row][\/et_pb_section]\n<div class=\"pvc_clear\"><\/div><p class=\"pvc_stats all \" data-element-id=\"788\" style=\"\"><i class=\"pvc-stats-icon medium\" aria-hidden=\"true\"><svg aria-hidden=\"true\" focusable=\"false\" data-prefix=\"far\" data-icon=\"chart-bar\" role=\"img\" xmlns=\"http:\/\/www.w3.org\/2000\/svg\" viewBox=\"0 0 512 512\" class=\"svg-inline--fa fa-chart-bar fa-w-16 fa-2x\"><path fill=\"currentColor\" d=\"M396.8 352h22.4c6.4 0 12.8-6.4 12.8-12.8V108.8c0-6.4-6.4-12.8-12.8-12.8h-22.4c-6.4 0-12.8 6.4-12.8 12.8v230.4c0 6.4 6.4 12.8 12.8 12.8zm-192 0h22.4c6.4 0 12.8-6.4 12.8-12.8V140.8c0-6.4-6.4-12.8-12.8-12.8h-22.4c-6.4 0-12.8 6.4-12.8 12.8v198.4c0 6.4 6.4 12.8 12.8 12.8zm96 0h22.4c6.4 0 12.8-6.4 12.8-12.8V204.8c0-6.4-6.4-12.8-12.8-12.8h-22.4c-6.4 0-12.8 6.4-12.8 12.8v134.4c0 6.4 6.4 12.8 12.8 12.8zM496 400H48V80c0-8.84-7.16-16-16-16H16C7.16 64 0 71.16 0 80v336c0 17.67 14.33 32 32 32h464c8.84 0 16-7.16 16-16v-16c0-8.84-7.16-16-16-16zm-387.2-48h22.4c6.4 0 12.8-6.4 12.8-12.8v-70.4c0-6.4-6.4-12.8-12.8-12.8h-22.4c-6.4 0-12.8 6.4-12.8 12.8v70.4c0 6.4 6.4 12.8 12.8 12.8z\" class=\"\"><\/path><\/svg><\/i> &nbsp;296&nbsp;Total visitas<\/p><div class=\"pvc_clear\"><\/div>","protected":false},"excerpt":{"rendered":"<p>Casa Vacacional Villa Clarita San Juan La Laguna Solol\u00e1\u00a0Casa Vacacional Villa Clarita San Juan La Laguna Solol\u00e1. La Casa Vacacional se encuentra en uno de los centros tur\u00edsticos de Atitl\u00e1n, San Juan La Laguna en Solol\u00e1. Un pueblito m\u00e1gico, donde se puede disfrutar desde su naturaleza, bosques, el mirador, playa cerca Las Cristalinas, muelles. El [&hellip;]<\/p>\n<div class=\"pvc_clear\"><\/div>\n<p class=\"pvc_stats all \" data-element-id=\"788\" style=\"\"><i class=\"pvc-stats-icon medium\" aria-hidden=\"true\"><svg aria-hidden=\"true\" focusable=\"false\" data-prefix=\"far\" data-icon=\"chart-bar\" role=\"img\" xmlns=\"http:\/\/www.w3.org\/2000\/svg\" viewBox=\"0 0 512 512\" class=\"svg-inline--fa fa-chart-bar fa-w-16 fa-2x\"><path fill=\"currentColor\" d=\"M396.8 352h22.4c6.4 0 12.8-6.4 12.8-12.8V108.8c0-6.4-6.4-12.8-12.8-12.8h-22.4c-6.4 0-12.8 6.4-12.8 12.8v230.4c0 6.4 6.4 12.8 12.8 12.8zm-192 0h22.4c6.4 0 12.8-6.4 12.8-12.8V140.8c0-6.4-6.4-12.8-12.8-12.8h-22.4c-6.4 0-12.8 6.4-12.8 12.8v198.4c0 6.4 6.4 12.8 12.8 12.8zm96 0h22.4c6.4 0 12.8-6.4 12.8-12.8V204.8c0-6.4-6.4-12.8-12.8-12.8h-22.4c-6.4 0-12.8 6.4-12.8 12.8v134.4c0 6.4 6.4 12.8 12.8 12.8zM496 400H48V80c0-8.84-7.16-16-16-16H16C7.16 64 0 71.16 0 80v336c0 17.67 14.33 32 32 32h464c8.84 0 16-7.16 16-16v-16c0-8.84-7.16-16-16-16zm-387.2-48h22.4c6.4 0 12.8-6.4 12.8-12.8v-70.4c0-6.4-6.4-12.8-12.8-12.8h-22.4c-6.4 0-12.8 6.4-12.8 12.8v70.4c0 6.4 6.4 12.8 12.8 12.8z\" class=\"\"><\/path><\/svg><\/i> &nbsp;296&nbsp;Total visitas<\/p>\n<div class=\"pvc_clear\"><\/div>\n","protected":false},"author":1,"featured_media":809,"parent":0,"menu_order":0,"comment_status":"open","ping_status":"closed","template":"","meta":{"_et_pb_use_builder":"on","_et_pb_old_content":"<!-- wp:paragraph -->\n<p>Rese\u00f1a&nbsp; Hist\u00f3rica&nbsp; Villa Clarita.<\/p>\n<!-- \/wp:paragraph -->\n\n<!-- wp:paragraph -->\n<p>As\u00ed comenz\u00f3 todo, ANDR\u00c9S V\u00c1SQUEZ MENDOZA(Papa Andr\u00e9s), naci\u00f3 en este bello Pueblito M\u00e1gico de San Juan La Laguna, emigro a Quetzaltenango, donde conoci\u00f3 a su Esposa&nbsp; LIDIA COYOY GARC\u00cdA (Mama Lidia), procrearon una Familia de la cual Naci\u00f3 ALCIRA MARIL\u00da V\u00c1SQUEZ COYOY, quien el a\u00f1o 1992 contrajo Matrimonio con HESLER&nbsp; EDILZON&nbsp; LOPEZ Y LOPEZ, originario de Cabrican municipio de Quetzaltenango, quienes durante por m\u00e1s de 30 a\u00f1os viajaban constantemente a vacacionar a este para\u00edso de nuestra bella Guatemala raz\u00f3n que hizo Enamorarse cada d\u00eda mas de este pueblito m\u00e1gico SAN JUAN LA LAGUNA y fue como surgi\u00f3 la idea de tener un lugar propio y adecuado para la familia, con vista al lago m\u00e1s bello del mundo, por m\u00e1s de 5 a\u00f1os buscando el lugar id\u00f3neo&nbsp; GRACIAS A DIOS nos regal\u00f3 este maravilloso lugar el cual hoy compartimos no solamente nosotros como familia si no tambi\u00e9n lo compartimos con aquellos que les gusta descansar disfrutar en familia, todo el dise\u00f1o obra y supervisi\u00f3n paso a paso de la construcci\u00f3n por&nbsp; su servidor ya que fue pensado para la familia que&nbsp; les gusta despertar con el canto de los p\u00e1jaros y ver el amanecer desde su espectacular vista, raz\u00f3n por lo cual decidimos llamarle al lugar el Jard\u00edn de los Abuelos en Villa Clarita, en honor a los Abuelos papa Andr\u00e9s, mama Lidia,&nbsp; Mama Clara, papa Jos\u00e9,&nbsp; VILLA CLARITA ?&nbsp; Si\u2026villa Clarita&nbsp; es el recuerdo precioso que mi Madre dona Clara Luz L\u00f3pez R\u00edos cari\u00f1osamente Clarita, contribuyo con el 50%de la econom\u00eda para poder lograr este sue\u00f1o para que no solamente sus hijos nietos y toda la familia y usted que tiene la oportunidad de visitarnos puedan tener un lugar de recreaci\u00f3n y descanso en este maravilloso Lugar, Villa Clarita es un lugar pensado especialmente para la familia Bienvenidos a Villa Clarita El Jard\u00edn de Los Abuelos, San Juan La Laguna pueblo M\u00e1gico de mi Bella Guatemala, &nbsp; HESLER LOPEZ.-<\/p>\n<!-- \/wp:paragraph -->\n\n<!-- wp:gallery {\"linkTo\":\"none\"} -->\n<figure class=\"wp-block-gallery has-nested-images columns-default is-cropped\"><!-- wp:image {\"id\":792,\"sizeSlug\":\"large\",\"linkDestination\":\"none\"} -->\n<figure class=\"wp-block-image size-large\"><img src=\"https:\/\/bienesraicesonlinegt.com\/wp-content\/uploads\/2022\/12\/IMG-20220417-WA0010.jpg\" alt=\"\" class=\"wp-image-792\"\/><\/figure>\n<!-- \/wp:image -->\n\n<!-- wp:image {\"id\":790,\"sizeSlug\":\"large\",\"linkDestination\":\"none\"} -->\n<figure class=\"wp-block-image size-large\"><img src=\"https:\/\/bienesraicesonlinegt.com\/wp-content\/uploads\/2022\/12\/IMG-20220512-WA0127.jpg\" alt=\"\" class=\"wp-image-790\"\/><\/figure>\n<!-- \/wp:image -->\n\n<!-- wp:image {\"id\":791,\"sizeSlug\":\"large\",\"linkDestination\":\"none\"} -->\n<figure class=\"wp-block-image size-large\"><img src=\"https:\/\/bienesraicesonlinegt.com\/wp-content\/uploads\/2022\/12\/IMG-20220417-WA0009.jpg\" alt=\"\" class=\"wp-image-791\"\/><\/figure>\n<!-- \/wp:image -->\n\n<!-- wp:image {\"id\":793,\"sizeSlug\":\"large\",\"linkDestination\":\"none\"} -->\n<figure class=\"wp-block-image size-large\"><img src=\"https:\/\/bienesraicesonlinegt.com\/wp-content\/uploads\/2022\/12\/IMG-20220512-WA0129.jpg\" alt=\"\" class=\"wp-image-793\"\/><\/figure>\n<!-- \/wp:image -->\n\n<!-- wp:image {\"id\":795,\"sizeSlug\":\"large\",\"linkDestination\":\"none\"} -->\n<figure class=\"wp-block-image size-large\"><img src=\"https:\/\/bienesraicesonlinegt.com\/wp-content\/uploads\/2022\/12\/IMG-20220512-WA0133.jpg\" alt=\"\" class=\"wp-image-795\"\/><\/figure>\n<!-- \/wp:image -->\n\n<!-- wp:image {\"id\":794,\"sizeSlug\":\"large\",\"linkDestination\":\"none\"} -->\n<figure class=\"wp-block-image size-large\"><img src=\"https:\/\/bienesraicesonlinegt.com\/wp-content\/uploads\/2022\/12\/IMG-20220512-WA0128.jpg\" alt=\"\" class=\"wp-image-794\"\/><\/figure>\n<!-- \/wp:image -->\n\n<!-- wp:image {\"id\":797,\"sizeSlug\":\"large\",\"linkDestination\":\"none\"} -->\n<figure class=\"wp-block-image size-large\"><img src=\"https:\/\/bienesraicesonlinegt.com\/wp-content\/uploads\/2022\/12\/IMG-20220417-WA0007.jpg\" alt=\"\" class=\"wp-image-797\"\/><\/figure>\n<!-- \/wp:image -->\n\n<!-- wp:image {\"id\":796,\"sizeSlug\":\"large\",\"linkDestination\":\"none\"} -->\n<figure class=\"wp-block-image size-large\"><img src=\"https:\/\/bienesraicesonlinegt.com\/wp-content\/uploads\/2022\/12\/IMG-20220512-WA0131.jpg\" alt=\"\" class=\"wp-image-796\"\/><\/figure>\n<!-- \/wp:image --><\/figure>\n<!-- \/wp:gallery -->\n\n<!-- wp:image {\"id\":809,\"width\":330,\"height\":465,\"sizeSlug\":\"large\",\"linkDestination\":\"none\"} -->\n<figure class=\"wp-block-image size-large is-resized\"><img src=\"https:\/\/bienesraicesonlinegt.com\/wp-content\/uploads\/2022\/12\/png_20221208_212817_0000-724x1024.png\" alt=\"Casa Vacacional Villa Clarita San Juan La Laguna Solol\u00e1\" class=\"wp-image-809\" width=\"330\" height=\"465\"\/><figcaption>Casa Vacacional Villa Clarita San Juan La Laguna Solol\u00e1 <\/figcaption><\/figure>\n<!-- \/wp:image -->","_et_gb_content_width":"","_monsterinsights_skip_tracking":false,"_monsterinsights_sitenote_active":false,"_monsterinsights_sitenote_note":"","_monsterinsights_sitenote_category":0,"footnotes":""},"class_list":["post-788","page","type-page","status-publish","has-post-thumbnail","hentry"],"yoast_head":"<!-- This site is optimized with the Yoast SEO plugin v25.6 - https:\/\/yoast.com\/wordpress\/plugins\/seo\/ -->\n<title>- Bienes Ra\u00edces Online<\/title>\n<meta name=\"description\" content=\"Casa Vacacional Villa Clarita San Juan La Laguna Solol\u00e1 un lugar de descanso familiar karlalopez@bienesraicesonlinegt.com\" \/>\n<meta name=\"robots\" content=\"index, follow, max-snippet:-1, max-image-preview:large, max-video-preview:-1\" \/>\n<link rel=\"canonical\" href=\"https:\/\/bienesraicesonlinegt.com\/index.php\/casa-vacacional-villa-clarita-san-juan-la-laguna-solola\/\" \/>\n<meta property=\"og:locale\" content=\"es_ES\" \/>\n<meta property=\"og:type\" content=\"article\" \/>\n<meta property=\"og:title\" content=\"- Bienes Ra\u00edces Online\" \/>\n<meta property=\"og:description\" content=\"Casa Vacacional Villa Clarita San Juan La Laguna Solol\u00e1 un lugar de descanso familiar karlalopez@bienesraicesonlinegt.com\" \/>\n<meta property=\"og:url\" content=\"https:\/\/bienesraicesonlinegt.com\/index.php\/casa-vacacional-villa-clarita-san-juan-la-laguna-solola\/\" \/>\n<meta property=\"og:site_name\" content=\"Bienes Ra\u00edces Online\" \/>\n<meta property=\"article:publisher\" content=\"https:\/\/www.facebook.com\/bienesraicesonline\/\" \/>\n<meta property=\"article:modified_time\" content=\"2025-06-28T10:52:25+00:00\" \/>\n<meta property=\"og:image\" content=\"https:\/\/bienesraicesonlinegt.com\/wp-content\/uploads\/2022\/12\/png_20221208_212817_0000-724x1024.png\" \/>\n\t<meta property=\"og:image:width\" content=\"724\" \/>\n\t<meta property=\"og:image:height\" content=\"1024\" \/>\n\t<meta property=\"og:image:type\" content=\"image\/png\" \/>\n<meta name=\"twitter:card\" content=\"summary_large_image\" \/>\n<meta name=\"twitter:site\" content=\"@raices_online\" \/>\n<meta name=\"twitter:label1\" content=\"Tiempo de lectura\" \/>\n\t<meta name=\"twitter:data1\" content=\"4 minutos\" \/>\n<script type=\"application\/ld+json\" class=\"yoast-schema-graph\">{\"@context\":\"https:\/\/schema.org\",\"@graph\":[{\"@type\":[\"WebPage\",\"RealEstateListing\"],\"@id\":\"https:\/\/bienesraicesonlinegt.com\/index.php\/casa-vacacional-villa-clarita-san-juan-la-laguna-solola\/\",\"url\":\"https:\/\/bienesraicesonlinegt.com\/index.php\/casa-vacacional-villa-clarita-san-juan-la-laguna-solola\/\",\"name\":\"- Bienes Ra\u00edces Online\",\"isPartOf\":{\"@id\":\"https:\/\/bienesraicesonlinegt.com\/#website\"},\"primaryImageOfPage\":{\"@id\":\"https:\/\/bienesraicesonlinegt.com\/index.php\/casa-vacacional-villa-clarita-san-juan-la-laguna-solola\/#primaryimage\"},\"image\":{\"@id\":\"https:\/\/bienesraicesonlinegt.com\/index.php\/casa-vacacional-villa-clarita-san-juan-la-laguna-solola\/#primaryimage\"},\"thumbnailUrl\":\"https:\/\/bienesraicesonlinegt.com\/wp-content\/uploads\/2022\/12\/png_20221208_212817_0000.png\",\"datePublished\":\"2022-12-07T06:33:51+00:00\",\"dateModified\":\"2025-06-28T10:52:25+00:00\",\"description\":\"Casa Vacacional Villa Clarita San Juan La Laguna Solol\u00e1 un lugar de descanso familiar karlalopez@bienesraicesonlinegt.com\",\"breadcrumb\":{\"@id\":\"https:\/\/bienesraicesonlinegt.com\/index.php\/casa-vacacional-villa-clarita-san-juan-la-laguna-solola\/#breadcrumb\"},\"inLanguage\":\"es\",\"potentialAction\":[{\"@type\":\"ReadAction\",\"target\":[\"https:\/\/bienesraicesonlinegt.com\/index.php\/casa-vacacional-villa-clarita-san-juan-la-laguna-solola\/\"]}]},{\"@type\":\"ImageObject\",\"inLanguage\":\"es\",\"@id\":\"https:\/\/bienesraicesonlinegt.com\/index.php\/casa-vacacional-villa-clarita-san-juan-la-laguna-solola\/#primaryimage\",\"url\":\"https:\/\/bienesraicesonlinegt.com\/wp-content\/uploads\/2022\/12\/png_20221208_212817_0000.png\",\"contentUrl\":\"https:\/\/bienesraicesonlinegt.com\/wp-content\/uploads\/2022\/12\/png_20221208_212817_0000.png\",\"width\":1587,\"height\":2245,\"caption\":\"Casa Vacacional Villa Clarita San Juan La Laguna Solol\u00e1\"},{\"@type\":\"BreadcrumbList\",\"@id\":\"https:\/\/bienesraicesonlinegt.com\/index.php\/casa-vacacional-villa-clarita-san-juan-la-laguna-solola\/#breadcrumb\",\"itemListElement\":[{\"@type\":\"ListItem\",\"position\":1,\"name\":\"Portada\",\"item\":\"https:\/\/bienesraicesonlinegt.com\/\"},{\"@type\":\"ListItem\",\"position\":2,\"name\":\"Casa Vacacional Villa Clarita San Juan La Laguna Solol\u00e1\"}]},{\"@type\":\"WebSite\",\"@id\":\"https:\/\/bienesraicesonlinegt.com\/#website\",\"url\":\"https:\/\/bienesraicesonlinegt.com\/\",\"name\":\"Bienes Ra\u00edces Online\",\"description\":\"Tu Mejor Opci\u00f3n de Bienes Inmuebles en Guatemala \",\"publisher\":{\"@id\":\"https:\/\/bienesraicesonlinegt.com\/#organization\"},\"potentialAction\":[{\"@type\":\"SearchAction\",\"target\":{\"@type\":\"EntryPoint\",\"urlTemplate\":\"https:\/\/bienesraicesonlinegt.com\/?s={search_term_string}\"},\"query-input\":{\"@type\":\"PropertyValueSpecification\",\"valueRequired\":true,\"valueName\":\"search_term_string\"}}],\"inLanguage\":\"es\"},{\"@type\":\"Organization\",\"@id\":\"https:\/\/bienesraicesonlinegt.com\/#organization\",\"name\":\"Bienes Ra\u00edces Online\",\"url\":\"https:\/\/bienesraicesonlinegt.com\/\",\"logo\":{\"@type\":\"ImageObject\",\"inLanguage\":\"es\",\"@id\":\"https:\/\/bienesraicesonlinegt.com\/#\/schema\/logo\/image\/\",\"url\":\"https:\/\/i0.wp.com\/bienesraicesonlinegt.com\/wp-content\/uploads\/2022\/03\/cropped-Picsart_22-01-02_18-40-13-901.jpg?fit=512%2C512&ssl=1\",\"contentUrl\":\"https:\/\/i0.wp.com\/bienesraicesonlinegt.com\/wp-content\/uploads\/2022\/03\/cropped-Picsart_22-01-02_18-40-13-901.jpg?fit=512%2C512&ssl=1\",\"width\":512,\"height\":512,\"caption\":\"Bienes Ra\u00edces Online\"},\"image\":{\"@id\":\"https:\/\/bienesraicesonlinegt.com\/#\/schema\/logo\/image\/\"},\"sameAs\":[\"https:\/\/www.facebook.com\/bienesraicesonline\/\",\"https:\/\/x.com\/raices_online\",\"https:\/\/www.instagram.com\/bienesraicesonlinexela\/\",\"https:\/\/pin.it\/1vdHG9B\",\"https:\/\/www.youtube.com\/channel\/UCIJ2CBQ8RA5Hb_yj1CSeSHA\",\"https:\/\/bienes-raices-online-xela.negocio.site\/\",\"https:\/\/vm.tiktok.com\/ZSVst9m5\/\",\"https:\/\/wa.me\/message\/VRLOSYS56UWQF1\"]}]}<\/script>\n<!-- \/ Yoast SEO plugin. -->","yoast_head_json":{"title":"- Bienes Ra\u00edces Online","description":"Casa Vacacional Villa Clarita San Juan La Laguna Solol\u00e1 un lugar de descanso familiar karlalopez@bienesraicesonlinegt.com","robots":{"index":"index","follow":"follow","max-snippet":"max-snippet:-1","max-image-preview":"max-image-preview:large","max-video-preview":"max-video-preview:-1"},"canonical":"https:\/\/bienesraicesonlinegt.com\/index.php\/casa-vacacional-villa-clarita-san-juan-la-laguna-solola\/","og_locale":"es_ES","og_type":"article","og_title":"- Bienes Ra\u00edces Online","og_description":"Casa Vacacional Villa Clarita San Juan La Laguna Solol\u00e1 un lugar de descanso familiar karlalopez@bienesraicesonlinegt.com","og_url":"https:\/\/bienesraicesonlinegt.com\/index.php\/casa-vacacional-villa-clarita-san-juan-la-laguna-solola\/","og_site_name":"Bienes Ra\u00edces Online","article_publisher":"https:\/\/www.facebook.com\/bienesraicesonline\/","article_modified_time":"2025-06-28T10:52:25+00:00","og_image":[{"width":724,"height":1024,"url":"https:\/\/bienesraicesonlinegt.com\/wp-content\/uploads\/2022\/12\/png_20221208_212817_0000-724x1024.png","type":"image\/png"}],"twitter_card":"summary_large_image","twitter_site":"@raices_online","twitter_misc":{"Tiempo de lectura":"4 minutos"},"schema":{"@context":"https:\/\/schema.org","@graph":[{"@type":["WebPage","RealEstateListing"],"@id":"https:\/\/bienesraicesonlinegt.com\/index.php\/casa-vacacional-villa-clarita-san-juan-la-laguna-solola\/","url":"https:\/\/bienesraicesonlinegt.com\/index.php\/casa-vacacional-villa-clarita-san-juan-la-laguna-solola\/","name":"- Bienes Ra\u00edces Online","isPartOf":{"@id":"https:\/\/bienesraicesonlinegt.com\/#website"},"primaryImageOfPage":{"@id":"https:\/\/bienesraicesonlinegt.com\/index.php\/casa-vacacional-villa-clarita-san-juan-la-laguna-solola\/#primaryimage"},"image":{"@id":"https:\/\/bienesraicesonlinegt.com\/index.php\/casa-vacacional-villa-clarita-san-juan-la-laguna-solola\/#primaryimage"},"thumbnailUrl":"https:\/\/bienesraicesonlinegt.com\/wp-content\/uploads\/2022\/12\/png_20221208_212817_0000.png","datePublished":"2022-12-07T06:33:51+00:00","dateModified":"2025-06-28T10:52:25+00:00","description":"Casa Vacacional Villa Clarita San Juan La Laguna Solol\u00e1 un lugar de descanso familiar karlalopez@bienesraicesonlinegt.com","breadcrumb":{"@id":"https:\/\/bienesraicesonlinegt.com\/index.php\/casa-vacacional-villa-clarita-san-juan-la-laguna-solola\/#breadcrumb"},"inLanguage":"es","potentialAction":[{"@type":"ReadAction","target":["https:\/\/bienesraicesonlinegt.com\/index.php\/casa-vacacional-villa-clarita-san-juan-la-laguna-solola\/"]}]},{"@type":"ImageObject","inLanguage":"es","@id":"https:\/\/bienesraicesonlinegt.com\/index.php\/casa-vacacional-villa-clarita-san-juan-la-laguna-solola\/#primaryimage","url":"https:\/\/bienesraicesonlinegt.com\/wp-content\/uploads\/2022\/12\/png_20221208_212817_0000.png","contentUrl":"https:\/\/bienesraicesonlinegt.com\/wp-content\/uploads\/2022\/12\/png_20221208_212817_0000.png","width":1587,"height":2245,"caption":"Casa Vacacional Villa Clarita San Juan La Laguna Solol\u00e1"},{"@type":"BreadcrumbList","@id":"https:\/\/bienesraicesonlinegt.com\/index.php\/casa-vacacional-villa-clarita-san-juan-la-laguna-solola\/#breadcrumb","itemListElement":[{"@type":"ListItem","position":1,"name":"Portada","item":"https:\/\/bienesraicesonlinegt.com\/"},{"@type":"ListItem","position":2,"name":"Casa Vacacional Villa Clarita San Juan La Laguna Solol\u00e1"}]},{"@type":"WebSite","@id":"https:\/\/bienesraicesonlinegt.com\/#website","url":"https:\/\/bienesraicesonlinegt.com\/","name":"Bienes Ra\u00edces Online","description":"Tu Mejor Opci\u00f3n de Bienes Inmuebles en Guatemala ","publisher":{"@id":"https:\/\/bienesraicesonlinegt.com\/#organization"},"potentialAction":[{"@type":"SearchAction","target":{"@type":"EntryPoint","urlTemplate":"https:\/\/bienesraicesonlinegt.com\/?s={search_term_string}"},"query-input":{"@type":"PropertyValueSpecification","valueRequired":true,"valueName":"search_term_string"}}],"inLanguage":"es"},{"@type":"Organization","@id":"https:\/\/bienesraicesonlinegt.com\/#organization","name":"Bienes Ra\u00edces Online","url":"https:\/\/bienesraicesonlinegt.com\/","logo":{"@type":"ImageObject","inLanguage":"es","@id":"https:\/\/bienesraicesonlinegt.com\/#\/schema\/logo\/image\/","url":"https:\/\/i0.wp.com\/bienesraicesonlinegt.com\/wp-content\/uploads\/2022\/03\/cropped-Picsart_22-01-02_18-40-13-901.jpg?fit=512%2C512&ssl=1","contentUrl":"https:\/\/i0.wp.com\/bienesraicesonlinegt.com\/wp-content\/uploads\/2022\/03\/cropped-Picsart_22-01-02_18-40-13-901.jpg?fit=512%2C512&ssl=1","width":512,"height":512,"caption":"Bienes Ra\u00edces Online"},"image":{"@id":"https:\/\/bienesraicesonlinegt.com\/#\/schema\/logo\/image\/"},"sameAs":["https:\/\/www.facebook.com\/bienesraicesonline\/","https:\/\/x.com\/raices_online","https:\/\/www.instagram.com\/bienesraicesonlinexela\/","https:\/\/pin.it\/1vdHG9B","https:\/\/www.youtube.com\/channel\/UCIJ2CBQ8RA5Hb_yj1CSeSHA","https:\/\/bienes-raices-online-xela.negocio.site\/","https:\/\/vm.tiktok.com\/ZSVst9m5\/","https:\/\/wa.me\/message\/VRLOSYS56UWQF1"]}]}},"_links":{"self":[{"href":"https:\/\/bienesraicesonlinegt.com\/index.php\/wp-json\/wp\/v2\/pages\/788"}],"collection":[{"href":"https:\/\/bienesraicesonlinegt.com\/index.php\/wp-json\/wp\/v2\/pages"}],"about":[{"href":"https:\/\/bienesraicesonlinegt.com\/index.php\/wp-json\/wp\/v2\/types\/page"}],"author":[{"embeddable":true,"href":"https:\/\/bienesraicesonlinegt.com\/index.php\/wp-json\/wp\/v2\/users\/1"}],"replies":[{"embeddable":true,"href":"https:\/\/bienesraicesonlinegt.com\/index.php\/wp-json\/wp\/v2\/comments?post=788"}],"version-history":[{"count":15,"href":"https:\/\/bienesraicesonlinegt.com\/index.php\/wp-json\/wp\/v2\/pages\/788\/revisions"}],"predecessor-version":[{"id":2963,"href":"https:\/\/bienesraicesonlinegt.com\/index.php\/wp-json\/wp\/v2\/pages\/788\/revisions\/2963"}],"wp:featuredmedia":[{"embeddable":true,"href":"https:\/\/bienesraicesonlinegt.com\/index.php\/wp-json\/wp\/v2\/media\/809"}],"wp:attachment":[{"href":"https:\/\/bienesraicesonlinegt.com\/index.php\/wp-json\/wp\/v2\/media?parent=788"}],"curies":[{"name":"wp","href":"https:\/\/api.w.org\/{rel}","templated":true}]}}